{"id":130,"date":"2016-09-08T14:21:30","date_gmt":"2016-09-08T13:21:30","guid":{"rendered":"http:\/\/www.cepsound.com\/www-2\/?page_id=130"},"modified":"2019-07-26T15:29:56","modified_gmt":"2019-07-26T14:29:56","slug":"huntsville","status":"publish","type":"page","link":"http:\/\/www.cepsound.com\/art\/installations-sonores\/huntsville\/","title":{"rendered":"Huntsville, la Honte du Monde"},"content":{"rendered":"<h6 style=\"text-align: right;\"><span style=\"color: #333333;\"><a style=\"color: #333333;\" href=\"http:\/\/www.cepsound.com\/art\/installations-sonores\/les-siestes-aeriennes\/\">&lt; PREVIOUS<\/a> | <a style=\"color: #333333;\" href=\"http:\/\/www.cepsound.com\/art\/installations-sonores\/\">RETOUR <\/a>|<a style=\"color: #333333;\" href=\"http:\/\/www.cepsound.com\/art\/installations-sonores\/securidrome-ogm\"> NEXT &gt;<\/a><\/span><\/h6>\n<h6 style=\"text-align: left;\"><span style=\"color: #808080;\">installation sonore<br \/>\n<\/span><\/h6>\n<div class=\"flexslider ewic-slider-lite is_on_\" id=\"ewic-con-72769e0755dd58ca\"><style>#ewic-con-72769e0755dd58ca .flex-direction-nav .flex-next, #ewic-con-72769e0755dd58ca .flex-direction-nav .flex-prev {opacity: 1;} #ewic-con-72769e0755dd58ca .flex-direction-nav .flex-next {right: 10px !important; text-align: right !important;} #ewic-con-72769e0755dd58ca .flex-direction-nav .flex-prev {left: 10px !important;}<\/style><div id=\"preloader-72769e0755dd58ca\" class=\"sliderpreloader\"><\/div><ul style=\"display:none;\" class=\"slides flexslider-72769e0755dd58ca\"><li class=\"ewic-slider\"><a href=\"http:\/\/www.cepsound.com\/art\/wp-content\/uploads\/sites\/3\/2016\/10\/huntsville_00.jpg\"  rel=\"ewicprettyPhoto[72769e0755dd58ca]\"><img  class=\"ewic-wid-imgs\" src=\"http:\/\/www.cepsound.com\/art\/wp-content\/uploads\/sites\/3\/2016\/10\/huntsville_00.jpg\" \/><p class=\"flex-caption\"><\/p><\/a><\/li><li class=\"ewic-slider\"><a href=\"http:\/\/www.cepsound.com\/art\/wp-content\/uploads\/sites\/3\/2016\/10\/huntsville_01.jpg\"  rel=\"ewicprettyPhoto[72769e0755dd58ca]\"><img  class=\"ewic-wid-imgs\" src=\"http:\/\/www.cepsound.com\/art\/wp-content\/uploads\/sites\/3\/2016\/10\/huntsville_01.jpg\" \/><p class=\"flex-caption\"><\/p><\/a><\/li><li class=\"ewic-slider\"><a href=\"http:\/\/www.cepsound.com\/art\/wp-content\/uploads\/sites\/3\/2016\/10\/huntsville_02.jpg\"  rel=\"ewicprettyPhoto[72769e0755dd58ca]\"><img  class=\"ewic-wid-imgs\" src=\"http:\/\/www.cepsound.com\/art\/wp-content\/uploads\/sites\/3\/2016\/10\/huntsville_02.jpg\" \/><p class=\"flex-caption\"><\/p><\/a><\/li><li class=\"ewic-slider\"><a href=\"http:\/\/www.cepsound.com\/art\/wp-content\/uploads\/sites\/3\/2016\/10\/huntsville_03.jpg\"  rel=\"ewicprettyPhoto[72769e0755dd58ca]\"><img  class=\"ewic-wid-imgs\" src=\"http:\/\/www.cepsound.com\/art\/wp-content\/uploads\/sites\/3\/2016\/10\/huntsville_03.jpg\" \/><p class=\"flex-caption\"><\/p><\/a><\/li><li class=\"ewic-slider\"><a href=\"http:\/\/www.cepsound.com\/art\/wp-content\/uploads\/sites\/3\/2016\/10\/huntsville_04.jpg\"  rel=\"ewicprettyPhoto[72769e0755dd58ca]\"><img  class=\"ewic-wid-imgs\" src=\"http:\/\/www.cepsound.com\/art\/wp-content\/uploads\/sites\/3\/2016\/10\/huntsville_04.jpg\" \/><p class=\"flex-caption\"><\/p><\/a><\/li><li class=\"ewic-slider\"><a href=\"http:\/\/www.cepsound.com\/art\/wp-content\/uploads\/sites\/3\/2016\/10\/huntsville_05.jpg\"  rel=\"ewicprettyPhoto[72769e0755dd58ca]\"><img  class=\"ewic-wid-imgs\" src=\"http:\/\/www.cepsound.com\/art\/wp-content\/uploads\/sites\/3\/2016\/10\/huntsville_05.jpg\" \/><p class=\"flex-caption\"><\/p><\/a><\/li><li class=\"ewic-slider\"><a href=\"http:\/\/www.cepsound.com\/art\/wp-content\/uploads\/sites\/3\/2016\/10\/huntsville_06.jpg\"  rel=\"ewicprettyPhoto[72769e0755dd58ca]\"><img  class=\"ewic-wid-imgs\" src=\"http:\/\/www.cepsound.com\/art\/wp-content\/uploads\/sites\/3\/2016\/10\/huntsville_06.jpg\" \/><p class=\"flex-caption\"><\/p><\/a><\/li><li class=\"ewic-slider\"><a href=\"http:\/\/www.cepsound.com\/art\/wp-content\/uploads\/sites\/3\/2016\/10\/huntsville_07.jpg\"  rel=\"ewicprettyPhoto[72769e0755dd58ca]\"><img  class=\"ewic-wid-imgs\" src=\"http:\/\/www.cepsound.com\/art\/wp-content\/uploads\/sites\/3\/2016\/10\/huntsville_07.jpg\" \/><p class=\"flex-caption\"><\/p><\/a><\/li><li class=\"ewic-slider\"><a href=\"http:\/\/www.cepsound.com\/art\/wp-content\/uploads\/sites\/3\/2016\/10\/huntsville_08.jpg\"  rel=\"ewicprettyPhoto[72769e0755dd58ca]\"><img  class=\"ewic-wid-imgs\" src=\"http:\/\/www.cepsound.com\/art\/wp-content\/uploads\/sites\/3\/2016\/10\/huntsville_08.jpg\" \/><p class=\"flex-caption\"><\/p><\/a><\/li><li class=\"ewic-slider\"><a href=\"http:\/\/www.cepsound.com\/art\/wp-content\/uploads\/sites\/3\/2016\/10\/huntsville_09.jpg\"  rel=\"ewicprettyPhoto[72769e0755dd58ca]\"><img  class=\"ewic-wid-imgs\" src=\"http:\/\/www.cepsound.com\/art\/wp-content\/uploads\/sites\/3\/2016\/10\/huntsville_09.jpg\" \/><p class=\"flex-caption\"><\/p><\/a><\/li><li class=\"ewic-slider\"><a href=\"http:\/\/www.cepsound.com\/art\/wp-content\/uploads\/sites\/3\/2016\/10\/huntsville_10.jpg\"  rel=\"ewicprettyPhoto[72769e0755dd58ca]\"><img  class=\"ewic-wid-imgs\" src=\"http:\/\/www.cepsound.com\/art\/wp-content\/uploads\/sites\/3\/2016\/10\/huntsville_10.jpg\" \/><p class=\"flex-caption\"><\/p><\/a><\/li><\/ul><script type=\"text\/javascript\">\r\n\tjQuery(document).ready(function($) {\r\n\t\t\r\n\t\t$(\"#preloader-72769e0755dd58ca\").fadeOut(500, function () {\r\n\t\t\t\r\n\t\t\t$(\"#ewic-con-72769e0755dd58ca\").addClass(\"ready_to_show\");\r\n\t\t\t\r\n\t\t\t$(\"a[rel^='ewicprettyPhoto[72769e0755dd58ca]']\").ewcPhoto({\r\n\t\t\t\ttheme: \"ewc_default\",\r\n\t\t\t\tallow_expand: false,\r\n\t\t\t\tdeeplinking: false,\r\n\t\t\t\tslideshow:12000,\r\n\t\t\t\tautoplay_slideshow:false,\r\n\t\t\t\tsocial_tools:false\r\n\t\t\t});\r\n\t\t\t\r\n\t\t\t$(\".flexslider-72769e0755dd58ca\").fadeIn(300);\r\n\t\t\t\r\n\t\t\t$(\"#ewic-con-72769e0755dd58ca\").flexslider({\r\n\t\t\t\tanimation: \"slide\",\r\n\t\t\t\tanimationSpeed: 0,\r\n\t\t\t\tuseCSS: false,\r\n\t\t\t\teasing: \"easeInOutCubic\",\r\n\t\t\t\tdirection: \"horizontal\",\r\n\t\t\t\tslideshow: true,\r\n\t\t\t\tsmoothHeight: true,\r\n\t\t\t\tpauseOnHover: true, \r\n\t\t\t\tcontrolNav: false,\r\n\t\t\t\tprevText: \"\",\r\n\t\t\t\tnextText: \"\",\r\n\t\t\t\trtl: false,\r\n\t\t\t\tslideshowSpeed: 12000,\r\n\t\t\t\tstart: function(slider){\r\n\t\t\t\t\t$(\"#ewic-con-72769e0755dd58ca\").find(\".flex-caption\").hide();\r\n\t\t\t\t\tvar curSlide = slider.find(\"li.flex-active-slide\");\r\n\t\t\t\t\t$(curSlide).find(\".flex-caption\").slideDown();\r\n\t\t\t\t},\r\n\t\t\t\tbefore: function(slider) {\r\n\t\t\t\t\t$(\"#ewic-con-72769e0755dd58ca\").find(\".flex-caption\").slideUp();\r\n\t\t\t\t},\r\n\t\t\t\tafter: function(slider) {\r\n\t\t\t\t\tvar curSlide = slider.find(\"li.flex-active-slide\");\r\n\t\t\t\t\t$(curSlide).find(\".flex-caption\").slideDown();\r\n\t\t\t\t}\r\n\t\t\t\t\r\n\t\t\t});\r\n\t\t\t\r\n\t\t});\r\n\t\t\t\r\n\t});\r\n<\/script><\/div>\r\n\n<!--[if lt IE 9]><script>document.createElement('audio');<\/script><![endif]-->\n<audio class=\"wp-audio-shortcode\" id=\"audio-727-1\" preload=\"none\" style=\"width: 100%;\" controls=\"controls\"><source type=\"audio\/mpeg\" src=\"http:\/\/www.cepsound.com\/wp-content\/uploads\/CEP_MUSIC_FILES\/Huntsville_extrait1.mp3?_=1\" \/><a href=\"http:\/\/www.cepsound.com\/wp-content\/uploads\/CEP_MUSIC_FILES\/Huntsville_extrait1.mp3\">http:\/\/www.cepsound.com\/wp-content\/uploads\/CEP_MUSIC_FILES\/Huntsville_extrait1.mp3<\/a><\/audio>\n<h6 style=\"text-align: left; padding-left: 30px;\"><span style=\"color: #808080;\">extrait sonore &#8211; intro (4&#8217;27)<\/span><\/h6>\n<hr style=\"padding-left: 30px;\">\n<div class=\"n2-code\">\n<blockquote><p><span style=\"color: #808080;\"><em>Avisez la cabane de jardin turquoise adoss\u00e9e au coin du mur. Cela commence souvent ainsi&nbsp;: une apparence b\u00e9nigne, dans un pli cach\u00e9 du monde, o\u00f9 l\u2019existence bascule, sous le poids de d\u00e9sirs trop lourds \u00e0 porter seul, trop profonds parfois pour \u00eatre compris de soi.<\/em><\/span><br class=\"autobr\"><span style=\"color: #808080;\"><em> Et cela s\u2019encha\u00eene souvent ainsi, de violence en violence aussi s\u00fbrement que la gravitation concasse les astres, le couloir de la mort s\u2019ouvre et se referme devant vous.<\/em><\/span><\/p>\n<p><span style=\"color: #808080;\"><em>La voix est magnifique, fraternelle, secourable. Laissez-vous emporter, laissez vous envahir de visions r\u00e9vulsives, vomissez, que votre \u00e2me s\u2019\u00e9chappe de l\u2019enveloppe qu\u2019elle ne m\u00e9rite plus et que les gardiens du temple attendent pour la suspendre \u00e0 son crochet. <\/em>\u00bb<em><br \/>\n<\/em><\/span><\/p>\n<p><span style=\"color: #808080;\"><strong>Corinne Turpin<\/strong> \u00e0 propos de l&#8217;installation Huntsville, la Honte du monde<\/span><\/p>\n<hr>\n<\/blockquote>\n<p><span style=\"color: #808080;\">adaptation de l&#8217;\u0153uvre de&nbsp;Franck Laroze <span style=\"color: #333333;\"><em><a style=\"color: #333333;\" href=\"http:\/\/www.evidenz.fr\/wiki\/tiki-index.php?page=huntsville-honte-du-monde\" target=\"_blank\">Huntsville, la Honte du monde<\/a><\/em><\/span>, \u00e9ditions B\u00e9r\u00e9nice, 1998<\/span><\/p>\n<\/div>\n<p><span style=\"color: #808080;\"><strong>textes et voix :<\/strong> <span style=\"color: #333333;\"><a style=\"color: #333333;\" href=\"http:\/\/www.evidenz.fr\/wiki\/tiki-index.php?page=cv_franck-laroze\" target=\"_blank\">Franck Laroze<\/a><\/span><\/span><br \/>\n<span style=\"color: #808080;\"> <strong>compositions sonores et montage :<\/strong> Charles-Eric P\u00e9ard<\/span><br \/>\n<span style=\"color: #808080;\"> <strong>guitare :<\/strong> Benjamin Pr\u00e9vot<br \/>\n<strong>production :<\/strong> <span style=\"color: #333333;\"><a style=\"color: #333333;\" href=\"http:\/\/www.evidenz.fr\" target=\"_blank\">EvidenZ<\/a><\/span><\/span><\/p>\n<p><span style=\"color: #808080;\"><strong>manifestation :<\/strong> festival<\/span> <span style=\"color: #333333;\"><em><a style=\"color: #333333;\" href=\"http:\/\/www.laurentine.net\/opus-3\/\" target=\"_blank\">d&#8217;abord les for\u00eats \/ opus 3<\/a><\/em><\/span><br \/>\n<span style=\"color: #808080;\"> <strong>lieu :<\/strong> <span style=\"color: #333333;\"><a style=\"color: #333333;\" href=\"http:\/\/www.laurentine.net\/\" target=\"_blank\">La Maison Laurentine<\/a><\/span><\/span><br \/>\n<span style=\"color: #808080;\"> <strong>dates :<\/strong> du 1er juillet au 31 ao\u00fbt 2012<\/span><\/p>\n","protected":false},"excerpt":{"rendered":"<p>&lt; PREVIOUS | RETOUR | NEXT &gt; installation sonore extrait sonore &#8211; intro (4&#8217;27) Avisez la cabane de jardin turquoise adoss\u00e9e au coin du mur&#8230;.<\/p>\n","protected":false},"author":1,"featured_media":0,"parent":570,"menu_order":0,"comment_status":"closed","ping_status":"closed","template":"","meta":[],"yoast_head":"<!-- This site is optimized with the Yoast SEO plugin v19.13 - https:\/\/yoast.com\/wordpress\/plugins\/seo\/ -->\n<title>Huntsville, la Honte du Monde &ndash;<\/title>\n<meta name=\"robots\" content=\"index, follow, max-snippet:-1, max-image-preview:large, max-video-preview:-1\" \/>\n<link rel=\"canonical\" href=\"https:\/\/www.cepsound.com\/art\/installations-sonores\/huntsville\/\" \/>\n<meta property=\"og:locale\" content=\"fr_FR\" \/>\n<meta property=\"og:type\" content=\"article\" \/>\n<meta property=\"og:title\" content=\"Huntsville, la Honte du Monde &ndash;\" \/>\n<meta property=\"og:description\" content=\"&lt; PREVIOUS | RETOUR | NEXT &gt; installation sonore extrait sonore &#8211; intro (4&#8217;27) Avisez la cabane de jardin turquoise adoss\u00e9e au coin du mur....\" \/>\n<meta property=\"og:url\" content=\"https:\/\/www.cepsound.com\/art\/installations-sonores\/huntsville\/\" \/>\n<meta property=\"article:publisher\" content=\"https:\/\/www.facebook.com\/Cepsound-l-Charles-Eric-PEARD-169837659739132\/\" \/>\n<meta property=\"article:modified_time\" content=\"2019-07-26T14:29:56+00:00\" \/>\n<meta name=\"twitter:card\" content=\"summary_large_image\" \/>\n<meta name=\"twitter:label1\" content=\"Dur\u00e9e de lecture estim\u00e9e\" \/>\n\t<meta name=\"twitter:data1\" content=\"1 minute\" \/>\n<script type=\"application\/ld+json\" class=\"yoast-schema-graph\">{\"@context\":\"https:\/\/schema.org\",\"@graph\":[{\"@type\":\"WebPage\",\"@id\":\"https:\/\/www.cepsound.com\/art\/installations-sonores\/huntsville\/\",\"url\":\"https:\/\/www.cepsound.com\/art\/installations-sonores\/huntsville\/\",\"name\":\"Huntsville, la Honte du Monde &ndash;\",\"isPartOf\":{\"@id\":\"http:\/\/www.cepsound.com\/art\/#website\"},\"datePublished\":\"2016-09-08T13:21:30+00:00\",\"dateModified\":\"2019-07-26T14:29:56+00:00\",\"breadcrumb\":{\"@id\":\"https:\/\/www.cepsound.com\/art\/installations-sonores\/huntsville\/#breadcrumb\"},\"inLanguage\":\"fr-FR\",\"potentialAction\":[{\"@type\":\"ReadAction\",\"target\":[\"https:\/\/www.cepsound.com\/art\/installations-sonores\/huntsville\/\"]}]},{\"@type\":\"BreadcrumbList\",\"@id\":\"https:\/\/www.cepsound.com\/art\/installations-sonores\/huntsville\/#breadcrumb\",\"itemListElement\":[{\"@type\":\"ListItem\",\"position\":1,\"name\":\"Accueil\",\"item\":\"http:\/\/www.cepsound.com\/art\/\"},{\"@type\":\"ListItem\",\"position\":2,\"name\":\"installations sonores\",\"item\":\"https:\/\/www.cepsound.com\/art\/installations-sonores\/\"},{\"@type\":\"ListItem\",\"position\":3,\"name\":\"Huntsville, la Honte du Monde\"}]},{\"@type\":\"WebSite\",\"@id\":\"http:\/\/www.cepsound.com\/art\/#website\",\"url\":\"http:\/\/www.cepsound.com\/art\/\",\"name\":\"\",\"description\":\"plasticien sonore | sound performer\",\"potentialAction\":[{\"@type\":\"SearchAction\",\"target\":{\"@type\":\"EntryPoint\",\"urlTemplate\":\"http:\/\/www.cepsound.com\/art\/?s={search_term_string}\"},\"query-input\":\"required name=search_term_string\"}],\"inLanguage\":\"fr-FR\"}]}<\/script>\n<!-- \/ Yoast SEO plugin. -->","yoast_head_json":{"title":"Huntsville, la Honte du Monde &ndash;","robots":{"index":"index","follow":"follow","max-snippet":"max-snippet:-1","max-image-preview":"max-image-preview:large","max-video-preview":"max-video-preview:-1"},"canonical":"https:\/\/www.cepsound.com\/art\/installations-sonores\/huntsville\/","og_locale":"fr_FR","og_type":"article","og_title":"Huntsville, la Honte du Monde &ndash;","og_description":"&lt; PREVIOUS | RETOUR | NEXT &gt; installation sonore extrait sonore &#8211; intro (4&#8217;27) Avisez la cabane de jardin turquoise adoss\u00e9e au coin du mur....","og_url":"https:\/\/www.cepsound.com\/art\/installations-sonores\/huntsville\/","article_publisher":"https:\/\/www.facebook.com\/Cepsound-l-Charles-Eric-PEARD-169837659739132\/","article_modified_time":"2019-07-26T14:29:56+00:00","twitter_card":"summary_large_image","twitter_misc":{"Dur\u00e9e de lecture estim\u00e9e":"1 minute"},"schema":{"@context":"https:\/\/schema.org","@graph":[{"@type":"WebPage","@id":"https:\/\/www.cepsound.com\/art\/installations-sonores\/huntsville\/","url":"https:\/\/www.cepsound.com\/art\/installations-sonores\/huntsville\/","name":"Huntsville, la Honte du Monde &ndash;","isPartOf":{"@id":"http:\/\/www.cepsound.com\/art\/#website"},"datePublished":"2016-09-08T13:21:30+00:00","dateModified":"2019-07-26T14:29:56+00:00","breadcrumb":{"@id":"https:\/\/www.cepsound.com\/art\/installations-sonores\/huntsville\/#breadcrumb"},"inLanguage":"fr-FR","potentialAction":[{"@type":"ReadAction","target":["https:\/\/www.cepsound.com\/art\/installations-sonores\/huntsville\/"]}]},{"@type":"BreadcrumbList","@id":"https:\/\/www.cepsound.com\/art\/installations-sonores\/huntsville\/#breadcrumb","itemListElement":[{"@type":"ListItem","position":1,"name":"Accueil","item":"http:\/\/www.cepsound.com\/art\/"},{"@type":"ListItem","position":2,"name":"installations sonores","item":"https:\/\/www.cepsound.com\/art\/installations-sonores\/"},{"@type":"ListItem","position":3,"name":"Huntsville, la Honte du Monde"}]},{"@type":"WebSite","@id":"http:\/\/www.cepsound.com\/art\/#website","url":"http:\/\/www.cepsound.com\/art\/","name":"","description":"plasticien sonore | sound performer","potentialAction":[{"@type":"SearchAction","target":{"@type":"EntryPoint","urlTemplate":"http:\/\/www.cepsound.com\/art\/?s={search_term_string}"},"query-input":"required name=search_term_string"}],"inLanguage":"fr-FR"}]}},"_links":{"self":[{"href":"http:\/\/www.cepsound.com\/art\/wp-json\/wp\/v2\/pages\/130"}],"collection":[{"href":"http:\/\/www.cepsound.com\/art\/wp-json\/wp\/v2\/pages"}],"about":[{"href":"http:\/\/www.cepsound.com\/art\/wp-json\/wp\/v2\/types\/page"}],"author":[{"embeddable":true,"href":"http:\/\/www.cepsound.com\/art\/wp-json\/wp\/v2\/users\/1"}],"replies":[{"embeddable":true,"href":"http:\/\/www.cepsound.com\/art\/wp-json\/wp\/v2\/comments?post=130"}],"version-history":[{"count":117,"href":"http:\/\/www.cepsound.com\/art\/wp-json\/wp\/v2\/pages\/130\/revisions"}],"predecessor-version":[{"id":2325,"href":"http:\/\/www.cepsound.com\/art\/wp-json\/wp\/v2\/pages\/130\/revisions\/2325"}],"up":[{"embeddable":true,"href":"http:\/\/www.cepsound.com\/art\/wp-json\/wp\/v2\/pages\/570"}],"wp:attachment":[{"href":"http:\/\/www.cepsound.com\/art\/wp-json\/wp\/v2\/media?parent=130"}],"curies":[{"name":"wp","href":"https:\/\/api.w.org\/{rel}","templated":true}]}}