{"id":1743,"date":"2016-11-27T17:24:33","date_gmt":"2016-11-27T16:24:33","guid":{"rendered":"http:\/\/www.cepsound.com\/art\/?page_id=1743"},"modified":"2016-11-27T17:24:33","modified_gmt":"2016-11-27T16:24:33","slug":"fantaisies-potageres-2","status":"publish","type":"page","link":"http:\/\/www.cepsound.com\/art\/concerts\/fantaisies-potageres-2\/","title":{"rendered":"Fantaisies potag\u00e8res"},"content":{"rendered":"<h6 style=\"text-align: right;\"><span style=\"color: #333333;\"><span style=\"color: #999999;\">&lt; PREVIOUS<\/span> | <a style=\"color: #333333;\" href=\"http:\/\/www.cepsound.com\/art\/concerts\/\">RETOUR <\/a>| <a style=\"color: #333333;\" href=\"http:\/\/www.cepsound.com\/art\/concerts\/space-cowboy-blues\/\">NEXT &gt;<\/a><\/span><\/h6>\n<h6><span style=\"color: #999999;\"><span style=\"color: #808080;\">concert<\/span><span class=\"style7 style7\"><br \/>\n<\/span><\/span><\/h6>\n<div class=\"n2-code\"><div class=\"flexslider ewic-slider-lite is_on_\" id=\"ewic-con-86669e78219cf6d3\"><style>#ewic-con-86669e78219cf6d3 .flex-direction-nav .flex-next, #ewic-con-86669e78219cf6d3 .flex-direction-nav .flex-prev {opacity: 1;} #ewic-con-86669e78219cf6d3 .flex-direction-nav .flex-next {right: 10px !important; text-align: right !important;} #ewic-con-86669e78219cf6d3 .flex-direction-nav .flex-prev {left: 10px !important;}<\/style><div id=\"preloader-86669e78219cf6d3\" class=\"sliderpreloader\"><\/div><ul style=\"display:none;\" class=\"slides flexslider-86669e78219cf6d3\"><li class=\"ewic-slider\"><a href=\"http:\/\/www.cepsound.com\/art\/wp-content\/uploads\/sites\/3\/2016\/10\/Fantaisies-potageres_01.jpg\" title=\"Vincent Da Costa, S\u00e9bastien Maillet et Charles-Eric P\u00e9ard\" rel=\"ewicprettyPhoto[86669e78219cf6d3]\"><img title=\"Vincent Da Costa, S\u00e9bastien Maillet et Charles-Eric P\u00e9ard\" class=\"ewic-wid-imgs\" src=\"http:\/\/www.cepsound.com\/art\/wp-content\/uploads\/sites\/3\/2016\/10\/Fantaisies-potageres_01.jpg\" \/><p class=\"flex-caption\">Vincent Da Costa, S\u00e9bastien Maillet et Charles-Eric P\u00e9ard<\/p><\/a><\/li><li class=\"ewic-slider\"><a href=\"http:\/\/www.cepsound.com\/art\/wp-content\/uploads\/sites\/3\/2016\/10\/Fantaisies-potageres_04.jpg\" title=\"S\u00e9bastien Combescot\" rel=\"ewicprettyPhoto[86669e78219cf6d3]\"><img title=\"S\u00e9bastien Combescot\" class=\"ewic-wid-imgs\" src=\"http:\/\/www.cepsound.com\/art\/wp-content\/uploads\/sites\/3\/2016\/10\/Fantaisies-potageres_04.jpg\" \/><p class=\"flex-caption\">S\u00e9bastien Combescot<\/p><\/a><\/li><li class=\"ewic-slider\"><a href=\"http:\/\/www.cepsound.com\/art\/wp-content\/uploads\/sites\/3\/2016\/10\/Fantaisies-potageres_02.jpg\" title=\"S\u00e9bastien Combescot, Vincent Da Costa et S\u00e9bastien Maillet\" rel=\"ewicprettyPhoto[86669e78219cf6d3]\"><img title=\"S\u00e9bastien Combescot, Vincent Da Costa et S\u00e9bastien Maillet\" class=\"ewic-wid-imgs\" src=\"http:\/\/www.cepsound.com\/art\/wp-content\/uploads\/sites\/3\/2016\/10\/Fantaisies-potageres_02.jpg\" \/><p class=\"flex-caption\">S\u00e9bastien Combescot, Vincent Da Costa et S\u00e9bastien Maillet<\/p><\/a><\/li><li class=\"ewic-slider\"><a href=\"http:\/\/www.cepsound.com\/art\/wp-content\/uploads\/sites\/3\/2016\/10\/Fantaisies-potageres_05.jpg\" title=\"Vincent Da Costa et S\u00e9bastien Maillet\" rel=\"ewicprettyPhoto[86669e78219cf6d3]\"><img title=\"Vincent Da Costa et S\u00e9bastien Maillet\" class=\"ewic-wid-imgs\" src=\"http:\/\/www.cepsound.com\/art\/wp-content\/uploads\/sites\/3\/2016\/10\/Fantaisies-potageres_05.jpg\" \/><p class=\"flex-caption\">Vincent Da Costa et S\u00e9bastien Maillet<\/p><\/a><\/li><li class=\"ewic-slider\"><a href=\"http:\/\/www.cepsound.com\/art\/wp-content\/uploads\/sites\/3\/2016\/10\/Fantaisies-potageres_03.jpg\" title=\"Charles-Eric P\u00e9ard\" rel=\"ewicprettyPhoto[86669e78219cf6d3]\"><img title=\"Charles-Eric P\u00e9ard\" class=\"ewic-wid-imgs\" src=\"http:\/\/www.cepsound.com\/art\/wp-content\/uploads\/sites\/3\/2016\/10\/Fantaisies-potageres_03.jpg\" \/><p class=\"flex-caption\">Charles-Eric P\u00e9ard<\/p><\/a><\/li><li class=\"ewic-slider\"><a href=\"http:\/\/www.cepsound.com\/art\/wp-content\/uploads\/sites\/3\/2016\/10\/Fantaisies-potageres_06.jpg\"  rel=\"ewicprettyPhoto[86669e78219cf6d3]\"><img  class=\"ewic-wid-imgs\" src=\"http:\/\/www.cepsound.com\/art\/wp-content\/uploads\/sites\/3\/2016\/10\/Fantaisies-potageres_06.jpg\" \/><p class=\"flex-caption\"><\/p><\/a><\/li><\/ul><script type=\"text\/javascript\">\r\n\tjQuery(document).ready(function($) {\r\n\t\t\r\n\t\t$(\"#preloader-86669e78219cf6d3\").fadeOut(500, function () {\r\n\t\t\t\r\n\t\t\t$(\"#ewic-con-86669e78219cf6d3\").addClass(\"ready_to_show\");\r\n\t\t\t\r\n\t\t\t$(\"a[rel^='ewicprettyPhoto[86669e78219cf6d3]']\").ewcPhoto({\r\n\t\t\t\ttheme: \"ewc_default\",\r\n\t\t\t\tallow_expand: false,\r\n\t\t\t\tdeeplinking: false,\r\n\t\t\t\tslideshow:12000,\r\n\t\t\t\tautoplay_slideshow:false,\r\n\t\t\t\tsocial_tools:false\r\n\t\t\t});\r\n\t\t\t\r\n\t\t\t$(\".flexslider-86669e78219cf6d3\").fadeIn(300);\r\n\t\t\t\r\n\t\t\t$(\"#ewic-con-86669e78219cf6d3\").flexslider({\r\n\t\t\t\tanimation: \"slide\",\r\n\t\t\t\tanimationSpeed: 0,\r\n\t\t\t\tuseCSS: false,\r\n\t\t\t\teasing: \"easeInOutCubic\",\r\n\t\t\t\tdirection: \"horizontal\",\r\n\t\t\t\tslideshow: true,\r\n\t\t\t\tsmoothHeight: true,\r\n\t\t\t\tpauseOnHover: true, \r\n\t\t\t\tcontrolNav: false,\r\n\t\t\t\tprevText: \"\",\r\n\t\t\t\tnextText: \"\",\r\n\t\t\t\trtl: false,\r\n\t\t\t\tslideshowSpeed: 12000,\r\n\t\t\t\tstart: function(slider){\r\n\t\t\t\t\t$(\"#ewic-con-86669e78219cf6d3\").find(\".flex-caption\").hide();\r\n\t\t\t\t\tvar curSlide = slider.find(\"li.flex-active-slide\");\r\n\t\t\t\t\t$(curSlide).find(\".flex-caption\").slideDown();\r\n\t\t\t\t},\r\n\t\t\t\tbefore: function(slider) {\r\n\t\t\t\t\t$(\"#ewic-con-86669e78219cf6d3\").find(\".flex-caption\").slideUp();\r\n\t\t\t\t},\r\n\t\t\t\tafter: function(slider) {\r\n\t\t\t\t\tvar curSlide = slider.find(\"li.flex-active-slide\");\r\n\t\t\t\t\t$(curSlide).find(\".flex-caption\").slideDown();\r\n\t\t\t\t}\r\n\t\t\t\t\r\n\t\t\t});\r\n\t\t\t\r\n\t\t});\r\n\t\t\t\r\n\t});\r\n<\/script><\/div>\r\n<\/div>\n<div class=\"n2-code\">\n<div class=\"n2-code\"><\/div>\n<div class=\"n2-code\">\n<!--[if lt IE 9]><script>document.createElement('audio');<\/script><![endif]-->\n<audio class=\"wp-audio-shortcode\" id=\"audio-866-1\" preload=\"none\" style=\"width: 100%;\" controls=\"controls\"><source type=\"audio\/mpeg\" src=\"http:\/\/www.cepsound.com\/wp-content\/uploads\/sites\/3\/2016\/09\/Live-Opus3_Ex1.mp3?_=1\" \/><a href=\"http:\/\/www.cepsound.com\/wp-content\/uploads\/sites\/3\/2016\/09\/Live-Opus3_Ex1.mp3\">http:\/\/www.cepsound.com\/wp-content\/uploads\/sites\/3\/2016\/09\/Live-Opus3_Ex1.mp3<\/a><\/audio>\n<\/div>\n<h6 style=\"padding-left: 30px;\"><span style=\"color: #808080;\">Extrait <em>Tableau 1\u00a0: graine<\/em> (2&#8217;45)<\/span><\/h6>\n<\/div>\n<div class=\"n2-code\">\n<audio class=\"wp-audio-shortcode\" id=\"audio-866-2\" preload=\"none\" style=\"width: 100%;\" controls=\"controls\"><source type=\"audio\/mpeg\" src=\"http:\/\/www.cepsound.com\/wp-content\/uploads\/sites\/3\/2016\/09\/Live-Opus3_Ex2.mp3?_=2\" \/><a href=\"http:\/\/www.cepsound.com\/wp-content\/uploads\/sites\/3\/2016\/09\/Live-Opus3_Ex2.mp3\">http:\/\/www.cepsound.com\/wp-content\/uploads\/sites\/3\/2016\/09\/Live-Opus3_Ex2.mp3<\/a><\/audio>\n<\/div>\n<div class=\"n2-code\">\n<h6 style=\"padding-left: 30px;\"><span style=\"color: #ffffff;\">Extrait <em>Tableau 3\u00a0: pr\u00e9dateurs<\/em> (3&#8217;29)<\/span><\/h6>\n<\/div>\n<hr \/>\n<blockquote><p><span style=\"color: #ffffff;\"><em>Concert en 7 micro-tableaux retra\u00e7ant la vie d\u2019une plante potag\u00e8re de sa naissance \u00e0 sa mort\u00a0:<\/em><\/span><\/p>\n<p style=\"text-align: left;\"><span style=\"color: #ffffff;\"><em>Tableau 1\u00a0: graine<br \/>\nTableau 2\u00a0: pousse<br \/>\nTableau 3\u00a0: pr\u00e9dateurs<br \/>\nTableau 4\u00a0: maturation<br \/>\nTableau 5\u00a0: d\u00e9racinement<br \/>\nTableau 6\u00a0: dissection<br \/>\nTableau 7\u00a0: ingestion <\/em>\u00bb<\/span><\/p>\n<hr \/>\n<\/blockquote>\n<p><span style=\"color: #ffffff;\">commande de la Maison Laurentine pour le festival <em>d&#8217;abord les for\u00eats \/ opus 3<\/em>, s\u00e9ries de concerts autour du th\u00e8me : <em>Fantaisies potag\u00e8res<\/em><br \/>\n<strong>dur\u00e9e :<\/strong> 35 min.<\/span><\/p>\n<p><span style=\"color: #808080;\"><span style=\"color: #ffffff;\"><strong> violon \u00e9lectrique :<\/strong> <\/span><span style=\"color: #333333;\"><a style=\"color: #333333;\" href=\"http:\/\/sebastienmaillet.com\/\" target=\"_blank\">S\u00e9bastien Maillet<\/a><\/span><\/span><br \/>\n<span style=\"color: #808080;\"><strong> musique \u00e9lectronique :<\/strong> Charles-Eric P\u00e9ard<\/span><br \/>\n<span style=\"color: #808080;\"><strong> sculpture :<\/strong> <span style=\"color: #333333;\"><a style=\"color: #333333;\" href=\"http:\/\/sebastiencombescot.com\/\" target=\"_blank\">S\u00e9bastien Combescot<\/a><\/span><\/span><br \/>\n<span style=\"color: #808080;\"><strong> mixage audio :<\/strong> Vincent Da Costa<\/span><\/p>\n<p><strong><span class=\"style7 style7\" style=\"color: #808080;\">festival : <\/span><\/strong><span style=\"color: #333333;\"><em><span class=\"style7 style7\"><span class=\"style1\"><a style=\"color: #333333;\" href=\"http:\/\/www.laurentine.net\/opus-3\/\" target=\"_blank\">d&#8217;abord les for\u00eats \/ opus 3<\/a><\/span><\/span><\/em><\/span><br \/>\n<span style=\"color: #808080;\"><strong> lieu :<\/strong> <span style=\"color: #333333;\"><a style=\"color: #333333;\" href=\"http:\/\/www.laurentine.net\/\" target=\"_blank\">La Maison Laurentine<\/a><\/span><\/span><br \/>\n<span style=\"color: #808080;\"><strong> date :<\/strong> 1er juillet 2012<\/span><\/p>\n","protected":false},"excerpt":{"rendered":"<p>&lt; PREVIOUS | RETOUR | NEXT &gt; concert Extrait Tableau 1\u00a0: graine (2&#8217;45) Extrait Tableau 3\u00a0: pr\u00e9dateurs (3&#8217;29) Concert en 7 micro-tableaux retra\u00e7ant la vie&#8230;<\/p>\n","protected":false},"author":1,"featured_media":0,"parent":564,"menu_order":0,"comment_status":"closed","ping_status":"closed","template":"","meta":[],"yoast_head":"<!-- This site is optimized with the Yoast SEO plugin v19.13 - https:\/\/yoast.com\/wordpress\/plugins\/seo\/ -->\n<title>Fantaisies potag\u00e8res &ndash;<\/title>\n<meta name=\"robots\" content=\"index, follow, max-snippet:-1, max-image-preview:large, max-video-preview:-1\" \/>\n<link rel=\"canonical\" href=\"http:\/\/www.cepsound.com\/art\/concerts\/fantaisies-potageres-2\/\" \/>\n<meta property=\"og:locale\" content=\"fr_FR\" \/>\n<meta property=\"og:type\" content=\"article\" \/>\n<meta property=\"og:title\" content=\"Fantaisies potag\u00e8res &ndash;\" \/>\n<meta property=\"og:description\" content=\"&lt; PREVIOUS | RETOUR | NEXT &gt; concert Extrait Tableau 1\u00a0: graine (2&#8217;45) Extrait Tableau 3\u00a0: pr\u00e9dateurs (3&#8217;29) Concert en 7 micro-tableaux retra\u00e7ant la vie...\" \/>\n<meta property=\"og:url\" content=\"http:\/\/www.cepsound.com\/art\/concerts\/fantaisies-potageres-2\/\" \/>\n<meta property=\"article:publisher\" content=\"https:\/\/www.facebook.com\/Cepsound-l-Charles-Eric-PEARD-169837659739132\/\" \/>\n<meta name=\"twitter:card\" content=\"summary_large_image\" \/>\n<meta name=\"twitter:label1\" content=\"Dur\u00e9e de lecture estim\u00e9e\" \/>\n\t<meta name=\"twitter:data1\" content=\"1 minute\" \/>\n<script type=\"application\/ld+json\" class=\"yoast-schema-graph\">{\"@context\":\"https:\/\/schema.org\",\"@graph\":[{\"@type\":\"WebPage\",\"@id\":\"http:\/\/www.cepsound.com\/art\/concerts\/fantaisies-potageres-2\/\",\"url\":\"http:\/\/www.cepsound.com\/art\/concerts\/fantaisies-potageres-2\/\",\"name\":\"Fantaisies potag\u00e8res &ndash;\",\"isPartOf\":{\"@id\":\"http:\/\/www.cepsound.com\/art\/#website\"},\"datePublished\":\"2016-11-27T16:24:33+00:00\",\"dateModified\":\"2016-11-27T16:24:33+00:00\",\"breadcrumb\":{\"@id\":\"http:\/\/www.cepsound.com\/art\/concerts\/fantaisies-potageres-2\/#breadcrumb\"},\"inLanguage\":\"fr-FR\",\"potentialAction\":[{\"@type\":\"ReadAction\",\"target\":[\"http:\/\/www.cepsound.com\/art\/concerts\/fantaisies-potageres-2\/\"]}]},{\"@type\":\"BreadcrumbList\",\"@id\":\"http:\/\/www.cepsound.com\/art\/concerts\/fantaisies-potageres-2\/#breadcrumb\",\"itemListElement\":[{\"@type\":\"ListItem\",\"position\":1,\"name\":\"Accueil\",\"item\":\"http:\/\/www.cepsound.com\/art\/\"},{\"@type\":\"ListItem\",\"position\":2,\"name\":\"concerts\",\"item\":\"http:\/\/www.cepsound.com\/art\/concerts\/\"},{\"@type\":\"ListItem\",\"position\":3,\"name\":\"Fantaisies potag\u00e8res\"}]},{\"@type\":\"WebSite\",\"@id\":\"http:\/\/www.cepsound.com\/art\/#website\",\"url\":\"http:\/\/www.cepsound.com\/art\/\",\"name\":\"\",\"description\":\"plasticien sonore | sound performer\",\"potentialAction\":[{\"@type\":\"SearchAction\",\"target\":{\"@type\":\"EntryPoint\",\"urlTemplate\":\"http:\/\/www.cepsound.com\/art\/?s={search_term_string}\"},\"query-input\":\"required name=search_term_string\"}],\"inLanguage\":\"fr-FR\"}]}<\/script>\n<!-- \/ Yoast SEO plugin. -->","yoast_head_json":{"title":"Fantaisies potag\u00e8res &ndash;","robots":{"index":"index","follow":"follow","max-snippet":"max-snippet:-1","max-image-preview":"max-image-preview:large","max-video-preview":"max-video-preview:-1"},"canonical":"http:\/\/www.cepsound.com\/art\/concerts\/fantaisies-potageres-2\/","og_locale":"fr_FR","og_type":"article","og_title":"Fantaisies potag\u00e8res &ndash;","og_description":"&lt; PREVIOUS | RETOUR | NEXT &gt; concert Extrait Tableau 1\u00a0: graine (2&#8217;45) Extrait Tableau 3\u00a0: pr\u00e9dateurs (3&#8217;29) Concert en 7 micro-tableaux retra\u00e7ant la vie...","og_url":"http:\/\/www.cepsound.com\/art\/concerts\/fantaisies-potageres-2\/","article_publisher":"https:\/\/www.facebook.com\/Cepsound-l-Charles-Eric-PEARD-169837659739132\/","twitter_card":"summary_large_image","twitter_misc":{"Dur\u00e9e de lecture estim\u00e9e":"1 minute"},"schema":{"@context":"https:\/\/schema.org","@graph":[{"@type":"WebPage","@id":"http:\/\/www.cepsound.com\/art\/concerts\/fantaisies-potageres-2\/","url":"http:\/\/www.cepsound.com\/art\/concerts\/fantaisies-potageres-2\/","name":"Fantaisies potag\u00e8res &ndash;","isPartOf":{"@id":"http:\/\/www.cepsound.com\/art\/#website"},"datePublished":"2016-11-27T16:24:33+00:00","dateModified":"2016-11-27T16:24:33+00:00","breadcrumb":{"@id":"http:\/\/www.cepsound.com\/art\/concerts\/fantaisies-potageres-2\/#breadcrumb"},"inLanguage":"fr-FR","potentialAction":[{"@type":"ReadAction","target":["http:\/\/www.cepsound.com\/art\/concerts\/fantaisies-potageres-2\/"]}]},{"@type":"BreadcrumbList","@id":"http:\/\/www.cepsound.com\/art\/concerts\/fantaisies-potageres-2\/#breadcrumb","itemListElement":[{"@type":"ListItem","position":1,"name":"Accueil","item":"http:\/\/www.cepsound.com\/art\/"},{"@type":"ListItem","position":2,"name":"concerts","item":"http:\/\/www.cepsound.com\/art\/concerts\/"},{"@type":"ListItem","position":3,"name":"Fantaisies potag\u00e8res"}]},{"@type":"WebSite","@id":"http:\/\/www.cepsound.com\/art\/#website","url":"http:\/\/www.cepsound.com\/art\/","name":"","description":"plasticien sonore | sound performer","potentialAction":[{"@type":"SearchAction","target":{"@type":"EntryPoint","urlTemplate":"http:\/\/www.cepsound.com\/art\/?s={search_term_string}"},"query-input":"required name=search_term_string"}],"inLanguage":"fr-FR"}]}},"_links":{"self":[{"href":"http:\/\/www.cepsound.com\/art\/wp-json\/wp\/v2\/pages\/1743"}],"collection":[{"href":"http:\/\/www.cepsound.com\/art\/wp-json\/wp\/v2\/pages"}],"about":[{"href":"http:\/\/www.cepsound.com\/art\/wp-json\/wp\/v2\/types\/page"}],"author":[{"embeddable":true,"href":"http:\/\/www.cepsound.com\/art\/wp-json\/wp\/v2\/users\/1"}],"replies":[{"embeddable":true,"href":"http:\/\/www.cepsound.com\/art\/wp-json\/wp\/v2\/comments?post=1743"}],"version-history":[{"count":2,"href":"http:\/\/www.cepsound.com\/art\/wp-json\/wp\/v2\/pages\/1743\/revisions"}],"predecessor-version":[{"id":1745,"href":"http:\/\/www.cepsound.com\/art\/wp-json\/wp\/v2\/pages\/1743\/revisions\/1745"}],"up":[{"embeddable":true,"href":"http:\/\/www.cepsound.com\/art\/wp-json\/wp\/v2\/pages\/564"}],"wp:attachment":[{"href":"http:\/\/www.cepsound.com\/art\/wp-json\/wp\/v2\/media?parent=1743"}],"curies":[{"name":"wp","href":"https:\/\/api.w.org\/{rel}","templated":true}]}}