{"id":2574,"date":"2021-08-20T15:45:03","date_gmt":"2021-08-20T14:45:03","guid":{"rendered":"http:\/\/www.cepsound.com\/art\/?page_id=2574"},"modified":"2021-08-20T16:03:14","modified_gmt":"2021-08-20T15:03:14","slug":"fluides","status":"publish","type":"page","link":"http:\/\/www.cepsound.com\/art\/dj-sets\/fluides\/","title":{"rendered":"Fluides"},"content":{"rendered":"<h6 style=\"text-align: right;\"><span style=\"color: #333333;\"><span style=\"color: #808080;\">&lt; PREVIOUS<\/span> | <a style=\"color: #333333;\" href=\"http:\/\/www.cepsound.com\/art\/dj-sets\/\">RETOUR <\/a>|<a style=\"color: #333333;\" href=\"http:\/\/www.cepsound.com\/art\/dj-sets\/imbroglio\/\"> NEXT &gt;<\/a><\/span><\/h6>\n<h6><span style=\"color: #999999;\">DJ set<span class=\"style7 style7\"><br \/>\n<\/span><\/span><\/h6>\n<div class=\"n2-code\"><div class=\"flexslider ewic-slider-lite is_on_\" id=\"ewic-con-258569dee15b66c27\"><style>#ewic-con-258569dee15b66c27 .flex-direction-nav .flex-next, #ewic-con-258569dee15b66c27 .flex-direction-nav .flex-prev {opacity: 1;} #ewic-con-258569dee15b66c27 .flex-direction-nav .flex-next {right: 10px !important; text-align: right !important;} #ewic-con-258569dee15b66c27 .flex-direction-nav .flex-prev {left: 10px !important;}<\/style><div id=\"preloader-258569dee15b66c27\" class=\"sliderpreloader\"><\/div><ul style=\"display:none;\" class=\"slides flexslider-258569dee15b66c27\"><li class=\"ewic-slider\"><a href=\"http:\/\/www.cepsound.com\/art\/wp-content\/uploads\/sites\/3\/2021\/08\/Fluides_02.jpg\" title=\"Fluides_02\" rel=\"ewicprettyPhoto[258569dee15b66c27]\"><img title=\"Fluides_02\" class=\"ewic-wid-imgs\" src=\"http:\/\/www.cepsound.com\/art\/wp-content\/uploads\/sites\/3\/2021\/08\/Fluides_02.jpg\" \/><p class=\"flex-caption\">Fluides_02<\/p><\/a><\/li><li class=\"ewic-slider\"><a href=\"http:\/\/www.cepsound.com\/art\/wp-content\/uploads\/sites\/3\/2021\/08\/Fluides_01.jpg\" title=\"Fluides_01\" rel=\"ewicprettyPhoto[258569dee15b66c27]\"><img title=\"Fluides_01\" class=\"ewic-wid-imgs\" src=\"http:\/\/www.cepsound.com\/art\/wp-content\/uploads\/sites\/3\/2021\/08\/Fluides_01.jpg\" \/><p class=\"flex-caption\">Fluides_01<\/p><\/a><\/li><li class=\"ewic-slider\"><a href=\"http:\/\/www.cepsound.com\/art\/wp-content\/uploads\/sites\/3\/2021\/08\/Fluides_03.jpg\" title=\"Fluides_03\" rel=\"ewicprettyPhoto[258569dee15b66c27]\"><img title=\"Fluides_03\" class=\"ewic-wid-imgs\" src=\"http:\/\/www.cepsound.com\/art\/wp-content\/uploads\/sites\/3\/2021\/08\/Fluides_03.jpg\" \/><p class=\"flex-caption\">Fluides_03<\/p><\/a><\/li><li class=\"ewic-slider\"><a href=\"http:\/\/www.cepsound.com\/art\/wp-content\/uploads\/sites\/3\/2021\/08\/Fluides_04.jpg\" title=\"Fluides_04\" rel=\"ewicprettyPhoto[258569dee15b66c27]\"><img title=\"Fluides_04\" class=\"ewic-wid-imgs\" src=\"http:\/\/www.cepsound.com\/art\/wp-content\/uploads\/sites\/3\/2021\/08\/Fluides_04.jpg\" \/><p class=\"flex-caption\">Fluides_04<\/p><\/a><\/li><li class=\"ewic-slider\"><a href=\"http:\/\/www.cepsound.com\/art\/wp-content\/uploads\/sites\/3\/2021\/08\/TracesDeDanse_01.jpg\" title=\"TracesDeDanse_01\" rel=\"ewicprettyPhoto[258569dee15b66c27]\"><img title=\"TracesDeDanse_01\" class=\"ewic-wid-imgs\" src=\"http:\/\/www.cepsound.com\/art\/wp-content\/uploads\/sites\/3\/2021\/08\/TracesDeDanse_01.jpg\" \/><p class=\"flex-caption\">TracesDeDanse_01<\/p><\/a><\/li><\/ul><script type=\"text\/javascript\">\r\n\tjQuery(document).ready(function($) {\r\n\t\t\r\n\t\t$(\"#preloader-258569dee15b66c27\").fadeOut(500, function () {\r\n\t\t\t\r\n\t\t\t$(\"#ewic-con-258569dee15b66c27\").addClass(\"ready_to_show\");\r\n\t\t\t\r\n\t\t\t$(\"a[rel^='ewicprettyPhoto[258569dee15b66c27]']\").ewcPhoto({\r\n\t\t\t\ttheme: \"ewc_default\",\r\n\t\t\t\tallow_expand: false,\r\n\t\t\t\tdeeplinking: false,\r\n\t\t\t\tslideshow:5000,\r\n\t\t\t\tautoplay_slideshow:true,\r\n\t\t\t\tsocial_tools:false\r\n\t\t\t});\r\n\t\t\t\r\n\t\t\t$(\".flexslider-258569dee15b66c27\").fadeIn(300);\r\n\t\t\t\r\n\t\t\t$(\"#ewic-con-258569dee15b66c27\").flexslider({\r\n\t\t\t\tanimation: \"slide\",\r\n\t\t\t\tanimationSpeed: 0,\r\n\t\t\t\tuseCSS: false,\r\n\t\t\t\teasing: \"easeInQuad\",\r\n\t\t\t\tdirection: \"horizontal\",\r\n\t\t\t\tslideshow: true,\r\n\t\t\t\tsmoothHeight: true,\r\n\t\t\t\tpauseOnHover: true, \r\n\t\t\t\tcontrolNav: false,\r\n\t\t\t\tprevText: \"\",\r\n\t\t\t\tnextText: \"\",\r\n\t\t\t\trtl: false,\r\n\t\t\t\tslideshowSpeed: 6000,\r\n\t\t\t\tstart: function(slider){\r\n\t\t\t\t\t$(\"#ewic-con-258569dee15b66c27\").find(\".flex-caption\").hide();\r\n\t\t\t\t\tvar curSlide = slider.find(\"li.flex-active-slide\");\r\n\t\t\t\t\t$(curSlide).find(\".flex-caption\").slideDown();\r\n\t\t\t\t},\r\n\t\t\t\tbefore: function(slider) {\r\n\t\t\t\t\t$(\"#ewic-con-258569dee15b66c27\").find(\".flex-caption\").slideUp();\r\n\t\t\t\t},\r\n\t\t\t\tafter: function(slider) {\r\n\t\t\t\t\tvar curSlide = slider.find(\"li.flex-active-slide\");\r\n\t\t\t\t\t$(curSlide).find(\".flex-caption\").slideDown();\r\n\t\t\t\t}\r\n\t\t\t\t\r\n\t\t\t});\r\n\t\t\t\r\n\t\t});\r\n\t\t\t\r\n\t});\r\n<\/script><\/div>\r\n<\/div>\n<div id=\"apDiv2\" class=\"style5\">\n<hr \/>\n<blockquote><p><em><span style=\"color: #808080;\">Laissez-vous envo\u00fbter par la fluidit\u00e9 du pigment dans le geste lib\u00e9r\u00e9. <span class=\"style7 style7\">\u00bb<\/span><\/span><\/em><\/p>\n<p><strong><span style=\"color: #808080;\">Jeanne Papa<br \/>\n<\/span><\/strong><\/p>\n<p><span style=\"color: #808080;\">Techniques : aquarelle, technique humide<\/span><\/p>\n<hr \/>\n<\/blockquote>\n<p class=\"style7\"><span style=\"color: #808080;\"><strong>direction de stage :<\/strong> Jeanne Papa (aquarelliste)<br \/>\n<strong>improvisation dans\u00e9e :<\/strong> Caterina Perazzi<br \/>\n<\/span><span style=\"color: #808080;\"><strong>DJ set (drone, electro, ethno, folk) :<\/strong> Charles-Eric Peard<\/span><\/p>\n<p><span style=\"color: #808080;\"><span class=\"style7 style7\"><strong>dur\u00e9e : <\/strong>4h<br \/>\n<strong>date :<\/strong> dimanche 23 mai 2021 de 14h \u00e0 18h<br \/>\n<strong>manifestation :<\/strong> <em>Mouvant &#8211; \u00e9mouvant<\/em>, cycle 1 de la s\u00e9rie de stages <em>Trac\u00e9s de Danse<\/em><\/span><strong><br \/>\nlieu : <\/strong>La Dragonni\u00e8re, Saint-Mamm\u00e8s (77)<\/span><\/p>\n<\/div>\n","protected":false},"excerpt":{"rendered":"<p>&lt; PREVIOUS | RETOUR | NEXT &gt; DJ set Laissez-vous envo\u00fbter par la fluidit\u00e9 du pigment dans le geste lib\u00e9r\u00e9. \u00bb Jeanne Papa Techniques :&#8230;<\/p>\n","protected":false},"author":1,"featured_media":2340,"parent":567,"menu_order":0,"comment_status":"closed","ping_status":"closed","template":"","meta":[],"yoast_head":"<!-- This site is optimized with the Yoast SEO plugin v19.13 - https:\/\/yoast.com\/wordpress\/plugins\/seo\/ -->\n<title>&quot;Fluides&quot; par Jeanne PAPA<\/title>\n<meta name=\"robots\" content=\"index, follow, max-snippet:-1, max-image-preview:large, max-video-preview:-1\" \/>\n<link rel=\"canonical\" href=\"http:\/\/www.cepsound.com\/art\/dj-sets\/fluides\/\" \/>\n<meta property=\"og:locale\" content=\"fr_FR\" \/>\n<meta property=\"og:type\" content=\"article\" \/>\n<meta property=\"og:title\" content=\"&quot;Fluides&quot; par Jeanne PAPA\" \/>\n<meta property=\"og:description\" content=\"&lt; PREVIOUS | RETOUR | NEXT &gt; DJ set Laissez-vous envo\u00fbter par la fluidit\u00e9 du pigment dans le geste lib\u00e9r\u00e9. \u00bb Jeanne Papa Techniques :...\" \/>\n<meta property=\"og:url\" content=\"http:\/\/www.cepsound.com\/art\/dj-sets\/fluides\/\" \/>\n<meta property=\"article:publisher\" content=\"https:\/\/www.facebook.com\/Cepsound-l-Charles-Eric-PEARD-169837659739132\/\" \/>\n<meta property=\"article:modified_time\" content=\"2021-08-20T15:03:14+00:00\" \/>\n<meta property=\"og:image\" content=\"http:\/\/www.cepsound.com\/art\/wp-content\/uploads\/sites\/3\/2019\/10\/Nature-Morte-ESPERANCE_2019_03.jpg\" \/>\n\t<meta property=\"og:image:width\" content=\"1020\" \/>\n\t<meta property=\"og:image:height\" content=\"765\" \/>\n\t<meta property=\"og:image:type\" content=\"image\/jpeg\" \/>\n<meta name=\"twitter:card\" content=\"summary_large_image\" \/>\n<script type=\"application\/ld+json\" class=\"yoast-schema-graph\">{\"@context\":\"https:\/\/schema.org\",\"@graph\":[{\"@type\":\"WebPage\",\"@id\":\"http:\/\/www.cepsound.com\/art\/dj-sets\/fluides\/\",\"url\":\"http:\/\/www.cepsound.com\/art\/dj-sets\/fluides\/\",\"name\":\"\\\"Fluides\\\" par Jeanne PAPA\",\"isPartOf\":{\"@id\":\"http:\/\/www.cepsound.com\/art\/#website\"},\"datePublished\":\"2021-08-20T14:45:03+00:00\",\"dateModified\":\"2021-08-20T15:03:14+00:00\",\"breadcrumb\":{\"@id\":\"http:\/\/www.cepsound.com\/art\/dj-sets\/fluides\/#breadcrumb\"},\"inLanguage\":\"fr-FR\",\"potentialAction\":[{\"@type\":\"ReadAction\",\"target\":[\"http:\/\/www.cepsound.com\/art\/dj-sets\/fluides\/\"]}]},{\"@type\":\"BreadcrumbList\",\"@id\":\"http:\/\/www.cepsound.com\/art\/dj-sets\/fluides\/#breadcrumb\",\"itemListElement\":[{\"@type\":\"ListItem\",\"position\":1,\"name\":\"Accueil\",\"item\":\"http:\/\/www.cepsound.com\/art\/\"},{\"@type\":\"ListItem\",\"position\":2,\"name\":\"DJ sets\",\"item\":\"https:\/\/www.cepsound.com\/art\/dj-sets\/\"},{\"@type\":\"ListItem\",\"position\":3,\"name\":\"Fluides\"}]},{\"@type\":\"WebSite\",\"@id\":\"http:\/\/www.cepsound.com\/art\/#website\",\"url\":\"http:\/\/www.cepsound.com\/art\/\",\"name\":\"\",\"description\":\"plasticien sonore | sound performer\",\"potentialAction\":[{\"@type\":\"SearchAction\",\"target\":{\"@type\":\"EntryPoint\",\"urlTemplate\":\"http:\/\/www.cepsound.com\/art\/?s={search_term_string}\"},\"query-input\":\"required name=search_term_string\"}],\"inLanguage\":\"fr-FR\"}]}<\/script>\n<!-- \/ Yoast SEO plugin. -->","yoast_head_json":{"title":"\"Fluides\" par Jeanne PAPA","robots":{"index":"index","follow":"follow","max-snippet":"max-snippet:-1","max-image-preview":"max-image-preview:large","max-video-preview":"max-video-preview:-1"},"canonical":"http:\/\/www.cepsound.com\/art\/dj-sets\/fluides\/","og_locale":"fr_FR","og_type":"article","og_title":"\"Fluides\" par Jeanne PAPA","og_description":"&lt; PREVIOUS | RETOUR | NEXT &gt; DJ set Laissez-vous envo\u00fbter par la fluidit\u00e9 du pigment dans le geste lib\u00e9r\u00e9. \u00bb Jeanne Papa Techniques :...","og_url":"http:\/\/www.cepsound.com\/art\/dj-sets\/fluides\/","article_publisher":"https:\/\/www.facebook.com\/Cepsound-l-Charles-Eric-PEARD-169837659739132\/","article_modified_time":"2021-08-20T15:03:14+00:00","og_image":[{"width":1020,"height":765,"url":"http:\/\/www.cepsound.com\/art\/wp-content\/uploads\/sites\/3\/2019\/10\/Nature-Morte-ESPERANCE_2019_03.jpg","type":"image\/jpeg"}],"twitter_card":"summary_large_image","schema":{"@context":"https:\/\/schema.org","@graph":[{"@type":"WebPage","@id":"http:\/\/www.cepsound.com\/art\/dj-sets\/fluides\/","url":"http:\/\/www.cepsound.com\/art\/dj-sets\/fluides\/","name":"\"Fluides\" par Jeanne PAPA","isPartOf":{"@id":"http:\/\/www.cepsound.com\/art\/#website"},"datePublished":"2021-08-20T14:45:03+00:00","dateModified":"2021-08-20T15:03:14+00:00","breadcrumb":{"@id":"http:\/\/www.cepsound.com\/art\/dj-sets\/fluides\/#breadcrumb"},"inLanguage":"fr-FR","potentialAction":[{"@type":"ReadAction","target":["http:\/\/www.cepsound.com\/art\/dj-sets\/fluides\/"]}]},{"@type":"BreadcrumbList","@id":"http:\/\/www.cepsound.com\/art\/dj-sets\/fluides\/#breadcrumb","itemListElement":[{"@type":"ListItem","position":1,"name":"Accueil","item":"http:\/\/www.cepsound.com\/art\/"},{"@type":"ListItem","position":2,"name":"DJ sets","item":"https:\/\/www.cepsound.com\/art\/dj-sets\/"},{"@type":"ListItem","position":3,"name":"Fluides"}]},{"@type":"WebSite","@id":"http:\/\/www.cepsound.com\/art\/#website","url":"http:\/\/www.cepsound.com\/art\/","name":"","description":"plasticien sonore | sound performer","potentialAction":[{"@type":"SearchAction","target":{"@type":"EntryPoint","urlTemplate":"http:\/\/www.cepsound.com\/art\/?s={search_term_string}"},"query-input":"required name=search_term_string"}],"inLanguage":"fr-FR"}]}},"_links":{"self":[{"href":"http:\/\/www.cepsound.com\/art\/wp-json\/wp\/v2\/pages\/2574"}],"collection":[{"href":"http:\/\/www.cepsound.com\/art\/wp-json\/wp\/v2\/pages"}],"about":[{"href":"http:\/\/www.cepsound.com\/art\/wp-json\/wp\/v2\/types\/page"}],"author":[{"embeddable":true,"href":"http:\/\/www.cepsound.com\/art\/wp-json\/wp\/v2\/users\/1"}],"replies":[{"embeddable":true,"href":"http:\/\/www.cepsound.com\/art\/wp-json\/wp\/v2\/comments?post=2574"}],"version-history":[{"count":7,"href":"http:\/\/www.cepsound.com\/art\/wp-json\/wp\/v2\/pages\/2574\/revisions"}],"predecessor-version":[{"id":2598,"href":"http:\/\/www.cepsound.com\/art\/wp-json\/wp\/v2\/pages\/2574\/revisions\/2598"}],"up":[{"embeddable":true,"href":"http:\/\/www.cepsound.com\/art\/wp-json\/wp\/v2\/pages\/567"}],"wp:featuredmedia":[{"embeddable":true,"href":"http:\/\/www.cepsound.com\/art\/wp-json\/wp\/v2\/media\/2340"}],"wp:attachment":[{"href":"http:\/\/www.cepsound.com\/art\/wp-json\/wp\/v2\/media?parent=2574"}],"curies":[{"name":"wp","href":"https:\/\/api.w.org\/{rel}","templated":true}]}}