{"id":279,"date":"2019-07-26T13:36:41","date_gmt":"2019-07-26T12:36:41","guid":{"rendered":"http:\/\/www.cepsound.com\/www-2\/?page_id=279"},"modified":"2019-11-06T17:24:19","modified_gmt":"2019-11-06T16:24:19","slug":"les-siestes-aeriennes","status":"publish","type":"page","link":"http:\/\/www.cepsound.com\/art\/installations-sonores\/les-siestes-aeriennes\/","title":{"rendered":"Les siestes a\u00e9riennes"},"content":{"rendered":"<h6 style=\"text-align: right;\"><span style=\"color: #333333;\"><span style=\"color: #999999;\">&lt; PREVIOUS<\/span> | <a style=\"color: #333333;\" href=\"http:\/\/www.cepsound.com\/art\/installations-sonores\/\">RETOUR <\/a>|<a style=\"color: #333333;\" href=\"http:\/\/www.cepsound.com\/art\/installations-sonores\/huntsville\/\"> NEXT &gt;<\/a><\/span><\/h6>\n<h6><span style=\"color: #999999;\">installation sonore<span class=\"style7 style7\"><br \/>\n<\/span><\/span><\/h6>\n<div class=\"n2-code\"><div class=\"flexslider ewic-slider-lite is_on_\" id=\"ewic-con-90969e077e0e2164\"><style>#ewic-con-90969e077e0e2164 .flex-direction-nav .flex-next, #ewic-con-90969e077e0e2164 .flex-direction-nav .flex-prev {opacity: 1;} #ewic-con-90969e077e0e2164 .flex-direction-nav .flex-next {right: 10px !important; text-align: right !important;} #ewic-con-90969e077e0e2164 .flex-direction-nav .flex-prev {left: 10px !important;}<\/style><div id=\"preloader-90969e077e0e2164\" class=\"sliderpreloader\"><\/div><ul style=\"display:none;\" class=\"slides flexslider-90969e077e0e2164\"><li class=\"ewic-slider\"><a href=\"http:\/\/www.cepsound.com\/art\/wp-content\/uploads\/sites\/3\/2016\/10\/les-siestes-aeriennes_01.jpg\" title=\"COPYRIGHT : Cie Le Sens de la Visite\" rel=\"ewicprettyPhoto[90969e077e0e2164]\"><img title=\"COPYRIGHT : Cie Le Sens de la Visite\" class=\"ewic-wid-imgs\" src=\"http:\/\/www.cepsound.com\/art\/wp-content\/uploads\/sites\/3\/2016\/10\/les-siestes-aeriennes_01.jpg\" \/><p class=\"flex-caption\">COPYRIGHT : Cie Le Sens de la Visite<\/p><\/a><\/li><li class=\"ewic-slider\"><a href=\"http:\/\/www.cepsound.com\/art\/wp-content\/uploads\/sites\/3\/2016\/10\/les-siestes-aeriennes_02.jpg\" title=\"COPYRIGHT : Cie Le Sens de la Visite\" rel=\"ewicprettyPhoto[90969e077e0e2164]\"><img title=\"COPYRIGHT : Cie Le Sens de la Visite\" class=\"ewic-wid-imgs\" src=\"http:\/\/www.cepsound.com\/art\/wp-content\/uploads\/sites\/3\/2016\/10\/les-siestes-aeriennes_02.jpg\" \/><p class=\"flex-caption\">COPYRIGHT : Cie Le Sens de la Visite<\/p><\/a><\/li><li class=\"ewic-slider\"><a href=\"http:\/\/www.cepsound.com\/art\/wp-content\/uploads\/sites\/3\/2016\/10\/les-siestes-aeriennes_03.jpg\" title=\"COPYRIGHT : Cie Le Sens de la Visite\" rel=\"ewicprettyPhoto[90969e077e0e2164]\"><img title=\"COPYRIGHT : Cie Le Sens de la Visite\" class=\"ewic-wid-imgs\" src=\"http:\/\/www.cepsound.com\/art\/wp-content\/uploads\/sites\/3\/2016\/10\/les-siestes-aeriennes_03.jpg\" \/><p class=\"flex-caption\">COPYRIGHT : Cie Le Sens de la Visite<\/p><\/a><\/li><li class=\"ewic-slider\"><a href=\"http:\/\/www.cepsound.com\/art\/wp-content\/uploads\/sites\/3\/2016\/10\/les-siestes-aeriennes_04.jpg\" title=\"COPYRIGHT : Cie Le Sens de la Visite\" rel=\"ewicprettyPhoto[90969e077e0e2164]\"><img title=\"COPYRIGHT : Cie Le Sens de la Visite\" class=\"ewic-wid-imgs\" src=\"http:\/\/www.cepsound.com\/art\/wp-content\/uploads\/sites\/3\/2016\/10\/les-siestes-aeriennes_04.jpg\" \/><p class=\"flex-caption\">COPYRIGHT : Cie Le Sens de la Visite<\/p><\/a><\/li><li class=\"ewic-slider\"><a href=\"http:\/\/www.cepsound.com\/art\/wp-content\/uploads\/sites\/3\/2016\/10\/les-siestes-aeriennes_05.jpg\" title=\"COPYRIGHT : Cie Le Sens de la Visite\" rel=\"ewicprettyPhoto[90969e077e0e2164]\"><img title=\"COPYRIGHT : Cie Le Sens de la Visite\" class=\"ewic-wid-imgs\" src=\"http:\/\/www.cepsound.com\/art\/wp-content\/uploads\/sites\/3\/2016\/10\/les-siestes-aeriennes_05.jpg\" \/><p class=\"flex-caption\">COPYRIGHT : Cie Le Sens de la Visite<\/p><\/a><\/li><li class=\"ewic-slider\"><a href=\"http:\/\/www.cepsound.com\/art\/wp-content\/uploads\/sites\/3\/2019\/07\/BackToTheTrees_Affiche.jpg\" title=\"BackToTheTrees_Affiche\" rel=\"ewicprettyPhoto[90969e077e0e2164]\"><img title=\"BackToTheTrees_Affiche\" class=\"ewic-wid-imgs\" src=\"http:\/\/www.cepsound.com\/art\/wp-content\/uploads\/sites\/3\/2019\/07\/BackToTheTrees_Affiche.jpg\" \/><p class=\"flex-caption\">BackToTheTrees_Affiche<\/p><\/a><\/li><\/ul><script type=\"text\/javascript\">\r\n\tjQuery(document).ready(function($) {\r\n\t\t\r\n\t\t$(\"#preloader-90969e077e0e2164\").fadeOut(500, function () {\r\n\t\t\t\r\n\t\t\t$(\"#ewic-con-90969e077e0e2164\").addClass(\"ready_to_show\");\r\n\t\t\t\r\n\t\t\t$(\"a[rel^='ewicprettyPhoto[90969e077e0e2164]']\").ewcPhoto({\r\n\t\t\t\ttheme: \"ewc_default\",\r\n\t\t\t\tallow_expand: false,\r\n\t\t\t\tdeeplinking: false,\r\n\t\t\t\tslideshow:12000,\r\n\t\t\t\tautoplay_slideshow:false,\r\n\t\t\t\tsocial_tools:false\r\n\t\t\t});\r\n\t\t\t\r\n\t\t\t$(\".flexslider-90969e077e0e2164\").fadeIn(300);\r\n\t\t\t\r\n\t\t\t$(\"#ewic-con-90969e077e0e2164\").flexslider({\r\n\t\t\t\tanimation: \"slide\",\r\n\t\t\t\tanimationSpeed: 0,\r\n\t\t\t\tuseCSS: false,\r\n\t\t\t\teasing: \"easeInOutCubic\",\r\n\t\t\t\tdirection: \"horizontal\",\r\n\t\t\t\tslideshow: true,\r\n\t\t\t\tsmoothHeight: true,\r\n\t\t\t\tpauseOnHover: true, \r\n\t\t\t\tcontrolNav: false,\r\n\t\t\t\tprevText: \"\",\r\n\t\t\t\tnextText: \"\",\r\n\t\t\t\trtl: false,\r\n\t\t\t\tslideshowSpeed: 12000,\r\n\t\t\t\tstart: function(slider){\r\n\t\t\t\t\t$(\"#ewic-con-90969e077e0e2164\").find(\".flex-caption\").hide();\r\n\t\t\t\t\tvar curSlide = slider.find(\"li.flex-active-slide\");\r\n\t\t\t\t\t$(curSlide).find(\".flex-caption\").slideDown();\r\n\t\t\t\t},\r\n\t\t\t\tbefore: function(slider) {\r\n\t\t\t\t\t$(\"#ewic-con-90969e077e0e2164\").find(\".flex-caption\").slideUp();\r\n\t\t\t\t},\r\n\t\t\t\tafter: function(slider) {\r\n\t\t\t\t\tvar curSlide = slider.find(\"li.flex-active-slide\");\r\n\t\t\t\t\t$(curSlide).find(\".flex-caption\").slideDown();\r\n\t\t\t\t}\r\n\t\t\t\t\r\n\t\t\t});\r\n\t\t\t\r\n\t\t});\r\n\t\t\t\r\n\t});\r\n<\/script><\/div>\r\n<\/div>\n<div><\/div>\n<div>\n<!--[if lt IE 9]><script>document.createElement('audio');<\/script><![endif]-->\n<audio class=\"wp-audio-shortcode\" id=\"audio-909-1\" preload=\"none\" style=\"width: 100%;\" controls=\"controls\"><source type=\"audio\/mpeg\" src=\"http:\/\/www.cepsound.com\/wp-content\/uploads\/CEP_MUSIC_FILES\/LesSiestesAeriennes_Extrait.mp3?_=1\" \/><a href=\"http:\/\/www.cepsound.com\/wp-content\/uploads\/CEP_MUSIC_FILES\/LesSiestesAeriennes_Extrait.mp3\">http:\/\/www.cepsound.com\/wp-content\/uploads\/CEP_MUSIC_FILES\/LesSiestesAeriennes_Extrait.mp3<\/a><\/audio>\n<h6>extrait sonore (3&#8217;03)<\/h6>\n<\/div>\n<hr \/>\n<blockquote>\n<div data-canvas-width=\"434.0250000000002\">\n<p><em><span style=\"color: #808080;\">Je souhaite offrir au public une exp\u00e9rience sensorielle simple et plaisante, qui met en contact avec des niveaux de v\u00e9cu non ordinaires : vie pr\u00e9natale, myst\u00e8re des origines, relation \u00e0 l\u2019univers. <\/span><\/em><span style=\"color: #808080;\"><span class=\"style7 style7\">\u00bb<br \/>\n<\/span><\/span><\/p>\n<p><strong><span style=\"color: #808080;\">Yann Desbrosses <\/span><\/strong><\/p>\n<\/div>\n<div data-canvas-width=\"140.93999999999997\">\n<p><span style=\"color: #808080;\">\u00ab<em> Il s&#8217;agit de regarder la Nature comme porteuse d&#8217;un message, et par l&#8217;\u00e9tude lente et pr\u00e9cise des m\u00e9canismes \u00e9nerg\u00e9tiques, de se rapprocher d&#8217;une partie intime de nous m\u00eame.\u00a0<\/em>\u00bb<em><br \/>\n<\/em><\/span><\/p>\n<p><span style=\"color: #808080;\"><strong>Jean-Pierre Minier<\/strong><\/span><\/p>\n<\/div>\n<hr \/>\n<\/blockquote>\n<p class=\"style7\"><span style=\"color: #808080;\"><strong>installation sonore <\/strong>proposant l&#8217;\u00e9coute d&#8217;une version courte du r\u00eave \u00e9veill\u00e9 <em>Macrocosme 1, Une \u00e9toile est n\u00e9e<\/em><strong><br \/>\ndur\u00e9e :<\/strong> 25 min.<\/span><\/p>\n<p><span style=\"color: #808080;\"><strong>direction artistique :<\/strong> Yann Desbrosses<br \/>\n<strong>auteurs :<\/strong> Jean-Pierre Minier et Yann Desbrosses<\/span><br \/>\n<span style=\"color: #808080;\"><strong>compositions sonores et montage :<\/strong> Charles-Eric P\u00e9ard<br \/>\n<strong>production :<\/strong> <span style=\"color: #333333;\"><a style=\"color: #333333;\" href=\"http:\/\/lesensdelavisite.com\" target=\"_blank\" rel=\"noopener\">Cie Le Sens de la Visite <\/a><\/span><br \/>\n<\/span><\/p>\n<p><span style=\"color: #808080;\"><strong>manifestation :<\/strong> festival <em><a style=\"color: #808080;\" href=\"http:\/\/www.backtothetrees.net\/\" target=\"_blank\" rel=\"noopener\"><span style=\"color: #333333;\">Back to the Trees<\/span><\/a><\/em><\/span><br \/>\n<span style=\"color: #808080;\"><strong>lieu :<\/strong> Saint-Vit (France, Doubs)<\/span><br \/>\n<span style=\"color: #808080;\"><strong>date :<\/strong> 29 juin 2019<br \/>\n<\/span><\/p>\n<p class=\"style7\"><span style=\"color: #999999;\"><em>\u00a0<\/em><\/span><\/p>\n","protected":false},"excerpt":{"rendered":"<p>&lt; PREVIOUS | RETOUR | NEXT &gt; installation sonore extrait sonore (3&#8217;03) Je souhaite offrir au public une exp\u00e9rience sensorielle simple et plaisante, qui met&#8230;<\/p>\n","protected":false},"author":1,"featured_media":0,"parent":570,"menu_order":0,"comment_status":"closed","ping_status":"closed","template":"","meta":[],"yoast_head":"<!-- This site is optimized with the Yoast SEO plugin v19.13 - https:\/\/yoast.com\/wordpress\/plugins\/seo\/ -->\n<title>Les siestes a\u00e9riennes &ndash;<\/title>\n<meta name=\"robots\" content=\"index, follow, max-snippet:-1, max-image-preview:large, max-video-preview:-1\" \/>\n<link rel=\"canonical\" href=\"http:\/\/www.cepsound.com\/art\/installations-sonores\/les-siestes-aeriennes\/\" \/>\n<meta property=\"og:locale\" content=\"fr_FR\" \/>\n<meta property=\"og:type\" content=\"article\" \/>\n<meta property=\"og:title\" content=\"Les siestes a\u00e9riennes &ndash;\" \/>\n<meta property=\"og:description\" content=\"&lt; PREVIOUS | RETOUR | NEXT &gt; installation sonore extrait sonore (3&#8217;03) Je souhaite offrir au public une exp\u00e9rience sensorielle simple et plaisante, qui met...\" \/>\n<meta property=\"og:url\" content=\"http:\/\/www.cepsound.com\/art\/installations-sonores\/les-siestes-aeriennes\/\" \/>\n<meta property=\"article:publisher\" content=\"https:\/\/www.facebook.com\/Cepsound-l-Charles-Eric-PEARD-169837659739132\/\" \/>\n<meta property=\"article:modified_time\" content=\"2019-11-06T16:24:19+00:00\" \/>\n<meta name=\"twitter:card\" content=\"summary_large_image\" \/>\n<meta name=\"twitter:label1\" content=\"Dur\u00e9e de lecture estim\u00e9e\" \/>\n\t<meta name=\"twitter:data1\" content=\"1 minute\" \/>\n<script type=\"application\/ld+json\" class=\"yoast-schema-graph\">{\"@context\":\"https:\/\/schema.org\",\"@graph\":[{\"@type\":\"WebPage\",\"@id\":\"http:\/\/www.cepsound.com\/art\/installations-sonores\/les-siestes-aeriennes\/\",\"url\":\"http:\/\/www.cepsound.com\/art\/installations-sonores\/les-siestes-aeriennes\/\",\"name\":\"Les siestes a\u00e9riennes &ndash;\",\"isPartOf\":{\"@id\":\"http:\/\/www.cepsound.com\/art\/#website\"},\"datePublished\":\"2019-07-26T12:36:41+00:00\",\"dateModified\":\"2019-11-06T16:24:19+00:00\",\"breadcrumb\":{\"@id\":\"http:\/\/www.cepsound.com\/art\/installations-sonores\/les-siestes-aeriennes\/#breadcrumb\"},\"inLanguage\":\"fr-FR\",\"potentialAction\":[{\"@type\":\"ReadAction\",\"target\":[\"http:\/\/www.cepsound.com\/art\/installations-sonores\/les-siestes-aeriennes\/\"]}]},{\"@type\":\"BreadcrumbList\",\"@id\":\"http:\/\/www.cepsound.com\/art\/installations-sonores\/les-siestes-aeriennes\/#breadcrumb\",\"itemListElement\":[{\"@type\":\"ListItem\",\"position\":1,\"name\":\"Accueil\",\"item\":\"http:\/\/www.cepsound.com\/art\/\"},{\"@type\":\"ListItem\",\"position\":2,\"name\":\"installations sonores\",\"item\":\"https:\/\/www.cepsound.com\/art\/installations-sonores\/\"},{\"@type\":\"ListItem\",\"position\":3,\"name\":\"Les siestes a\u00e9riennes\"}]},{\"@type\":\"WebSite\",\"@id\":\"http:\/\/www.cepsound.com\/art\/#website\",\"url\":\"http:\/\/www.cepsound.com\/art\/\",\"name\":\"\",\"description\":\"plasticien sonore | sound performer\",\"potentialAction\":[{\"@type\":\"SearchAction\",\"target\":{\"@type\":\"EntryPoint\",\"urlTemplate\":\"http:\/\/www.cepsound.com\/art\/?s={search_term_string}\"},\"query-input\":\"required name=search_term_string\"}],\"inLanguage\":\"fr-FR\"}]}<\/script>\n<!-- \/ Yoast SEO plugin. -->","yoast_head_json":{"title":"Les siestes a\u00e9riennes &ndash;","robots":{"index":"index","follow":"follow","max-snippet":"max-snippet:-1","max-image-preview":"max-image-preview:large","max-video-preview":"max-video-preview:-1"},"canonical":"http:\/\/www.cepsound.com\/art\/installations-sonores\/les-siestes-aeriennes\/","og_locale":"fr_FR","og_type":"article","og_title":"Les siestes a\u00e9riennes &ndash;","og_description":"&lt; PREVIOUS | RETOUR | NEXT &gt; installation sonore extrait sonore (3&#8217;03) Je souhaite offrir au public une exp\u00e9rience sensorielle simple et plaisante, qui met...","og_url":"http:\/\/www.cepsound.com\/art\/installations-sonores\/les-siestes-aeriennes\/","article_publisher":"https:\/\/www.facebook.com\/Cepsound-l-Charles-Eric-PEARD-169837659739132\/","article_modified_time":"2019-11-06T16:24:19+00:00","twitter_card":"summary_large_image","twitter_misc":{"Dur\u00e9e de lecture estim\u00e9e":"1 minute"},"schema":{"@context":"https:\/\/schema.org","@graph":[{"@type":"WebPage","@id":"http:\/\/www.cepsound.com\/art\/installations-sonores\/les-siestes-aeriennes\/","url":"http:\/\/www.cepsound.com\/art\/installations-sonores\/les-siestes-aeriennes\/","name":"Les siestes a\u00e9riennes &ndash;","isPartOf":{"@id":"http:\/\/www.cepsound.com\/art\/#website"},"datePublished":"2019-07-26T12:36:41+00:00","dateModified":"2019-11-06T16:24:19+00:00","breadcrumb":{"@id":"http:\/\/www.cepsound.com\/art\/installations-sonores\/les-siestes-aeriennes\/#breadcrumb"},"inLanguage":"fr-FR","potentialAction":[{"@type":"ReadAction","target":["http:\/\/www.cepsound.com\/art\/installations-sonores\/les-siestes-aeriennes\/"]}]},{"@type":"BreadcrumbList","@id":"http:\/\/www.cepsound.com\/art\/installations-sonores\/les-siestes-aeriennes\/#breadcrumb","itemListElement":[{"@type":"ListItem","position":1,"name":"Accueil","item":"http:\/\/www.cepsound.com\/art\/"},{"@type":"ListItem","position":2,"name":"installations sonores","item":"https:\/\/www.cepsound.com\/art\/installations-sonores\/"},{"@type":"ListItem","position":3,"name":"Les siestes a\u00e9riennes"}]},{"@type":"WebSite","@id":"http:\/\/www.cepsound.com\/art\/#website","url":"http:\/\/www.cepsound.com\/art\/","name":"","description":"plasticien sonore | sound performer","potentialAction":[{"@type":"SearchAction","target":{"@type":"EntryPoint","urlTemplate":"http:\/\/www.cepsound.com\/art\/?s={search_term_string}"},"query-input":"required name=search_term_string"}],"inLanguage":"fr-FR"}]}},"_links":{"self":[{"href":"http:\/\/www.cepsound.com\/art\/wp-json\/wp\/v2\/pages\/279"}],"collection":[{"href":"http:\/\/www.cepsound.com\/art\/wp-json\/wp\/v2\/pages"}],"about":[{"href":"http:\/\/www.cepsound.com\/art\/wp-json\/wp\/v2\/types\/page"}],"author":[{"embeddable":true,"href":"http:\/\/www.cepsound.com\/art\/wp-json\/wp\/v2\/users\/1"}],"replies":[{"embeddable":true,"href":"http:\/\/www.cepsound.com\/art\/wp-json\/wp\/v2\/comments?post=279"}],"version-history":[{"count":42,"href":"http:\/\/www.cepsound.com\/art\/wp-json\/wp\/v2\/pages\/279\/revisions"}],"predecessor-version":[{"id":2407,"href":"http:\/\/www.cepsound.com\/art\/wp-json\/wp\/v2\/pages\/279\/revisions\/2407"}],"up":[{"embeddable":true,"href":"http:\/\/www.cepsound.com\/art\/wp-json\/wp\/v2\/pages\/570"}],"wp:attachment":[{"href":"http:\/\/www.cepsound.com\/art\/wp-json\/wp\/v2\/media?parent=279"}],"curies":[{"name":"wp","href":"https:\/\/api.w.org\/{rel}","templated":true}]}}