{"id":287,"date":"2016-09-09T09:28:22","date_gmt":"2016-09-09T08:28:22","guid":{"rendered":"http:\/\/www.cepsound.com\/www-2\/?page_id=287"},"modified":"2016-11-19T16:13:33","modified_gmt":"2016-11-19T15:13:33","slug":"b-b-before-birth-3","status":"publish","type":"page","link":"http:\/\/www.cepsound.com\/art\/installations-video\/b-b-before-birth-3\/","title":{"rendered":"B-B &#8211; Before Birth #3"},"content":{"rendered":"<h6 style=\"text-align: right;\"><span style=\"color: #333333;\"><span style=\"color: #999999;\">&lt; PREVIOUS<\/span> | <a style=\"color: #333333;\" href=\"http:\/\/www.cepsound.com\/art\/installations-video\/\">RETOUR <\/a>| <a style=\"color: #333333;\" href=\"http:\/\/www.cepsound.com\/art\/installations-video\/ex-croissance\">NEXT &gt;<\/a><\/span><\/h6>\n<h6><span style=\"color: #999999;\"><span style=\"color: #808080;\">installation vid\u00e9o<\/span><span class=\"style7 style7\"><br \/>\n<\/span><\/span><\/h6>\n<h6><div class=\"flexslider ewic-slider-lite is_on_\" id=\"ewic-con-93469e0752840c9c\"><style>#ewic-con-93469e0752840c9c .flex-direction-nav .flex-next, #ewic-con-93469e0752840c9c .flex-direction-nav .flex-prev {opacity: 1;} #ewic-con-93469e0752840c9c .flex-direction-nav .flex-next {right: 10px !important; text-align: right !important;} #ewic-con-93469e0752840c9c .flex-direction-nav .flex-prev {left: 10px !important;}<\/style><div id=\"preloader-93469e0752840c9c\" class=\"sliderpreloader\"><\/div><ul style=\"display:none;\" class=\"slides flexslider-93469e0752840c9c\"><li class=\"ewic-slider\"><a href=\"http:\/\/www.cepsound.com\/art\/wp-content\/uploads\/sites\/3\/2016\/10\/b-b-before-birth3_00.jpg\"  rel=\"ewicprettyPhoto[93469e0752840c9c]\"><img  class=\"ewic-wid-imgs\" src=\"http:\/\/www.cepsound.com\/art\/wp-content\/uploads\/sites\/3\/2016\/10\/b-b-before-birth3_00.jpg\" \/><p class=\"flex-caption\"><\/p><\/a><\/li><li class=\"ewic-slider\"><a href=\"http:\/\/www.cepsound.com\/art\/wp-content\/uploads\/sites\/3\/2016\/10\/b-b-before-birth3_01.jpg\"  rel=\"ewicprettyPhoto[93469e0752840c9c]\"><img  class=\"ewic-wid-imgs\" src=\"http:\/\/www.cepsound.com\/art\/wp-content\/uploads\/sites\/3\/2016\/10\/b-b-before-birth3_01.jpg\" \/><p class=\"flex-caption\"><\/p><\/a><\/li><li class=\"ewic-slider\"><a href=\"http:\/\/www.cepsound.com\/art\/wp-content\/uploads\/sites\/3\/2016\/10\/b-b-before-birth3_02.jpg\"  rel=\"ewicprettyPhoto[93469e0752840c9c]\"><img  class=\"ewic-wid-imgs\" src=\"http:\/\/www.cepsound.com\/art\/wp-content\/uploads\/sites\/3\/2016\/10\/b-b-before-birth3_02.jpg\" \/><p class=\"flex-caption\"><\/p><\/a><\/li><li class=\"ewic-slider\"><a href=\"http:\/\/www.cepsound.com\/art\/wp-content\/uploads\/sites\/3\/2016\/10\/b-b-before-birth3_03.jpg\"  rel=\"ewicprettyPhoto[93469e0752840c9c]\"><img  class=\"ewic-wid-imgs\" src=\"http:\/\/www.cepsound.com\/art\/wp-content\/uploads\/sites\/3\/2016\/10\/b-b-before-birth3_03.jpg\" \/><p class=\"flex-caption\"><\/p><\/a><\/li><li class=\"ewic-slider\"><a href=\"http:\/\/www.cepsound.com\/art\/wp-content\/uploads\/sites\/3\/2016\/10\/b-b-before-birth3_04.jpg\"  rel=\"ewicprettyPhoto[93469e0752840c9c]\"><img  class=\"ewic-wid-imgs\" src=\"http:\/\/www.cepsound.com\/art\/wp-content\/uploads\/sites\/3\/2016\/10\/b-b-before-birth3_04.jpg\" \/><p class=\"flex-caption\"><\/p><\/a><\/li><li class=\"ewic-slider\"><a href=\"http:\/\/www.cepsound.com\/art\/wp-content\/uploads\/sites\/3\/2016\/10\/b-b-before-birth3_05.jpg\"  rel=\"ewicprettyPhoto[93469e0752840c9c]\"><img  class=\"ewic-wid-imgs\" src=\"http:\/\/www.cepsound.com\/art\/wp-content\/uploads\/sites\/3\/2016\/10\/b-b-before-birth3_05.jpg\" \/><p class=\"flex-caption\"><\/p><\/a><\/li><li class=\"ewic-slider\"><a href=\"http:\/\/www.cepsound.com\/art\/wp-content\/uploads\/sites\/3\/2016\/10\/b-b-before-birth3_06.jpg\"  rel=\"ewicprettyPhoto[93469e0752840c9c]\"><img  class=\"ewic-wid-imgs\" src=\"http:\/\/www.cepsound.com\/art\/wp-content\/uploads\/sites\/3\/2016\/10\/b-b-before-birth3_06.jpg\" \/><p class=\"flex-caption\"><\/p><\/a><\/li><li class=\"ewic-slider\"><a href=\"http:\/\/www.cepsound.com\/art\/wp-content\/uploads\/sites\/3\/2016\/10\/b-b-before-birth3_07.jpg\"  rel=\"ewicprettyPhoto[93469e0752840c9c]\"><img  class=\"ewic-wid-imgs\" src=\"http:\/\/www.cepsound.com\/art\/wp-content\/uploads\/sites\/3\/2016\/10\/b-b-before-birth3_07.jpg\" \/><p class=\"flex-caption\"><\/p><\/a><\/li><li class=\"ewic-slider\"><a href=\"http:\/\/www.cepsound.com\/art\/wp-content\/uploads\/sites\/3\/2016\/10\/b-b-before-birth3_08.jpg\"  rel=\"ewicprettyPhoto[93469e0752840c9c]\"><img  class=\"ewic-wid-imgs\" src=\"http:\/\/www.cepsound.com\/art\/wp-content\/uploads\/sites\/3\/2016\/10\/b-b-before-birth3_08.jpg\" \/><p class=\"flex-caption\"><\/p><\/a><\/li><\/ul><script type=\"text\/javascript\">\r\n\tjQuery(document).ready(function($) {\r\n\t\t\r\n\t\t$(\"#preloader-93469e0752840c9c\").fadeOut(500, function () {\r\n\t\t\t\r\n\t\t\t$(\"#ewic-con-93469e0752840c9c\").addClass(\"ready_to_show\");\r\n\t\t\t\r\n\t\t\t$(\"a[rel^='ewicprettyPhoto[93469e0752840c9c]']\").ewcPhoto({\r\n\t\t\t\ttheme: \"ewc_default\",\r\n\t\t\t\tallow_expand: false,\r\n\t\t\t\tdeeplinking: false,\r\n\t\t\t\tslideshow:12000,\r\n\t\t\t\tautoplay_slideshow:false,\r\n\t\t\t\tsocial_tools:false\r\n\t\t\t});\r\n\t\t\t\r\n\t\t\t$(\".flexslider-93469e0752840c9c\").fadeIn(300);\r\n\t\t\t\r\n\t\t\t$(\"#ewic-con-93469e0752840c9c\").flexslider({\r\n\t\t\t\tanimation: \"slide\",\r\n\t\t\t\tanimationSpeed: 0,\r\n\t\t\t\tuseCSS: false,\r\n\t\t\t\teasing: \"easeInOutCubic\",\r\n\t\t\t\tdirection: \"horizontal\",\r\n\t\t\t\tslideshow: true,\r\n\t\t\t\tsmoothHeight: true,\r\n\t\t\t\tpauseOnHover: true, \r\n\t\t\t\tcontrolNav: false,\r\n\t\t\t\tprevText: \"\",\r\n\t\t\t\tnextText: \"\",\r\n\t\t\t\trtl: false,\r\n\t\t\t\tslideshowSpeed: 12000,\r\n\t\t\t\tstart: function(slider){\r\n\t\t\t\t\t$(\"#ewic-con-93469e0752840c9c\").find(\".flex-caption\").hide();\r\n\t\t\t\t\tvar curSlide = slider.find(\"li.flex-active-slide\");\r\n\t\t\t\t\t$(curSlide).find(\".flex-caption\").slideDown();\r\n\t\t\t\t},\r\n\t\t\t\tbefore: function(slider) {\r\n\t\t\t\t\t$(\"#ewic-con-93469e0752840c9c\").find(\".flex-caption\").slideUp();\r\n\t\t\t\t},\r\n\t\t\t\tafter: function(slider) {\r\n\t\t\t\t\tvar curSlide = slider.find(\"li.flex-active-slide\");\r\n\t\t\t\t\t$(curSlide).find(\".flex-caption\").slideDown();\r\n\t\t\t\t}\r\n\t\t\t\t\r\n\t\t\t});\r\n\t\t\t\r\n\t\t});\r\n\t\t\t\r\n\t});\r\n<\/script><\/div>\r\n<\/h6>\n<!--[if lt IE 9]><script>document.createElement('audio');<\/script><![endif]-->\n<audio class=\"wp-audio-shortcode\" id=\"audio-934-1\" preload=\"auto\" style=\"width: 100%;\" controls=\"controls\"><source type=\"audio\/mpeg\" src=\"http:\/\/www.cepsound.com\/wp-content\/uploads\/sites\/3\/2016\/09\/B-B_Before-Birth3_EXTRAIT.mp3?_=1\" \/><a href=\"http:\/\/www.cepsound.com\/wp-content\/uploads\/sites\/3\/2016\/09\/B-B_Before-Birth3_EXTRAIT.mp3\">http:\/\/www.cepsound.com\/wp-content\/uploads\/sites\/3\/2016\/09\/B-B_Before-Birth3_EXTRAIT.mp3<\/a><\/audio>\n<h6 style=\"text-align: left; padding-left: 30px;\"><span style=\"color: #808080;\">EXTRAIT SONORE (3&#8217;35)<\/span><\/h6>\n<hr \/>\n<blockquote><p><span style=\"color: #808080;\"><em>De l&#8217;exp\u00e9rience maternelle \u00e0 la dimension matricielle collective. De l\u2019eau du dedans &#8211; le liquide amniotique &#8211; \u00e0 l\u2019eau du dehors. Envelopper \/ \u00eatre envelopp\u00e9e \/ \u00eatre envelopp\u00e9s.<br \/>\nLe cocon ut\u00e9rin du foetus rappelle le cocon que constitue le cosmos pour l\u2019Homme : la matrice physique et psychique \u00e0 laquelle nous sommes reli\u00e9s et sans laquelle on ne saurait\/pourrait \u00eatre ni percevoir. <\/em><span class=\"style7 style7\">\u00bb<\/span><em><br \/>\n<\/em><\/span><\/p>\n<p><span style=\"color: #808080;\"><strong>Caterina Perazzi<br \/>\n<\/strong><\/span><\/p>\n<hr \/>\n<\/blockquote>\n<p><span style=\"color: #808080;\">installation vid\u00e9o<span class=\"style7 style7\"><span style=\"color: #808080;\">, troisi\u00e8me volet cl\u00f4turant le cycle de performances <em>B-B &#8211; Before Birth<\/em><\/span><br \/>\n<\/span><\/span><\/p>\n<p><span style=\"color: #808080;\"><strong>d.a., sc\u00e9nographie &amp; vid\u00e9o :<\/strong> Caterina Perazzi<\/span><br \/>\n<span style=\"color: #808080;\"> <strong> composition sonore &amp; vid\u00e9o :<\/strong> Charles-Eric P\u00e9ard<\/span><\/p>\n<p><span style=\"color: #808080;\"><strong> images film\u00e9es en France :<\/strong> St\u00e9phane Lavoix, Serge Goethals, Mathilde Bertrandy, Jean-Fran\u00e7ois Poltorak &amp; Charles-Eric P\u00e9ard<br \/>\n<strong>images film\u00e9es en Italie :<\/strong> Alessandro Stellari &amp; Federico Tinelli<\/span><\/p>\n<p><span style=\"color: #808080;\"><span class=\"style7 style7\"> <strong>manifestation :<\/strong> <em>Sur les bords&#8230; des nuages<\/em><br \/>\n<strong>lieu :<\/strong> <span style=\"color: #333333;\"><a style=\"color: #333333;\" href=\"http:\/\/www.antre-loup.com\" target=\"_blank\">l&#8217;Antre-Loup<\/a><\/span>, 45300 Pithiviers-le-Vieil<br \/>\n<strong>dates :<\/strong><\/span> 7-8 septembre 2013<\/span><\/p>\n","protected":false},"excerpt":{"rendered":"<p>&lt; PREVIOUS | RETOUR | NEXT &gt; installation vid\u00e9o EXTRAIT SONORE (3&#8217;35) De l&#8217;exp\u00e9rience maternelle \u00e0 la dimension matricielle collective. De l\u2019eau du dedans &#8211;&#8230;<\/p>\n","protected":false},"author":1,"featured_media":0,"parent":572,"menu_order":0,"comment_status":"closed","ping_status":"closed","template":"","meta":[],"yoast_head":"<!-- This site is optimized with the Yoast SEO plugin v19.13 - https:\/\/yoast.com\/wordpress\/plugins\/seo\/ -->\n<title>B-B - Before Birth #3 &ndash;<\/title>\n<meta name=\"robots\" content=\"index, follow, max-snippet:-1, max-image-preview:large, max-video-preview:-1\" \/>\n<link rel=\"canonical\" href=\"http:\/\/www.cepsound.com\/art\/installations-video\/b-b-before-birth-3\/\" \/>\n<meta property=\"og:locale\" content=\"fr_FR\" \/>\n<meta property=\"og:type\" content=\"article\" \/>\n<meta property=\"og:title\" content=\"B-B - Before Birth #3 &ndash;\" \/>\n<meta property=\"og:description\" content=\"&lt; PREVIOUS | RETOUR | NEXT &gt; installation vid\u00e9o EXTRAIT SONORE (3&#8217;35) De l&#8217;exp\u00e9rience maternelle \u00e0 la dimension matricielle collective. De l\u2019eau du dedans &#8211;...\" \/>\n<meta property=\"og:url\" content=\"http:\/\/www.cepsound.com\/art\/installations-video\/b-b-before-birth-3\/\" \/>\n<meta property=\"article:publisher\" content=\"https:\/\/www.facebook.com\/Cepsound-l-Charles-Eric-PEARD-169837659739132\/\" \/>\n<meta property=\"article:modified_time\" content=\"2016-11-19T15:13:33+00:00\" \/>\n<meta name=\"twitter:card\" content=\"summary_large_image\" \/>\n<meta name=\"twitter:label1\" content=\"Dur\u00e9e de lecture estim\u00e9e\" \/>\n\t<meta name=\"twitter:data1\" content=\"1 minute\" \/>\n<script type=\"application\/ld+json\" class=\"yoast-schema-graph\">{\"@context\":\"https:\/\/schema.org\",\"@graph\":[{\"@type\":\"WebPage\",\"@id\":\"http:\/\/www.cepsound.com\/art\/installations-video\/b-b-before-birth-3\/\",\"url\":\"http:\/\/www.cepsound.com\/art\/installations-video\/b-b-before-birth-3\/\",\"name\":\"B-B - Before Birth #3 &ndash;\",\"isPartOf\":{\"@id\":\"http:\/\/www.cepsound.com\/art\/#website\"},\"datePublished\":\"2016-09-09T08:28:22+00:00\",\"dateModified\":\"2016-11-19T15:13:33+00:00\",\"breadcrumb\":{\"@id\":\"http:\/\/www.cepsound.com\/art\/installations-video\/b-b-before-birth-3\/#breadcrumb\"},\"inLanguage\":\"fr-FR\",\"potentialAction\":[{\"@type\":\"ReadAction\",\"target\":[\"http:\/\/www.cepsound.com\/art\/installations-video\/b-b-before-birth-3\/\"]}]},{\"@type\":\"BreadcrumbList\",\"@id\":\"http:\/\/www.cepsound.com\/art\/installations-video\/b-b-before-birth-3\/#breadcrumb\",\"itemListElement\":[{\"@type\":\"ListItem\",\"position\":1,\"name\":\"Accueil\",\"item\":\"http:\/\/www.cepsound.com\/art\/\"},{\"@type\":\"ListItem\",\"position\":2,\"name\":\"installations vid\u00e9o\",\"item\":\"https:\/\/www.cepsound.com\/art\/installations-video\/\"},{\"@type\":\"ListItem\",\"position\":3,\"name\":\"B-B &#8211; Before Birth #3\"}]},{\"@type\":\"WebSite\",\"@id\":\"http:\/\/www.cepsound.com\/art\/#website\",\"url\":\"http:\/\/www.cepsound.com\/art\/\",\"name\":\"\",\"description\":\"plasticien sonore | sound performer\",\"potentialAction\":[{\"@type\":\"SearchAction\",\"target\":{\"@type\":\"EntryPoint\",\"urlTemplate\":\"http:\/\/www.cepsound.com\/art\/?s={search_term_string}\"},\"query-input\":\"required name=search_term_string\"}],\"inLanguage\":\"fr-FR\"}]}<\/script>\n<!-- \/ Yoast SEO plugin. -->","yoast_head_json":{"title":"B-B - Before Birth #3 &ndash;","robots":{"index":"index","follow":"follow","max-snippet":"max-snippet:-1","max-image-preview":"max-image-preview:large","max-video-preview":"max-video-preview:-1"},"canonical":"http:\/\/www.cepsound.com\/art\/installations-video\/b-b-before-birth-3\/","og_locale":"fr_FR","og_type":"article","og_title":"B-B - Before Birth #3 &ndash;","og_description":"&lt; PREVIOUS | RETOUR | NEXT &gt; installation vid\u00e9o EXTRAIT SONORE (3&#8217;35) De l&#8217;exp\u00e9rience maternelle \u00e0 la dimension matricielle collective. De l\u2019eau du dedans &#8211;...","og_url":"http:\/\/www.cepsound.com\/art\/installations-video\/b-b-before-birth-3\/","article_publisher":"https:\/\/www.facebook.com\/Cepsound-l-Charles-Eric-PEARD-169837659739132\/","article_modified_time":"2016-11-19T15:13:33+00:00","twitter_card":"summary_large_image","twitter_misc":{"Dur\u00e9e de lecture estim\u00e9e":"1 minute"},"schema":{"@context":"https:\/\/schema.org","@graph":[{"@type":"WebPage","@id":"http:\/\/www.cepsound.com\/art\/installations-video\/b-b-before-birth-3\/","url":"http:\/\/www.cepsound.com\/art\/installations-video\/b-b-before-birth-3\/","name":"B-B - Before Birth #3 &ndash;","isPartOf":{"@id":"http:\/\/www.cepsound.com\/art\/#website"},"datePublished":"2016-09-09T08:28:22+00:00","dateModified":"2016-11-19T15:13:33+00:00","breadcrumb":{"@id":"http:\/\/www.cepsound.com\/art\/installations-video\/b-b-before-birth-3\/#breadcrumb"},"inLanguage":"fr-FR","potentialAction":[{"@type":"ReadAction","target":["http:\/\/www.cepsound.com\/art\/installations-video\/b-b-before-birth-3\/"]}]},{"@type":"BreadcrumbList","@id":"http:\/\/www.cepsound.com\/art\/installations-video\/b-b-before-birth-3\/#breadcrumb","itemListElement":[{"@type":"ListItem","position":1,"name":"Accueil","item":"http:\/\/www.cepsound.com\/art\/"},{"@type":"ListItem","position":2,"name":"installations vid\u00e9o","item":"https:\/\/www.cepsound.com\/art\/installations-video\/"},{"@type":"ListItem","position":3,"name":"B-B &#8211; Before Birth #3"}]},{"@type":"WebSite","@id":"http:\/\/www.cepsound.com\/art\/#website","url":"http:\/\/www.cepsound.com\/art\/","name":"","description":"plasticien sonore | sound performer","potentialAction":[{"@type":"SearchAction","target":{"@type":"EntryPoint","urlTemplate":"http:\/\/www.cepsound.com\/art\/?s={search_term_string}"},"query-input":"required name=search_term_string"}],"inLanguage":"fr-FR"}]}},"_links":{"self":[{"href":"http:\/\/www.cepsound.com\/art\/wp-json\/wp\/v2\/pages\/287"}],"collection":[{"href":"http:\/\/www.cepsound.com\/art\/wp-json\/wp\/v2\/pages"}],"about":[{"href":"http:\/\/www.cepsound.com\/art\/wp-json\/wp\/v2\/types\/page"}],"author":[{"embeddable":true,"href":"http:\/\/www.cepsound.com\/art\/wp-json\/wp\/v2\/users\/1"}],"replies":[{"embeddable":true,"href":"http:\/\/www.cepsound.com\/art\/wp-json\/wp\/v2\/comments?post=287"}],"version-history":[{"count":27,"href":"http:\/\/www.cepsound.com\/art\/wp-json\/wp\/v2\/pages\/287\/revisions"}],"predecessor-version":[{"id":1719,"href":"http:\/\/www.cepsound.com\/art\/wp-json\/wp\/v2\/pages\/287\/revisions\/1719"}],"up":[{"embeddable":true,"href":"http:\/\/www.cepsound.com\/art\/wp-json\/wp\/v2\/pages\/572"}],"wp:attachment":[{"href":"http:\/\/www.cepsound.com\/art\/wp-json\/wp\/v2\/media?parent=287"}],"curies":[{"name":"wp","href":"https:\/\/api.w.org\/{rel}","templated":true}]}}