{"id":307,"date":"2016-09-09T10:11:55","date_gmt":"2016-09-09T09:11:55","guid":{"rendered":"http:\/\/www.cepsound.com\/www-2\/?page_id=307"},"modified":"2016-11-19T16:05:41","modified_gmt":"2016-11-19T15:05:41","slug":"securidrome-ogm","status":"publish","type":"page","link":"http:\/\/www.cepsound.com\/art\/installations-sonores\/securidrome-ogm\/","title":{"rendered":"S\u00e9curidrome OGM &#8211; Ordre G\u00e9n\u00e9ral Mondial"},"content":{"rendered":"<h6 style=\"text-align: right;\"><span style=\"color: #333333;\"><a style=\"color: #333333;\" href=\"http:\/\/www.cepsound.com\/art\/installations-sonores\/huntsville\/\">&lt; PREVIOUS<\/a> | <a style=\"color: #333333;\" href=\"http:\/\/www.cepsound.com\/art\/installations-sonores\/\">RETOUR <\/a>| <span style=\"color: #999999;\">NEXT &gt;<\/span><\/span><\/h6>\n<h6><span style=\"color: #999999;\"><span style=\"color: #808080;\">installation sonore<\/span><span class=\"style7 style7\"><br \/>\n<\/span><\/span><\/h6>\n<h6><div class=\"flexslider ewic-slider-lite is_on_\" id=\"ewic-con-81169e1d8dd420a5\"><style>#ewic-con-81169e1d8dd420a5 .flex-direction-nav .flex-next, #ewic-con-81169e1d8dd420a5 .flex-direction-nav .flex-prev {opacity: 1;} #ewic-con-81169e1d8dd420a5 .flex-direction-nav .flex-next {right: 10px !important; text-align: right !important;} #ewic-con-81169e1d8dd420a5 .flex-direction-nav .flex-prev {left: 10px !important;}<\/style><div id=\"preloader-81169e1d8dd420a5\" class=\"sliderpreloader\"><\/div><ul style=\"display:none;\" class=\"slides flexslider-81169e1d8dd420a5\"><li class=\"ewic-slider\"><a href=\"http:\/\/www.cepsound.com\/art\/wp-content\/uploads\/sites\/3\/2016\/10\/OGM_00.jpg\"  rel=\"ewicprettyPhoto[81169e1d8dd420a5]\"><img  class=\"ewic-wid-imgs\" src=\"http:\/\/www.cepsound.com\/art\/wp-content\/uploads\/sites\/3\/2016\/10\/OGM_00.jpg\" \/><p class=\"flex-caption\"><\/p><\/a><\/li><li class=\"ewic-slider\"><a href=\"http:\/\/www.cepsound.com\/art\/wp-content\/uploads\/sites\/3\/2016\/10\/OGM_01.jpg\"  rel=\"ewicprettyPhoto[81169e1d8dd420a5]\"><img  class=\"ewic-wid-imgs\" src=\"http:\/\/www.cepsound.com\/art\/wp-content\/uploads\/sites\/3\/2016\/10\/OGM_01.jpg\" \/><p class=\"flex-caption\"><\/p><\/a><\/li><li class=\"ewic-slider\"><a href=\"http:\/\/www.cepsound.com\/art\/wp-content\/uploads\/sites\/3\/2016\/10\/OGM_02.jpg\"  rel=\"ewicprettyPhoto[81169e1d8dd420a5]\"><img  class=\"ewic-wid-imgs\" src=\"http:\/\/www.cepsound.com\/art\/wp-content\/uploads\/sites\/3\/2016\/10\/OGM_02.jpg\" \/><p class=\"flex-caption\"><\/p><\/a><\/li><li class=\"ewic-slider\"><a href=\"http:\/\/www.cepsound.com\/art\/wp-content\/uploads\/sites\/3\/2016\/10\/OGM_05.jpg\"  rel=\"ewicprettyPhoto[81169e1d8dd420a5]\"><img  class=\"ewic-wid-imgs\" src=\"http:\/\/www.cepsound.com\/art\/wp-content\/uploads\/sites\/3\/2016\/10\/OGM_05.jpg\" \/><p class=\"flex-caption\"><\/p><\/a><\/li><li class=\"ewic-slider\"><a href=\"http:\/\/www.cepsound.com\/art\/wp-content\/uploads\/sites\/3\/2016\/10\/OGM_06.jpg\"  rel=\"ewicprettyPhoto[81169e1d8dd420a5]\"><img  class=\"ewic-wid-imgs\" src=\"http:\/\/www.cepsound.com\/art\/wp-content\/uploads\/sites\/3\/2016\/10\/OGM_06.jpg\" \/><p class=\"flex-caption\"><\/p><\/a><\/li><li class=\"ewic-slider\"><a href=\"http:\/\/www.cepsound.com\/art\/wp-content\/uploads\/sites\/3\/2016\/10\/OGM_07.jpg\"  rel=\"ewicprettyPhoto[81169e1d8dd420a5]\"><img  class=\"ewic-wid-imgs\" src=\"http:\/\/www.cepsound.com\/art\/wp-content\/uploads\/sites\/3\/2016\/10\/OGM_07.jpg\" \/><p class=\"flex-caption\"><\/p><\/a><\/li><\/ul><script type=\"text\/javascript\">\r\n\tjQuery(document).ready(function($) {\r\n\t\t\r\n\t\t$(\"#preloader-81169e1d8dd420a5\").fadeOut(500, function () {\r\n\t\t\t\r\n\t\t\t$(\"#ewic-con-81169e1d8dd420a5\").addClass(\"ready_to_show\");\r\n\t\t\t\r\n\t\t\t$(\"a[rel^='ewicprettyPhoto[81169e1d8dd420a5]']\").ewcPhoto({\r\n\t\t\t\ttheme: \"ewc_default\",\r\n\t\t\t\tallow_expand: false,\r\n\t\t\t\tdeeplinking: false,\r\n\t\t\t\tslideshow:12000,\r\n\t\t\t\tautoplay_slideshow:false,\r\n\t\t\t\tsocial_tools:false\r\n\t\t\t});\r\n\t\t\t\r\n\t\t\t$(\".flexslider-81169e1d8dd420a5\").fadeIn(300);\r\n\t\t\t\r\n\t\t\t$(\"#ewic-con-81169e1d8dd420a5\").flexslider({\r\n\t\t\t\tanimation: \"slide\",\r\n\t\t\t\tanimationSpeed: 0,\r\n\t\t\t\tuseCSS: false,\r\n\t\t\t\teasing: \"easeInOutCubic\",\r\n\t\t\t\tdirection: \"horizontal\",\r\n\t\t\t\tslideshow: true,\r\n\t\t\t\tsmoothHeight: true,\r\n\t\t\t\tpauseOnHover: true, \r\n\t\t\t\tcontrolNav: false,\r\n\t\t\t\tprevText: \"\",\r\n\t\t\t\tnextText: \"\",\r\n\t\t\t\trtl: false,\r\n\t\t\t\tslideshowSpeed: 12000,\r\n\t\t\t\tstart: function(slider){\r\n\t\t\t\t\t$(\"#ewic-con-81169e1d8dd420a5\").find(\".flex-caption\").hide();\r\n\t\t\t\t\tvar curSlide = slider.find(\"li.flex-active-slide\");\r\n\t\t\t\t\t$(curSlide).find(\".flex-caption\").slideDown();\r\n\t\t\t\t},\r\n\t\t\t\tbefore: function(slider) {\r\n\t\t\t\t\t$(\"#ewic-con-81169e1d8dd420a5\").find(\".flex-caption\").slideUp();\r\n\t\t\t\t},\r\n\t\t\t\tafter: function(slider) {\r\n\t\t\t\t\tvar curSlide = slider.find(\"li.flex-active-slide\");\r\n\t\t\t\t\t$(curSlide).find(\".flex-caption\").slideDown();\r\n\t\t\t\t}\r\n\t\t\t\t\r\n\t\t\t});\r\n\t\t\t\r\n\t\t});\r\n\t\t\t\r\n\t});\r\n<\/script><\/div>\r\n<\/h6>\n<!--[if lt IE 9]><script>document.createElement('audio');<\/script><![endif]-->\n<audio class=\"wp-audio-shortcode\" id=\"audio-811-1\" preload=\"none\" style=\"width: 100%;\" controls=\"controls\"><source type=\"audio\/mpeg\" src=\"http:\/\/www.cepsound.com\/wp-content\/uploads\/sites\/3\/2016\/09\/OGM4-2.mp3?_=1\" \/><a href=\"http:\/\/www.cepsound.com\/wp-content\/uploads\/sites\/3\/2016\/09\/OGM4-2.mp3\">http:\/\/www.cepsound.com\/wp-content\/uploads\/sites\/3\/2016\/09\/OGM4-2.mp3<\/a><\/audio>\n<h6 style=\"text-align: left; padding-left: 30px;\"><span style=\"color: #808080;\">EXTRAIT SONORE <em>OGM 04-2<\/em> (supermarch\u00e9)<br \/>\n<\/span><\/h6>\n<audio class=\"wp-audio-shortcode\" id=\"audio-811-2\" preload=\"none\" style=\"width: 100%;\" controls=\"controls\"><source type=\"audio\/mpeg\" src=\"http:\/\/www.cepsound.com\/wp-content\/uploads\/sites\/3\/2016\/09\/OGM7-3.mp3?_=2\" \/><a href=\"http:\/\/www.cepsound.com\/wp-content\/uploads\/sites\/3\/2016\/09\/OGM7-3.mp3\">http:\/\/www.cepsound.com\/wp-content\/uploads\/sites\/3\/2016\/09\/OGM7-3.mp3<\/a><\/audio>\n<h6 style=\"text-align: left; padding-left: 30px;\"><span style=\"color: #808080;\">EXTRAIT SONORE <em>OGM 07-3<\/em> (manifestation)<br \/>\n<\/span><\/h6>\n<audio class=\"wp-audio-shortcode\" id=\"audio-811-3\" preload=\"none\" style=\"width: 100%;\" controls=\"controls\"><source type=\"audio\/mpeg\" src=\"http:\/\/www.cepsound.com\/wp-content\/uploads\/sites\/3\/2016\/09\/OGM8-1.mp3?_=3\" \/><a href=\"http:\/\/www.cepsound.com\/wp-content\/uploads\/sites\/3\/2016\/09\/OGM8-1.mp3\">http:\/\/www.cepsound.com\/wp-content\/uploads\/sites\/3\/2016\/09\/OGM8-1.mp3<\/a><\/audio>\n<h6 style=\"text-align: left; padding-left: 30px;\"><span style=\"color: #808080;\">EXTRAIT SONORE <em>OGM 08-1<\/em> (religion)<br \/>\n<\/span><\/h6>\n<audio class=\"wp-audio-shortcode\" id=\"audio-811-4\" preload=\"none\" style=\"width: 100%;\" controls=\"controls\"><source type=\"audio\/mpeg\" src=\"http:\/\/www.cepsound.com\/wp-content\/uploads\/sites\/3\/2016\/09\/OGM15-1.mp3?_=4\" \/><a href=\"http:\/\/www.cepsound.com\/wp-content\/uploads\/sites\/3\/2016\/09\/OGM15-1.mp3\">http:\/\/www.cepsound.com\/wp-content\/uploads\/sites\/3\/2016\/09\/OGM15-1.mp3<\/a><\/audio>\n<h6 style=\"text-align: left; padding-left: 30px;\"><span style=\"color: #808080;\">EXTRAIT SONORE <em>OGM 15-1<\/em> (mariage)<\/span><\/h6>\n<audio class=\"wp-audio-shortcode\" id=\"audio-811-5\" preload=\"none\" style=\"width: 100%;\" controls=\"controls\"><source type=\"audio\/mpeg\" src=\"http:\/\/www.cepsound.com\/wp-content\/uploads\/sites\/3\/2016\/09\/OGM17-1.mp3?_=5\" \/><a href=\"http:\/\/www.cepsound.com\/wp-content\/uploads\/sites\/3\/2016\/09\/OGM17-1.mp3\">http:\/\/www.cepsound.com\/wp-content\/uploads\/sites\/3\/2016\/09\/OGM17-1.mp3<\/a><\/audio>\n<h6 style=\"text-align: left; padding-left: 30px;\"><span style=\"color: #808080;\">EXTRAIT SONORE <em>OGM 17-1<\/em> (guerre)<\/span><\/h6>\n<hr \/>\n<blockquote><p><span style=\"color: #808080;\"><em>L\u2019installation sonore \u00ab S\u00e9curidrome OGM (Ordre G\u00e9n\u00e9ral Mondial) \u00bb questionne sur le mode du d\u00e9tournement ludique notre rapport au \u00ab pr\u00e9ventif \u00bb et au \u00ab s\u00e9curitaire \u00bb qui ne cessent d\u2019envahir nos soci\u00e9t\u00e9s occidentales depuis une dizaine d\u2019ann\u00e9es. Un cercle, constitu\u00e9 de douze transats et parasols \u00e9quip\u00e9s de hauts parleurs, invite \u00e0 une tranquillit\u00e9 illusoire. \u00c0 coups de \u00ab ensemble \u00bb ou \u00ab pour votre s\u00e9curit\u00e9 \u00bb, des ritournelles obs\u00e9dantes y sont diffus\u00e9es en boucle. Que l\u2019on se place en p\u00e9riph\u00e9rie de cette \u00ab bulle anesth\u00e9siante \u00bb \u00e0 l\u2019ombre d\u2019un parasol, ou en pleine lumi\u00e8re au centre de ce d\u00f4me sonore, nul ne peut se soustraire \u00e0 ces commandements doucereux : ne les s\u00e9cr\u00e9tons-nous pas nous-m\u00eames, pi\u00e9g\u00e9s par un langage qui tournerait d\u00e9sormais \u00e0 vide ? \u00ab Ensemble en cercle \u00bb ou \u00ab seul encercl\u00e9 \u00bb, aucune \u00e9chappatoire ne semble possible ; sinon la fuite hors de ce cercle social infernal. <\/em>\u00bb<em><br \/>\n<\/em><\/span><\/p>\n<p><span style=\"color: #808080;\"><strong>Franck Laroze<\/strong><\/span><\/p>\n<hr \/>\n<\/blockquote>\n<p><span style=\"color: #999999;\"><span style=\"color: #808080;\"><strong>textes :<\/strong> <\/span><span style=\"color: #333333;\"><a style=\"color: #333333;\" href=\"http:\/\/www.evidenz.fr\/wiki\/tiki-index.php?page=cvflaroze\" target=\"_blank\">Franck Laroze<br \/>\n<\/a><\/span><span style=\"color: #808080;\"><strong>voix :<\/strong> Aur\u00e9lie Le Roc&#8217;h, Airy Routier, Sylvie Cl\u00e9men\u00e7ot, Ad\u00e8le &amp; Guillaume Laroze, Franck Laroze, Charles-Eric P\u00e9ard<\/span><\/span><br \/>\n<span style=\"color: #808080;\"> <strong>cr\u00e9ations sonores :<\/strong> Charles-Eric P\u00e9ard<br \/>\n<span style=\"color: #999999;\"><span style=\"color: #808080;\"><strong><b>coproduction<\/b>: <\/strong><\/span><span style=\"color: #333333;\"><a style=\"color: #333333;\" href=\"http:\/\/www.evidenz.fr\" target=\"_blank\">EvidenZ<\/a><\/span> <span style=\"color: #808080;\">&amp; La Maison Laurentine<\/span><\/span><br \/>\n<\/span><\/p>\n<p><span style=\"color: #808080;\"><strong>manifestation :<\/strong> <\/span><span class=\"style1\" style=\"color: #333333;\"><em><a style=\"color: #333333;\" href=\"http:\/\/www.laurentine.net\/evenement-19\/2011-d-abord-les-forets-opus-2\/article\/2011-d-abord-les-forets-opus-2-du\" target=\"_blank\">d&#8217;abord les for\u00eats \/ opus 2<\/a><\/em><\/span><br \/>\n<span style=\"color: #999999;\"><span style=\"color: #808080;\"> <strong>lieu :<\/strong><\/span> <span style=\"color: #333333;\"><a style=\"color: #333333;\" href=\"http:\/\/www.laurentine.net\/\" target=\"_blank\">La Maison Laurentine<\/a><\/span><\/span><br \/>\n<span style=\"color: #808080;\"> <strong>dates :<\/strong> <span class=\"style1\">du 3 juillet au 25 septembre 2011<\/span><\/span><\/p>\n","protected":false},"excerpt":{"rendered":"<p>&lt; PREVIOUS | RETOUR | NEXT &gt; installation sonore EXTRAIT SONORE OGM 04-2 (supermarch\u00e9) EXTRAIT SONORE OGM 07-3 (manifestation) EXTRAIT SONORE OGM 08-1 (religion) EXTRAIT&#8230;<\/p>\n","protected":false},"author":1,"featured_media":0,"parent":570,"menu_order":0,"comment_status":"closed","ping_status":"closed","template":"","meta":[],"yoast_head":"<!-- This site is optimized with the Yoast SEO plugin v19.13 - https:\/\/yoast.com\/wordpress\/plugins\/seo\/ -->\n<title>S\u00e9curidrome OGM - Ordre G\u00e9n\u00e9ral Mondial &ndash;<\/title>\n<meta name=\"robots\" content=\"index, follow, max-snippet:-1, max-image-preview:large, max-video-preview:-1\" \/>\n<link rel=\"canonical\" href=\"http:\/\/www.cepsound.com\/art\/installations-sonores\/securidrome-ogm\/\" \/>\n<meta property=\"og:locale\" content=\"fr_FR\" \/>\n<meta property=\"og:type\" content=\"article\" \/>\n<meta property=\"og:title\" content=\"S\u00e9curidrome OGM - Ordre G\u00e9n\u00e9ral Mondial &ndash;\" \/>\n<meta property=\"og:description\" content=\"&lt; PREVIOUS | RETOUR | NEXT &gt; installation sonore EXTRAIT SONORE OGM 04-2 (supermarch\u00e9) EXTRAIT SONORE OGM 07-3 (manifestation) EXTRAIT SONORE OGM 08-1 (religion) EXTRAIT...\" \/>\n<meta property=\"og:url\" content=\"http:\/\/www.cepsound.com\/art\/installations-sonores\/securidrome-ogm\/\" \/>\n<meta property=\"article:publisher\" content=\"https:\/\/www.facebook.com\/Cepsound-l-Charles-Eric-PEARD-169837659739132\/\" \/>\n<meta property=\"article:modified_time\" content=\"2016-11-19T15:05:41+00:00\" \/>\n<meta name=\"twitter:card\" content=\"summary_large_image\" \/>\n<meta name=\"twitter:label1\" content=\"Dur\u00e9e de lecture estim\u00e9e\" \/>\n\t<meta name=\"twitter:data1\" content=\"2 minutes\" \/>\n<script type=\"application\/ld+json\" class=\"yoast-schema-graph\">{\"@context\":\"https:\/\/schema.org\",\"@graph\":[{\"@type\":\"WebPage\",\"@id\":\"http:\/\/www.cepsound.com\/art\/installations-sonores\/securidrome-ogm\/\",\"url\":\"http:\/\/www.cepsound.com\/art\/installations-sonores\/securidrome-ogm\/\",\"name\":\"S\u00e9curidrome OGM - Ordre G\u00e9n\u00e9ral Mondial &ndash;\",\"isPartOf\":{\"@id\":\"http:\/\/www.cepsound.com\/art\/#website\"},\"datePublished\":\"2016-09-09T09:11:55+00:00\",\"dateModified\":\"2016-11-19T15:05:41+00:00\",\"breadcrumb\":{\"@id\":\"http:\/\/www.cepsound.com\/art\/installations-sonores\/securidrome-ogm\/#breadcrumb\"},\"inLanguage\":\"fr-FR\",\"potentialAction\":[{\"@type\":\"ReadAction\",\"target\":[\"http:\/\/www.cepsound.com\/art\/installations-sonores\/securidrome-ogm\/\"]}]},{\"@type\":\"BreadcrumbList\",\"@id\":\"http:\/\/www.cepsound.com\/art\/installations-sonores\/securidrome-ogm\/#breadcrumb\",\"itemListElement\":[{\"@type\":\"ListItem\",\"position\":1,\"name\":\"Accueil\",\"item\":\"http:\/\/www.cepsound.com\/art\/\"},{\"@type\":\"ListItem\",\"position\":2,\"name\":\"installations sonores\",\"item\":\"https:\/\/www.cepsound.com\/art\/installations-sonores\/\"},{\"@type\":\"ListItem\",\"position\":3,\"name\":\"S\u00e9curidrome OGM &#8211; Ordre G\u00e9n\u00e9ral Mondial\"}]},{\"@type\":\"WebSite\",\"@id\":\"http:\/\/www.cepsound.com\/art\/#website\",\"url\":\"http:\/\/www.cepsound.com\/art\/\",\"name\":\"\",\"description\":\"plasticien sonore | sound performer\",\"potentialAction\":[{\"@type\":\"SearchAction\",\"target\":{\"@type\":\"EntryPoint\",\"urlTemplate\":\"http:\/\/www.cepsound.com\/art\/?s={search_term_string}\"},\"query-input\":\"required name=search_term_string\"}],\"inLanguage\":\"fr-FR\"}]}<\/script>\n<!-- \/ Yoast SEO plugin. -->","yoast_head_json":{"title":"S\u00e9curidrome OGM - Ordre G\u00e9n\u00e9ral Mondial &ndash;","robots":{"index":"index","follow":"follow","max-snippet":"max-snippet:-1","max-image-preview":"max-image-preview:large","max-video-preview":"max-video-preview:-1"},"canonical":"http:\/\/www.cepsound.com\/art\/installations-sonores\/securidrome-ogm\/","og_locale":"fr_FR","og_type":"article","og_title":"S\u00e9curidrome OGM - Ordre G\u00e9n\u00e9ral Mondial &ndash;","og_description":"&lt; PREVIOUS | RETOUR | NEXT &gt; installation sonore EXTRAIT SONORE OGM 04-2 (supermarch\u00e9) EXTRAIT SONORE OGM 07-3 (manifestation) EXTRAIT SONORE OGM 08-1 (religion) EXTRAIT...","og_url":"http:\/\/www.cepsound.com\/art\/installations-sonores\/securidrome-ogm\/","article_publisher":"https:\/\/www.facebook.com\/Cepsound-l-Charles-Eric-PEARD-169837659739132\/","article_modified_time":"2016-11-19T15:05:41+00:00","twitter_card":"summary_large_image","twitter_misc":{"Dur\u00e9e de lecture estim\u00e9e":"2 minutes"},"schema":{"@context":"https:\/\/schema.org","@graph":[{"@type":"WebPage","@id":"http:\/\/www.cepsound.com\/art\/installations-sonores\/securidrome-ogm\/","url":"http:\/\/www.cepsound.com\/art\/installations-sonores\/securidrome-ogm\/","name":"S\u00e9curidrome OGM - Ordre G\u00e9n\u00e9ral Mondial &ndash;","isPartOf":{"@id":"http:\/\/www.cepsound.com\/art\/#website"},"datePublished":"2016-09-09T09:11:55+00:00","dateModified":"2016-11-19T15:05:41+00:00","breadcrumb":{"@id":"http:\/\/www.cepsound.com\/art\/installations-sonores\/securidrome-ogm\/#breadcrumb"},"inLanguage":"fr-FR","potentialAction":[{"@type":"ReadAction","target":["http:\/\/www.cepsound.com\/art\/installations-sonores\/securidrome-ogm\/"]}]},{"@type":"BreadcrumbList","@id":"http:\/\/www.cepsound.com\/art\/installations-sonores\/securidrome-ogm\/#breadcrumb","itemListElement":[{"@type":"ListItem","position":1,"name":"Accueil","item":"http:\/\/www.cepsound.com\/art\/"},{"@type":"ListItem","position":2,"name":"installations sonores","item":"https:\/\/www.cepsound.com\/art\/installations-sonores\/"},{"@type":"ListItem","position":3,"name":"S\u00e9curidrome OGM &#8211; Ordre G\u00e9n\u00e9ral Mondial"}]},{"@type":"WebSite","@id":"http:\/\/www.cepsound.com\/art\/#website","url":"http:\/\/www.cepsound.com\/art\/","name":"","description":"plasticien sonore | sound performer","potentialAction":[{"@type":"SearchAction","target":{"@type":"EntryPoint","urlTemplate":"http:\/\/www.cepsound.com\/art\/?s={search_term_string}"},"query-input":"required name=search_term_string"}],"inLanguage":"fr-FR"}]}},"_links":{"self":[{"href":"http:\/\/www.cepsound.com\/art\/wp-json\/wp\/v2\/pages\/307"}],"collection":[{"href":"http:\/\/www.cepsound.com\/art\/wp-json\/wp\/v2\/pages"}],"about":[{"href":"http:\/\/www.cepsound.com\/art\/wp-json\/wp\/v2\/types\/page"}],"author":[{"embeddable":true,"href":"http:\/\/www.cepsound.com\/art\/wp-json\/wp\/v2\/users\/1"}],"replies":[{"embeddable":true,"href":"http:\/\/www.cepsound.com\/art\/wp-json\/wp\/v2\/comments?post=307"}],"version-history":[{"count":62,"href":"http:\/\/www.cepsound.com\/art\/wp-json\/wp\/v2\/pages\/307\/revisions"}],"predecessor-version":[{"id":1708,"href":"http:\/\/www.cepsound.com\/art\/wp-json\/wp\/v2\/pages\/307\/revisions\/1708"}],"up":[{"embeddable":true,"href":"http:\/\/www.cepsound.com\/art\/wp-json\/wp\/v2\/pages\/570"}],"wp:attachment":[{"href":"http:\/\/www.cepsound.com\/art\/wp-json\/wp\/v2\/media?parent=307"}],"curies":[{"name":"wp","href":"https:\/\/api.w.org\/{rel}","templated":true}]}}