{"id":354,"date":"2016-09-09T14:08:26","date_gmt":"2016-09-09T13:08:26","guid":{"rendered":"http:\/\/www.cepsound.com\/www-2\/?page_id=354"},"modified":"2016-11-30T23:22:23","modified_gmt":"2016-11-30T22:22:23","slug":"coeur-negre","status":"publish","type":"page","link":"http:\/\/www.cepsound.com\/art\/editions\/coeur-negre\/","title":{"rendered":"C\u0153ur n\u00e8gre"},"content":{"rendered":"<h6 style=\"text-align: right;\"><span style=\"color: #000000;\"><a style=\"color: #000000;\" href=\"http:\/\/www.cepsound.com\/art\/editions\/macroscope01\/\">&lt; PREVIOUS<\/a> | <a style=\"color: #000000;\" href=\"http:\/\/www.cepsound.com\/art\/editions\/\">RETOUR <\/a>| <span style=\"color: #999999;\">NEXT &gt;<\/span><\/span><\/h6>\n<h6 style=\"text-align: left;\"><span style=\"color: #808080;\">e-book \/ pi\u00e8ce sonore<br \/>\n<\/span><\/h6>\n<div class=\"flexslider ewic-slider-lite is_on_\" id=\"ewic-con-115269ee390a8cd2f\"><div id=\"preloader-115269ee390a8cd2f\" class=\"sliderpreloader\"><\/div><ul style=\"display:none;\" class=\"slides flexslider-115269ee390a8cd2f\"><li class=\"ewic-slider\"><a href=\"http:\/\/www.cepsound.com\/art\/wp-content\/uploads\/sites\/3\/2016\/10\/coeur-negre_00.jpg\"  rel=\"ewicprettyPhoto[115269ee390a8cd2f]\"><img  class=\"ewic-wid-imgs\" src=\"http:\/\/www.cepsound.com\/art\/wp-content\/uploads\/sites\/3\/2016\/10\/coeur-negre_00.jpg\" \/><p class=\"flex-caption\"><\/p><\/a><\/li><\/ul><script type=\"text\/javascript\">\r\n\tjQuery(document).ready(function($) {\r\n\t\t\r\n\t\t$(\"#preloader-115269ee390a8cd2f\").fadeOut(500, function () {\r\n\t\t\t\r\n\t\t\t$(\"#ewic-con-115269ee390a8cd2f\").addClass(\"ready_to_show\");\r\n\t\t\t\r\n\t\t\t$(\"a[rel^='ewicprettyPhoto[115269ee390a8cd2f]']\").ewcPhoto({\r\n\t\t\t\ttheme: \"ewc_default\",\r\n\t\t\t\tallow_expand: false,\r\n\t\t\t\tdeeplinking: false,\r\n\t\t\t\tslideshow:60000,\r\n\t\t\t\tautoplay_slideshow:false,\r\n\t\t\t\tsocial_tools:false\r\n\t\t\t});\r\n\t\t\t\r\n\t\t\t$(\".flexslider-115269ee390a8cd2f\").fadeIn(300);\r\n\t\t\t\r\n\t\t\t$(\"#ewic-con-115269ee390a8cd2f\").flexslider({\r\n\t\t\t\tanimation: \"slide\",\r\n\t\t\t\tanimationSpeed: 0,\r\n\t\t\t\tuseCSS: false,\r\n\t\t\t\teasing: \"easeInOutCubic\",\r\n\t\t\t\tdirection: \"horizontal\",\r\n\t\t\t\tslideshow: false,\r\n\t\t\t\tsmoothHeight: true,\r\n\t\t\t\tpauseOnHover: true, \r\n\t\t\t\tcontrolNav: false,\r\n\t\t\t\tprevText: \"\",\r\n\t\t\t\tnextText: \"\",\r\n\t\t\t\trtl: false,\r\n\t\t\t\tslideshowSpeed: 60000,\r\n\t\t\t\tstart: function(slider){\r\n\t\t\t\t\t$(\"#ewic-con-115269ee390a8cd2f\").find(\".flex-caption\").hide();\r\n\t\t\t\t\tvar curSlide = slider.find(\"li.flex-active-slide\");\r\n\t\t\t\t\t$(curSlide).find(\".flex-caption\").slideDown();\r\n\t\t\t\t},\r\n\t\t\t\tbefore: function(slider) {\r\n\t\t\t\t\t$(\"#ewic-con-115269ee390a8cd2f\").find(\".flex-caption\").slideUp();\r\n\t\t\t\t},\r\n\t\t\t\tafter: function(slider) {\r\n\t\t\t\t\tvar curSlide = slider.find(\"li.flex-active-slide\");\r\n\t\t\t\t\t$(curSlide).find(\".flex-caption\").slideDown();\r\n\t\t\t\t}\r\n\t\t\t\t\r\n\t\t\t});\r\n\t\t\t\r\n\t\t});\r\n\t\t\t\r\n\t});\r\n<\/script><\/div>\r\n\n<!--[if lt IE 9]><script>document.createElement('audio');<\/script><![endif]-->\n<audio class=\"wp-audio-shortcode\" id=\"audio-1152-1\" preload=\"none\" style=\"width: 100%;\" controls=\"controls\"><source type=\"audio\/mpeg\" src=\"http:\/\/www.cepsound.com\/wp-content\/uploads\/sites\/3\/2016\/09\/CoeurNegre_extrait1.mp3?_=1\" \/><a href=\"http:\/\/www.cepsound.com\/wp-content\/uploads\/sites\/3\/2016\/09\/CoeurNegre_extrait1.mp3\">http:\/\/www.cepsound.com\/wp-content\/uploads\/sites\/3\/2016\/09\/CoeurNegre_extrait1.mp3<\/a><\/audio>\n<h6 style=\"padding-left: 30px;\"><span style=\"color: #808080;\">EXTRAIT SONORE, INTRO (4&#8217;56)<\/span><\/h6>\n<div id=\"apDiv2\" class=\"style5\">\n<hr \/>\n<blockquote>\n<p class=\"style7\"><em><span style=\"color: #808080;\">Ce c\u0153ur n\u00e8gre, apr\u00e8s des tentatives rendues infructueuses par le rejet de ceux qui disaient me ch\u00e9rir et s\u2019\u00e9taient donn\u00e9 pour mission de me guider, je me le suis transplant\u00e9 moi-m\u00eame, \u00e0 vingt ans, \u00e0 l\u2019issue d\u2019une fuite dont mon souffle garde toujours le souvenir.\u00a0<\/span><\/em><span style=\"color: #808080;\">\u00bb<\/span><\/p>\n<p class=\"style7\"><strong><span style=\"color: #808080;\">Extrait de <em>Coeur N\u00e8gre<\/em> de Franck Laroze<\/span><\/strong><\/p>\n<hr \/>\n<\/blockquote>\n<p class=\"style7\"><span style=\"color: #808080;\"><strong>pi\u00e8ce sonore<\/strong>, a<span class=\"style7 style7\">daptation de l&#8217;\u0153uvre de Franck Laroze <em>Coeur N\u00e8gre<\/em>, E-FRACTIONS \u00c9DITIONS coll. Hors Format, 2014<br \/>\n<strong>dur\u00e9e :<\/strong> 13&#8217;51<br \/>\n<\/span><\/span><br \/>\n<span style=\"color: #808080;\"><strong>texte et voix :<\/strong> <span style=\"color: #000000;\"><a style=\"color: #000000;\" href=\"http:\/\/www.evidenz.fr\/wiki\/tiki-index.php?page=cvflaroze\" target=\"_blank\">Franck Laroze<\/a><\/span><\/span><br \/>\n<span style=\"color: #808080;\"><strong> cr\u00e9ation &amp; r\u00e9alisation sonore :<\/strong> Charles-Eric P\u00e9ard &amp;<span style=\"color: #000000;\"> <a style=\"color: #000000;\" href=\"http:\/\/sebastienmaillet.com\/\" target=\"_blank\">S\u00e9bastien Maillet<\/a><\/span><\/span><\/p>\n<p class=\"style7\"><span style=\"color: #808080;\"><strong>Acheter le texte et l&#8217;adaptation sonore en ligne : <\/strong><span style=\"color: #000000;\"><a style=\"color: #000000;\" href=\"http:\/\/e-fractionsdiffusion.com\/librairie\/coeur-negre\/\" target=\"_blank\">E-FRACTIONS<\/a><\/span><\/span><\/p>\n<\/div>\n","protected":false},"excerpt":{"rendered":"<p>&lt; PREVIOUS | RETOUR | NEXT &gt; e-book \/ pi\u00e8ce sonore EXTRAIT SONORE, INTRO (4&#8217;56) Ce c\u0153ur n\u00e8gre, apr\u00e8s des tentatives rendues infructueuses par le&#8230;<\/p>\n","protected":false},"author":1,"featured_media":0,"parent":576,"menu_order":0,"comment_status":"closed","ping_status":"closed","template":"","meta":[],"yoast_head":"<!-- This site is optimized with the Yoast SEO plugin v19.13 - https:\/\/yoast.com\/wordpress\/plugins\/seo\/ -->\n<title>C\u0153ur n\u00e8gre &ndash;<\/title>\n<meta name=\"robots\" content=\"index, follow, max-snippet:-1, max-image-preview:large, max-video-preview:-1\" \/>\n<link rel=\"canonical\" href=\"http:\/\/www.cepsound.com\/art\/editions\/coeur-negre\/\" \/>\n<meta property=\"og:locale\" content=\"fr_FR\" \/>\n<meta property=\"og:type\" content=\"article\" \/>\n<meta property=\"og:title\" content=\"C\u0153ur n\u00e8gre &ndash;\" \/>\n<meta property=\"og:description\" content=\"&lt; PREVIOUS | RETOUR | NEXT &gt; e-book \/ pi\u00e8ce sonore EXTRAIT SONORE, INTRO (4&#8217;56) Ce c\u0153ur n\u00e8gre, apr\u00e8s des tentatives rendues infructueuses par le...\" \/>\n<meta property=\"og:url\" content=\"http:\/\/www.cepsound.com\/art\/editions\/coeur-negre\/\" \/>\n<meta property=\"article:publisher\" content=\"https:\/\/www.facebook.com\/Cepsound-l-Charles-Eric-PEARD-169837659739132\/\" \/>\n<meta property=\"article:modified_time\" content=\"2016-11-30T22:22:23+00:00\" \/>\n<meta name=\"twitter:card\" content=\"summary_large_image\" \/>\n<meta name=\"twitter:label1\" content=\"Dur\u00e9e de lecture estim\u00e9e\" \/>\n\t<meta name=\"twitter:data1\" content=\"1 minute\" \/>\n<script type=\"application\/ld+json\" class=\"yoast-schema-graph\">{\"@context\":\"https:\/\/schema.org\",\"@graph\":[{\"@type\":\"WebPage\",\"@id\":\"http:\/\/www.cepsound.com\/art\/editions\/coeur-negre\/\",\"url\":\"http:\/\/www.cepsound.com\/art\/editions\/coeur-negre\/\",\"name\":\"C\u0153ur n\u00e8gre &ndash;\",\"isPartOf\":{\"@id\":\"http:\/\/www.cepsound.com\/art\/#website\"},\"datePublished\":\"2016-09-09T13:08:26+00:00\",\"dateModified\":\"2016-11-30T22:22:23+00:00\",\"breadcrumb\":{\"@id\":\"http:\/\/www.cepsound.com\/art\/editions\/coeur-negre\/#breadcrumb\"},\"inLanguage\":\"fr-FR\",\"potentialAction\":[{\"@type\":\"ReadAction\",\"target\":[\"http:\/\/www.cepsound.com\/art\/editions\/coeur-negre\/\"]}]},{\"@type\":\"BreadcrumbList\",\"@id\":\"http:\/\/www.cepsound.com\/art\/editions\/coeur-negre\/#breadcrumb\",\"itemListElement\":[{\"@type\":\"ListItem\",\"position\":1,\"name\":\"Accueil\",\"item\":\"http:\/\/www.cepsound.com\/art\/\"},{\"@type\":\"ListItem\",\"position\":2,\"name\":\"\u00e9ditions\",\"item\":\"http:\/\/www.cepsound.com\/art\/editions\/\"},{\"@type\":\"ListItem\",\"position\":3,\"name\":\"C\u0153ur n\u00e8gre\"}]},{\"@type\":\"WebSite\",\"@id\":\"http:\/\/www.cepsound.com\/art\/#website\",\"url\":\"http:\/\/www.cepsound.com\/art\/\",\"name\":\"\",\"description\":\"plasticien sonore | sound performer\",\"potentialAction\":[{\"@type\":\"SearchAction\",\"target\":{\"@type\":\"EntryPoint\",\"urlTemplate\":\"http:\/\/www.cepsound.com\/art\/?s={search_term_string}\"},\"query-input\":\"required name=search_term_string\"}],\"inLanguage\":\"fr-FR\"}]}<\/script>\n<!-- \/ Yoast SEO plugin. -->","yoast_head_json":{"title":"C\u0153ur n\u00e8gre &ndash;","robots":{"index":"index","follow":"follow","max-snippet":"max-snippet:-1","max-image-preview":"max-image-preview:large","max-video-preview":"max-video-preview:-1"},"canonical":"http:\/\/www.cepsound.com\/art\/editions\/coeur-negre\/","og_locale":"fr_FR","og_type":"article","og_title":"C\u0153ur n\u00e8gre &ndash;","og_description":"&lt; PREVIOUS | RETOUR | NEXT &gt; e-book \/ pi\u00e8ce sonore EXTRAIT SONORE, INTRO (4&#8217;56) Ce c\u0153ur n\u00e8gre, apr\u00e8s des tentatives rendues infructueuses par le...","og_url":"http:\/\/www.cepsound.com\/art\/editions\/coeur-negre\/","article_publisher":"https:\/\/www.facebook.com\/Cepsound-l-Charles-Eric-PEARD-169837659739132\/","article_modified_time":"2016-11-30T22:22:23+00:00","twitter_card":"summary_large_image","twitter_misc":{"Dur\u00e9e de lecture estim\u00e9e":"1 minute"},"schema":{"@context":"https:\/\/schema.org","@graph":[{"@type":"WebPage","@id":"http:\/\/www.cepsound.com\/art\/editions\/coeur-negre\/","url":"http:\/\/www.cepsound.com\/art\/editions\/coeur-negre\/","name":"C\u0153ur n\u00e8gre &ndash;","isPartOf":{"@id":"http:\/\/www.cepsound.com\/art\/#website"},"datePublished":"2016-09-09T13:08:26+00:00","dateModified":"2016-11-30T22:22:23+00:00","breadcrumb":{"@id":"http:\/\/www.cepsound.com\/art\/editions\/coeur-negre\/#breadcrumb"},"inLanguage":"fr-FR","potentialAction":[{"@type":"ReadAction","target":["http:\/\/www.cepsound.com\/art\/editions\/coeur-negre\/"]}]},{"@type":"BreadcrumbList","@id":"http:\/\/www.cepsound.com\/art\/editions\/coeur-negre\/#breadcrumb","itemListElement":[{"@type":"ListItem","position":1,"name":"Accueil","item":"http:\/\/www.cepsound.com\/art\/"},{"@type":"ListItem","position":2,"name":"\u00e9ditions","item":"http:\/\/www.cepsound.com\/art\/editions\/"},{"@type":"ListItem","position":3,"name":"C\u0153ur n\u00e8gre"}]},{"@type":"WebSite","@id":"http:\/\/www.cepsound.com\/art\/#website","url":"http:\/\/www.cepsound.com\/art\/","name":"","description":"plasticien sonore | sound performer","potentialAction":[{"@type":"SearchAction","target":{"@type":"EntryPoint","urlTemplate":"http:\/\/www.cepsound.com\/art\/?s={search_term_string}"},"query-input":"required name=search_term_string"}],"inLanguage":"fr-FR"}]}},"_links":{"self":[{"href":"http:\/\/www.cepsound.com\/art\/wp-json\/wp\/v2\/pages\/354"}],"collection":[{"href":"http:\/\/www.cepsound.com\/art\/wp-json\/wp\/v2\/pages"}],"about":[{"href":"http:\/\/www.cepsound.com\/art\/wp-json\/wp\/v2\/types\/page"}],"author":[{"embeddable":true,"href":"http:\/\/www.cepsound.com\/art\/wp-json\/wp\/v2\/users\/1"}],"replies":[{"embeddable":true,"href":"http:\/\/www.cepsound.com\/art\/wp-json\/wp\/v2\/comments?post=354"}],"version-history":[{"count":23,"href":"http:\/\/www.cepsound.com\/art\/wp-json\/wp\/v2\/pages\/354\/revisions"}],"predecessor-version":[{"id":1753,"href":"http:\/\/www.cepsound.com\/art\/wp-json\/wp\/v2\/pages\/354\/revisions\/1753"}],"up":[{"embeddable":true,"href":"http:\/\/www.cepsound.com\/art\/wp-json\/wp\/v2\/pages\/576"}],"wp:attachment":[{"href":"http:\/\/www.cepsound.com\/art\/wp-json\/wp\/v2\/media?parent=354"}],"curies":[{"name":"wp","href":"https:\/\/api.w.org\/{rel}","templated":true}]}}