{"id":375,"date":"2016-09-09T14:49:02","date_gmt":"2016-09-09T13:49:02","guid":{"rendered":"http:\/\/www.cepsound.com\/www-2\/?page_id=375"},"modified":"2016-11-19T16:14:57","modified_gmt":"2016-11-19T15:14:57","slug":"diorama","status":"publish","type":"page","link":"http:\/\/www.cepsound.com\/art\/installations-video\/diorama\/","title":{"rendered":"Diorama III"},"content":{"rendered":"<h6 style=\"text-align: right;\"><span style=\"color: #333333;\"><a style=\"color: #333333;\" href=\"http:\/\/www.cepsound.com\/art\/installations-video\/ex-croissance\">&lt; PREVIOUS<\/a> | <a style=\"color: #333333;\" href=\"http:\/\/www.cepsound.com\/art\/installations-video\/\">RETOUR <\/a>| <a style=\"color: #333333;\" href=\"http:\/\/www.cepsound.com\/art\/installations-video\/icon-tada\/\">NEXT &gt;<\/a><\/span><\/h6>\n<h6><span style=\"color: #808080;\">installation vid\u00e9o<\/span><span style=\"color: #999999;\"><span class=\"style7 style7\"><br \/>\n<\/span><\/span><\/h6>\n<div class=\"n2-code\"><div class=\"flexslider ewic-slider-lite is_on_\" id=\"ewic-con-102169e075014dc69\"><style>#ewic-con-102169e075014dc69 .flex-direction-nav .flex-next, #ewic-con-102169e075014dc69 .flex-direction-nav .flex-prev {opacity: 1;} #ewic-con-102169e075014dc69 .flex-direction-nav .flex-next {right: 10px !important; text-align: right !important;} #ewic-con-102169e075014dc69 .flex-direction-nav .flex-prev {left: 10px !important;}<\/style><div id=\"preloader-102169e075014dc69\" class=\"sliderpreloader\"><\/div><ul style=\"display:none;\" class=\"slides flexslider-102169e075014dc69\"><li class=\"ewic-slider\"><a href=\"http:\/\/www.cepsound.com\/art\/wp-content\/uploads\/sites\/3\/2016\/10\/dioramaIII_00.jpg\" title=\"Flyer DIORAMA III by Ultralab\u2122\" rel=\"ewicprettyPhoto[102169e075014dc69]\"><img title=\"Flyer DIORAMA III by Ultralab\u2122\" class=\"ewic-wid-imgs\" src=\"http:\/\/www.cepsound.com\/art\/wp-content\/uploads\/sites\/3\/2016\/10\/dioramaIII_00.jpg\" \/><p class=\"flex-caption\">Flyer DIORAMA III by Ultralab\u2122<\/p><\/a><\/li><li class=\"ewic-slider\"><a href=\"http:\/\/www.cepsound.com\/art\/wp-content\/uploads\/sites\/3\/2016\/10\/dioramaIII_01.jpg\" title=\"Flyer DIORAMA III by Ultralab\u2122\" rel=\"ewicprettyPhoto[102169e075014dc69]\"><img title=\"Flyer DIORAMA III by Ultralab\u2122\" class=\"ewic-wid-imgs\" src=\"http:\/\/www.cepsound.com\/art\/wp-content\/uploads\/sites\/3\/2016\/10\/dioramaIII_01.jpg\" \/><p class=\"flex-caption\">Flyer DIORAMA III by Ultralab\u2122<\/p><\/a><\/li><li class=\"ewic-slider\"><a href=\"http:\/\/www.cepsound.com\/art\/wp-content\/uploads\/sites\/3\/2016\/10\/dioramaIII_02.jpg\" title=\"Vue de l&#039;exposition DIORAMA III by Ultralab\u2122\" rel=\"ewicprettyPhoto[102169e075014dc69]\"><img title=\"Vue de l&#039;exposition DIORAMA III by Ultralab\u2122\" class=\"ewic-wid-imgs\" src=\"http:\/\/www.cepsound.com\/art\/wp-content\/uploads\/sites\/3\/2016\/10\/dioramaIII_02.jpg\" \/><p class=\"flex-caption\">Vue de l&#039;exposition DIORAMA III by Ultralab\u2122<\/p><\/a><\/li><li class=\"ewic-slider\"><a href=\"http:\/\/www.cepsound.com\/art\/wp-content\/uploads\/sites\/3\/2016\/10\/dioramaIII_03.jpg\" title=\"Vue de l&#039;exposition DIORAMA III by Ultralab\u2122\" rel=\"ewicprettyPhoto[102169e075014dc69]\"><img title=\"Vue de l&#039;exposition DIORAMA III by Ultralab\u2122\" class=\"ewic-wid-imgs\" src=\"http:\/\/www.cepsound.com\/art\/wp-content\/uploads\/sites\/3\/2016\/10\/dioramaIII_03.jpg\" \/><p class=\"flex-caption\">Vue de l&#039;exposition DIORAMA III by Ultralab\u2122<\/p><\/a><\/li><li class=\"ewic-slider\"><a href=\"http:\/\/www.cepsound.com\/art\/wp-content\/uploads\/sites\/3\/2016\/10\/dioramaIII_04.jpg\" title=\"Vue de l&#039;exposition DIORAMA III by Ultralab\u2122\" rel=\"ewicprettyPhoto[102169e075014dc69]\"><img title=\"Vue de l&#039;exposition DIORAMA III by Ultralab\u2122\" class=\"ewic-wid-imgs\" src=\"http:\/\/www.cepsound.com\/art\/wp-content\/uploads\/sites\/3\/2016\/10\/dioramaIII_04.jpg\" \/><p class=\"flex-caption\">Vue de l&#039;exposition DIORAMA III by Ultralab\u2122<\/p><\/a><\/li><li class=\"ewic-slider\"><a href=\"http:\/\/www.cepsound.com\/art\/wp-content\/uploads\/sites\/3\/2016\/10\/dioramaIII_05.jpg\" title=\"Dessins pour DIORAMA III by Ultralab\u2122\" rel=\"ewicprettyPhoto[102169e075014dc69]\"><img title=\"Dessins pour DIORAMA III by Ultralab\u2122\" class=\"ewic-wid-imgs\" src=\"http:\/\/www.cepsound.com\/art\/wp-content\/uploads\/sites\/3\/2016\/10\/dioramaIII_05.jpg\" \/><p class=\"flex-caption\">Dessins pour DIORAMA III by Ultralab\u2122<\/p><\/a><\/li><\/ul><script type=\"text\/javascript\">\r\n\tjQuery(document).ready(function($) {\r\n\t\t\r\n\t\t$(\"#preloader-102169e075014dc69\").fadeOut(500, function () {\r\n\t\t\t\r\n\t\t\t$(\"#ewic-con-102169e075014dc69\").addClass(\"ready_to_show\");\r\n\t\t\t\r\n\t\t\t$(\"a[rel^='ewicprettyPhoto[102169e075014dc69]']\").ewcPhoto({\r\n\t\t\t\ttheme: \"ewc_default\",\r\n\t\t\t\tallow_expand: false,\r\n\t\t\t\tdeeplinking: false,\r\n\t\t\t\tslideshow:12000,\r\n\t\t\t\tautoplay_slideshow:false,\r\n\t\t\t\tsocial_tools:false\r\n\t\t\t});\r\n\t\t\t\r\n\t\t\t$(\".flexslider-102169e075014dc69\").fadeIn(300);\r\n\t\t\t\r\n\t\t\t$(\"#ewic-con-102169e075014dc69\").flexslider({\r\n\t\t\t\tanimation: \"slide\",\r\n\t\t\t\tanimationSpeed: 0,\r\n\t\t\t\tuseCSS: false,\r\n\t\t\t\teasing: \"easeInOutCubic\",\r\n\t\t\t\tdirection: \"horizontal\",\r\n\t\t\t\tslideshow: true,\r\n\t\t\t\tsmoothHeight: true,\r\n\t\t\t\tpauseOnHover: true, \r\n\t\t\t\tcontrolNav: false,\r\n\t\t\t\tprevText: \"\",\r\n\t\t\t\tnextText: \"\",\r\n\t\t\t\trtl: false,\r\n\t\t\t\tslideshowSpeed: 12000,\r\n\t\t\t\tstart: function(slider){\r\n\t\t\t\t\t$(\"#ewic-con-102169e075014dc69\").find(\".flex-caption\").hide();\r\n\t\t\t\t\tvar curSlide = slider.find(\"li.flex-active-slide\");\r\n\t\t\t\t\t$(curSlide).find(\".flex-caption\").slideDown();\r\n\t\t\t\t},\r\n\t\t\t\tbefore: function(slider) {\r\n\t\t\t\t\t$(\"#ewic-con-102169e075014dc69\").find(\".flex-caption\").slideUp();\r\n\t\t\t\t},\r\n\t\t\t\tafter: function(slider) {\r\n\t\t\t\t\tvar curSlide = slider.find(\"li.flex-active-slide\");\r\n\t\t\t\t\t$(curSlide).find(\".flex-caption\").slideDown();\r\n\t\t\t\t}\r\n\t\t\t\t\r\n\t\t\t});\r\n\t\t\t\r\n\t\t});\r\n\t\t\t\r\n\t});\r\n<\/script><\/div>\r\n<\/div>\n<div class=\"n2-code\">\n<div id=\"apDiv2\" class=\"style5\">\n<blockquote>\n<p class=\"style7\"><span style=\"color: #808080;\"><span class=\"style7 style7\"><em>Le dispositif multim\u00e9dia <span class=\"text-courant\">Diorama III\u2122\u00a0<\/span>donne \u00e0 d\u00e9couvrir une paisible zone semi-urbaine gangren\u00e9e par l\u2019ennui pavillonnaire contemporain, et soudain boulevers\u00e9e par le crash myst\u00e9rieux d\u2019un inqui\u00e9tant appareil sans pilote, qui tra\u00eene dans son sillage les spectres angoissants de guerres violentes et inconnues. <\/em>\u00bb<em><br \/>\n<\/em><\/span><\/span><\/p>\n<\/blockquote>\n<hr \/>\n<\/div>\n<\/div>\n<div class=\"n2-code\">\n<div style=\"width: 640px;\" class=\"wp-video\"><!--[if lt IE 9]><script>document.createElement('video');<\/script><![endif]-->\n<video class=\"wp-video-shortcode\" id=\"video-1021-1\" width=\"640\" height=\"320\" poster=\"http:\/\/www.cepsound.com\/wp-content\/uploads\/sites\/3\/2016\/09\/the-map_vignette-video.jpg\" preload=\"auto\" controls=\"controls\"><source type=\"video\/mp4\" src=\"http:\/\/www.cepsound.com\/wp-content\/uploads\/sites\/3\/2016\/09\/DioramaIII.mp4?_=1\" \/><a href=\"http:\/\/www.cepsound.com\/wp-content\/uploads\/sites\/3\/2016\/09\/DioramaIII.mp4\">http:\/\/www.cepsound.com\/wp-content\/uploads\/sites\/3\/2016\/09\/DioramaIII.mp4<\/a><\/video><\/div>\n<\/div>\n<div class=\"n2-code\">\n<h6 style=\"padding-left: 30px;\"><span style=\"color: #808080;\"><br \/>\n<em>Sans titre<\/em> (9&#8217;59)<\/span><\/h6>\n<p class=\"style7\" style=\"padding-left: 30px;\"><span style=\"color: #808080;\"><strong>dur\u00e9e :<\/strong> 9&#8217;59<\/span><br \/>\n<span style=\"color: #808080;\"><strong> vid\u00e9o :<\/strong> <span style=\"color: #0da4d3;\"><span style=\"color: #808080;\">Ultralab\u2122<\/span><br \/>\n<\/span><strong>musique :<\/strong> Charles-Eric P\u00e9ard<\/span><\/p>\n<\/div>\n<hr \/>\n<div id=\"apDiv2\" class=\"style5\">\n<div class=\"n2-code\">\u00a0<div class=\"flexslider ewic-slider-lite is_on_\" id=\"ewic-con-103469e075014f6fc\"><style>#ewic-con-103469e075014f6fc .flex-direction-nav .flex-next, #ewic-con-103469e075014f6fc .flex-direction-nav .flex-prev {opacity: 1;} #ewic-con-103469e075014f6fc .flex-direction-nav .flex-next {right: 10px !important; text-align: right !important;} #ewic-con-103469e075014f6fc .flex-direction-nav .flex-prev {left: 10px !important;}<\/style><div id=\"preloader-103469e075014f6fc\" class=\"sliderpreloader\"><\/div><ul style=\"display:none;\" class=\"slides flexslider-103469e075014f6fc\"><li class=\"ewic-slider\"><a href=\"http:\/\/www.cepsound.com\/art\/wp-content\/uploads\/sites\/3\/2016\/10\/The-Map-2.jpg\" title=\"The Map by Ultralab\u2122\" rel=\"ewicprettyPhoto[103469e075014f6fc]\"><img title=\"The Map by Ultralab\u2122\" class=\"ewic-wid-imgs\" src=\"http:\/\/www.cepsound.com\/art\/wp-content\/uploads\/sites\/3\/2016\/10\/The-Map-2.jpg\" \/><p class=\"flex-caption\">The Map by Ultralab\u2122<\/p><\/a><\/li><li class=\"ewic-slider\"><a href=\"http:\/\/www.cepsound.com\/art\/wp-content\/uploads\/sites\/3\/2016\/10\/The-Map-1.jpg\" title=\"The Map by Ultralab\u2122\" rel=\"ewicprettyPhoto[103469e075014f6fc]\"><img title=\"The Map by Ultralab\u2122\" class=\"ewic-wid-imgs\" src=\"http:\/\/www.cepsound.com\/art\/wp-content\/uploads\/sites\/3\/2016\/10\/The-Map-1.jpg\" \/><p class=\"flex-caption\">The Map by Ultralab\u2122<\/p><\/a><\/li><\/ul><script type=\"text\/javascript\">\r\n\tjQuery(document).ready(function($) {\r\n\t\t\r\n\t\t$(\"#preloader-103469e075014f6fc\").fadeOut(500, function () {\r\n\t\t\t\r\n\t\t\t$(\"#ewic-con-103469e075014f6fc\").addClass(\"ready_to_show\");\r\n\t\t\t\r\n\t\t\t$(\"a[rel^='ewicprettyPhoto[103469e075014f6fc]']\").ewcPhoto({\r\n\t\t\t\ttheme: \"ewc_default\",\r\n\t\t\t\tallow_expand: false,\r\n\t\t\t\tdeeplinking: false,\r\n\t\t\t\tslideshow:12000,\r\n\t\t\t\tautoplay_slideshow:false,\r\n\t\t\t\tsocial_tools:false\r\n\t\t\t});\r\n\t\t\t\r\n\t\t\t$(\".flexslider-103469e075014f6fc\").fadeIn(300);\r\n\t\t\t\r\n\t\t\t$(\"#ewic-con-103469e075014f6fc\").flexslider({\r\n\t\t\t\tanimation: \"slide\",\r\n\t\t\t\tanimationSpeed: 0,\r\n\t\t\t\tuseCSS: false,\r\n\t\t\t\teasing: \"easeInOutCubic\",\r\n\t\t\t\tdirection: \"horizontal\",\r\n\t\t\t\tslideshow: true,\r\n\t\t\t\tsmoothHeight: true,\r\n\t\t\t\tpauseOnHover: true, \r\n\t\t\t\tcontrolNav: false,\r\n\t\t\t\tprevText: \"\",\r\n\t\t\t\tnextText: \"\",\r\n\t\t\t\trtl: false,\r\n\t\t\t\tslideshowSpeed: 12000,\r\n\t\t\t\tstart: function(slider){\r\n\t\t\t\t\t$(\"#ewic-con-103469e075014f6fc\").find(\".flex-caption\").hide();\r\n\t\t\t\t\tvar curSlide = slider.find(\"li.flex-active-slide\");\r\n\t\t\t\t\t$(curSlide).find(\".flex-caption\").slideDown();\r\n\t\t\t\t},\r\n\t\t\t\tbefore: function(slider) {\r\n\t\t\t\t\t$(\"#ewic-con-103469e075014f6fc\").find(\".flex-caption\").slideUp();\r\n\t\t\t\t},\r\n\t\t\t\tafter: function(slider) {\r\n\t\t\t\t\tvar curSlide = slider.find(\"li.flex-active-slide\");\r\n\t\t\t\t\t$(curSlide).find(\".flex-caption\").slideDown();\r\n\t\t\t\t}\r\n\t\t\t\t\r\n\t\t\t});\r\n\t\t\t\r\n\t\t});\r\n\t\t\t\r\n\t});\r\n<\/script><\/div>\r\n<\/div>\n<div class=\"n2-code\"><\/div>\n<!--[if lt IE 9]><script>document.createElement('audio');<\/script><![endif]-->\n<audio class=\"wp-audio-shortcode\" id=\"audio-1034-1\" preload=\"auto\" style=\"width: 100%;\" controls=\"controls\"><source type=\"audio\/mpeg\" src=\"http:\/\/www.cepsound.com\/wp-content\/uploads\/sites\/3\/2016\/09\/Themap.mp3?_=1\" \/><a href=\"http:\/\/www.cepsound.com\/wp-content\/uploads\/sites\/3\/2016\/09\/Themap.mp3\">http:\/\/www.cepsound.com\/wp-content\/uploads\/sites\/3\/2016\/09\/Themap.mp3<\/a><\/audio>\n<h6 style=\"padding-left: 30px;\"><span style=\"color: #808080;\"><em>The Map<\/em> (10&#8217;56)<br \/>\n<\/span><\/h6>\n<p class=\"style7\" style=\"padding-left: 30px;\"><span style=\"color: #808080;\">installation vid\u00e9o interactive. Jeu vid\u00e9o de guerre sans aucun ennemi.<\/span><br \/>\n<span style=\"color: #808080;\"><strong> dur\u00e9e :<\/strong> infinie<\/span><br \/>\n<span style=\"color: #808080;\"><strong> jeu vid\u00e9o :<\/strong> Ultralab\u2122<br \/>\n<strong>musique :<\/strong> Charles-Eric P\u00e9ard<\/span><\/p>\n<hr \/>\n<p><span style=\"color: #808080;\"><strong>exposition :<\/strong> <span style=\"color: #333333;\"><em><a style=\"color: #333333;\" href=\"http:\/\/www.worlds-of-ultralab.org\/diorama3\/\" target=\"_blank\">Diorama III<\/a><\/em><\/span> (par <span style=\"color: #333333;\"><a style=\"color: #333333;\" href=\"http:\/\/www.worlds-of-ultralab.org\" target=\"_blank\">Ultralab\u2122<\/a><\/span>)<\/span><br \/>\n<span style=\"color: #808080;\"><strong> lieu :<\/strong> gallerie <span style=\"color: #333333;\"><a style=\"color: #333333;\" href=\"http:\/\/www.magda-gallery.com\/\" target=\"_blank\">Magda Danysz<\/a><\/span> (Paris)<\/span><br \/>\n<span style=\"color: #808080;\"><strong> dates :<\/strong> du 5 novembre au\u00a0 24 d\u00e9cembre 2005<br \/>\n<\/span><\/p>\n<\/div>\n","protected":false},"excerpt":{"rendered":"<p>&lt; PREVIOUS | RETOUR | NEXT &gt; installation vid\u00e9o Le dispositif multim\u00e9dia Diorama III\u2122\u00a0donne \u00e0 d\u00e9couvrir une paisible zone semi-urbaine gangren\u00e9e par l\u2019ennui pavillonnaire contemporain,&#8230;<\/p>\n","protected":false},"author":1,"featured_media":0,"parent":572,"menu_order":0,"comment_status":"closed","ping_status":"closed","template":"","meta":[],"yoast_head":"<!-- This site is optimized with the Yoast SEO plugin v19.13 - https:\/\/yoast.com\/wordpress\/plugins\/seo\/ -->\n<title>Diorama III &ndash;<\/title>\n<meta name=\"robots\" content=\"index, follow, max-snippet:-1, max-image-preview:large, max-video-preview:-1\" \/>\n<link rel=\"canonical\" href=\"http:\/\/www.cepsound.com\/art\/installations-video\/diorama\/\" \/>\n<meta property=\"og:locale\" content=\"fr_FR\" \/>\n<meta property=\"og:type\" content=\"article\" \/>\n<meta property=\"og:title\" content=\"Diorama III &ndash;\" \/>\n<meta property=\"og:description\" content=\"&lt; PREVIOUS | RETOUR | NEXT &gt; installation vid\u00e9o Le dispositif multim\u00e9dia Diorama III\u2122\u00a0donne \u00e0 d\u00e9couvrir une paisible zone semi-urbaine gangren\u00e9e par l\u2019ennui pavillonnaire contemporain,...\" \/>\n<meta property=\"og:url\" content=\"http:\/\/www.cepsound.com\/art\/installations-video\/diorama\/\" \/>\n<meta property=\"article:publisher\" content=\"https:\/\/www.facebook.com\/Cepsound-l-Charles-Eric-PEARD-169837659739132\/\" \/>\n<meta property=\"article:modified_time\" content=\"2016-11-19T15:14:57+00:00\" \/>\n<meta name=\"twitter:card\" content=\"summary_large_image\" \/>\n<meta name=\"twitter:label1\" content=\"Dur\u00e9e de lecture estim\u00e9e\" \/>\n\t<meta name=\"twitter:data1\" content=\"1 minute\" \/>\n<script type=\"application\/ld+json\" class=\"yoast-schema-graph\">{\"@context\":\"https:\/\/schema.org\",\"@graph\":[{\"@type\":\"WebPage\",\"@id\":\"http:\/\/www.cepsound.com\/art\/installations-video\/diorama\/\",\"url\":\"http:\/\/www.cepsound.com\/art\/installations-video\/diorama\/\",\"name\":\"Diorama III &ndash;\",\"isPartOf\":{\"@id\":\"http:\/\/www.cepsound.com\/art\/#website\"},\"datePublished\":\"2016-09-09T13:49:02+00:00\",\"dateModified\":\"2016-11-19T15:14:57+00:00\",\"breadcrumb\":{\"@id\":\"http:\/\/www.cepsound.com\/art\/installations-video\/diorama\/#breadcrumb\"},\"inLanguage\":\"fr-FR\",\"potentialAction\":[{\"@type\":\"ReadAction\",\"target\":[\"http:\/\/www.cepsound.com\/art\/installations-video\/diorama\/\"]}]},{\"@type\":\"BreadcrumbList\",\"@id\":\"http:\/\/www.cepsound.com\/art\/installations-video\/diorama\/#breadcrumb\",\"itemListElement\":[{\"@type\":\"ListItem\",\"position\":1,\"name\":\"Accueil\",\"item\":\"http:\/\/www.cepsound.com\/art\/\"},{\"@type\":\"ListItem\",\"position\":2,\"name\":\"installations vid\u00e9o\",\"item\":\"https:\/\/www.cepsound.com\/art\/installations-video\/\"},{\"@type\":\"ListItem\",\"position\":3,\"name\":\"Diorama III\"}]},{\"@type\":\"WebSite\",\"@id\":\"http:\/\/www.cepsound.com\/art\/#website\",\"url\":\"http:\/\/www.cepsound.com\/art\/\",\"name\":\"\",\"description\":\"plasticien sonore | sound performer\",\"potentialAction\":[{\"@type\":\"SearchAction\",\"target\":{\"@type\":\"EntryPoint\",\"urlTemplate\":\"http:\/\/www.cepsound.com\/art\/?s={search_term_string}\"},\"query-input\":\"required name=search_term_string\"}],\"inLanguage\":\"fr-FR\"}]}<\/script>\n<!-- \/ Yoast SEO plugin. -->","yoast_head_json":{"title":"Diorama III &ndash;","robots":{"index":"index","follow":"follow","max-snippet":"max-snippet:-1","max-image-preview":"max-image-preview:large","max-video-preview":"max-video-preview:-1"},"canonical":"http:\/\/www.cepsound.com\/art\/installations-video\/diorama\/","og_locale":"fr_FR","og_type":"article","og_title":"Diorama III &ndash;","og_description":"&lt; PREVIOUS | RETOUR | NEXT &gt; installation vid\u00e9o Le dispositif multim\u00e9dia Diorama III\u2122\u00a0donne \u00e0 d\u00e9couvrir une paisible zone semi-urbaine gangren\u00e9e par l\u2019ennui pavillonnaire contemporain,...","og_url":"http:\/\/www.cepsound.com\/art\/installations-video\/diorama\/","article_publisher":"https:\/\/www.facebook.com\/Cepsound-l-Charles-Eric-PEARD-169837659739132\/","article_modified_time":"2016-11-19T15:14:57+00:00","twitter_card":"summary_large_image","twitter_misc":{"Dur\u00e9e de lecture estim\u00e9e":"1 minute"},"schema":{"@context":"https:\/\/schema.org","@graph":[{"@type":"WebPage","@id":"http:\/\/www.cepsound.com\/art\/installations-video\/diorama\/","url":"http:\/\/www.cepsound.com\/art\/installations-video\/diorama\/","name":"Diorama III &ndash;","isPartOf":{"@id":"http:\/\/www.cepsound.com\/art\/#website"},"datePublished":"2016-09-09T13:49:02+00:00","dateModified":"2016-11-19T15:14:57+00:00","breadcrumb":{"@id":"http:\/\/www.cepsound.com\/art\/installations-video\/diorama\/#breadcrumb"},"inLanguage":"fr-FR","potentialAction":[{"@type":"ReadAction","target":["http:\/\/www.cepsound.com\/art\/installations-video\/diorama\/"]}]},{"@type":"BreadcrumbList","@id":"http:\/\/www.cepsound.com\/art\/installations-video\/diorama\/#breadcrumb","itemListElement":[{"@type":"ListItem","position":1,"name":"Accueil","item":"http:\/\/www.cepsound.com\/art\/"},{"@type":"ListItem","position":2,"name":"installations vid\u00e9o","item":"https:\/\/www.cepsound.com\/art\/installations-video\/"},{"@type":"ListItem","position":3,"name":"Diorama III"}]},{"@type":"WebSite","@id":"http:\/\/www.cepsound.com\/art\/#website","url":"http:\/\/www.cepsound.com\/art\/","name":"","description":"plasticien sonore | sound performer","potentialAction":[{"@type":"SearchAction","target":{"@type":"EntryPoint","urlTemplate":"http:\/\/www.cepsound.com\/art\/?s={search_term_string}"},"query-input":"required name=search_term_string"}],"inLanguage":"fr-FR"}]}},"_links":{"self":[{"href":"http:\/\/www.cepsound.com\/art\/wp-json\/wp\/v2\/pages\/375"}],"collection":[{"href":"http:\/\/www.cepsound.com\/art\/wp-json\/wp\/v2\/pages"}],"about":[{"href":"http:\/\/www.cepsound.com\/art\/wp-json\/wp\/v2\/types\/page"}],"author":[{"embeddable":true,"href":"http:\/\/www.cepsound.com\/art\/wp-json\/wp\/v2\/users\/1"}],"replies":[{"embeddable":true,"href":"http:\/\/www.cepsound.com\/art\/wp-json\/wp\/v2\/comments?post=375"}],"version-history":[{"count":40,"href":"http:\/\/www.cepsound.com\/art\/wp-json\/wp\/v2\/pages\/375\/revisions"}],"predecessor-version":[{"id":1723,"href":"http:\/\/www.cepsound.com\/art\/wp-json\/wp\/v2\/pages\/375\/revisions\/1723"}],"up":[{"embeddable":true,"href":"http:\/\/www.cepsound.com\/art\/wp-json\/wp\/v2\/pages\/572"}],"wp:attachment":[{"href":"http:\/\/www.cepsound.com\/art\/wp-json\/wp\/v2\/media?parent=375"}],"curies":[{"name":"wp","href":"https:\/\/api.w.org\/{rel}","templated":true}]}}