{"id":511,"date":"2016-09-19T16:21:13","date_gmt":"2016-09-19T15:21:13","guid":{"rendered":"http:\/\/www.cepsound.com\/www-2\/?page_id=511"},"modified":"2016-11-30T23:17:13","modified_gmt":"2016-11-30T22:17:13","slug":"bribes-sans-abri","status":"publish","type":"page","link":"http:\/\/www.cepsound.com\/art\/radio\/bribes-sans-abri\/","title":{"rendered":"Bribes sans abri"},"content":{"rendered":"<h6 style=\"text-align: right;\"><span style=\"color: #333333;\"><span style=\"color: #999999;\">&lt; PREVIOUS<\/span> | <a style=\"color: #333333;\" href=\"http:\/\/www.cepsound.com\/art\/radio\/\">RETOUR <\/a>| <a style=\"color: #333333;\" href=\"http:\/\/www.cepsound.com\/art\/radio\/websynradio\/\">NEXT &gt;<\/a><\/span><\/h6>\n<h6 style=\"text-align: left;\"><span style=\"color: #808080;\">\u00e9mission de radio<br \/>\n<\/span><\/h6>\n<div class=\"flexslider ewic-slider-lite is_on_\" id=\"ewic-con-126669e07501eb789\"><div id=\"preloader-126669e07501eb789\" class=\"sliderpreloader\"><\/div><ul style=\"display:none;\" class=\"slides flexslider-126669e07501eb789\"><li class=\"ewic-slider\"><img title=\"ACR - France Culture\" class=\"ewic-wid-imgs\" src=\"http:\/\/www.cepsound.com\/art\/wp-content\/uploads\/sites\/3\/2016\/10\/ACR-France-culture_01.jpg\" \/><p class=\"flex-caption\">ACR - France Culture<\/p><\/li><\/ul><script type=\"text\/javascript\">\r\n\tjQuery(document).ready(function($) {\r\n\t\t\r\n\t\t$(\"#preloader-126669e07501eb789\").fadeOut(500, function () {\r\n\t\t\t\r\n\t\t\t$(\"#ewic-con-126669e07501eb789\").addClass(\"ready_to_show\");\r\n\t\t\t\r\n\t\t\t$(\"a[rel^='ewicprettyPhoto[126669e07501eb789]']\").ewcPhoto({\r\n\t\t\t\ttheme: \"ewc_default\",\r\n\t\t\t\tallow_expand: false,\r\n\t\t\t\tdeeplinking: false,\r\n\t\t\t\tslideshow:60000,\r\n\t\t\t\tautoplay_slideshow:false,\r\n\t\t\t\tsocial_tools:false\r\n\t\t\t});\r\n\t\t\t\r\n\t\t\t$(\".flexslider-126669e07501eb789\").fadeIn(300);\r\n\t\t\t\r\n\t\t\t$(\"#ewic-con-126669e07501eb789\").flexslider({\r\n\t\t\t\tanimation: \"slide\",\r\n\t\t\t\tanimationSpeed: 0,\r\n\t\t\t\tuseCSS: false,\r\n\t\t\t\teasing: \"easeInOutCubic\",\r\n\t\t\t\tdirection: \"horizontal\",\r\n\t\t\t\tslideshow: false,\r\n\t\t\t\tsmoothHeight: true,\r\n\t\t\t\tpauseOnHover: true, \r\n\t\t\t\tcontrolNav: false,\r\n\t\t\t\tprevText: \"\",\r\n\t\t\t\tnextText: \"\",\r\n\t\t\t\trtl: false,\r\n\t\t\t\tslideshowSpeed: 60000,\r\n\t\t\t\tstart: function(slider){\r\n\t\t\t\t\t$(\"#ewic-con-126669e07501eb789\").find(\".flex-caption\").hide();\r\n\t\t\t\t\tvar curSlide = slider.find(\"li.flex-active-slide\");\r\n\t\t\t\t\t$(curSlide).find(\".flex-caption\").slideDown();\r\n\t\t\t\t},\r\n\t\t\t\tbefore: function(slider) {\r\n\t\t\t\t\t$(\"#ewic-con-126669e07501eb789\").find(\".flex-caption\").slideUp();\r\n\t\t\t\t},\r\n\t\t\t\tafter: function(slider) {\r\n\t\t\t\t\tvar curSlide = slider.find(\"li.flex-active-slide\");\r\n\t\t\t\t\t$(curSlide).find(\".flex-caption\").slideDown();\r\n\t\t\t\t}\r\n\t\t\t\t\r\n\t\t\t});\r\n\t\t\t\r\n\t\t});\r\n\t\t\t\r\n\t});\r\n<\/script><\/div>\r\n\n<p style=\"text-align: center;\"><span class=\"style9\" style=\"color: #0da4d3;\"><a style=\"color: #0da4d3;\" href=\"http:\/\/www.evidenz.fr\/evz\/ACR\/BribesSansAbri.mp3\" target=\"_blank\">&gt; <span style=\"color: #333333;\">\u00e9couter l&#8217;int\u00e9gralit\u00e9 de l&#8217;\u00e9mission<\/span><br \/>\n<span style=\"color: #333333;\"> sur le site d&#8217;EvidenZ (70&#8217;00)<\/span> &lt;<\/a><\/span><\/p>\n<hr \/>\n<blockquote>\n<div class=\"wrapper\">\n<div class=\"wrapper_inner\">\n<div class=\"content \">\n<div class=\"content_inner \">\n<div class=\"container\">\n<div class=\"container_inner default_template_holder clearfix\">\n<div class=\"portfolio_single small-slider\">\n<div class=\"two_columns_66_33 clearfix portfolio_container\">\n<div class=\"column2\">\n<div class=\"column_inner\">\n<div class=\"portfolio_detail portfolio_single_follow\">\n<div class=\"info portfolio_single_content\">\n<p class=\"style7\"><span style=\"color: #808080;\"><em>Gare de Lyon, Paris, o\u00f9 se croisent des s\u00e9dentaires en transit vers des destinations ensoleill\u00e9es, et des nomades \u00ab sans domicile fixe \u00bb qui s\u2019y sont \u00e9tablis pour survivre. Ces SDF, qui sont-ils, d\u2019o\u00f9 viennent-ils, o\u00f9 vont-ils, pourquoi sont-ils l\u00e0 qui semble n\u2019\u00eatre qu\u2019un nul part perp\u00e9tuel, qu\u2019un temps fig\u00e9 dans l\u2019attente de ce qui semble ne plus pouvoir jamais advenir ? Comment donner voix \u00e0 ceux qui se confondent au silence au-del\u00e0 de la rumeur qui les baigne ?<\/em> \u00bb<\/span><\/p>\n<\/div>\n<\/div>\n<\/div>\n<\/div>\n<\/div>\n<\/div>\n<\/div>\n<\/div>\n<\/div>\n<\/div>\n<\/div>\n<\/div>\n<hr \/>\n<\/blockquote>\n<p class=\"style7\"><span style=\"color: #808080;\"><span class=\"style7 style7\"><strong>dur\u00e9e :<\/strong> 70&#8217;00<br \/>\n<\/span><\/span><\/p>\n<p><span style=\"color: #808080;\"><strong>DA :<\/strong> <span style=\"color: #333333;\"><a style=\"color: #333333;\" href=\"http:\/\/www.evidenz.fr\/wiki\/tiki-index.php?page=cvflaroze\" target=\"_blank\">Franck Laroze<\/a><\/span><strong><br \/>\ncompositions sonores :<\/strong> Charles-Eric P\u00e9ard<\/span><br \/>\n<span style=\"color: #808080;\"><strong> voix :<\/strong> <span style=\"color: #333333;\"><a style=\"color: #333333;\" href=\"http:\/\/aurelieyoulia.com\/\" target=\"_blank\">Aur\u00e9lie Youlia<\/a><\/span>, Franck Laroze et les sans-abri<br \/>\n<strong>prises de sons :<\/strong> Eric G\u00e9rard<br \/>\n<strong> montage :<\/strong> Franck Laroze et Charles-Eric P\u00e9ard<br \/>\n<strong>r\u00e9alisation :<\/strong> Anna Szmuc<\/span><\/p>\n<p class=\"style7\"><span style=\"color: #808080;\"><strong>producteurs coordinateurs : <\/strong>Frank Smith &amp; Philippe Langlois<strong><br \/>\nproducteur d\u00e9l\u00e9gu\u00e9 :<\/strong> Franck Laroze<strong><br \/>\n<\/strong><\/span><\/p>\n<p><span style=\"color: #808080;\"><strong><span class=\"style7 style7\">diffusion : <\/span><\/strong><span style=\"color: #333333;\"><a style=\"color: #333333;\" href=\"http:\/\/www.franceculture.com\/\" target=\"_blank\">France Culture<\/a> <\/span>(Radio France)<br \/>\n<strong>\u00e9mission :<\/strong> <span style=\"color: #333333;\"><a style=\"color: #333333;\" href=\"https:\/\/www.franceculture.fr\/emissions\/atelier-de-creation-radiophonique-10-11\/bribes-sans-abri\" target=\"_blank\"><em>Atelier de Cr\u00e9ation Radiophonique<\/em><\/a><\/span><strong><br \/>\ndate :<\/strong> dimanche 1er novembre 2009 &#8211; 23h<\/span><\/p>\n","protected":false},"excerpt":{"rendered":"<p>&lt; PREVIOUS | RETOUR | NEXT &gt; \u00e9mission de radio &gt; \u00e9couter l&#8217;int\u00e9gralit\u00e9 de l&#8217;\u00e9mission sur le site d&#8217;EvidenZ (70&#8217;00) &lt; Gare de Lyon, Paris,&#8230;<\/p>\n","protected":false},"author":1,"featured_media":0,"parent":578,"menu_order":0,"comment_status":"closed","ping_status":"closed","template":"","meta":[],"yoast_head":"<!-- This site is optimized with the Yoast SEO plugin v19.13 - https:\/\/yoast.com\/wordpress\/plugins\/seo\/ -->\n<title>Bribes sans abri &ndash;<\/title>\n<meta name=\"robots\" content=\"index, follow, max-snippet:-1, max-image-preview:large, max-video-preview:-1\" \/>\n<link rel=\"canonical\" href=\"http:\/\/www.cepsound.com\/art\/radio\/bribes-sans-abri\/\" \/>\n<meta property=\"og:locale\" content=\"fr_FR\" \/>\n<meta property=\"og:type\" content=\"article\" \/>\n<meta property=\"og:title\" content=\"Bribes sans abri &ndash;\" \/>\n<meta property=\"og:description\" content=\"&lt; PREVIOUS | RETOUR | NEXT &gt; \u00e9mission de radio &gt; \u00e9couter l&#8217;int\u00e9gralit\u00e9 de l&#8217;\u00e9mission sur le site d&#8217;EvidenZ (70&#8217;00) &lt; Gare de Lyon, Paris,...\" \/>\n<meta property=\"og:url\" content=\"http:\/\/www.cepsound.com\/art\/radio\/bribes-sans-abri\/\" \/>\n<meta property=\"article:publisher\" content=\"https:\/\/www.facebook.com\/Cepsound-l-Charles-Eric-PEARD-169837659739132\/\" \/>\n<meta property=\"article:modified_time\" content=\"2016-11-30T22:17:13+00:00\" \/>\n<meta name=\"twitter:card\" content=\"summary_large_image\" \/>\n<meta name=\"twitter:label1\" content=\"Dur\u00e9e de lecture estim\u00e9e\" \/>\n\t<meta name=\"twitter:data1\" content=\"1 minute\" \/>\n<script type=\"application\/ld+json\" class=\"yoast-schema-graph\">{\"@context\":\"https:\/\/schema.org\",\"@graph\":[{\"@type\":\"WebPage\",\"@id\":\"http:\/\/www.cepsound.com\/art\/radio\/bribes-sans-abri\/\",\"url\":\"http:\/\/www.cepsound.com\/art\/radio\/bribes-sans-abri\/\",\"name\":\"Bribes sans abri &ndash;\",\"isPartOf\":{\"@id\":\"http:\/\/www.cepsound.com\/art\/#website\"},\"datePublished\":\"2016-09-19T15:21:13+00:00\",\"dateModified\":\"2016-11-30T22:17:13+00:00\",\"breadcrumb\":{\"@id\":\"http:\/\/www.cepsound.com\/art\/radio\/bribes-sans-abri\/#breadcrumb\"},\"inLanguage\":\"fr-FR\",\"potentialAction\":[{\"@type\":\"ReadAction\",\"target\":[\"http:\/\/www.cepsound.com\/art\/radio\/bribes-sans-abri\/\"]}]},{\"@type\":\"BreadcrumbList\",\"@id\":\"http:\/\/www.cepsound.com\/art\/radio\/bribes-sans-abri\/#breadcrumb\",\"itemListElement\":[{\"@type\":\"ListItem\",\"position\":1,\"name\":\"Accueil\",\"item\":\"http:\/\/www.cepsound.com\/art\/\"},{\"@type\":\"ListItem\",\"position\":2,\"name\":\"radio\",\"item\":\"https:\/\/www.cepsound.com\/art\/radio\/\"},{\"@type\":\"ListItem\",\"position\":3,\"name\":\"Bribes sans abri\"}]},{\"@type\":\"WebSite\",\"@id\":\"http:\/\/www.cepsound.com\/art\/#website\",\"url\":\"http:\/\/www.cepsound.com\/art\/\",\"name\":\"\",\"description\":\"plasticien sonore | sound performer\",\"potentialAction\":[{\"@type\":\"SearchAction\",\"target\":{\"@type\":\"EntryPoint\",\"urlTemplate\":\"http:\/\/www.cepsound.com\/art\/?s={search_term_string}\"},\"query-input\":\"required name=search_term_string\"}],\"inLanguage\":\"fr-FR\"}]}<\/script>\n<!-- \/ Yoast SEO plugin. -->","yoast_head_json":{"title":"Bribes sans abri &ndash;","robots":{"index":"index","follow":"follow","max-snippet":"max-snippet:-1","max-image-preview":"max-image-preview:large","max-video-preview":"max-video-preview:-1"},"canonical":"http:\/\/www.cepsound.com\/art\/radio\/bribes-sans-abri\/","og_locale":"fr_FR","og_type":"article","og_title":"Bribes sans abri &ndash;","og_description":"&lt; PREVIOUS | RETOUR | NEXT &gt; \u00e9mission de radio &gt; \u00e9couter l&#8217;int\u00e9gralit\u00e9 de l&#8217;\u00e9mission sur le site d&#8217;EvidenZ (70&#8217;00) &lt; Gare de Lyon, Paris,...","og_url":"http:\/\/www.cepsound.com\/art\/radio\/bribes-sans-abri\/","article_publisher":"https:\/\/www.facebook.com\/Cepsound-l-Charles-Eric-PEARD-169837659739132\/","article_modified_time":"2016-11-30T22:17:13+00:00","twitter_card":"summary_large_image","twitter_misc":{"Dur\u00e9e de lecture estim\u00e9e":"1 minute"},"schema":{"@context":"https:\/\/schema.org","@graph":[{"@type":"WebPage","@id":"http:\/\/www.cepsound.com\/art\/radio\/bribes-sans-abri\/","url":"http:\/\/www.cepsound.com\/art\/radio\/bribes-sans-abri\/","name":"Bribes sans abri &ndash;","isPartOf":{"@id":"http:\/\/www.cepsound.com\/art\/#website"},"datePublished":"2016-09-19T15:21:13+00:00","dateModified":"2016-11-30T22:17:13+00:00","breadcrumb":{"@id":"http:\/\/www.cepsound.com\/art\/radio\/bribes-sans-abri\/#breadcrumb"},"inLanguage":"fr-FR","potentialAction":[{"@type":"ReadAction","target":["http:\/\/www.cepsound.com\/art\/radio\/bribes-sans-abri\/"]}]},{"@type":"BreadcrumbList","@id":"http:\/\/www.cepsound.com\/art\/radio\/bribes-sans-abri\/#breadcrumb","itemListElement":[{"@type":"ListItem","position":1,"name":"Accueil","item":"http:\/\/www.cepsound.com\/art\/"},{"@type":"ListItem","position":2,"name":"radio","item":"https:\/\/www.cepsound.com\/art\/radio\/"},{"@type":"ListItem","position":3,"name":"Bribes sans abri"}]},{"@type":"WebSite","@id":"http:\/\/www.cepsound.com\/art\/#website","url":"http:\/\/www.cepsound.com\/art\/","name":"","description":"plasticien sonore | sound performer","potentialAction":[{"@type":"SearchAction","target":{"@type":"EntryPoint","urlTemplate":"http:\/\/www.cepsound.com\/art\/?s={search_term_string}"},"query-input":"required name=search_term_string"}],"inLanguage":"fr-FR"}]}},"_links":{"self":[{"href":"http:\/\/www.cepsound.com\/art\/wp-json\/wp\/v2\/pages\/511"}],"collection":[{"href":"http:\/\/www.cepsound.com\/art\/wp-json\/wp\/v2\/pages"}],"about":[{"href":"http:\/\/www.cepsound.com\/art\/wp-json\/wp\/v2\/types\/page"}],"author":[{"embeddable":true,"href":"http:\/\/www.cepsound.com\/art\/wp-json\/wp\/v2\/users\/1"}],"replies":[{"embeddable":true,"href":"http:\/\/www.cepsound.com\/art\/wp-json\/wp\/v2\/comments?post=511"}],"version-history":[{"count":25,"href":"http:\/\/www.cepsound.com\/art\/wp-json\/wp\/v2\/pages\/511\/revisions"}],"predecessor-version":[{"id":1751,"href":"http:\/\/www.cepsound.com\/art\/wp-json\/wp\/v2\/pages\/511\/revisions\/1751"}],"up":[{"embeddable":true,"href":"http:\/\/www.cepsound.com\/art\/wp-json\/wp\/v2\/pages\/578"}],"wp:attachment":[{"href":"http:\/\/www.cepsound.com\/art\/wp-json\/wp\/v2\/media?parent=511"}],"curies":[{"name":"wp","href":"https:\/\/api.w.org\/{rel}","templated":true}]}}