{"id":536,"date":"2016-09-19T17:47:20","date_gmt":"2016-09-19T16:47:20","guid":{"rendered":"http:\/\/www.cepsound.com\/www-2\/?page_id=536"},"modified":"2021-08-12T17:10:48","modified_gmt":"2021-08-12T16:10:48","slug":"nature-sauvage","status":"publish","type":"page","link":"http:\/\/www.cepsound.com\/art\/performances\/nature-sauvage\/","title":{"rendered":"Nature sauvage"},"content":{"rendered":"<h6 style=\"text-align: right;\"><span style=\"color: #333333;\"><a href=\"http:\/\/www.cepsound.com\/art\/performances\/nature-morte-esperance-2019\/\"><span style=\"color: #999999;\"><span style=\"color: #000000;\">&lt; PREVIOUS<\/span><\/span><\/a> | <a style=\"color: #333333;\" href=\"http:\/\/www.cepsound.com\/art\/performances\/\">RETOUR <\/a>| <a style=\"color: #333333;\" href=\"http:\/\/www.cepsound.com\/art\/performances\/b-b-before-birth-2\/\">NEXT &gt;<\/a><\/span><\/h6>\n<h6 style=\"text-align: left;\"><span style=\"color: #808080;\">performance<\/span><\/h6>\n<div class=\"n2-code\">\n<div class=\"flexslider ewic-slider-lite is_on_\" id=\"ewic-con-80569e09103922f5\"><style>#ewic-con-80569e09103922f5 .flex-direction-nav .flex-next, #ewic-con-80569e09103922f5 .flex-direction-nav .flex-prev {opacity: 1;} #ewic-con-80569e09103922f5 .flex-direction-nav .flex-next {right: 10px !important; text-align: right !important;} #ewic-con-80569e09103922f5 .flex-direction-nav .flex-prev {left: 10px !important;}<\/style><div id=\"preloader-80569e09103922f5\" class=\"sliderpreloader\"><\/div><ul style=\"display:none;\" class=\"slides flexslider-80569e09103922f5\"><li class=\"ewic-slider\"><a href=\"http:\/\/www.cepsound.com\/art\/wp-content\/uploads\/sites\/3\/2016\/10\/nature-sauvage_00.jpg\"  rel=\"ewicprettyPhoto[80569e09103922f5]\"><img  class=\"ewic-wid-imgs\" src=\"http:\/\/www.cepsound.com\/art\/wp-content\/uploads\/sites\/3\/2016\/10\/nature-sauvage_00.jpg\" \/><p class=\"flex-caption\"><\/p><\/a><\/li><li class=\"ewic-slider\"><a href=\"http:\/\/www.cepsound.com\/art\/wp-content\/uploads\/sites\/3\/2016\/10\/nature-sauvage_01.jpg\"  rel=\"ewicprettyPhoto[80569e09103922f5]\"><img  class=\"ewic-wid-imgs\" src=\"http:\/\/www.cepsound.com\/art\/wp-content\/uploads\/sites\/3\/2016\/10\/nature-sauvage_01.jpg\" \/><p class=\"flex-caption\"><\/p><\/a><\/li><li class=\"ewic-slider\"><a href=\"http:\/\/www.cepsound.com\/art\/wp-content\/uploads\/sites\/3\/2016\/10\/nature-sauvage_02.jpg\"  rel=\"ewicprettyPhoto[80569e09103922f5]\"><img  class=\"ewic-wid-imgs\" src=\"http:\/\/www.cepsound.com\/art\/wp-content\/uploads\/sites\/3\/2016\/10\/nature-sauvage_02.jpg\" \/><p class=\"flex-caption\"><\/p><\/a><\/li><li class=\"ewic-slider\"><a href=\"http:\/\/www.cepsound.com\/art\/wp-content\/uploads\/sites\/3\/2016\/10\/nature-sauvage_03.jpg\"  rel=\"ewicprettyPhoto[80569e09103922f5]\"><img  class=\"ewic-wid-imgs\" src=\"http:\/\/www.cepsound.com\/art\/wp-content\/uploads\/sites\/3\/2016\/10\/nature-sauvage_03.jpg\" \/><p class=\"flex-caption\"><\/p><\/a><\/li><\/ul><script type=\"text\/javascript\">\r\n\tjQuery(document).ready(function($) {\r\n\t\t\r\n\t\t$(\"#preloader-80569e09103922f5\").fadeOut(500, function () {\r\n\t\t\t\r\n\t\t\t$(\"#ewic-con-80569e09103922f5\").addClass(\"ready_to_show\");\r\n\t\t\t\r\n\t\t\t$(\"a[rel^='ewicprettyPhoto[80569e09103922f5]']\").ewcPhoto({\r\n\t\t\t\ttheme: \"ewc_default\",\r\n\t\t\t\tallow_expand: false,\r\n\t\t\t\tdeeplinking: false,\r\n\t\t\t\tslideshow:12000,\r\n\t\t\t\tautoplay_slideshow:false,\r\n\t\t\t\tsocial_tools:false\r\n\t\t\t});\r\n\t\t\t\r\n\t\t\t$(\".flexslider-80569e09103922f5\").fadeIn(300);\r\n\t\t\t\r\n\t\t\t$(\"#ewic-con-80569e09103922f5\").flexslider({\r\n\t\t\t\tanimation: \"slide\",\r\n\t\t\t\tanimationSpeed: 0,\r\n\t\t\t\tuseCSS: false,\r\n\t\t\t\teasing: \"easeInOutCubic\",\r\n\t\t\t\tdirection: \"horizontal\",\r\n\t\t\t\tslideshow: true,\r\n\t\t\t\tsmoothHeight: true,\r\n\t\t\t\tpauseOnHover: true, \r\n\t\t\t\tcontrolNav: false,\r\n\t\t\t\tprevText: \"\",\r\n\t\t\t\tnextText: \"\",\r\n\t\t\t\trtl: false,\r\n\t\t\t\tslideshowSpeed: 12000,\r\n\t\t\t\tstart: function(slider){\r\n\t\t\t\t\t$(\"#ewic-con-80569e09103922f5\").find(\".flex-caption\").hide();\r\n\t\t\t\t\tvar curSlide = slider.find(\"li.flex-active-slide\");\r\n\t\t\t\t\t$(curSlide).find(\".flex-caption\").slideDown();\r\n\t\t\t\t},\r\n\t\t\t\tbefore: function(slider) {\r\n\t\t\t\t\t$(\"#ewic-con-80569e09103922f5\").find(\".flex-caption\").slideUp();\r\n\t\t\t\t},\r\n\t\t\t\tafter: function(slider) {\r\n\t\t\t\t\tvar curSlide = slider.find(\"li.flex-active-slide\");\r\n\t\t\t\t\t$(curSlide).find(\".flex-caption\").slideDown();\r\n\t\t\t\t}\r\n\t\t\t\t\r\n\t\t\t});\r\n\t\t\t\r\n\t\t});\r\n\t\t\t\r\n\t});\r\n<\/script><\/div>\r\n\n<\/div>\n<hr \/>\n<p class=\"style7\"><span style=\"color: #808080;\"><strong>corps et mise en sc\u00e8ne : <\/strong>Caterina Perazzi<strong><br \/>\ncomposition sonore : <\/strong>Charles-Eric P\u00e9ard<\/span><\/p>\n<p class=\"style7\"><span style=\"color: #808080;\"><strong>dur\u00e9e : <\/strong>10 min.<strong><br \/>\ndate : <\/strong>15 mai 2014<br \/>\n<strong>manifestation :<\/strong> collection hiver 2014\/2015 sign\u00e9e <span style=\"color: #333333;\"><a style=\"color: #333333;\" href=\"http:\/\/www.jordanesomville.com\/\" target=\"_blank\" rel=\"noopener\">Jordane Somville<\/a><\/span><br \/>\n<strong>lieu :<\/strong> Atelier Jordane Somville, Paris (75)<\/span><\/p>\n","protected":false},"excerpt":{"rendered":"<p>&lt; PREVIOUS | RETOUR | NEXT &gt; performance corps et mise en sc\u00e8ne : Caterina Perazzi composition sonore : Charles-Eric P\u00e9ard dur\u00e9e : 10 min&#8230;.<\/p>\n","protected":false},"author":1,"featured_media":0,"parent":1189,"menu_order":0,"comment_status":"closed","ping_status":"closed","template":"","meta":[],"yoast_head":"<!-- This site is optimized with the Yoast SEO plugin v19.13 - https:\/\/yoast.com\/wordpress\/plugins\/seo\/ -->\n<title>Nature Sauvage (performance de Caterina Perazzi et cepSound)<\/title>\n<meta name=\"description\" content=\"PERFORMANCE INT\u00c9GRALE (10&#039;), r\u00e9alis\u00e9e par Caterina Perazzi et cepSound lors de la pr\u00e9sentation de la collection hiver 2014\/2015 sign\u00e9e Jordane Somville.\" \/>\n<meta name=\"robots\" content=\"index, follow, max-snippet:-1, max-image-preview:large, max-video-preview:-1\" \/>\n<link rel=\"canonical\" href=\"http:\/\/www.cepsound.com\/art\/performances\/nature-sauvage\/\" \/>\n<meta property=\"og:locale\" content=\"fr_FR\" \/>\n<meta property=\"og:type\" content=\"article\" \/>\n<meta property=\"og:title\" content=\"Nature Sauvage (performance de Caterina Perazzi et cepSound)\" \/>\n<meta property=\"og:description\" content=\"Performance r\u00e9alis\u00e9e par Caterina Perazzi et cepSound lors de la pr\u00e9sentation de la collection hiver 2014\/2015 sign\u00e9e Jordane Somville.\" \/>\n<meta property=\"og:url\" content=\"http:\/\/www.cepsound.com\/art\/performances\/nature-sauvage\/\" \/>\n<meta property=\"article:publisher\" content=\"https:\/\/www.facebook.com\/Cepsound-l-Charles-Eric-PEARD-169837659739132\/\" \/>\n<meta property=\"article:modified_time\" content=\"2021-08-12T16:10:48+00:00\" \/>\n<meta name=\"twitter:card\" content=\"summary_large_image\" \/>\n<script type=\"application\/ld+json\" class=\"yoast-schema-graph\">{\"@context\":\"https:\/\/schema.org\",\"@graph\":[{\"@type\":\"WebPage\",\"@id\":\"http:\/\/www.cepsound.com\/art\/performances\/nature-sauvage\/\",\"url\":\"http:\/\/www.cepsound.com\/art\/performances\/nature-sauvage\/\",\"name\":\"Nature Sauvage (performance de Caterina Perazzi et cepSound)\",\"isPartOf\":{\"@id\":\"http:\/\/www.cepsound.com\/art\/#website\"},\"datePublished\":\"2016-09-19T16:47:20+00:00\",\"dateModified\":\"2021-08-12T16:10:48+00:00\",\"description\":\"PERFORMANCE INT\u00c9GRALE (10'), r\u00e9alis\u00e9e par Caterina Perazzi et cepSound lors de la pr\u00e9sentation de la collection hiver 2014\/2015 sign\u00e9e Jordane Somville.\",\"breadcrumb\":{\"@id\":\"http:\/\/www.cepsound.com\/art\/performances\/nature-sauvage\/#breadcrumb\"},\"inLanguage\":\"fr-FR\",\"potentialAction\":[{\"@type\":\"ReadAction\",\"target\":[\"http:\/\/www.cepsound.com\/art\/performances\/nature-sauvage\/\"]}]},{\"@type\":\"BreadcrumbList\",\"@id\":\"http:\/\/www.cepsound.com\/art\/performances\/nature-sauvage\/#breadcrumb\",\"itemListElement\":[{\"@type\":\"ListItem\",\"position\":1,\"name\":\"Accueil\",\"item\":\"http:\/\/www.cepsound.com\/art\/\"},{\"@type\":\"ListItem\",\"position\":2,\"name\":\"Performances\",\"item\":\"http:\/\/www.cepsound.com\/art\/performances\/\"},{\"@type\":\"ListItem\",\"position\":3,\"name\":\"Nature sauvage\"}]},{\"@type\":\"WebSite\",\"@id\":\"http:\/\/www.cepsound.com\/art\/#website\",\"url\":\"http:\/\/www.cepsound.com\/art\/\",\"name\":\"\",\"description\":\"plasticien sonore | sound performer\",\"potentialAction\":[{\"@type\":\"SearchAction\",\"target\":{\"@type\":\"EntryPoint\",\"urlTemplate\":\"http:\/\/www.cepsound.com\/art\/?s={search_term_string}\"},\"query-input\":\"required name=search_term_string\"}],\"inLanguage\":\"fr-FR\"}]}<\/script>\n<!-- \/ Yoast SEO plugin. -->","yoast_head_json":{"title":"Nature Sauvage (performance de Caterina Perazzi et cepSound)","description":"PERFORMANCE INT\u00c9GRALE (10'), r\u00e9alis\u00e9e par Caterina Perazzi et cepSound lors de la pr\u00e9sentation de la collection hiver 2014\/2015 sign\u00e9e Jordane Somville.","robots":{"index":"index","follow":"follow","max-snippet":"max-snippet:-1","max-image-preview":"max-image-preview:large","max-video-preview":"max-video-preview:-1"},"canonical":"http:\/\/www.cepsound.com\/art\/performances\/nature-sauvage\/","og_locale":"fr_FR","og_type":"article","og_title":"Nature Sauvage (performance de Caterina Perazzi et cepSound)","og_description":"Performance r\u00e9alis\u00e9e par Caterina Perazzi et cepSound lors de la pr\u00e9sentation de la collection hiver 2014\/2015 sign\u00e9e Jordane Somville.","og_url":"http:\/\/www.cepsound.com\/art\/performances\/nature-sauvage\/","article_publisher":"https:\/\/www.facebook.com\/Cepsound-l-Charles-Eric-PEARD-169837659739132\/","article_modified_time":"2021-08-12T16:10:48+00:00","twitter_card":"summary_large_image","schema":{"@context":"https:\/\/schema.org","@graph":[{"@type":"WebPage","@id":"http:\/\/www.cepsound.com\/art\/performances\/nature-sauvage\/","url":"http:\/\/www.cepsound.com\/art\/performances\/nature-sauvage\/","name":"Nature Sauvage (performance de Caterina Perazzi et cepSound)","isPartOf":{"@id":"http:\/\/www.cepsound.com\/art\/#website"},"datePublished":"2016-09-19T16:47:20+00:00","dateModified":"2021-08-12T16:10:48+00:00","description":"PERFORMANCE INT\u00c9GRALE (10'), r\u00e9alis\u00e9e par Caterina Perazzi et cepSound lors de la pr\u00e9sentation de la collection hiver 2014\/2015 sign\u00e9e Jordane Somville.","breadcrumb":{"@id":"http:\/\/www.cepsound.com\/art\/performances\/nature-sauvage\/#breadcrumb"},"inLanguage":"fr-FR","potentialAction":[{"@type":"ReadAction","target":["http:\/\/www.cepsound.com\/art\/performances\/nature-sauvage\/"]}]},{"@type":"BreadcrumbList","@id":"http:\/\/www.cepsound.com\/art\/performances\/nature-sauvage\/#breadcrumb","itemListElement":[{"@type":"ListItem","position":1,"name":"Accueil","item":"http:\/\/www.cepsound.com\/art\/"},{"@type":"ListItem","position":2,"name":"Performances","item":"http:\/\/www.cepsound.com\/art\/performances\/"},{"@type":"ListItem","position":3,"name":"Nature sauvage"}]},{"@type":"WebSite","@id":"http:\/\/www.cepsound.com\/art\/#website","url":"http:\/\/www.cepsound.com\/art\/","name":"","description":"plasticien sonore | sound performer","potentialAction":[{"@type":"SearchAction","target":{"@type":"EntryPoint","urlTemplate":"http:\/\/www.cepsound.com\/art\/?s={search_term_string}"},"query-input":"required name=search_term_string"}],"inLanguage":"fr-FR"}]}},"_links":{"self":[{"href":"http:\/\/www.cepsound.com\/art\/wp-json\/wp\/v2\/pages\/536"}],"collection":[{"href":"http:\/\/www.cepsound.com\/art\/wp-json\/wp\/v2\/pages"}],"about":[{"href":"http:\/\/www.cepsound.com\/art\/wp-json\/wp\/v2\/types\/page"}],"author":[{"embeddable":true,"href":"http:\/\/www.cepsound.com\/art\/wp-json\/wp\/v2\/users\/1"}],"replies":[{"embeddable":true,"href":"http:\/\/www.cepsound.com\/art\/wp-json\/wp\/v2\/comments?post=536"}],"version-history":[{"count":27,"href":"http:\/\/www.cepsound.com\/art\/wp-json\/wp\/v2\/pages\/536\/revisions"}],"predecessor-version":[{"id":2520,"href":"http:\/\/www.cepsound.com\/art\/wp-json\/wp\/v2\/pages\/536\/revisions\/2520"}],"up":[{"embeddable":true,"href":"http:\/\/www.cepsound.com\/art\/wp-json\/wp\/v2\/pages\/1189"}],"wp:attachment":[{"href":"http:\/\/www.cepsound.com\/art\/wp-json\/wp\/v2\/media?parent=536"}],"curies":[{"name":"wp","href":"https:\/\/api.w.org\/{rel}","templated":true}]}}