{"id":538,"date":"2016-09-19T17:49:33","date_gmt":"2016-09-19T16:49:33","guid":{"rendered":"http:\/\/www.cepsound.com\/www-2\/?page_id=538"},"modified":"2021-08-12T17:26:37","modified_gmt":"2021-08-12T16:26:37","slug":"b-b-before-birth-2","status":"publish","type":"page","link":"http:\/\/www.cepsound.com\/art\/performances\/b-b-before-birth-2\/","title":{"rendered":"B-B &#8211; Before Birth #2"},"content":{"rendered":"<h6 style=\"text-align: right;\"><span style=\"color: #333333;\"><a style=\"color: #333333;\" href=\"http:\/\/www.cepsound.com\/art\/performances\/nature-sauvage\/\">&lt; PREVIOUS<\/a> | <a style=\"color: #333333;\" href=\"http:\/\/www.cepsound.com\/art\/performances\/\">RETOUR <\/a>| <a style=\"color: #333333;\" href=\"http:\/\/www.cepsound.com\/art\/performances\/genese-de-lapocalypse\/\">NEXT &gt;<\/a><\/span><\/h6>\n<h6><span style=\"color: #999999;\"><span style=\"color: #808080;\">installation\/performance<\/span><span class=\"style7 style7\"><br \/>\n<\/span><\/span><\/h6>\n<div class=\"n2-code\"><div class=\"flexslider ewic-slider-lite is_on_\" id=\"ewic-con-79869e077e127399\"><style>#ewic-con-79869e077e127399 .flex-direction-nav .flex-next, #ewic-con-79869e077e127399 .flex-direction-nav .flex-prev {opacity: 1;} #ewic-con-79869e077e127399 .flex-direction-nav .flex-next {right: 10px !important; text-align: right !important;} #ewic-con-79869e077e127399 .flex-direction-nav .flex-prev {left: 10px !important;}<\/style><div id=\"preloader-79869e077e127399\" class=\"sliderpreloader\"><\/div><ul style=\"display:none;\" class=\"slides flexslider-79869e077e127399\"><li class=\"ewic-slider\"><a href=\"http:\/\/www.cepsound.com\/art\/wp-content\/uploads\/sites\/3\/2016\/10\/B-B-2_01.jpg\" title=\"Vue de la performance B-B Before Birth #2\" rel=\"ewicprettyPhoto[79869e077e127399]\"><img title=\"Vue de la performance B-B Before Birth #2\" class=\"ewic-wid-imgs\" src=\"http:\/\/www.cepsound.com\/art\/wp-content\/uploads\/sites\/3\/2016\/10\/B-B-2_01.jpg\" \/><p class=\"flex-caption\">Vue de la performance B-B Before Birth #2<\/p><\/a><\/li><li class=\"ewic-slider\"><a href=\"http:\/\/www.cepsound.com\/art\/wp-content\/uploads\/sites\/3\/2016\/10\/B-B-2_02.jpg\" title=\"Vue de la performance B-B Before Birth #2\" rel=\"ewicprettyPhoto[79869e077e127399]\"><img title=\"Vue de la performance B-B Before Birth #2\" class=\"ewic-wid-imgs\" src=\"http:\/\/www.cepsound.com\/art\/wp-content\/uploads\/sites\/3\/2016\/10\/B-B-2_02.jpg\" \/><p class=\"flex-caption\">Vue de la performance B-B Before Birth #2<\/p><\/a><\/li><li class=\"ewic-slider\"><a href=\"http:\/\/www.cepsound.com\/art\/wp-content\/uploads\/sites\/3\/2016\/10\/B-B-2_03.jpg\" title=\"Vue de la performance B-B Before Birth #2\" rel=\"ewicprettyPhoto[79869e077e127399]\"><img title=\"Vue de la performance B-B Before Birth #2\" class=\"ewic-wid-imgs\" src=\"http:\/\/www.cepsound.com\/art\/wp-content\/uploads\/sites\/3\/2016\/10\/B-B-2_03.jpg\" \/><p class=\"flex-caption\">Vue de la performance B-B Before Birth #2<\/p><\/a><\/li><li class=\"ewic-slider\"><a href=\"http:\/\/www.cepsound.com\/art\/wp-content\/uploads\/sites\/3\/2016\/10\/B-B-2_04.jpg\" title=\"Vue de la performance B-B Before Birth #2\" rel=\"ewicprettyPhoto[79869e077e127399]\"><img title=\"Vue de la performance B-B Before Birth #2\" class=\"ewic-wid-imgs\" src=\"http:\/\/www.cepsound.com\/art\/wp-content\/uploads\/sites\/3\/2016\/10\/B-B-2_04.jpg\" \/><p class=\"flex-caption\">Vue de la performance B-B Before Birth #2<\/p><\/a><\/li><li class=\"ewic-slider\"><a href=\"http:\/\/www.cepsound.com\/art\/wp-content\/uploads\/sites\/3\/2016\/10\/B-B-2_05.jpg\" title=\"Vue de la structure de danse B-B Before Birth #2\" rel=\"ewicprettyPhoto[79869e077e127399]\"><img title=\"Vue de la structure de danse B-B Before Birth #2\" class=\"ewic-wid-imgs\" src=\"http:\/\/www.cepsound.com\/art\/wp-content\/uploads\/sites\/3\/2016\/10\/B-B-2_05.jpg\" \/><p class=\"flex-caption\">Vue de la structure de danse B-B Before Birth #2<\/p><\/a><\/li><li class=\"ewic-slider\"><a href=\"http:\/\/www.cepsound.com\/art\/wp-content\/uploads\/sites\/3\/2016\/10\/B-B-2_06.jpg\"  rel=\"ewicprettyPhoto[79869e077e127399]\"><img  class=\"ewic-wid-imgs\" src=\"http:\/\/www.cepsound.com\/art\/wp-content\/uploads\/sites\/3\/2016\/10\/B-B-2_06.jpg\" \/><p class=\"flex-caption\"><\/p><\/a><\/li><li class=\"ewic-slider\"><a href=\"http:\/\/www.cepsound.com\/art\/wp-content\/uploads\/sites\/3\/2016\/10\/B-B-2_07.jpg\"  rel=\"ewicprettyPhoto[79869e077e127399]\"><img  class=\"ewic-wid-imgs\" src=\"http:\/\/www.cepsound.com\/art\/wp-content\/uploads\/sites\/3\/2016\/10\/B-B-2_07.jpg\" \/><p class=\"flex-caption\"><\/p><\/a><\/li><\/ul><script type=\"text\/javascript\">\r\n\tjQuery(document).ready(function($) {\r\n\t\t\r\n\t\t$(\"#preloader-79869e077e127399\").fadeOut(500, function () {\r\n\t\t\t\r\n\t\t\t$(\"#ewic-con-79869e077e127399\").addClass(\"ready_to_show\");\r\n\t\t\t\r\n\t\t\t$(\"a[rel^='ewicprettyPhoto[79869e077e127399]']\").ewcPhoto({\r\n\t\t\t\ttheme: \"ewc_default\",\r\n\t\t\t\tallow_expand: false,\r\n\t\t\t\tdeeplinking: false,\r\n\t\t\t\tslideshow:12000,\r\n\t\t\t\tautoplay_slideshow:false,\r\n\t\t\t\tsocial_tools:false\r\n\t\t\t});\r\n\t\t\t\r\n\t\t\t$(\".flexslider-79869e077e127399\").fadeIn(300);\r\n\t\t\t\r\n\t\t\t$(\"#ewic-con-79869e077e127399\").flexslider({\r\n\t\t\t\tanimation: \"slide\",\r\n\t\t\t\tanimationSpeed: 0,\r\n\t\t\t\tuseCSS: false,\r\n\t\t\t\teasing: \"easeInOutCubic\",\r\n\t\t\t\tdirection: \"horizontal\",\r\n\t\t\t\tslideshow: true,\r\n\t\t\t\tsmoothHeight: true,\r\n\t\t\t\tpauseOnHover: true, \r\n\t\t\t\tcontrolNav: false,\r\n\t\t\t\tprevText: \"\",\r\n\t\t\t\tnextText: \"\",\r\n\t\t\t\trtl: false,\r\n\t\t\t\tslideshowSpeed: 12000,\r\n\t\t\t\tstart: function(slider){\r\n\t\t\t\t\t$(\"#ewic-con-79869e077e127399\").find(\".flex-caption\").hide();\r\n\t\t\t\t\tvar curSlide = slider.find(\"li.flex-active-slide\");\r\n\t\t\t\t\t$(curSlide).find(\".flex-caption\").slideDown();\r\n\t\t\t\t},\r\n\t\t\t\tbefore: function(slider) {\r\n\t\t\t\t\t$(\"#ewic-con-79869e077e127399\").find(\".flex-caption\").slideUp();\r\n\t\t\t\t},\r\n\t\t\t\tafter: function(slider) {\r\n\t\t\t\t\tvar curSlide = slider.find(\"li.flex-active-slide\");\r\n\t\t\t\t\t$(curSlide).find(\".flex-caption\").slideDown();\r\n\t\t\t\t}\r\n\t\t\t\t\r\n\t\t\t});\r\n\t\t\t\r\n\t\t});\r\n\t\t\t\r\n\t});\r\n<\/script><\/div>\r\n<\/div>\n<!--[if lt IE 9]><script>document.createElement('audio');<\/script><![endif]-->\n<audio class=\"wp-audio-shortcode\" id=\"audio-798-1\" preload=\"auto\" style=\"width: 100%;\" controls=\"controls\"><source type=\"audio\/mpeg\" src=\"http:\/\/www.cepsound.com\/wp-content\/uploads\/sites\/3\/2016\/09\/B-B_Before-Birth2_EXTRAIT.mp3?_=1\" \/><a href=\"http:\/\/www.cepsound.com\/wp-content\/uploads\/sites\/3\/2016\/09\/B-B_Before-Birth2_EXTRAIT.mp3\">http:\/\/www.cepsound.com\/wp-content\/uploads\/sites\/3\/2016\/09\/B-B_Before-Birth2_EXTRAIT.mp3<\/a><\/audio>\n<h6 style=\"padding-left: 30px;\"><span style=\"color: #808080;\">EXTRAIT SONORE (2&#8217;38)<\/span><\/h6>\n<hr \/>\n<blockquote>\n<p style=\"text-align: left;\"><span style=\"color: #808080;\"><em>Dans une installation a\u00e9rienne et aquatique travers\u00e9e par la danse, Caterina Perazzi invite \u00e0 faire l\u2019exp\u00e9rience\u00a0de la dimension matricielle collective. Les spectateurs entrent dans un espace sonore et visuel intime\u00a0: les images projet\u00e9es ont \u00e9t\u00e9 film\u00e9es pendant sa grossesse et les \u00e9l\u00e9ments de la composition sonore proviennent des battements cardiaques du f\u0153tus et de la m\u00e8re, ainsi que des prises de vue subaquatiques. Il s\u2019agit de partager avec le public la sensation existentielle d\u2019appartenance \u2013 d\u2019\u00eatre \u00e0 la fois contenue, et\u00a0contenu \u2013 sensation exacerb\u00e9e par le fait d\u2019\u00eatre enceinte, \u00e9tant devenue soi-m\u00eame\u00a0contenant, matrice. Le cocon ut\u00e9rin du f\u0153tus rappelle le cocon que constitue le\u00a0cosmos pour l\u2019Homme : la matrice physique et psychique \u00e0 laquelle nous sommes\u00a0reli\u00e9s et sans laquelle on ne saurait\/pourrait \u00eatre ni percevoir. <\/em>\u00bb<\/span><\/p>\n<hr \/>\n<\/blockquote>\n<p><span style=\"color: #999999;\"><span style=\"color: #808080;\"><strong>corps &amp; dispositif vid\u00e9o : <\/strong>Caterina Perazzi<strong><br \/>\ncomposition sonore live &amp; dispositif vid\u00e9o :<\/strong> Charles-Eric Peard<\/span><\/span><\/p>\n<p><span style=\"color: #808080;\"><strong>images film\u00e9es en France :<\/strong> St\u00e9phane Lavoix, Serge Goethals, Mathilde Bertrandy &amp; Jean-Fran\u00e7ois Poltorak<br \/>\n<strong>images film\u00e9es en Italie :<\/strong> Alessandro Stellari &amp; Federico Tinelli<\/span><\/p>\n<p><span style=\"color: #808080;\"><strong><span class=\"style7 style7\">dur\u00e9e : <\/span><\/strong><span class=\"style7 style7\">20 min.<br \/>\n<\/span><strong><span class=\"style7 style7\"> dates : <\/span><\/strong><span class=\"style7 style7\">29 et 30 juin 2013 au <\/span><span class=\"style7 style7\"><a style=\"color: #808080;\" href=\"http:\/\/henokia1.wixsite.com\/henokia\/festivaldesephemeres\" target=\"_blank\" rel=\"noopener\">festival <span style=\"color: #333333;\"><em>H2O<\/em><\/span><\/a> (Paris) et 10 ao\u00fbt 2013 au <\/span><\/span><a href=\"https:\/\/www.le6b.fr\/\" target=\"_blank\" rel=\"noopener\"><span class=\"style7 style7\"><span style=\"color: #808080;\">festival <\/span><em><span style=\"color: #808080;\"><span style=\"color: #333333;\">FAR<\/span><\/span><\/em><\/span><\/a><span class=\"style7 style7\"><span style=\"color: #808080;\">\u00a0(L&#8217;Ile-Saint-Denis)<\/span><\/span><\/p>\n<p><span style=\"color: #808080;\">performance ayant b\u00e9n\u00e9fici\u00e9 d&#8217;une <strong>r\u00e9sidence<\/strong> <strong>artistique<\/strong> \u00e0 l&#8217;Antre-Loup (Gourvilliers, France)<\/span><\/p>\n","protected":false},"excerpt":{"rendered":"<p>&lt; PREVIOUS | RETOUR | NEXT &gt; installation\/performance EXTRAIT SONORE (2&#8217;38) Dans une installation a\u00e9rienne et aquatique travers\u00e9e par la danse, Caterina Perazzi invite \u00e0&#8230;<\/p>\n","protected":false},"author":1,"featured_media":0,"parent":1189,"menu_order":0,"comment_status":"closed","ping_status":"closed","template":"","meta":[],"yoast_head":"<!-- This site is optimized with the Yoast SEO plugin v19.13 - https:\/\/yoast.com\/wordpress\/plugins\/seo\/ -->\n<title>B-B Before Birth #2 (performance de Caterina Perazzi et cepSound)<\/title>\n<meta name=\"description\" content=\"EXTRAIT SONORE (2&#039;38), performance a\u00e9rienne et aquatique travers\u00e9e par la danse, de Caterina Perazzi et cepSound (Charles-Eric P\u00e9ard).\" \/>\n<meta name=\"robots\" content=\"index, follow, max-snippet:-1, max-image-preview:large, max-video-preview:-1\" \/>\n<link rel=\"canonical\" href=\"https:\/\/www.cepsound.com\/art\/performances\/b-b-before-birth-2\/\" \/>\n<meta property=\"og:locale\" content=\"fr_FR\" \/>\n<meta property=\"og:type\" content=\"article\" \/>\n<meta property=\"og:title\" content=\"B-B Before Birth #2 (performance de Caterina Perazzi et cepSound)\" \/>\n<meta property=\"og:description\" content=\"EXTRAIT SONORE (2&#039;38), performance a\u00e9rienne et aquatique travers\u00e9e par la danse, de Caterina Perazzi et cepSound (Charles-Eric P\u00e9ard).\" \/>\n<meta property=\"og:url\" content=\"https:\/\/www.cepsound.com\/art\/performances\/b-b-before-birth-2\/\" \/>\n<meta property=\"article:publisher\" content=\"https:\/\/www.facebook.com\/Cepsound-l-Charles-Eric-PEARD-169837659739132\/\" \/>\n<meta property=\"article:modified_time\" content=\"2021-08-12T16:26:37+00:00\" \/>\n<meta name=\"twitter:card\" content=\"summary_large_image\" \/>\n<meta name=\"twitter:label1\" content=\"Dur\u00e9e de lecture estim\u00e9e\" \/>\n\t<meta name=\"twitter:data1\" content=\"1 minute\" \/>\n<script type=\"application\/ld+json\" class=\"yoast-schema-graph\">{\"@context\":\"https:\/\/schema.org\",\"@graph\":[{\"@type\":\"WebPage\",\"@id\":\"https:\/\/www.cepsound.com\/art\/performances\/b-b-before-birth-2\/\",\"url\":\"https:\/\/www.cepsound.com\/art\/performances\/b-b-before-birth-2\/\",\"name\":\"B-B Before Birth #2 (performance de Caterina Perazzi et cepSound)\",\"isPartOf\":{\"@id\":\"http:\/\/www.cepsound.com\/art\/#website\"},\"datePublished\":\"2016-09-19T16:49:33+00:00\",\"dateModified\":\"2021-08-12T16:26:37+00:00\",\"description\":\"EXTRAIT SONORE (2'38), performance a\u00e9rienne et aquatique travers\u00e9e par la danse, de Caterina Perazzi et cepSound (Charles-Eric P\u00e9ard).\",\"breadcrumb\":{\"@id\":\"https:\/\/www.cepsound.com\/art\/performances\/b-b-before-birth-2\/#breadcrumb\"},\"inLanguage\":\"fr-FR\",\"potentialAction\":[{\"@type\":\"ReadAction\",\"target\":[\"https:\/\/www.cepsound.com\/art\/performances\/b-b-before-birth-2\/\"]}]},{\"@type\":\"BreadcrumbList\",\"@id\":\"https:\/\/www.cepsound.com\/art\/performances\/b-b-before-birth-2\/#breadcrumb\",\"itemListElement\":[{\"@type\":\"ListItem\",\"position\":1,\"name\":\"Accueil\",\"item\":\"http:\/\/www.cepsound.com\/art\/\"},{\"@type\":\"ListItem\",\"position\":2,\"name\":\"Performances\",\"item\":\"http:\/\/www.cepsound.com\/art\/performances\/\"},{\"@type\":\"ListItem\",\"position\":3,\"name\":\"B-B &#8211; Before Birth #2\"}]},{\"@type\":\"WebSite\",\"@id\":\"http:\/\/www.cepsound.com\/art\/#website\",\"url\":\"http:\/\/www.cepsound.com\/art\/\",\"name\":\"\",\"description\":\"plasticien sonore | sound performer\",\"potentialAction\":[{\"@type\":\"SearchAction\",\"target\":{\"@type\":\"EntryPoint\",\"urlTemplate\":\"http:\/\/www.cepsound.com\/art\/?s={search_term_string}\"},\"query-input\":\"required name=search_term_string\"}],\"inLanguage\":\"fr-FR\"}]}<\/script>\n<!-- \/ Yoast SEO plugin. -->","yoast_head_json":{"title":"B-B Before Birth #2 (performance de Caterina Perazzi et cepSound)","description":"EXTRAIT SONORE (2'38), performance a\u00e9rienne et aquatique travers\u00e9e par la danse, de Caterina Perazzi et cepSound (Charles-Eric P\u00e9ard).","robots":{"index":"index","follow":"follow","max-snippet":"max-snippet:-1","max-image-preview":"max-image-preview:large","max-video-preview":"max-video-preview:-1"},"canonical":"https:\/\/www.cepsound.com\/art\/performances\/b-b-before-birth-2\/","og_locale":"fr_FR","og_type":"article","og_title":"B-B Before Birth #2 (performance de Caterina Perazzi et cepSound)","og_description":"EXTRAIT SONORE (2'38), performance a\u00e9rienne et aquatique travers\u00e9e par la danse, de Caterina Perazzi et cepSound (Charles-Eric P\u00e9ard).","og_url":"https:\/\/www.cepsound.com\/art\/performances\/b-b-before-birth-2\/","article_publisher":"https:\/\/www.facebook.com\/Cepsound-l-Charles-Eric-PEARD-169837659739132\/","article_modified_time":"2021-08-12T16:26:37+00:00","twitter_card":"summary_large_image","twitter_misc":{"Dur\u00e9e de lecture estim\u00e9e":"1 minute"},"schema":{"@context":"https:\/\/schema.org","@graph":[{"@type":"WebPage","@id":"https:\/\/www.cepsound.com\/art\/performances\/b-b-before-birth-2\/","url":"https:\/\/www.cepsound.com\/art\/performances\/b-b-before-birth-2\/","name":"B-B Before Birth #2 (performance de Caterina Perazzi et cepSound)","isPartOf":{"@id":"http:\/\/www.cepsound.com\/art\/#website"},"datePublished":"2016-09-19T16:49:33+00:00","dateModified":"2021-08-12T16:26:37+00:00","description":"EXTRAIT SONORE (2'38), performance a\u00e9rienne et aquatique travers\u00e9e par la danse, de Caterina Perazzi et cepSound (Charles-Eric P\u00e9ard).","breadcrumb":{"@id":"https:\/\/www.cepsound.com\/art\/performances\/b-b-before-birth-2\/#breadcrumb"},"inLanguage":"fr-FR","potentialAction":[{"@type":"ReadAction","target":["https:\/\/www.cepsound.com\/art\/performances\/b-b-before-birth-2\/"]}]},{"@type":"BreadcrumbList","@id":"https:\/\/www.cepsound.com\/art\/performances\/b-b-before-birth-2\/#breadcrumb","itemListElement":[{"@type":"ListItem","position":1,"name":"Accueil","item":"http:\/\/www.cepsound.com\/art\/"},{"@type":"ListItem","position":2,"name":"Performances","item":"http:\/\/www.cepsound.com\/art\/performances\/"},{"@type":"ListItem","position":3,"name":"B-B &#8211; Before Birth #2"}]},{"@type":"WebSite","@id":"http:\/\/www.cepsound.com\/art\/#website","url":"http:\/\/www.cepsound.com\/art\/","name":"","description":"plasticien sonore | sound performer","potentialAction":[{"@type":"SearchAction","target":{"@type":"EntryPoint","urlTemplate":"http:\/\/www.cepsound.com\/art\/?s={search_term_string}"},"query-input":"required name=search_term_string"}],"inLanguage":"fr-FR"}]}},"_links":{"self":[{"href":"http:\/\/www.cepsound.com\/art\/wp-json\/wp\/v2\/pages\/538"}],"collection":[{"href":"http:\/\/www.cepsound.com\/art\/wp-json\/wp\/v2\/pages"}],"about":[{"href":"http:\/\/www.cepsound.com\/art\/wp-json\/wp\/v2\/types\/page"}],"author":[{"embeddable":true,"href":"http:\/\/www.cepsound.com\/art\/wp-json\/wp\/v2\/users\/1"}],"replies":[{"embeddable":true,"href":"http:\/\/www.cepsound.com\/art\/wp-json\/wp\/v2\/comments?post=538"}],"version-history":[{"count":51,"href":"http:\/\/www.cepsound.com\/art\/wp-json\/wp\/v2\/pages\/538\/revisions"}],"predecessor-version":[{"id":2537,"href":"http:\/\/www.cepsound.com\/art\/wp-json\/wp\/v2\/pages\/538\/revisions\/2537"}],"up":[{"embeddable":true,"href":"http:\/\/www.cepsound.com\/art\/wp-json\/wp\/v2\/pages\/1189"}],"wp:attachment":[{"href":"http:\/\/www.cepsound.com\/art\/wp-json\/wp\/v2\/media?parent=538"}],"curies":[{"name":"wp","href":"https:\/\/api.w.org\/{rel}","templated":true}]}}