{"id":542,"date":"2016-09-19T17:55:08","date_gmt":"2016-09-19T16:55:08","guid":{"rendered":"http:\/\/www.cepsound.com\/www-2\/?page_id=542"},"modified":"2021-08-12T17:17:41","modified_gmt":"2021-08-12T16:17:41","slug":"b-b-before-birth-1","status":"publish","type":"page","link":"http:\/\/www.cepsound.com\/art\/performances\/b-b-before-birth-1\/","title":{"rendered":"B-B &#8211; Before Birth"},"content":{"rendered":"<h6 style=\"text-align: right;\"><span style=\"color: #333333;\"><a style=\"color: #333333;\" href=\"http:\/\/www.cepsound.com\/art\/performances\/genese-de-lapocalypse\/\">&lt; PREVIOUS<\/a> | <a style=\"color: #333333;\" href=\"http:\/\/www.cepsound.com\/art\/performances\/\">RETOUR <\/a>| <a style=\"color: #333333;\" href=\"http:\/\/www.cepsound.com\/art\/performances\/qui-est-la\/\">NEXT &gt;<\/a><\/span><\/h6>\n<h6 style=\"text-align: left;\"><span style=\"color: #808080;\">installation\/performance<\/span><\/h6>\n<div class=\"n2-code\"><div class=\"flexslider ewic-slider-lite is_on_\" id=\"ewic-con-80269f1926d671d7\"><style>#ewic-con-80269f1926d671d7 .flex-direction-nav .flex-next, #ewic-con-80269f1926d671d7 .flex-direction-nav .flex-prev {opacity: 1;} #ewic-con-80269f1926d671d7 .flex-direction-nav .flex-next {right: 10px !important; text-align: right !important;} #ewic-con-80269f1926d671d7 .flex-direction-nav .flex-prev {left: 10px !important;}<\/style><div id=\"preloader-80269f1926d671d7\" class=\"sliderpreloader\"><\/div><ul style=\"display:none;\" class=\"slides flexslider-80269f1926d671d7\"><li class=\"ewic-slider\"><a href=\"http:\/\/www.cepsound.com\/art\/wp-content\/uploads\/sites\/3\/2016\/10\/B-B-1_01.jpg\"  rel=\"ewicprettyPhoto[80269f1926d671d7]\"><img  class=\"ewic-wid-imgs\" src=\"http:\/\/www.cepsound.com\/art\/wp-content\/uploads\/sites\/3\/2016\/10\/B-B-1_01.jpg\" \/><p class=\"flex-caption\"><\/p><\/a><\/li><li class=\"ewic-slider\"><a href=\"http:\/\/www.cepsound.com\/art\/wp-content\/uploads\/sites\/3\/2016\/10\/B-B-1_02.jpg\"  rel=\"ewicprettyPhoto[80269f1926d671d7]\"><img  class=\"ewic-wid-imgs\" src=\"http:\/\/www.cepsound.com\/art\/wp-content\/uploads\/sites\/3\/2016\/10\/B-B-1_02.jpg\" \/><p class=\"flex-caption\"><\/p><\/a><\/li><li class=\"ewic-slider\"><a href=\"http:\/\/www.cepsound.com\/art\/wp-content\/uploads\/sites\/3\/2016\/10\/B-B-1_03.jpg\"  rel=\"ewicprettyPhoto[80269f1926d671d7]\"><img  class=\"ewic-wid-imgs\" src=\"http:\/\/www.cepsound.com\/art\/wp-content\/uploads\/sites\/3\/2016\/10\/B-B-1_03.jpg\" \/><p class=\"flex-caption\"><\/p><\/a><\/li><li class=\"ewic-slider\"><a href=\"http:\/\/www.cepsound.com\/art\/wp-content\/uploads\/sites\/3\/2016\/10\/B-B-1_05.jpg\"  rel=\"ewicprettyPhoto[80269f1926d671d7]\"><img  class=\"ewic-wid-imgs\" src=\"http:\/\/www.cepsound.com\/art\/wp-content\/uploads\/sites\/3\/2016\/10\/B-B-1_05.jpg\" \/><p class=\"flex-caption\"><\/p><\/a><\/li><li class=\"ewic-slider\"><a href=\"http:\/\/www.cepsound.com\/art\/wp-content\/uploads\/sites\/3\/2016\/10\/B-B-1_04.jpg\"  rel=\"ewicprettyPhoto[80269f1926d671d7]\"><img  class=\"ewic-wid-imgs\" src=\"http:\/\/www.cepsound.com\/art\/wp-content\/uploads\/sites\/3\/2016\/10\/B-B-1_04.jpg\" \/><p class=\"flex-caption\"><\/p><\/a><\/li><\/ul><script type=\"text\/javascript\">\r\n\tjQuery(document).ready(function($) {\r\n\t\t\r\n\t\t$(\"#preloader-80269f1926d671d7\").fadeOut(500, function () {\r\n\t\t\t\r\n\t\t\t$(\"#ewic-con-80269f1926d671d7\").addClass(\"ready_to_show\");\r\n\t\t\t\r\n\t\t\t$(\"a[rel^='ewicprettyPhoto[80269f1926d671d7]']\").ewcPhoto({\r\n\t\t\t\ttheme: \"ewc_default\",\r\n\t\t\t\tallow_expand: false,\r\n\t\t\t\tdeeplinking: false,\r\n\t\t\t\tslideshow:12000,\r\n\t\t\t\tautoplay_slideshow:false,\r\n\t\t\t\tsocial_tools:false\r\n\t\t\t});\r\n\t\t\t\r\n\t\t\t$(\".flexslider-80269f1926d671d7\").fadeIn(300);\r\n\t\t\t\r\n\t\t\t$(\"#ewic-con-80269f1926d671d7\").flexslider({\r\n\t\t\t\tanimation: \"slide\",\r\n\t\t\t\tanimationSpeed: 0,\r\n\t\t\t\tuseCSS: false,\r\n\t\t\t\teasing: \"easeInOutCubic\",\r\n\t\t\t\tdirection: \"horizontal\",\r\n\t\t\t\tslideshow: true,\r\n\t\t\t\tsmoothHeight: true,\r\n\t\t\t\tpauseOnHover: true, \r\n\t\t\t\tcontrolNav: false,\r\n\t\t\t\tprevText: \"\",\r\n\t\t\t\tnextText: \"\",\r\n\t\t\t\trtl: false,\r\n\t\t\t\tslideshowSpeed: 12000,\r\n\t\t\t\tstart: function(slider){\r\n\t\t\t\t\t$(\"#ewic-con-80269f1926d671d7\").find(\".flex-caption\").hide();\r\n\t\t\t\t\tvar curSlide = slider.find(\"li.flex-active-slide\");\r\n\t\t\t\t\t$(curSlide).find(\".flex-caption\").slideDown();\r\n\t\t\t\t},\r\n\t\t\t\tbefore: function(slider) {\r\n\t\t\t\t\t$(\"#ewic-con-80269f1926d671d7\").find(\".flex-caption\").slideUp();\r\n\t\t\t\t},\r\n\t\t\t\tafter: function(slider) {\r\n\t\t\t\t\tvar curSlide = slider.find(\"li.flex-active-slide\");\r\n\t\t\t\t\t$(curSlide).find(\".flex-caption\").slideDown();\r\n\t\t\t\t}\r\n\t\t\t\t\r\n\t\t\t});\r\n\t\t\t\r\n\t\t});\r\n\t\t\t\r\n\t});\r\n<\/script><\/div>\r\n<\/div>\n<div class=\"n2-code\"><\/div>\n<!--[if lt IE 9]><script>document.createElement('audio');<\/script><![endif]-->\n<audio class=\"wp-audio-shortcode\" id=\"audio-802-1\" preload=\"auto\" style=\"width: 100%;\" controls=\"controls\"><source type=\"audio\/mpeg\" src=\"http:\/\/www.cepsound.com\/wp-content\/uploads\/sites\/3\/2016\/09\/B-B_Before-Birth1_EXTRAIT.mp3?_=1\" \/><a href=\"http:\/\/www.cepsound.com\/wp-content\/uploads\/sites\/3\/2016\/09\/B-B_Before-Birth1_EXTRAIT.mp3\">http:\/\/www.cepsound.com\/wp-content\/uploads\/sites\/3\/2016\/09\/B-B_Before-Birth1_EXTRAIT.mp3<\/a><\/audio>\n<h6 style=\"padding-left: 30px;\"><span style=\"color: #808080;\">EXTRAIT SONORE (3 min.)<br \/>\n<\/span><\/h6>\n<hr \/>\n<div id=\"apDiv2\" class=\"style5\">\n<blockquote>\n<p class=\"style7\"><span style=\"color: #808080;\"><span class=\"style7 style7\"><em>B-B est con\u00e7u comme une installation. Sa dramaturgie ne s\u2019\u00e9crit pas dans un d\u00e9veloppement lin\u00e9aire : les spectateurs y font l\u2019exp\u00e9rience d\u2019un espace-temps suspendu, cet infini conceptuel qui pr\u00e9c\u00e8de la naissance au monde. <\/em>\u00bb<em><br \/>\n<\/em><\/span><\/span><\/p>\n<p class=\"style7\"><span style=\"color: #808080;\"><strong><span class=\"style7 style7\">Caterina Perazzi<\/span><\/strong><\/span><\/p>\n<hr \/>\n<\/blockquote>\n<p class=\"style7\"><span style=\"color: #808080;\"><span class=\"style7 style7\"><span style=\"color: #808080;\"><strong>dur\u00e9e<\/strong> : 20 min.<\/span><br \/>\n<span style=\"color: #808080;\"> <strong>dates :<\/strong> samedi 10 novembre 2012 sur la P\u00e9niche <em>Nidifier<\/em> (face au<\/span><span style=\"color: #333333;\"> <a style=\"color: #333333;\" href=\"http:\/\/www.le6b.fr\/\" target=\"_blank\" rel=\"noopener\">6B<\/a><\/span>, 6-10 quai de Seine, 93200 Saint-Denis)<\/span> &amp; mardi 13 novembre 2012 \u00e0 la Galerie Espace R\u00e9duit (10 rue Jean Mac\u00e9 75011 Paris)<strong><br \/>\n<\/strong><\/span><\/p>\n<p class=\"style7\"><span style=\"color: #808080;\"><strong>concept et performance :<\/strong> Caterina Perazzi<\/span><br \/>\n<span style=\"color: #808080;\"><strong> son &amp; vid\u00e9o live :<\/strong> Charles-Eric P\u00e9ard<\/span><br \/>\n<span style=\"color: #808080;\"><strong> programmation et effets vid\u00e9o :<\/strong> St\u00e9phane Lavoix<\/span><br \/>\n<span style=\"color: #808080;\"><strong> images film\u00e9es :<\/strong> Alessandro Stellari et Federico Tinelli<\/span><\/p>\n<\/div>\n","protected":false},"excerpt":{"rendered":"<p>&lt; PREVIOUS | RETOUR | NEXT &gt; installation\/performance EXTRAIT SONORE (3 min.) B-B est con\u00e7u comme une installation. Sa dramaturgie ne s\u2019\u00e9crit pas dans un&#8230;<\/p>\n","protected":false},"author":1,"featured_media":0,"parent":1189,"menu_order":0,"comment_status":"closed","ping_status":"closed","template":"","meta":[],"yoast_head":"<!-- This site is optimized with the Yoast SEO plugin v19.13 - https:\/\/yoast.com\/wordpress\/plugins\/seo\/ -->\n<title>B-B - Before Birth (performance de Caterina Perazzi et cepSound)<\/title>\n<meta name=\"description\" content=\"EXTRAIT SONORE (3 min.), installation\/performance de Caterina Perazzi et cepSound (Charles-Eric P\u00e9ard). 6B, Galerie Espace R\u00e9duit. 2012.\" \/>\n<meta name=\"robots\" content=\"index, follow, max-snippet:-1, max-image-preview:large, max-video-preview:-1\" \/>\n<link rel=\"canonical\" href=\"http:\/\/www.cepsound.com\/art\/performances\/b-b-before-birth-1\/\" \/>\n<meta property=\"og:locale\" content=\"fr_FR\" \/>\n<meta property=\"og:type\" content=\"article\" \/>\n<meta property=\"og:title\" content=\"B-B - Before Birth (performance de Caterina Perazzi et cepSound)\" \/>\n<meta property=\"og:description\" content=\"EXTRAIT SONORE (3 min.), installation\/performance de Caterina Perazzi et cepSound (Charles-Eric P\u00e9ard). 6B, Galerie Espace R\u00e9duit. 2012.\" \/>\n<meta property=\"og:url\" content=\"http:\/\/www.cepsound.com\/art\/performances\/b-b-before-birth-1\/\" \/>\n<meta property=\"article:publisher\" content=\"https:\/\/www.facebook.com\/Cepsound-l-Charles-Eric-PEARD-169837659739132\/\" \/>\n<meta property=\"article:modified_time\" content=\"2021-08-12T16:17:41+00:00\" \/>\n<meta name=\"twitter:card\" content=\"summary_large_image\" \/>\n<meta name=\"twitter:label1\" content=\"Dur\u00e9e de lecture estim\u00e9e\" \/>\n\t<meta name=\"twitter:data1\" content=\"1 minute\" \/>\n<script type=\"application\/ld+json\" class=\"yoast-schema-graph\">{\"@context\":\"https:\/\/schema.org\",\"@graph\":[{\"@type\":\"WebPage\",\"@id\":\"http:\/\/www.cepsound.com\/art\/performances\/b-b-before-birth-1\/\",\"url\":\"http:\/\/www.cepsound.com\/art\/performances\/b-b-before-birth-1\/\",\"name\":\"B-B - Before Birth (performance de Caterina Perazzi et cepSound)\",\"isPartOf\":{\"@id\":\"https:\/\/www.cepsound.com\/art\/#website\"},\"datePublished\":\"2016-09-19T16:55:08+00:00\",\"dateModified\":\"2021-08-12T16:17:41+00:00\",\"description\":\"EXTRAIT SONORE (3 min.), installation\/performance de Caterina Perazzi et cepSound (Charles-Eric P\u00e9ard). 6B, Galerie Espace R\u00e9duit. 2012.\",\"breadcrumb\":{\"@id\":\"http:\/\/www.cepsound.com\/art\/performances\/b-b-before-birth-1\/#breadcrumb\"},\"inLanguage\":\"fr-FR\",\"potentialAction\":[{\"@type\":\"ReadAction\",\"target\":[\"http:\/\/www.cepsound.com\/art\/performances\/b-b-before-birth-1\/\"]}]},{\"@type\":\"BreadcrumbList\",\"@id\":\"http:\/\/www.cepsound.com\/art\/performances\/b-b-before-birth-1\/#breadcrumb\",\"itemListElement\":[{\"@type\":\"ListItem\",\"position\":1,\"name\":\"Accueil\",\"item\":\"https:\/\/www.cepsound.com\/art\/\"},{\"@type\":\"ListItem\",\"position\":2,\"name\":\"Performances\",\"item\":\"http:\/\/www.cepsound.com\/art\/performances\/\"},{\"@type\":\"ListItem\",\"position\":3,\"name\":\"B-B &#8211; Before Birth\"}]},{\"@type\":\"WebSite\",\"@id\":\"https:\/\/www.cepsound.com\/art\/#website\",\"url\":\"https:\/\/www.cepsound.com\/art\/\",\"name\":\"\",\"description\":\"plasticien sonore | sound performer\",\"potentialAction\":[{\"@type\":\"SearchAction\",\"target\":{\"@type\":\"EntryPoint\",\"urlTemplate\":\"https:\/\/www.cepsound.com\/art\/?s={search_term_string}\"},\"query-input\":\"required name=search_term_string\"}],\"inLanguage\":\"fr-FR\"}]}<\/script>\n<!-- \/ Yoast SEO plugin. -->","yoast_head_json":{"title":"B-B - Before Birth (performance de Caterina Perazzi et cepSound)","description":"EXTRAIT SONORE (3 min.), installation\/performance de Caterina Perazzi et cepSound (Charles-Eric P\u00e9ard). 6B, Galerie Espace R\u00e9duit. 2012.","robots":{"index":"index","follow":"follow","max-snippet":"max-snippet:-1","max-image-preview":"max-image-preview:large","max-video-preview":"max-video-preview:-1"},"canonical":"http:\/\/www.cepsound.com\/art\/performances\/b-b-before-birth-1\/","og_locale":"fr_FR","og_type":"article","og_title":"B-B - Before Birth (performance de Caterina Perazzi et cepSound)","og_description":"EXTRAIT SONORE (3 min.), installation\/performance de Caterina Perazzi et cepSound (Charles-Eric P\u00e9ard). 6B, Galerie Espace R\u00e9duit. 2012.","og_url":"http:\/\/www.cepsound.com\/art\/performances\/b-b-before-birth-1\/","article_publisher":"https:\/\/www.facebook.com\/Cepsound-l-Charles-Eric-PEARD-169837659739132\/","article_modified_time":"2021-08-12T16:17:41+00:00","twitter_card":"summary_large_image","twitter_misc":{"Dur\u00e9e de lecture estim\u00e9e":"1 minute"},"schema":{"@context":"https:\/\/schema.org","@graph":[{"@type":"WebPage","@id":"http:\/\/www.cepsound.com\/art\/performances\/b-b-before-birth-1\/","url":"http:\/\/www.cepsound.com\/art\/performances\/b-b-before-birth-1\/","name":"B-B - Before Birth (performance de Caterina Perazzi et cepSound)","isPartOf":{"@id":"https:\/\/www.cepsound.com\/art\/#website"},"datePublished":"2016-09-19T16:55:08+00:00","dateModified":"2021-08-12T16:17:41+00:00","description":"EXTRAIT SONORE (3 min.), installation\/performance de Caterina Perazzi et cepSound (Charles-Eric P\u00e9ard). 6B, Galerie Espace R\u00e9duit. 2012.","breadcrumb":{"@id":"http:\/\/www.cepsound.com\/art\/performances\/b-b-before-birth-1\/#breadcrumb"},"inLanguage":"fr-FR","potentialAction":[{"@type":"ReadAction","target":["http:\/\/www.cepsound.com\/art\/performances\/b-b-before-birth-1\/"]}]},{"@type":"BreadcrumbList","@id":"http:\/\/www.cepsound.com\/art\/performances\/b-b-before-birth-1\/#breadcrumb","itemListElement":[{"@type":"ListItem","position":1,"name":"Accueil","item":"https:\/\/www.cepsound.com\/art\/"},{"@type":"ListItem","position":2,"name":"Performances","item":"http:\/\/www.cepsound.com\/art\/performances\/"},{"@type":"ListItem","position":3,"name":"B-B &#8211; Before Birth"}]},{"@type":"WebSite","@id":"https:\/\/www.cepsound.com\/art\/#website","url":"https:\/\/www.cepsound.com\/art\/","name":"","description":"plasticien sonore | sound performer","potentialAction":[{"@type":"SearchAction","target":{"@type":"EntryPoint","urlTemplate":"https:\/\/www.cepsound.com\/art\/?s={search_term_string}"},"query-input":"required name=search_term_string"}],"inLanguage":"fr-FR"}]}},"_links":{"self":[{"href":"http:\/\/www.cepsound.com\/art\/wp-json\/wp\/v2\/pages\/542"}],"collection":[{"href":"http:\/\/www.cepsound.com\/art\/wp-json\/wp\/v2\/pages"}],"about":[{"href":"http:\/\/www.cepsound.com\/art\/wp-json\/wp\/v2\/types\/page"}],"author":[{"embeddable":true,"href":"http:\/\/www.cepsound.com\/art\/wp-json\/wp\/v2\/users\/1"}],"replies":[{"embeddable":true,"href":"http:\/\/www.cepsound.com\/art\/wp-json\/wp\/v2\/comments?post=542"}],"version-history":[{"count":29,"href":"http:\/\/www.cepsound.com\/art\/wp-json\/wp\/v2\/pages\/542\/revisions"}],"predecessor-version":[{"id":2526,"href":"http:\/\/www.cepsound.com\/art\/wp-json\/wp\/v2\/pages\/542\/revisions\/2526"}],"up":[{"embeddable":true,"href":"http:\/\/www.cepsound.com\/art\/wp-json\/wp\/v2\/pages\/1189"}],"wp:attachment":[{"href":"http:\/\/www.cepsound.com\/art\/wp-json\/wp\/v2\/media?parent=542"}],"curies":[{"name":"wp","href":"https:\/\/api.w.org\/{rel}","templated":true}]}}