{"id":546,"date":"2016-09-19T17:59:38","date_gmt":"2016-09-19T16:59:38","guid":{"rendered":"http:\/\/www.cepsound.com\/www-2\/?page_id=546"},"modified":"2016-11-30T23:24:42","modified_gmt":"2016-11-30T22:24:42","slug":"qui-est-la","status":"publish","type":"page","link":"http:\/\/www.cepsound.com\/art\/performances\/qui-est-la\/","title":{"rendered":"QUI EST L\u00c0 ?"},"content":{"rendered":"<h6 style=\"text-align: right;\"><span style=\"color: #333333;\"><a style=\"color: #333333;\" href=\"http:\/\/www.cepsound.com\/art\/performances\/b-b-before-birth-1\/\">&lt; PREVIOUS<\/a> | <a style=\"color: #333333;\" href=\"http:\/\/www.cepsound.com\/art\/performances\/\">RETOUR <\/a>| <a style=\"color: #333333;\" href=\"http:\/\/www.cepsound.com\/art\/performances\/nature-morte-esperance\/\">NEXT &gt;<\/a><\/span><\/h6>\n<h6 style=\"text-align: left;\"><span style=\"color: #808080;\">performance<\/span><\/h6>\n<div class=\"n2-code\"><div class=\"flexslider ewic-slider-lite is_on_\" id=\"ewic-con-82169f1a6f7c49a9\"><style>#ewic-con-82169f1a6f7c49a9 .flex-direction-nav .flex-next, #ewic-con-82169f1a6f7c49a9 .flex-direction-nav .flex-prev {opacity: 1;} #ewic-con-82169f1a6f7c49a9 .flex-direction-nav .flex-next {right: 10px !important; text-align: right !important;} #ewic-con-82169f1a6f7c49a9 .flex-direction-nav .flex-prev {left: 10px !important;}<\/style><div id=\"preloader-82169f1a6f7c49a9\" class=\"sliderpreloader\"><\/div><ul style=\"display:none;\" class=\"slides flexslider-82169f1a6f7c49a9\"><li class=\"ewic-slider\"><a href=\"http:\/\/www.cepsound.com\/art\/wp-content\/uploads\/sites\/3\/2016\/10\/QUI-EST-LA_00.jpg\"  rel=\"ewicprettyPhoto[82169f1a6f7c49a9]\"><img  class=\"ewic-wid-imgs\" src=\"http:\/\/www.cepsound.com\/art\/wp-content\/uploads\/sites\/3\/2016\/10\/QUI-EST-LA_00.jpg\" \/><p class=\"flex-caption\"><\/p><\/a><\/li><li class=\"ewic-slider\"><a href=\"http:\/\/www.cepsound.com\/art\/wp-content\/uploads\/sites\/3\/2016\/10\/QUI-EST-LA_01.jpg\"  rel=\"ewicprettyPhoto[82169f1a6f7c49a9]\"><img  class=\"ewic-wid-imgs\" src=\"http:\/\/www.cepsound.com\/art\/wp-content\/uploads\/sites\/3\/2016\/10\/QUI-EST-LA_01.jpg\" \/><p class=\"flex-caption\"><\/p><\/a><\/li><li class=\"ewic-slider\"><a href=\"http:\/\/www.cepsound.com\/art\/wp-content\/uploads\/sites\/3\/2016\/10\/QUI-EST-LA_02.jpg\"  rel=\"ewicprettyPhoto[82169f1a6f7c49a9]\"><img  class=\"ewic-wid-imgs\" src=\"http:\/\/www.cepsound.com\/art\/wp-content\/uploads\/sites\/3\/2016\/10\/QUI-EST-LA_02.jpg\" \/><p class=\"flex-caption\"><\/p><\/a><\/li><li class=\"ewic-slider\"><a href=\"http:\/\/www.cepsound.com\/art\/wp-content\/uploads\/sites\/3\/2016\/10\/QUI-EST-LA_03.jpg\"  rel=\"ewicprettyPhoto[82169f1a6f7c49a9]\"><img  class=\"ewic-wid-imgs\" src=\"http:\/\/www.cepsound.com\/art\/wp-content\/uploads\/sites\/3\/2016\/10\/QUI-EST-LA_03.jpg\" \/><p class=\"flex-caption\"><\/p><\/a><\/li><li class=\"ewic-slider\"><a href=\"http:\/\/www.cepsound.com\/art\/wp-content\/uploads\/sites\/3\/2016\/10\/QUI-EST-LA_04.jpg\"  rel=\"ewicprettyPhoto[82169f1a6f7c49a9]\"><img  class=\"ewic-wid-imgs\" src=\"http:\/\/www.cepsound.com\/art\/wp-content\/uploads\/sites\/3\/2016\/10\/QUI-EST-LA_04.jpg\" \/><p class=\"flex-caption\"><\/p><\/a><\/li><li class=\"ewic-slider\"><a href=\"http:\/\/www.cepsound.com\/art\/wp-content\/uploads\/sites\/3\/2016\/10\/QUI-EST-LA_05.jpg\"  rel=\"ewicprettyPhoto[82169f1a6f7c49a9]\"><img  class=\"ewic-wid-imgs\" src=\"http:\/\/www.cepsound.com\/art\/wp-content\/uploads\/sites\/3\/2016\/10\/QUI-EST-LA_05.jpg\" \/><p class=\"flex-caption\"><\/p><\/a><\/li><li class=\"ewic-slider\"><a href=\"http:\/\/www.cepsound.com\/art\/wp-content\/uploads\/sites\/3\/2016\/10\/QUI-EST-LA_06.jpg\"  rel=\"ewicprettyPhoto[82169f1a6f7c49a9]\"><img  class=\"ewic-wid-imgs\" src=\"http:\/\/www.cepsound.com\/art\/wp-content\/uploads\/sites\/3\/2016\/10\/QUI-EST-LA_06.jpg\" \/><p class=\"flex-caption\"><\/p><\/a><\/li><li class=\"ewic-slider\"><a href=\"http:\/\/www.cepsound.com\/art\/wp-content\/uploads\/sites\/3\/2016\/10\/QUI-EST-LA_07.jpg\"  rel=\"ewicprettyPhoto[82169f1a6f7c49a9]\"><img  class=\"ewic-wid-imgs\" src=\"http:\/\/www.cepsound.com\/art\/wp-content\/uploads\/sites\/3\/2016\/10\/QUI-EST-LA_07.jpg\" \/><p class=\"flex-caption\"><\/p><\/a><\/li><li class=\"ewic-slider\"><a href=\"http:\/\/www.cepsound.com\/art\/wp-content\/uploads\/sites\/3\/2016\/10\/QUI-EST-LA_08.jpg\"  rel=\"ewicprettyPhoto[82169f1a6f7c49a9]\"><img  class=\"ewic-wid-imgs\" src=\"http:\/\/www.cepsound.com\/art\/wp-content\/uploads\/sites\/3\/2016\/10\/QUI-EST-LA_08.jpg\" \/><p class=\"flex-caption\"><\/p><\/a><\/li><li class=\"ewic-slider\"><a href=\"http:\/\/www.cepsound.com\/art\/wp-content\/uploads\/sites\/3\/2016\/10\/QUI-EST-LA_09.jpg\"  rel=\"ewicprettyPhoto[82169f1a6f7c49a9]\"><img  class=\"ewic-wid-imgs\" src=\"http:\/\/www.cepsound.com\/art\/wp-content\/uploads\/sites\/3\/2016\/10\/QUI-EST-LA_09.jpg\" \/><p class=\"flex-caption\"><\/p><\/a><\/li><\/ul><script type=\"text\/javascript\">\r\n\tjQuery(document).ready(function($) {\r\n\t\t\r\n\t\t$(\"#preloader-82169f1a6f7c49a9\").fadeOut(500, function () {\r\n\t\t\t\r\n\t\t\t$(\"#ewic-con-82169f1a6f7c49a9\").addClass(\"ready_to_show\");\r\n\t\t\t\r\n\t\t\t$(\"a[rel^='ewicprettyPhoto[82169f1a6f7c49a9]']\").ewcPhoto({\r\n\t\t\t\ttheme: \"ewc_default\",\r\n\t\t\t\tallow_expand: false,\r\n\t\t\t\tdeeplinking: false,\r\n\t\t\t\tslideshow:12000,\r\n\t\t\t\tautoplay_slideshow:false,\r\n\t\t\t\tsocial_tools:false\r\n\t\t\t});\r\n\t\t\t\r\n\t\t\t$(\".flexslider-82169f1a6f7c49a9\").fadeIn(300);\r\n\t\t\t\r\n\t\t\t$(\"#ewic-con-82169f1a6f7c49a9\").flexslider({\r\n\t\t\t\tanimation: \"slide\",\r\n\t\t\t\tanimationSpeed: 0,\r\n\t\t\t\tuseCSS: false,\r\n\t\t\t\teasing: \"easeInOutCubic\",\r\n\t\t\t\tdirection: \"horizontal\",\r\n\t\t\t\tslideshow: true,\r\n\t\t\t\tsmoothHeight: true,\r\n\t\t\t\tpauseOnHover: true, \r\n\t\t\t\tcontrolNav: false,\r\n\t\t\t\tprevText: \"\",\r\n\t\t\t\tnextText: \"\",\r\n\t\t\t\trtl: false,\r\n\t\t\t\tslideshowSpeed: 12000,\r\n\t\t\t\tstart: function(slider){\r\n\t\t\t\t\t$(\"#ewic-con-82169f1a6f7c49a9\").find(\".flex-caption\").hide();\r\n\t\t\t\t\tvar curSlide = slider.find(\"li.flex-active-slide\");\r\n\t\t\t\t\t$(curSlide).find(\".flex-caption\").slideDown();\r\n\t\t\t\t},\r\n\t\t\t\tbefore: function(slider) {\r\n\t\t\t\t\t$(\"#ewic-con-82169f1a6f7c49a9\").find(\".flex-caption\").slideUp();\r\n\t\t\t\t},\r\n\t\t\t\tafter: function(slider) {\r\n\t\t\t\t\tvar curSlide = slider.find(\"li.flex-active-slide\");\r\n\t\t\t\t\t$(curSlide).find(\".flex-caption\").slideDown();\r\n\t\t\t\t}\r\n\t\t\t\t\r\n\t\t\t});\r\n\t\t\t\r\n\t\t});\r\n\t\t\t\r\n\t});\r\n<\/script><\/div>\r\n<\/div>\n<div class=\"n2-code\"><\/div>\n<div class=\"n2-code\">\n<div class=\"n2-code\">\n<!--[if lt IE 9]><script>document.createElement('audio');<\/script><![endif]-->\n<audio class=\"wp-audio-shortcode\" id=\"audio-821-1\" preload=\"none\" style=\"width: 100%;\" controls=\"controls\"><source type=\"audio\/mpeg\" src=\"http:\/\/www.cepsound.com\/wp-content\/uploads\/sites\/3\/2016\/09\/QuiEstLa_EXTRAIT1.mp3?_=1\" \/><a href=\"http:\/\/www.cepsound.com\/wp-content\/uploads\/sites\/3\/2016\/09\/QuiEstLa_EXTRAIT1.mp3\">http:\/\/www.cepsound.com\/wp-content\/uploads\/sites\/3\/2016\/09\/QuiEstLa_EXTRAIT1.mp3<\/a><\/audio>\n<\/div>\n<h6 style=\"padding-left: 30px;\"><span style=\"color: #808080;\">EXTRAIT 1 (11&#8217;44)<\/span><\/h6>\n<\/div>\n<div class=\"n2-code\">\n<audio class=\"wp-audio-shortcode\" id=\"audio-821-2\" preload=\"none\" style=\"width: 100%;\" controls=\"controls\"><source type=\"audio\/mpeg\" src=\"http:\/\/www.cepsound.com\/wp-content\/uploads\/sites\/3\/2016\/09\/QuiEstLa_EXTRAIT2.mp3?_=2\" \/><a href=\"http:\/\/www.cepsound.com\/wp-content\/uploads\/sites\/3\/2016\/09\/QuiEstLa_EXTRAIT2.mp3\">http:\/\/www.cepsound.com\/wp-content\/uploads\/sites\/3\/2016\/09\/QuiEstLa_EXTRAIT2.mp3<\/a><\/audio>\n<\/div>\n<h6 style=\"padding-left: 30px;\"><span style=\"color: #808080;\">EXTRAIT 2 (5&#8217;33)<\/span><\/h6>\n<hr \/>\n<blockquote>\n<p style=\"text-align: left;\"><em><span style=\"color: #808080;\">Je ne me souviens plus comment l&#8217;id\u00e9e est venue. J&#8217;avais d\u00e9j\u00e0 plusieurs ann\u00e9es de pratique de dessin de mod\u00e8le vivant. Quand on dessine, le regard va alternativement du mod\u00e8le \u00e0 la feuille, de la feuille au mod\u00e8le, etc. Un jour j&#8217;ai pens\u00e9 qu&#8217;en projetant l&#8217;image du dessin\u00a0 \u00e0 c\u00f4t\u00e9 du mod\u00e8le, on pourrait d\u00e9couvrir quelque chose de nouveau, d&#8217;original. Et puis \u00ab\u00a0\u00e0 c\u00f4t\u00e9 du mod\u00e8le\u00a0\u00bb est devenu \u00ab\u00a0sur le mod\u00e8le\u00a0\u00bb. Il n&#8217;y avait plus qu&#8217;\u00e0 essayer. <\/span><\/em><span style=\"color: #808080;\">\u00bb<\/span><\/p>\n<p style=\"text-align: left;\"><strong><span style=\"color: #808080;\">Max Gratto<\/span><\/strong><\/p>\n<hr \/>\n<\/blockquote>\n<p><span style=\"color: #808080;\"><strong>dur\u00e9e :<\/strong> 35 min.<\/span><br \/>\n<span style=\"color: #808080;\"><strong> lieu :<\/strong> <span style=\"color: #333333;\"><a style=\"color: #333333;\" href=\"http:\/\/www.grande-chaumiere.fr\" target=\"_blank\">Acad\u00e9mie de la Grande Chaumi\u00e8re<\/a><\/span><\/span><br \/>\n<span style=\"color: #808080;\"><strong> date :<\/strong> samedi 5 mai 2012<\/span><\/p>\n<p><span style=\"color: #808080;\"><strong> dessin\/peinture :<\/strong> Max Gratto<\/span><br \/>\n<span style=\"color: #808080;\"><strong> mod\u00e8le :<\/strong> Caterina Perazzi<\/span><br \/>\n<span style=\"color: #808080;\"><strong> vid\u00e9o temps r\u00e9el :<\/strong> St\u00e9phane Lavoix<\/span><br \/>\n<span style=\"color: #808080;\"><strong> cam\u00e9ra :<\/strong> Mathilde Bertrandy<\/span><br \/>\n<span style=\"color: #808080;\"><strong>photo :<\/strong> <span style=\"color: #333333;\"><a style=\"color: #333333;\" href=\"http:\/\/www.anoukgarcia.com\/\" target=\"_blank\">Anouk Garcia<\/a><\/span><\/span><br \/>\n<span style=\"color: #808080;\"><strong>son :<\/strong> Charles-Eric P\u00e9ard<\/span><\/p>\n","protected":false},"excerpt":{"rendered":"<p>&lt; PREVIOUS | RETOUR | NEXT &gt; performance EXTRAIT 1 (11&#8217;44) EXTRAIT 2 (5&#8217;33) Je ne me souviens plus comment l&#8217;id\u00e9e est venue. J&#8217;avais d\u00e9j\u00e0&#8230;<\/p>\n","protected":false},"author":1,"featured_media":0,"parent":1189,"menu_order":0,"comment_status":"closed","ping_status":"closed","template":"","meta":[],"yoast_head":"<!-- This site is optimized with the Yoast SEO plugin v19.13 - https:\/\/yoast.com\/wordpress\/plugins\/seo\/ -->\n<title>QUI EST L\u00c0 ? &ndash;<\/title>\n<meta name=\"robots\" content=\"index, follow, max-snippet:-1, max-image-preview:large, max-video-preview:-1\" \/>\n<link rel=\"canonical\" href=\"http:\/\/www.cepsound.com\/art\/performances\/qui-est-la\/\" \/>\n<meta property=\"og:locale\" content=\"fr_FR\" \/>\n<meta property=\"og:type\" content=\"article\" \/>\n<meta property=\"og:title\" content=\"QUI EST L\u00c0 ? &ndash;\" \/>\n<meta property=\"og:description\" content=\"&lt; PREVIOUS | RETOUR | NEXT &gt; performance EXTRAIT 1 (11&#8217;44) EXTRAIT 2 (5&#8217;33) Je ne me souviens plus comment l&#8217;id\u00e9e est venue. J&#8217;avais d\u00e9j\u00e0...\" \/>\n<meta property=\"og:url\" content=\"http:\/\/www.cepsound.com\/art\/performances\/qui-est-la\/\" \/>\n<meta property=\"article:publisher\" content=\"https:\/\/www.facebook.com\/Cepsound-l-Charles-Eric-PEARD-169837659739132\/\" \/>\n<meta property=\"article:modified_time\" content=\"2016-11-30T22:24:42+00:00\" \/>\n<meta name=\"twitter:card\" content=\"summary_large_image\" \/>\n<meta name=\"twitter:label1\" content=\"Dur\u00e9e de lecture estim\u00e9e\" \/>\n\t<meta name=\"twitter:data1\" content=\"1 minute\" \/>\n<script type=\"application\/ld+json\" class=\"yoast-schema-graph\">{\"@context\":\"https:\/\/schema.org\",\"@graph\":[{\"@type\":\"WebPage\",\"@id\":\"http:\/\/www.cepsound.com\/art\/performances\/qui-est-la\/\",\"url\":\"http:\/\/www.cepsound.com\/art\/performances\/qui-est-la\/\",\"name\":\"QUI EST L\u00c0 ? &ndash;\",\"isPartOf\":{\"@id\":\"https:\/\/www.cepsound.com\/art\/#website\"},\"datePublished\":\"2016-09-19T16:59:38+00:00\",\"dateModified\":\"2016-11-30T22:24:42+00:00\",\"breadcrumb\":{\"@id\":\"http:\/\/www.cepsound.com\/art\/performances\/qui-est-la\/#breadcrumb\"},\"inLanguage\":\"fr-FR\",\"potentialAction\":[{\"@type\":\"ReadAction\",\"target\":[\"http:\/\/www.cepsound.com\/art\/performances\/qui-est-la\/\"]}]},{\"@type\":\"BreadcrumbList\",\"@id\":\"http:\/\/www.cepsound.com\/art\/performances\/qui-est-la\/#breadcrumb\",\"itemListElement\":[{\"@type\":\"ListItem\",\"position\":1,\"name\":\"Accueil\",\"item\":\"https:\/\/www.cepsound.com\/art\/\"},{\"@type\":\"ListItem\",\"position\":2,\"name\":\"Performances\",\"item\":\"http:\/\/www.cepsound.com\/art\/performances\/\"},{\"@type\":\"ListItem\",\"position\":3,\"name\":\"QUI EST L\u00c0 ?\"}]},{\"@type\":\"WebSite\",\"@id\":\"https:\/\/www.cepsound.com\/art\/#website\",\"url\":\"https:\/\/www.cepsound.com\/art\/\",\"name\":\"\",\"description\":\"plasticien sonore | sound performer\",\"potentialAction\":[{\"@type\":\"SearchAction\",\"target\":{\"@type\":\"EntryPoint\",\"urlTemplate\":\"https:\/\/www.cepsound.com\/art\/?s={search_term_string}\"},\"query-input\":\"required name=search_term_string\"}],\"inLanguage\":\"fr-FR\"}]}<\/script>\n<!-- \/ Yoast SEO plugin. -->","yoast_head_json":{"title":"QUI EST L\u00c0 ? &ndash;","robots":{"index":"index","follow":"follow","max-snippet":"max-snippet:-1","max-image-preview":"max-image-preview:large","max-video-preview":"max-video-preview:-1"},"canonical":"http:\/\/www.cepsound.com\/art\/performances\/qui-est-la\/","og_locale":"fr_FR","og_type":"article","og_title":"QUI EST L\u00c0 ? &ndash;","og_description":"&lt; PREVIOUS | RETOUR | NEXT &gt; performance EXTRAIT 1 (11&#8217;44) EXTRAIT 2 (5&#8217;33) Je ne me souviens plus comment l&#8217;id\u00e9e est venue. J&#8217;avais d\u00e9j\u00e0...","og_url":"http:\/\/www.cepsound.com\/art\/performances\/qui-est-la\/","article_publisher":"https:\/\/www.facebook.com\/Cepsound-l-Charles-Eric-PEARD-169837659739132\/","article_modified_time":"2016-11-30T22:24:42+00:00","twitter_card":"summary_large_image","twitter_misc":{"Dur\u00e9e de lecture estim\u00e9e":"1 minute"},"schema":{"@context":"https:\/\/schema.org","@graph":[{"@type":"WebPage","@id":"http:\/\/www.cepsound.com\/art\/performances\/qui-est-la\/","url":"http:\/\/www.cepsound.com\/art\/performances\/qui-est-la\/","name":"QUI EST L\u00c0 ? &ndash;","isPartOf":{"@id":"https:\/\/www.cepsound.com\/art\/#website"},"datePublished":"2016-09-19T16:59:38+00:00","dateModified":"2016-11-30T22:24:42+00:00","breadcrumb":{"@id":"http:\/\/www.cepsound.com\/art\/performances\/qui-est-la\/#breadcrumb"},"inLanguage":"fr-FR","potentialAction":[{"@type":"ReadAction","target":["http:\/\/www.cepsound.com\/art\/performances\/qui-est-la\/"]}]},{"@type":"BreadcrumbList","@id":"http:\/\/www.cepsound.com\/art\/performances\/qui-est-la\/#breadcrumb","itemListElement":[{"@type":"ListItem","position":1,"name":"Accueil","item":"https:\/\/www.cepsound.com\/art\/"},{"@type":"ListItem","position":2,"name":"Performances","item":"http:\/\/www.cepsound.com\/art\/performances\/"},{"@type":"ListItem","position":3,"name":"QUI EST L\u00c0 ?"}]},{"@type":"WebSite","@id":"https:\/\/www.cepsound.com\/art\/#website","url":"https:\/\/www.cepsound.com\/art\/","name":"","description":"plasticien sonore | sound performer","potentialAction":[{"@type":"SearchAction","target":{"@type":"EntryPoint","urlTemplate":"https:\/\/www.cepsound.com\/art\/?s={search_term_string}"},"query-input":"required name=search_term_string"}],"inLanguage":"fr-FR"}]}},"_links":{"self":[{"href":"http:\/\/www.cepsound.com\/art\/wp-json\/wp\/v2\/pages\/546"}],"collection":[{"href":"http:\/\/www.cepsound.com\/art\/wp-json\/wp\/v2\/pages"}],"about":[{"href":"http:\/\/www.cepsound.com\/art\/wp-json\/wp\/v2\/types\/page"}],"author":[{"embeddable":true,"href":"http:\/\/www.cepsound.com\/art\/wp-json\/wp\/v2\/users\/1"}],"replies":[{"embeddable":true,"href":"http:\/\/www.cepsound.com\/art\/wp-json\/wp\/v2\/comments?post=546"}],"version-history":[{"count":22,"href":"http:\/\/www.cepsound.com\/art\/wp-json\/wp\/v2\/pages\/546\/revisions"}],"predecessor-version":[{"id":2612,"href":"http:\/\/www.cepsound.com\/art\/wp-json\/wp\/v2\/pages\/546\/revisions\/2612"}],"up":[{"embeddable":true,"href":"http:\/\/www.cepsound.com\/art\/wp-json\/wp\/v2\/pages\/1189"}],"wp:attachment":[{"href":"http:\/\/www.cepsound.com\/art\/wp-json\/wp\/v2\/media?parent=546"}],"curies":[{"name":"wp","href":"https:\/\/api.w.org\/{rel}","templated":true}]}}