{"id":548,"date":"2016-09-19T18:04:01","date_gmt":"2016-09-19T17:04:01","guid":{"rendered":"http:\/\/www.cepsound.com\/www-2\/?page_id=548"},"modified":"2016-11-19T13:57:32","modified_gmt":"2016-11-19T12:57:32","slug":"nature-morte-esperance","status":"publish","type":"page","link":"http:\/\/www.cepsound.com\/art\/performances\/nature-morte-esperance\/","title":{"rendered":"Nature Morte &#8211; ESP\u00c9RANCE"},"content":{"rendered":"<h6 style=\"text-align: right;\"><span style=\"color: #333333;\"><a style=\"color: #333333;\" href=\"http:\/\/www.cepsound.com\/art\/performances\/qui-est-la\/\">&lt; PREVIOUS<\/a> | <a style=\"color: #333333;\" href=\"http:\/\/www.cepsound.com\/art\/performances\/\">RETOUR <\/a>| <span style=\"color: #999999;\">NEXT &gt;<\/span><\/span><\/h6>\n<h6 style=\"text-align: left;\"><span style=\"color: #808080;\">installation\/performance tot\u00e9mique<br \/>\n<\/span><\/h6>\n<div class=\"n2-code\"><div class=\"flexslider ewic-slider-lite is_on_\" id=\"ewic-con-84669e07501c3cdc\"><style>#ewic-con-84669e07501c3cdc .flex-direction-nav .flex-next, #ewic-con-84669e07501c3cdc .flex-direction-nav .flex-prev {opacity: 1;} #ewic-con-84669e07501c3cdc .flex-direction-nav .flex-next {right: 10px !important; text-align: right !important;} #ewic-con-84669e07501c3cdc .flex-direction-nav .flex-prev {left: 10px !important;}<\/style><div id=\"preloader-84669e07501c3cdc\" class=\"sliderpreloader\"><\/div><ul style=\"display:none;\" class=\"slides flexslider-84669e07501c3cdc\"><li class=\"ewic-slider\"><a href=\"http:\/\/www.cepsound.com\/art\/wp-content\/uploads\/sites\/3\/2016\/10\/Nature-Morte-ESPERANCE_01.jpg\" title=\"Caterina Perazzi\" rel=\"ewicprettyPhoto[84669e07501c3cdc]\"><img title=\"Caterina Perazzi\" class=\"ewic-wid-imgs\" src=\"http:\/\/www.cepsound.com\/art\/wp-content\/uploads\/sites\/3\/2016\/10\/Nature-Morte-ESPERANCE_01.jpg\" \/><p class=\"flex-caption\">Caterina Perazzi<\/p><\/a><\/li><\/ul><script type=\"text\/javascript\">\r\n\tjQuery(document).ready(function($) {\r\n\t\t\r\n\t\t$(\"#preloader-84669e07501c3cdc\").fadeOut(500, function () {\r\n\t\t\t\r\n\t\t\t$(\"#ewic-con-84669e07501c3cdc\").addClass(\"ready_to_show\");\r\n\t\t\t\r\n\t\t\t$(\"a[rel^='ewicprettyPhoto[84669e07501c3cdc]']\").ewcPhoto({\r\n\t\t\t\ttheme: \"ewc_default\",\r\n\t\t\t\tallow_expand: false,\r\n\t\t\t\tdeeplinking: false,\r\n\t\t\t\tslideshow:60000,\r\n\t\t\t\tautoplay_slideshow:false,\r\n\t\t\t\tsocial_tools:false\r\n\t\t\t});\r\n\t\t\t\r\n\t\t\t$(\".flexslider-84669e07501c3cdc\").fadeIn(300);\r\n\t\t\t\r\n\t\t\t$(\"#ewic-con-84669e07501c3cdc\").flexslider({\r\n\t\t\t\tanimation: \"slide\",\r\n\t\t\t\tanimationSpeed: 0,\r\n\t\t\t\tuseCSS: false,\r\n\t\t\t\teasing: \"easeInOutCubic\",\r\n\t\t\t\tdirection: \"horizontal\",\r\n\t\t\t\tslideshow: false,\r\n\t\t\t\tsmoothHeight: true,\r\n\t\t\t\tpauseOnHover: true, \r\n\t\t\t\tcontrolNav: false,\r\n\t\t\t\tprevText: \"\",\r\n\t\t\t\tnextText: \"\",\r\n\t\t\t\trtl: false,\r\n\t\t\t\tslideshowSpeed: 60000,\r\n\t\t\t\tstart: function(slider){\r\n\t\t\t\t\t$(\"#ewic-con-84669e07501c3cdc\").find(\".flex-caption\").hide();\r\n\t\t\t\t\tvar curSlide = slider.find(\"li.flex-active-slide\");\r\n\t\t\t\t\t$(curSlide).find(\".flex-caption\").slideDown();\r\n\t\t\t\t},\r\n\t\t\t\tbefore: function(slider) {\r\n\t\t\t\t\t$(\"#ewic-con-84669e07501c3cdc\").find(\".flex-caption\").slideUp();\r\n\t\t\t\t},\r\n\t\t\t\tafter: function(slider) {\r\n\t\t\t\t\tvar curSlide = slider.find(\"li.flex-active-slide\");\r\n\t\t\t\t\t$(curSlide).find(\".flex-caption\").slideDown();\r\n\t\t\t\t}\r\n\t\t\t\t\r\n\t\t\t});\r\n\t\t\t\r\n\t\t});\r\n\t\t\t\r\n\t});\r\n<\/script><\/div>\r\n<\/div>\n<hr \/>\n<blockquote><p><em><span style=\"color: #808080;\">Une \u0153uvre qui offre un corps aux enjeux de l\u2019aujourd\u2019hui et du demain. D\u2019abord les visiteurs s\u2019interrogent : hyperr\u00e9alisme ou sculpture vivante? Mais le corps respire, une petite danse anime le corps imperceptiblement. Totem embo\u00eet\u00e9 : femme renvers\u00e9e, la t\u00eate dans son shopping, les pieds en l\u2019air. Sans parole, sans regard, sans pouvoir avancer. Stagnation, \u00ab nature morte \u00bb. Pourtant la vie, tenace, reprend : ses racines puisant au plus profond de la femme, une petite plante arrive \u00e0 pousser. Esp\u00e9rance. <\/span><\/em><span style=\"color: #808080;\"><span class=\"style7 style7\">\u00bb<\/span><\/span><\/p>\n<p style=\"text-align: left;\"><span style=\"color: #808080;\">in <\/span><strong><span style=\"color: #808080;\"><em>Corpus in Act<\/em><\/span><\/strong><span style=\"color: #808080;\">, f\u00e9vrier 2011 &#8211; mai 2012<\/span><strong><span style=\"color: #808080;\"><br \/>\n<\/span><\/strong><\/p>\n<hr \/>\n<\/blockquote>\n<p class=\"style7\"><span style=\"color: #808080;\"><strong>concept et performance :<\/strong> Caterina Perazzi<\/span><br \/>\n<span style=\"color: #808080;\"><strong> mise en place :<\/strong> Olivier Boisson<\/span><br \/>\n<span style=\"color: #808080;\"><strong> captations, montage et diffusion sonores <em>in situ<\/em> :<\/strong> Charles-Eric P\u00e9ard<\/span><\/p>\n<p><span style=\"color: #808080;\"><strong>lieu :<\/strong> <span style=\"color: #333333;\"><a style=\"color: #333333;\" href=\"http:\/\/www.lamachinedumoulinrouge.com\" target=\"_blank\"><span class=\"style7 style7\">La Machine du Moulin Rouge<\/span><\/a><\/span><\/span><br \/>\n<span style=\"color: #808080;\"> <strong> date :<\/strong> 28 janvier 2012<\/span><\/p>\n","protected":false},"excerpt":{"rendered":"<p>&lt; PREVIOUS | RETOUR | NEXT &gt; installation\/performance tot\u00e9mique Une \u0153uvre qui offre un corps aux enjeux de l\u2019aujourd\u2019hui et du demain. D\u2019abord les visiteurs&#8230;<\/p>\n","protected":false},"author":1,"featured_media":0,"parent":1189,"menu_order":0,"comment_status":"closed","ping_status":"closed","template":"","meta":[],"yoast_head":"<!-- This site is optimized with the Yoast SEO plugin v19.13 - https:\/\/yoast.com\/wordpress\/plugins\/seo\/ -->\n<title>Nature Morte - ESP\u00c9RANCE &ndash;<\/title>\n<meta name=\"robots\" content=\"index, follow, max-snippet:-1, max-image-preview:large, max-video-preview:-1\" \/>\n<link rel=\"canonical\" href=\"http:\/\/www.cepsound.com\/art\/performances\/nature-morte-esperance\/\" \/>\n<meta property=\"og:locale\" content=\"fr_FR\" \/>\n<meta property=\"og:type\" content=\"article\" \/>\n<meta property=\"og:title\" content=\"Nature Morte - ESP\u00c9RANCE &ndash;\" \/>\n<meta property=\"og:description\" content=\"&lt; PREVIOUS | RETOUR | NEXT &gt; installation\/performance tot\u00e9mique Une \u0153uvre qui offre un corps aux enjeux de l\u2019aujourd\u2019hui et du demain. D\u2019abord les visiteurs...\" \/>\n<meta property=\"og:url\" content=\"http:\/\/www.cepsound.com\/art\/performances\/nature-morte-esperance\/\" \/>\n<meta property=\"article:publisher\" content=\"https:\/\/www.facebook.com\/Cepsound-l-Charles-Eric-PEARD-169837659739132\/\" \/>\n<meta property=\"article:modified_time\" content=\"2016-11-19T12:57:32+00:00\" \/>\n<meta name=\"twitter:card\" content=\"summary_large_image\" \/>\n<meta name=\"twitter:label1\" content=\"Dur\u00e9e de lecture estim\u00e9e\" \/>\n\t<meta name=\"twitter:data1\" content=\"1 minute\" \/>\n<script type=\"application\/ld+json\" class=\"yoast-schema-graph\">{\"@context\":\"https:\/\/schema.org\",\"@graph\":[{\"@type\":\"WebPage\",\"@id\":\"http:\/\/www.cepsound.com\/art\/performances\/nature-morte-esperance\/\",\"url\":\"http:\/\/www.cepsound.com\/art\/performances\/nature-morte-esperance\/\",\"name\":\"Nature Morte - ESP\u00c9RANCE &ndash;\",\"isPartOf\":{\"@id\":\"http:\/\/www.cepsound.com\/art\/#website\"},\"datePublished\":\"2016-09-19T17:04:01+00:00\",\"dateModified\":\"2016-11-19T12:57:32+00:00\",\"breadcrumb\":{\"@id\":\"http:\/\/www.cepsound.com\/art\/performances\/nature-morte-esperance\/#breadcrumb\"},\"inLanguage\":\"fr-FR\",\"potentialAction\":[{\"@type\":\"ReadAction\",\"target\":[\"http:\/\/www.cepsound.com\/art\/performances\/nature-morte-esperance\/\"]}]},{\"@type\":\"BreadcrumbList\",\"@id\":\"http:\/\/www.cepsound.com\/art\/performances\/nature-morte-esperance\/#breadcrumb\",\"itemListElement\":[{\"@type\":\"ListItem\",\"position\":1,\"name\":\"Accueil\",\"item\":\"http:\/\/www.cepsound.com\/art\/\"},{\"@type\":\"ListItem\",\"position\":2,\"name\":\"Performances\",\"item\":\"http:\/\/www.cepsound.com\/art\/performances\/\"},{\"@type\":\"ListItem\",\"position\":3,\"name\":\"Nature Morte &#8211; ESP\u00c9RANCE\"}]},{\"@type\":\"WebSite\",\"@id\":\"http:\/\/www.cepsound.com\/art\/#website\",\"url\":\"http:\/\/www.cepsound.com\/art\/\",\"name\":\"\",\"description\":\"plasticien sonore | sound performer\",\"potentialAction\":[{\"@type\":\"SearchAction\",\"target\":{\"@type\":\"EntryPoint\",\"urlTemplate\":\"http:\/\/www.cepsound.com\/art\/?s={search_term_string}\"},\"query-input\":\"required name=search_term_string\"}],\"inLanguage\":\"fr-FR\"}]}<\/script>\n<!-- \/ Yoast SEO plugin. -->","yoast_head_json":{"title":"Nature Morte - ESP\u00c9RANCE &ndash;","robots":{"index":"index","follow":"follow","max-snippet":"max-snippet:-1","max-image-preview":"max-image-preview:large","max-video-preview":"max-video-preview:-1"},"canonical":"http:\/\/www.cepsound.com\/art\/performances\/nature-morte-esperance\/","og_locale":"fr_FR","og_type":"article","og_title":"Nature Morte - ESP\u00c9RANCE &ndash;","og_description":"&lt; PREVIOUS | RETOUR | NEXT &gt; installation\/performance tot\u00e9mique Une \u0153uvre qui offre un corps aux enjeux de l\u2019aujourd\u2019hui et du demain. D\u2019abord les visiteurs...","og_url":"http:\/\/www.cepsound.com\/art\/performances\/nature-morte-esperance\/","article_publisher":"https:\/\/www.facebook.com\/Cepsound-l-Charles-Eric-PEARD-169837659739132\/","article_modified_time":"2016-11-19T12:57:32+00:00","twitter_card":"summary_large_image","twitter_misc":{"Dur\u00e9e de lecture estim\u00e9e":"1 minute"},"schema":{"@context":"https:\/\/schema.org","@graph":[{"@type":"WebPage","@id":"http:\/\/www.cepsound.com\/art\/performances\/nature-morte-esperance\/","url":"http:\/\/www.cepsound.com\/art\/performances\/nature-morte-esperance\/","name":"Nature Morte - ESP\u00c9RANCE &ndash;","isPartOf":{"@id":"http:\/\/www.cepsound.com\/art\/#website"},"datePublished":"2016-09-19T17:04:01+00:00","dateModified":"2016-11-19T12:57:32+00:00","breadcrumb":{"@id":"http:\/\/www.cepsound.com\/art\/performances\/nature-morte-esperance\/#breadcrumb"},"inLanguage":"fr-FR","potentialAction":[{"@type":"ReadAction","target":["http:\/\/www.cepsound.com\/art\/performances\/nature-morte-esperance\/"]}]},{"@type":"BreadcrumbList","@id":"http:\/\/www.cepsound.com\/art\/performances\/nature-morte-esperance\/#breadcrumb","itemListElement":[{"@type":"ListItem","position":1,"name":"Accueil","item":"http:\/\/www.cepsound.com\/art\/"},{"@type":"ListItem","position":2,"name":"Performances","item":"http:\/\/www.cepsound.com\/art\/performances\/"},{"@type":"ListItem","position":3,"name":"Nature Morte &#8211; ESP\u00c9RANCE"}]},{"@type":"WebSite","@id":"http:\/\/www.cepsound.com\/art\/#website","url":"http:\/\/www.cepsound.com\/art\/","name":"","description":"plasticien sonore | sound performer","potentialAction":[{"@type":"SearchAction","target":{"@type":"EntryPoint","urlTemplate":"http:\/\/www.cepsound.com\/art\/?s={search_term_string}"},"query-input":"required name=search_term_string"}],"inLanguage":"fr-FR"}]}},"_links":{"self":[{"href":"http:\/\/www.cepsound.com\/art\/wp-json\/wp\/v2\/pages\/548"}],"collection":[{"href":"http:\/\/www.cepsound.com\/art\/wp-json\/wp\/v2\/pages"}],"about":[{"href":"http:\/\/www.cepsound.com\/art\/wp-json\/wp\/v2\/types\/page"}],"author":[{"embeddable":true,"href":"http:\/\/www.cepsound.com\/art\/wp-json\/wp\/v2\/users\/1"}],"replies":[{"embeddable":true,"href":"http:\/\/www.cepsound.com\/art\/wp-json\/wp\/v2\/comments?post=548"}],"version-history":[{"count":17,"href":"http:\/\/www.cepsound.com\/art\/wp-json\/wp\/v2\/pages\/548\/revisions"}],"predecessor-version":[{"id":1683,"href":"http:\/\/www.cepsound.com\/art\/wp-json\/wp\/v2\/pages\/548\/revisions\/1683"}],"up":[{"embeddable":true,"href":"http:\/\/www.cepsound.com\/art\/wp-json\/wp\/v2\/pages\/1189"}],"wp:attachment":[{"href":"http:\/\/www.cepsound.com\/art\/wp-json\/wp\/v2\/media?parent=548"}],"curies":[{"name":"wp","href":"https:\/\/api.w.org\/{rel}","templated":true}]}}