{"id":576,"date":"2016-09-20T09:07:30","date_gmt":"2016-09-20T08:07:30","guid":{"rendered":"http:\/\/www.cepsound.com\/www-2\/?page_id=576"},"modified":"2016-11-19T15:58:01","modified_gmt":"2016-11-19T14:58:01","slug":"editions","status":"publish","type":"page","link":"http:\/\/www.cepsound.com\/art\/editions\/","title":{"rendered":"\u00e9ditions"},"content":{"rendered":"<h6 style=\"text-align: right;\"><span style=\"color: #333333;\"><a style=\"color: #333333;\" href=\"http:\/\/www.cepsound.com\/art\/installations-video\/\">&lt; PREVIOUS<\/a> | <a style=\"color: #333333;\" href=\"http:\/\/www.cepsound.com\/art\/radio\/\">NEXT &gt;<\/a><\/span><\/h6>\n<div class=\"wcp-prefix\">\r\n    \r\n    \r\n    \r\n        <div class=\"grid grid-pad wcp-fgg-wrap\" data-target=\".mix-6395\" data-filter=\".filter-6395\" style=\"padding-top: 10px;\r\n    padding-left: 10px;\r\n    padding-right: 0px;\">\r\n\r\n                    \r\n            <div class=\"col-1-3 mixi mix-6395 term-\" style=\"padding-right: 10px; padding-bottom: 10px;\">\r\n\r\n                <div class=\"fancy-grid-gallery-wrap\" id=\"fgg-3\" style=\"border: 0 dotted ;\">\r\n                                            <a  href=\"http:\/\/www.cepsound.com\/art\/editions\/gravity-vol-1\/\" target=\"_self\">\r\n                                            <div class=\"image-caption-box\"> \r\n                            <div\r\n                                class=\"caption no-effect captiontext\"\r\n                                style=\"background-color: #000000; transition-duration: 700ms; -webkit-transition-duration: 700ms;                                    color: #ffffff;\"\r\n                            >\r\n                                <div style=\"display:table;height:100%;width: 100%;\">\r\n                                    <div class=\"centered-text\" style=\"text-align: center;padding: 5px;\">\r\n\r\n                                        <div style=\"color: #ffffff\">\r\n                                            <p style=\"text-align: center;\">GRAVITY Vol.1<\/p>\r\n<p style=\"text-align: center;\">Album libre de droits<\/p>                                        <\/div>\r\n\r\n                                    <\/div>\r\n                                <\/div>\r\n                        <\/div>\r\n                            <img style=\"transition-duration: 700ms; -webkit-transition-duration: 700ms;\" class=\"wcp-caption-image img-make-responsive\" src=\"http:\/\/www.cepsound.com\/art\/wp-content\/uploads\/sites\/3\/2021\/08\/Gravity-Vol.1_vignette.jpg\" title=\"Gravity-Vol.1_vignette\" alt=\"\"\/>\r\n                <\/div>\r\n\r\n                                            <\/a>\r\n                                    <\/div>\r\n\r\n            <\/div>\r\n                    \r\n            <div class=\"col-1-3 mixi mix-6395 term-\" style=\"padding-right: 10px; padding-bottom: 10px;\">\r\n\r\n                <div class=\"fancy-grid-gallery-wrap\" id=\"fgg-1\" style=\"border: 0 dotted ;\">\r\n                                            <a  href=\"http:\/\/www.cepsound.com\/art\/editions\/macroscope01\/\" target=\"_self\">\r\n                                            <div class=\"image-caption-box\"> \r\n                            <div\r\n                                class=\"caption no-effect captiontext\"\r\n                                style=\"background-color: #000000; transition-duration: 700ms; -webkit-transition-duration: 700ms;                                    color: #ffffff;\"\r\n                            >\r\n                                <div style=\"display:table;height:100%;width: 100%;\">\r\n                                    <div class=\"centered-text\" style=\"text-align: center;padding: 5px;\">\r\n\r\n                                        <div style=\"color: #ffffff\">\r\n                                            <p style=\"text-align: center;\">MACROSCOPE 01<\/p>\r\n<p style=\"text-align: center;\">r\u00eave \u00e9veill\u00e9 \/ musique binaurale<\/p>                                        <\/div>\r\n\r\n                                    <\/div>\r\n                                <\/div>\r\n                        <\/div>\r\n                            <img style=\"transition-duration: 700ms; -webkit-transition-duration: 700ms;\" class=\"wcp-caption-image img-make-responsive\" src=\"http:\/\/www.cepsound.com\/wp-content\/uploads\/sites\/3\/2016\/10\/macroscope_vignette.jpg\" title=\"macroscope_vignette\" alt=\"\"\/>\r\n                <\/div>\r\n\r\n                                            <\/a>\r\n                                    <\/div>\r\n\r\n            <\/div>\r\n                    \r\n            <div class=\"col-1-3 mixi mix-6395 term-\" style=\"padding-right: 10px; padding-bottom: 10px;\">\r\n\r\n                <div class=\"fancy-grid-gallery-wrap\" id=\"fgg-2\" style=\"border: 0 dotted ;\">\r\n                                            <a  href=\"http:\/\/www.cepsound.com\/art\/editions\/coeur-negre\/\" target=\"_self\">\r\n                                            <div class=\"image-caption-box\"> \r\n                            <div\r\n                                class=\"caption no-effect captiontext\"\r\n                                style=\"background-color: #000000; transition-duration: 700ms; -webkit-transition-duration: 700ms;                                    color: #ffffff;\"\r\n                            >\r\n                                <div style=\"display:table;height:100%;width: 100%;\">\r\n                                    <div class=\"centered-text\" style=\"text-align: center;padding: 5px;\">\r\n\r\n                                        <div style=\"color: #ffffff\">\r\n                                            <p style=\"text-align: center;\">C\u0152UR N\u00c8GRE<\/p>\r\n<p style=\"text-align: center;\">e-book + audio<\/p>                                        <\/div>\r\n\r\n                                    <\/div>\r\n                                <\/div>\r\n                        <\/div>\r\n                            <img style=\"transition-duration: 700ms; -webkit-transition-duration: 700ms;\" class=\"wcp-caption-image img-make-responsive\" src=\"http:\/\/www.cepsound.com\/wp-content\/uploads\/sites\/3\/2016\/10\/coeur-negre_vignette.jpg\" title=\"coeur-negre_vignette\" alt=\"Franck Laroze, cepSound, Charles-Eric Peard, S\u00e9bastien Maillet, e-fraction, pi\u00e8ce sonore, e-book, Coeur N\u00e8gre, po\u00e9sie\"\/>\r\n                <\/div>\r\n\r\n                                            <\/a>\r\n                                    <\/div>\r\n\r\n            <\/div>\r\n            <\/div>\r\n    \r\n    <div class=\"clearfix\"><\/div>\r\n    \r\n<\/div>\r\n<div class=\"wcp_loader\"><\/div>\n","protected":false},"excerpt":{"rendered":"<p>&lt; PREVIOUS | NEXT &gt;<\/p>\n","protected":false},"author":1,"featured_media":0,"parent":0,"menu_order":0,"comment_status":"closed","ping_status":"closed","template":"","meta":[],"yoast_head":"<!-- This site is optimized with the Yoast SEO plugin v19.13 - https:\/\/yoast.com\/wordpress\/plugins\/seo\/ -->\n<title>\u00e9ditions &ndash;<\/title>\n<meta name=\"robots\" content=\"index, follow, max-snippet:-1, max-image-preview:large, max-video-preview:-1\" \/>\n<link rel=\"canonical\" href=\"http:\/\/www.cepsound.com\/art\/editions\/\" \/>\n<meta property=\"og:locale\" content=\"fr_FR\" \/>\n<meta property=\"og:type\" content=\"article\" \/>\n<meta property=\"og:title\" content=\"\u00e9ditions &ndash;\" \/>\n<meta property=\"og:description\" content=\"&lt; PREVIOUS | NEXT &gt;\" \/>\n<meta property=\"og:url\" content=\"http:\/\/www.cepsound.com\/art\/editions\/\" \/>\n<meta property=\"article:publisher\" content=\"https:\/\/www.facebook.com\/Cepsound-l-Charles-Eric-PEARD-169837659739132\/\" \/>\n<meta property=\"article:modified_time\" content=\"2016-11-19T14:58:01+00:00\" \/>\n<meta name=\"twitter:card\" content=\"summary_large_image\" \/>\n<script type=\"application\/ld+json\" class=\"yoast-schema-graph\">{\"@context\":\"https:\/\/schema.org\",\"@graph\":[{\"@type\":\"WebPage\",\"@id\":\"http:\/\/www.cepsound.com\/art\/editions\/\",\"url\":\"http:\/\/www.cepsound.com\/art\/editions\/\",\"name\":\"\u00e9ditions &ndash;\",\"isPartOf\":{\"@id\":\"http:\/\/www.cepsound.com\/art\/#website\"},\"datePublished\":\"2016-09-20T08:07:30+00:00\",\"dateModified\":\"2016-11-19T14:58:01+00:00\",\"breadcrumb\":{\"@id\":\"http:\/\/www.cepsound.com\/art\/editions\/#breadcrumb\"},\"inLanguage\":\"fr-FR\",\"potentialAction\":[{\"@type\":\"ReadAction\",\"target\":[\"http:\/\/www.cepsound.com\/art\/editions\/\"]}]},{\"@type\":\"BreadcrumbList\",\"@id\":\"http:\/\/www.cepsound.com\/art\/editions\/#breadcrumb\",\"itemListElement\":[{\"@type\":\"ListItem\",\"position\":1,\"name\":\"Accueil\",\"item\":\"http:\/\/www.cepsound.com\/art\/\"},{\"@type\":\"ListItem\",\"position\":2,\"name\":\"\u00e9ditions\"}]},{\"@type\":\"WebSite\",\"@id\":\"http:\/\/www.cepsound.com\/art\/#website\",\"url\":\"http:\/\/www.cepsound.com\/art\/\",\"name\":\"\",\"description\":\"plasticien sonore | sound performer\",\"potentialAction\":[{\"@type\":\"SearchAction\",\"target\":{\"@type\":\"EntryPoint\",\"urlTemplate\":\"http:\/\/www.cepsound.com\/art\/?s={search_term_string}\"},\"query-input\":\"required name=search_term_string\"}],\"inLanguage\":\"fr-FR\"}]}<\/script>\n<!-- \/ Yoast SEO plugin. -->","yoast_head_json":{"title":"\u00e9ditions &ndash;","robots":{"index":"index","follow":"follow","max-snippet":"max-snippet:-1","max-image-preview":"max-image-preview:large","max-video-preview":"max-video-preview:-1"},"canonical":"http:\/\/www.cepsound.com\/art\/editions\/","og_locale":"fr_FR","og_type":"article","og_title":"\u00e9ditions &ndash;","og_description":"&lt; PREVIOUS | NEXT &gt;","og_url":"http:\/\/www.cepsound.com\/art\/editions\/","article_publisher":"https:\/\/www.facebook.com\/Cepsound-l-Charles-Eric-PEARD-169837659739132\/","article_modified_time":"2016-11-19T14:58:01+00:00","twitter_card":"summary_large_image","schema":{"@context":"https:\/\/schema.org","@graph":[{"@type":"WebPage","@id":"http:\/\/www.cepsound.com\/art\/editions\/","url":"http:\/\/www.cepsound.com\/art\/editions\/","name":"\u00e9ditions &ndash;","isPartOf":{"@id":"http:\/\/www.cepsound.com\/art\/#website"},"datePublished":"2016-09-20T08:07:30+00:00","dateModified":"2016-11-19T14:58:01+00:00","breadcrumb":{"@id":"http:\/\/www.cepsound.com\/art\/editions\/#breadcrumb"},"inLanguage":"fr-FR","potentialAction":[{"@type":"ReadAction","target":["http:\/\/www.cepsound.com\/art\/editions\/"]}]},{"@type":"BreadcrumbList","@id":"http:\/\/www.cepsound.com\/art\/editions\/#breadcrumb","itemListElement":[{"@type":"ListItem","position":1,"name":"Accueil","item":"http:\/\/www.cepsound.com\/art\/"},{"@type":"ListItem","position":2,"name":"\u00e9ditions"}]},{"@type":"WebSite","@id":"http:\/\/www.cepsound.com\/art\/#website","url":"http:\/\/www.cepsound.com\/art\/","name":"","description":"plasticien sonore | sound performer","potentialAction":[{"@type":"SearchAction","target":{"@type":"EntryPoint","urlTemplate":"http:\/\/www.cepsound.com\/art\/?s={search_term_string}"},"query-input":"required name=search_term_string"}],"inLanguage":"fr-FR"}]}},"_links":{"self":[{"href":"http:\/\/www.cepsound.com\/art\/wp-json\/wp\/v2\/pages\/576"}],"collection":[{"href":"http:\/\/www.cepsound.com\/art\/wp-json\/wp\/v2\/pages"}],"about":[{"href":"http:\/\/www.cepsound.com\/art\/wp-json\/wp\/v2\/types\/page"}],"author":[{"embeddable":true,"href":"http:\/\/www.cepsound.com\/art\/wp-json\/wp\/v2\/users\/1"}],"replies":[{"embeddable":true,"href":"http:\/\/www.cepsound.com\/art\/wp-json\/wp\/v2\/comments?post=576"}],"version-history":[{"count":4,"href":"http:\/\/www.cepsound.com\/art\/wp-json\/wp\/v2\/pages\/576\/revisions"}],"predecessor-version":[{"id":1698,"href":"http:\/\/www.cepsound.com\/art\/wp-json\/wp\/v2\/pages\/576\/revisions\/1698"}],"wp:attachment":[{"href":"http:\/\/www.cepsound.com\/art\/wp-json\/wp\/v2\/media?parent=576"}],"curies":[{"name":"wp","href":"https:\/\/api.w.org\/{rel}","templated":true}]}}