{"id":583,"date":"2016-09-20T09:41:14","date_gmt":"2016-09-20T08:41:14","guid":{"rendered":"http:\/\/www.cepsound.com\/www-2\/?page_id=583"},"modified":"2021-08-13T16:05:08","modified_gmt":"2021-08-13T15:05:08","slug":"websynradio","status":"publish","type":"page","link":"http:\/\/www.cepsound.com\/art\/radio\/websynradio\/","title":{"rendered":"WebSYNradio"},"content":{"rendered":"<h6 style=\"text-align: right;\"><span style=\"color: #333333;\"><a style=\"color: #333333;\" href=\"http:\/\/www.cepsound.com\/art\/radio\/bribes-sans-abri\/\">&lt; PREVIOUS<\/a> | <a style=\"color: #333333;\" href=\"http:\/\/www.cepsound.com\/art\/radio\/\">RETOUR <\/a>| <span style=\"color: #999999;\">NEXT &gt;<\/span><\/span><\/h6>\n<h6 style=\"text-align: left;\"><span style=\"color: #808080;\">playlist radio<br \/>\n<\/span><\/h6>\n<div class=\"flexslider ewic-slider-lite is_on_\" id=\"ewic-con-12706a083d7a5a029\"><div id=\"preloader-12706a083d7a5a029\" class=\"sliderpreloader\"><\/div><ul style=\"display:none;\" class=\"slides flexslider-12706a083d7a5a029\"><li class=\"ewic-slider\"><a href=\"http:\/\/www.cepsound.com\/art\/wp-content\/uploads\/sites\/3\/2016\/10\/websynradio_00.jpg\" title=\"Flyer WebSYNradio\" rel=\"ewicprettyPhoto[12706a083d7a5a029]\"><img title=\"Flyer WebSYNradio\" class=\"ewic-wid-imgs\" src=\"http:\/\/www.cepsound.com\/art\/wp-content\/uploads\/sites\/3\/2016\/10\/websynradio_00.jpg\" \/><p class=\"flex-caption\">Flyer WebSYNradio<\/p><\/a><\/li><\/ul><script type=\"text\/javascript\">\r\n\tjQuery(document).ready(function($) {\r\n\t\t\r\n\t\t$(\"#preloader-12706a083d7a5a029\").fadeOut(500, function () {\r\n\t\t\t\r\n\t\t\t$(\"#ewic-con-12706a083d7a5a029\").addClass(\"ready_to_show\");\r\n\t\t\t\r\n\t\t\t$(\"a[rel^='ewicprettyPhoto[12706a083d7a5a029]']\").ewcPhoto({\r\n\t\t\t\ttheme: \"ewc_default\",\r\n\t\t\t\tallow_expand: false,\r\n\t\t\t\tdeeplinking: false,\r\n\t\t\t\tslideshow:60000,\r\n\t\t\t\tautoplay_slideshow:false,\r\n\t\t\t\tsocial_tools:false\r\n\t\t\t});\r\n\t\t\t\r\n\t\t\t$(\".flexslider-12706a083d7a5a029\").fadeIn(300);\r\n\t\t\t\r\n\t\t\t$(\"#ewic-con-12706a083d7a5a029\").flexslider({\r\n\t\t\t\tanimation: \"slide\",\r\n\t\t\t\tanimationSpeed: 0,\r\n\t\t\t\tuseCSS: false,\r\n\t\t\t\teasing: \"easeInOutCubic\",\r\n\t\t\t\tdirection: \"horizontal\",\r\n\t\t\t\tslideshow: false,\r\n\t\t\t\tsmoothHeight: true,\r\n\t\t\t\tpauseOnHover: true, \r\n\t\t\t\tcontrolNav: false,\r\n\t\t\t\tprevText: \"\",\r\n\t\t\t\tnextText: \"\",\r\n\t\t\t\trtl: false,\r\n\t\t\t\tslideshowSpeed: 60000,\r\n\t\t\t\tstart: function(slider){\r\n\t\t\t\t\t$(\"#ewic-con-12706a083d7a5a029\").find(\".flex-caption\").hide();\r\n\t\t\t\t\tvar curSlide = slider.find(\"li.flex-active-slide\");\r\n\t\t\t\t\t$(curSlide).find(\".flex-caption\").slideDown();\r\n\t\t\t\t},\r\n\t\t\t\tbefore: function(slider) {\r\n\t\t\t\t\t$(\"#ewic-con-12706a083d7a5a029\").find(\".flex-caption\").slideUp();\r\n\t\t\t\t},\r\n\t\t\t\tafter: function(slider) {\r\n\t\t\t\t\tvar curSlide = slider.find(\"li.flex-active-slide\");\r\n\t\t\t\t\t$(curSlide).find(\".flex-caption\").slideDown();\r\n\t\t\t\t}\r\n\t\t\t\t\r\n\t\t\t});\r\n\t\t\t\r\n\t\t});\r\n\t\t\t\r\n\t});\r\n<\/script><\/div>\r\n\n<p style=\"text-align: center;\"><a href=\"http:\/\/91.121.133.19\/sons\/artistes\/flaroze\/playlist_flaroze_web.m3u\"><span class=\"style9\" style=\"color: #0da4d3;\">&gt; <span style=\"color: #333333;\">\u00e9couter la playlist sur votre<br \/>\nlecteur audio par d\u00e9faut<\/span> &lt;<\/span><\/a><\/p>\n<hr \/>\n<blockquote>\n<div class=\"wrapper\">\n<div class=\"wrapper_inner\">\n<div class=\"content \">\n<div class=\"content_inner \">\n<div class=\"container\">\n<div class=\"container_inner default_template_holder clearfix\">\n<div class=\"portfolio_single small-slider\">\n<div class=\"two_columns_66_33 clearfix portfolio_container\">\n<div class=\"column2\">\n<div class=\"column_inner\">\n<div class=\"portfolio_detail portfolio_single_follow\">\n<div class=\"info portfolio_single_content\">\n<p class=\"style7\"><span style=\"color: #808080;\"><em>Avec mon complice cepSound, nous avons voulu faire entendre ce qui nous semblait refl\u00e9ter l\u2019\u00e9tat psychique collectif ambiant ; ritournellis\u00e9, normalis\u00e9, consum\u00e9riste apeur\u00e9 et s\u00e9curitaire dont l\u2019une des cons\u00e9quences fut l\u2019inculpation ubuesque des mis en examen de Tarnac auxquels cette playlist est d\u00e9dicac\u00e9e. Aux discours anxiog\u00e8nes que j\u2019ai explor\u00e9s depuis dix ans dans mes propres \u0153uvres (litt\u00e9raires, th\u00e9\u00e2trales, sonores &amp; multim\u00e9dia), recyclant le discours coercitif contemporain sur un mode volontairement d\u00e9viant, nous avons fait \u00e9cho par des plages \u00e9lectroniques mi-ironiques mi-apaisantes afin de faire partager un lancinant attentat sonore : ensemble, tout devient un possible\u2026 <\/em> \u00bb<\/span><\/p>\n<p class=\"style7\"><strong><span style=\"color: #808080;\">Franck Laroze<\/span><\/strong><\/p>\n<\/div>\n<\/div>\n<\/div>\n<\/div>\n<\/div>\n<\/div>\n<\/div>\n<\/div>\n<\/div>\n<\/div>\n<\/div>\n<\/div>\n<hr \/>\n<\/blockquote>\n<p><span style=\"color: #808080;\"><span class=\"style7 style7\">playlist sonore de <span style=\"color: #333333;\"><a style=\"color: #333333;\" href=\"http:\/\/www.evidenz.fr\/wiki\/tiki-index.php?page=cv_franck-laroze\" target=\"_blank\">Franck Laroze<\/a><\/span>, en collaboration avec cepSound<br \/>\n<strong>dur\u00e9e :<\/strong> 3h21<br \/>\n<\/span><strong>diffusion :<\/strong> <span style=\"color: #333333;\"><a style=\"color: #333333;\" href=\"http:\/\/droitdecites.org\/websynradio\/\" target=\"_blank\">WebSYNradio<\/a><\/span><\/span><br \/>\n<span style=\"color: #808080;\"><strong>dates :<\/strong> du 2 au 9 juin 2011<\/span><\/p>\n<hr \/>\n<blockquote><p><span style=\"color: #808080;\"><strong><span style=\"text-decoration: underline;\">D\u00e9tail de la Playlist<\/span> :<\/strong><\/span><\/p>\n<p><span style=\"color: #808080;\">1. Franck LAROZE, extrait 1 Fais dodo, performance \u00ab PolemiK[x] \u00bb, EvidenZ, La Malterie, Lille, 2007 (voix : F. Laroze) \u2013 25\u2019\u2019<\/span><\/p>\n<p><span style=\"color: #808080;\">2. Fran\u00e7ois Dufr\u00eane, Eryximaque, suite chor\u00e9ographique au Tombeau de Pierre Larousse \u2013 7\u201922<\/span><\/p>\n<p><span style=\"color: #808080;\">3. Franck LAROZE, cepSound (design sonore), extraits OGM (Ordre G\u00e9n\u00e9ral Mondial) \/ Injonction#1: Avenir_S\u00e9curit\u00e9 \u2013 S\u00e9quence#1: Pr\u00e9servation, EvidenZ, Paris, 2011 (voix : F. Laroze) \u2013 1\u201922<\/span><\/p>\n<p><span style=\"color: #808080;\">4. Stephen Vitiello, Bite for Andrew Deutsch \u2013 3\u201939<\/span><\/p>\n<p><span style=\"color: #808080;\">5. Franck LAROZE, cepSound (design sonore), intro Huntsville, la honte du monde, \u00e9d. B\u00e9r\u00e9nice 1998 -EvidenZ 2011 (voix : F. Laroze) \u2013 4\u201920<\/span><\/p>\n<p><span style=\"color: #808080;\">6. John Duncan, The Keening Towers [excerpt] \u2013 07\u201935<\/span><\/p>\n<p><span style=\"color: #808080;\">7. Franck LAROZE, C\u00e9dric PIGOT (musique), extrait \u00e9leKtropo\u00e9tiK \/ Les Cosmologiques, Le Vide, EvidenZ, Centre Pompidou, Paris, 2000 (voix : F. Laroze &amp; A. Desnos) \u2013 3\u201903<\/span><\/p>\n<p><span style=\"color: #808080;\">8. Vladimir Ussachevsky, Suite From \u2018No Exit\u2019, Part 5 \u2013 1\u201941<\/span><\/p>\n<p><span style=\"color: #808080;\">9. Franck LAROZE, extrait 3 L\u2019\u00e9vangile des fous (in Les sourates libertaires, Sens &amp; Tonka \u00e9d., 2000), performance \u00ab PolemiK[x] \u00bb, EvidenZ, La Malterie, Lille, 2007 (voix : F. Laroze) \u2013 1\u201923<\/span><\/p>\n<p><span style=\"color: #808080;\">10. Larry Wendt, Sound Poems,Zoo \u2013 4\u201951<\/span><\/p>\n<p><span style=\"color: #808080;\">11. Franck LAROZE, C\u00e9dric PIGOT (musique), extrait \u00e9leKtropo\u00e9tiK \/ Les Cosmologiques, Saturne, EvidenZ, Centre Pompidou, Paris, 2000 (voix : F. Laroze &amp; A. Desnos) \u2013 3\u201903<\/span><\/p>\n<p><span style=\"color: #808080;\">12. Gregory Whitehead, Zigurrat \u2013 4\u201938<\/span><\/p>\n<p><span style=\"color: #808080;\">13. Franck LAROZE, extrait 2 La pri\u00e8re capitale (in Les sourates libertaires, Sens &amp; Tonka \u00e9d., 2000), performance \u00ab PolemiK[x] \u00bb, EvidenZ, La Malterie, Lille, 2007 (voix : F. Laroze) \u2013 6\u201939<\/span><\/p>\n<p><span style=\"color: #808080;\">14. Arthur Woodbury, Velox \u2013 10\u201919<\/span><\/p>\n<p><span style=\"color: #808080;\">15. Franck LAROZE, C\u00e9dric PIGOT (musique), extrait \u00e9leKtropo\u00e9tiK \/ Les Cosmologiques, La Lune, EvidenZ, Centre Pompidou, Paris, 2000 (voix : F. Laroze &amp; A. Desnos) \u2013 3\u201909<\/span><\/p>\n<p><span style=\"color: #808080;\">16. Jozef Van Wissem, How The Soul Has Arrived At Understanding Of Her Nothingness \u2013 9\u201940<\/span><\/p>\n<p><span style=\"color: #808080;\">17. Franck LAROZE &amp; cepSound, ACR France Culture \u00ab Bribes sans-abri \u00bb, 2009 (voix : SDFs, A. Youlia, F. Laroze) \u2013 70\u2019<\/span><\/p>\n<p><span style=\"color: #808080;\">18. Gerald Newman, Epitaph (South Atlantic) \u2013 8\u201932<\/span><\/p>\n<p><span style=\"color: #808080;\">19. Franck LAROZE, cepSound (design sonore), extraits OGM (Ordre G\u00e9n\u00e9ral Mondial) \/ Injonction#7: Valeurs_Libert\u00e9 \u2013 S\u00e9quence#3: Affirmation, EvidenZ, Paris, 2011 (voix : F. Laroze) \u2013 1\u201910<\/span><\/p>\n<p><span style=\"color: #808080;\">20. Franck LAROZE, extrait 2 \u00ab R\u00e9volution \u00bb, maquette spectacle Je {me} suis parl\u00e9, EvidenZ \u2013 Cie Incidents m\u00e9morables, \u00ab Escale#8 \u00bb, La Filature\/Sc\u00e8ne nationale de Mulhouse, 2006 (voix : F. Gil) \u2013 1\u201933<\/span><\/p>\n<p><span style=\"color: #808080;\">21. Benjamin Weismann, Hitler Ski Story (1994) \u2013 13\u203209<\/span><\/p>\n<p><span style=\"color: #808080;\">22. Franck LAROZE, cepSound (design sonore), extraits OGM (Ordre G\u00e9n\u00e9ral Mondial) \/ Injonction#4: Argent_Avenir \u2013 S\u00e9quence#2: \u00c9pargne, EvidenZ, Paris, 2011 (voix : S. Cortellini) \u2013 1\u201947<\/span><\/p>\n<p><span style=\"color: #808080;\">23. Stephen Vitiello, A Little Buzz of Something Electric \u2013 2\u203207<\/span><\/p>\n<p><span style=\"color: #808080;\">24. Franck LAROZE, extrait 1 \u00ab D\u00e9sir \u00bb, maquette spectacle Je {me} suis parl\u00e9, EvidenZ \u2013 Cie Incidents m\u00e9morables, Escale#8, La Filature\/Sc\u00e8ne nationale de Mulhouse, 2006 (voix : F. Gil) \u2013 3\u201952<\/span><\/p>\n<p><span style=\"color: #808080;\">25. Anna Lockwood, Tiger Balm \u2013 10\u203237<\/span><\/p>\n<p><span style=\"color: #808080;\">26. Franck LAROZE, extrait DVD vid\u00e9opo\u00e8me Des unis vers, seq. 15 \u00e0 21, EvidenZ, n\u00b0 11 coll. \u00ab Le point sur le i \u00bb, \u00e9d. Incidences, Marseille, 2007 (voix : O. Comte &amp; H. Lanscotte, musique C. Pigot) \u2013 12\u201909<\/span><\/p>\n<p><span style=\"color: #808080;\">27. Unamunos Quorum, She\u2019s Going With the Boys \u2013 4\u203233<\/span><\/p>\n<p><span style=\"color: #808080;\">28. Franck LAROZE, Ici L\u00e0-bas, extrait du spectacle Espaces indicibles, Cie Incidents M\u00e9morables, Th\u00e9\u00e2tre National de Strasbourg, 2007 (voix : C. Caustier &amp; M. de Rand\u00e9) \u2013 2\u201956<\/span><\/p>\n<hr \/>\n<\/blockquote>\n<p>&nbsp;<\/p>\n","protected":false},"excerpt":{"rendered":"<p>&lt; PREVIOUS | RETOUR | NEXT &gt; playlist radio &gt; \u00e9couter la playlist sur votre lecteur audio par d\u00e9faut &lt; Avec mon complice cepSound, nous&#8230;<\/p>\n","protected":false},"author":1,"featured_media":0,"parent":578,"menu_order":0,"comment_status":"closed","ping_status":"closed","template":"","meta":[],"yoast_head":"<!-- This site is optimized with the Yoast SEO plugin v19.13 - https:\/\/yoast.com\/wordpress\/plugins\/seo\/ -->\n<title>WebSYNradio &ndash;<\/title>\n<meta name=\"robots\" content=\"index, follow, max-snippet:-1, max-image-preview:large, max-video-preview:-1\" \/>\n<link rel=\"canonical\" href=\"http:\/\/www.cepsound.com\/art\/radio\/websynradio\/\" \/>\n<meta property=\"og:locale\" content=\"fr_FR\" \/>\n<meta property=\"og:type\" content=\"article\" \/>\n<meta property=\"og:title\" content=\"WebSYNradio &ndash;\" \/>\n<meta property=\"og:description\" content=\"&lt; PREVIOUS | RETOUR | NEXT &gt; playlist radio &gt; \u00e9couter la playlist sur votre lecteur audio par d\u00e9faut &lt; Avec mon complice cepSound, nous...\" \/>\n<meta property=\"og:url\" content=\"http:\/\/www.cepsound.com\/art\/radio\/websynradio\/\" \/>\n<meta property=\"article:publisher\" content=\"https:\/\/www.facebook.com\/Cepsound-l-Charles-Eric-PEARD-169837659739132\/\" \/>\n<meta property=\"article:modified_time\" content=\"2021-08-13T15:05:08+00:00\" \/>\n<meta name=\"twitter:card\" content=\"summary_large_image\" \/>\n<meta name=\"twitter:label1\" content=\"Dur\u00e9e de lecture estim\u00e9e\" \/>\n\t<meta name=\"twitter:data1\" content=\"3 minutes\" \/>\n<script type=\"application\/ld+json\" class=\"yoast-schema-graph\">{\"@context\":\"https:\/\/schema.org\",\"@graph\":[{\"@type\":\"WebPage\",\"@id\":\"http:\/\/www.cepsound.com\/art\/radio\/websynradio\/\",\"url\":\"http:\/\/www.cepsound.com\/art\/radio\/websynradio\/\",\"name\":\"WebSYNradio &ndash;\",\"isPartOf\":{\"@id\":\"http:\/\/www.cepsound.com\/art\/#website\"},\"datePublished\":\"2016-09-20T08:41:14+00:00\",\"dateModified\":\"2021-08-13T15:05:08+00:00\",\"breadcrumb\":{\"@id\":\"http:\/\/www.cepsound.com\/art\/radio\/websynradio\/#breadcrumb\"},\"inLanguage\":\"fr-FR\",\"potentialAction\":[{\"@type\":\"ReadAction\",\"target\":[\"http:\/\/www.cepsound.com\/art\/radio\/websynradio\/\"]}]},{\"@type\":\"BreadcrumbList\",\"@id\":\"http:\/\/www.cepsound.com\/art\/radio\/websynradio\/#breadcrumb\",\"itemListElement\":[{\"@type\":\"ListItem\",\"position\":1,\"name\":\"Accueil\",\"item\":\"http:\/\/www.cepsound.com\/art\/\"},{\"@type\":\"ListItem\",\"position\":2,\"name\":\"radio\",\"item\":\"http:\/\/www.cepsound.com\/art\/radio\/\"},{\"@type\":\"ListItem\",\"position\":3,\"name\":\"WebSYNradio\"}]},{\"@type\":\"WebSite\",\"@id\":\"http:\/\/www.cepsound.com\/art\/#website\",\"url\":\"http:\/\/www.cepsound.com\/art\/\",\"name\":\"\",\"description\":\"plasticien sonore | sound performer\",\"potentialAction\":[{\"@type\":\"SearchAction\",\"target\":{\"@type\":\"EntryPoint\",\"urlTemplate\":\"http:\/\/www.cepsound.com\/art\/?s={search_term_string}\"},\"query-input\":\"required name=search_term_string\"}],\"inLanguage\":\"fr-FR\"}]}<\/script>\n<!-- \/ Yoast SEO plugin. -->","yoast_head_json":{"title":"WebSYNradio &ndash;","robots":{"index":"index","follow":"follow","max-snippet":"max-snippet:-1","max-image-preview":"max-image-preview:large","max-video-preview":"max-video-preview:-1"},"canonical":"http:\/\/www.cepsound.com\/art\/radio\/websynradio\/","og_locale":"fr_FR","og_type":"article","og_title":"WebSYNradio &ndash;","og_description":"&lt; PREVIOUS | RETOUR | NEXT &gt; playlist radio &gt; \u00e9couter la playlist sur votre lecteur audio par d\u00e9faut &lt; Avec mon complice cepSound, nous...","og_url":"http:\/\/www.cepsound.com\/art\/radio\/websynradio\/","article_publisher":"https:\/\/www.facebook.com\/Cepsound-l-Charles-Eric-PEARD-169837659739132\/","article_modified_time":"2021-08-13T15:05:08+00:00","twitter_card":"summary_large_image","twitter_misc":{"Dur\u00e9e de lecture estim\u00e9e":"3 minutes"},"schema":{"@context":"https:\/\/schema.org","@graph":[{"@type":"WebPage","@id":"http:\/\/www.cepsound.com\/art\/radio\/websynradio\/","url":"http:\/\/www.cepsound.com\/art\/radio\/websynradio\/","name":"WebSYNradio &ndash;","isPartOf":{"@id":"http:\/\/www.cepsound.com\/art\/#website"},"datePublished":"2016-09-20T08:41:14+00:00","dateModified":"2021-08-13T15:05:08+00:00","breadcrumb":{"@id":"http:\/\/www.cepsound.com\/art\/radio\/websynradio\/#breadcrumb"},"inLanguage":"fr-FR","potentialAction":[{"@type":"ReadAction","target":["http:\/\/www.cepsound.com\/art\/radio\/websynradio\/"]}]},{"@type":"BreadcrumbList","@id":"http:\/\/www.cepsound.com\/art\/radio\/websynradio\/#breadcrumb","itemListElement":[{"@type":"ListItem","position":1,"name":"Accueil","item":"http:\/\/www.cepsound.com\/art\/"},{"@type":"ListItem","position":2,"name":"radio","item":"http:\/\/www.cepsound.com\/art\/radio\/"},{"@type":"ListItem","position":3,"name":"WebSYNradio"}]},{"@type":"WebSite","@id":"http:\/\/www.cepsound.com\/art\/#website","url":"http:\/\/www.cepsound.com\/art\/","name":"","description":"plasticien sonore | sound performer","potentialAction":[{"@type":"SearchAction","target":{"@type":"EntryPoint","urlTemplate":"http:\/\/www.cepsound.com\/art\/?s={search_term_string}"},"query-input":"required name=search_term_string"}],"inLanguage":"fr-FR"}]}},"_links":{"self":[{"href":"http:\/\/www.cepsound.com\/art\/wp-json\/wp\/v2\/pages\/583"}],"collection":[{"href":"http:\/\/www.cepsound.com\/art\/wp-json\/wp\/v2\/pages"}],"about":[{"href":"http:\/\/www.cepsound.com\/art\/wp-json\/wp\/v2\/types\/page"}],"author":[{"embeddable":true,"href":"http:\/\/www.cepsound.com\/art\/wp-json\/wp\/v2\/users\/1"}],"replies":[{"embeddable":true,"href":"http:\/\/www.cepsound.com\/art\/wp-json\/wp\/v2\/comments?post=583"}],"version-history":[{"count":11,"href":"http:\/\/www.cepsound.com\/art\/wp-json\/wp\/v2\/pages\/583\/revisions"}],"predecessor-version":[{"id":1717,"href":"http:\/\/www.cepsound.com\/art\/wp-json\/wp\/v2\/pages\/583\/revisions\/1717"}],"up":[{"embeddable":true,"href":"http:\/\/www.cepsound.com\/art\/wp-json\/wp\/v2\/pages\/578"}],"wp:attachment":[{"href":"http:\/\/www.cepsound.com\/art\/wp-json\/wp\/v2\/media?parent=583"}],"curies":[{"name":"wp","href":"https:\/\/api.w.org\/{rel}","templated":true}]}}