{"id":89,"date":"2016-09-07T16:38:08","date_gmt":"2016-09-07T15:38:08","guid":{"rendered":"http:\/\/www.cepsound.com\/www-2\/wordpress\/?page_id=89"},"modified":"2016-12-14T17:09:57","modified_gmt":"2016-12-14T16:09:57","slug":"bio","status":"publish","type":"page","link":"http:\/\/www.cepsound.com\/art\/bio\/","title":{"rendered":"biographie"},"content":{"rendered":"<p style=\"text-align: right;\"><span style=\"text-decoration: underline; color: #333333;\"><a style=\"color: #333333;\" href=\"http:\/\/www.cepsound.com\/art\/wp-content\/uploads\/sites\/3\/2016\/12\/cepSound_Biographie.pdf\" target=\"_blank\">t\u00e9l\u00e9charger au format Pdf<\/a><\/span><\/p>\n<p style=\"text-align: justify;\"><span style=\"color: #808080;\">Charles-Eric P\u00e9ard, cr\u00e9ateur de <strong>cepSound<\/strong>, est compositeur et performeur sonore.<\/span><\/p>\n<p style=\"text-align: justify;\"><span style=\"color: #808080;\">En 1999, il r\u00e9dige un m\u00e9moire intitul\u00e9 <strong>&#8220;Les effets du sonore sur la perception du visuel dans l&#8217;art contemporain&#8221; <\/strong>: que se passe-t-il dans le cerveau lorsque l&#8217;\u00e9coute d&#8217;un son (bruit, musique, voix, etc.) g\u00e9n\u00e8re une <strong>&#8220;image mentale&#8221;<\/strong> alors que l&#8217;on est en train de regarder une vid\u00e9o, un dessin, une photographie, un corps, c&#8217;est-\u00e0-dire une autre image. L&#8217;influence de cette audio-vision, ou \u00e0 l&#8217;inverse, de cette visu-audition, demeure aujourd&#8217;hui un axe essentiel dans ses compositions sonores. <\/span><\/p>\n<p style=\"text-align: justify;\"><span style=\"color: #808080;\">Au m\u00eame moment, c&#8217;est l&#8217;explosion de la musique techno et des rave parties, il acquiert un PC de seconde main et commence \u00e0 explorer la composition musicale avec les logiciels s\u00e9quenceurs.<\/span><\/p>\n<p style=\"text-align: justify;\"><span style=\"color: #808080;\">En 2000, il devient l&#8217;assistant d&#8217;Henri Maurel, pr\u00e9sident de Radio<em>FG<\/em>, radio musicale consacr\u00e9e alors exclusivement aux musiques \u00e9lectroniques. Il travaillera \u00e0 ses c\u00f4t\u00e9s pendant 5 ans, \u00e0 la mise en place de festivals et d&#8217;expositions d\u00e9di\u00e9s aux nouvelles musiques et \u00e0 l&#8217;art num\u00e9rique (<em>Global Tekno 2000<\/em> \u00e0 Avignon, <em>Werkstatt 2001<\/em> \u00e0 Vienne en Autriche, etc.) ou de projets fous comme l&#8217;after du concert de Bj\u00f6rk \u00e0 la Conciergerie (Paris). Puis, il travaille plusieurs ann\u00e9es en communication culturelle (th\u00e9\u00e2tre, art contemporain, patrimoine, mode et design) tout en participant \u00e0 l&#8217;organisation d&#8217;\u00e9v\u00e9nements alternatifs (cr\u00e9ation d&#8217;un squat sur les bords de Seine avec le collectif <em>Asphalt Plage<\/em>, organisation de soir\u00e9es avec le collectif <em>inoui<\/em>).<br \/>\n<\/span><\/p>\n<p style=\"text-align: justify;\"><span style=\"color: #808080;\">En 2005, Charles-Eric P\u00e9ard rencontre le collectif <em>Ultralab\u2122<\/em> alors \u00e0 la recherche d&#8217;un compositeur sonore pour sa prochaine exposition. Le collectif lui commande deux <strong>pi\u00e8ces sonores<\/strong> pour <span style=\"color: #333333;\"><a style=\"color: #333333;\" href=\"http:\/\/www.cepsound.com\/art\/installations-videos\/diorama\/\" target=\"_blank\"><em>Diorama III<\/em><\/a><\/span> \u00e0 la galerie <em>Magda Danysz<\/em> (Paris). C&#8217;est le d\u00e9but du projet et de la signature <em>cepSound<\/em>.<\/span><\/p>\n<p style=\"text-align: justify;\"><span style=\"color: #808080;\">Les r\u00e9alisations se multiplient alors au fil des ann\u00e9es et des rencontres. On peut croiser les cr\u00e9ations sonores de <em>cepSound<\/em> dans des <span style=\"text-decoration: underline;\"><strong>\u00e9missions de radio<\/strong><\/span> (l\u2019<em>Atelier de Cr\u00e9ation Radiophonique<\/em> <span style=\"color: #333333;\"><a style=\"color: #333333;\" href=\"http:\/\/www.cepsound.com\/art\/radio\/bribes-sans-abri\/\" target=\"_blank\"><em>Bribes sans abri<\/em><\/a><\/span> pour <em>France Culture<\/em>), des <span style=\"text-decoration: underline;\"><strong>installations sonores<\/strong><\/span> (<span style=\"color: #333333;\"><a style=\"color: #333333;\" href=\"http:\/\/www.cepsound.com\/art\/installations-sonores\/securidrome-ogm\/\" target=\"_blank\"><em>OGM \u2013 Ordre G\u00e9n\u00e9ral Mondial<\/em><\/a><\/span> et <span style=\"color: #333333;\"><a style=\"color: #333333;\" href=\"http:\/\/www.cepsound.com\/art\/installations-sonores\/huntsville\/\" target=\"_blank\"><em>Huntsville &#8211; La Honte du monde<\/em><\/a> <span style=\"color: #808080;\">au festival <em>D&#8217;abord les for\u00eats<\/em><\/span><\/span>), des <span style=\"text-decoration: underline;\"><strong>installations vid\u00e9o<\/strong><\/span> (<span style=\"color: #333333;\"><a style=\"color: #333333;\" href=\"http:\/\/www.cepsound.com\/art\/installations-videos\/diorama\/\" target=\"_blank\"><em>Diorama III<\/em><\/a> <span style=\"color: #808080;\">\u00e0 la galerie <em>Magda Danysz<\/em><\/span><\/span>, <span style=\"color: #333333;\"><a style=\"color: #333333;\" href=\"http:\/\/www.cepsound.com\/art\/installations-video\/ex-croissance\/\"><em>Ex.Croissance<\/em><\/a><\/span> au <em>Cube<\/em>, <span style=\"color: #333333;\"><span style=\"color: #808080;\">ou encore<\/span> <em><a style=\"color: #333333;\" href=\"http:\/\/www.cepsound.com\/art\/installations-video\/b-b-before-birth-3\/\">B-B Before #3<\/a><\/em> <span style=\"color: #808080;\">au festival <em>Sur le bords des&#8230; nuages<\/em><\/span><\/span>), des <span style=\"text-decoration: underline;\"><strong>performances<\/strong> <\/span>(<em><span style=\"color: #333333;\"><a style=\"color: #333333;\" href=\"http:\/\/www.cepsound.com\/art\/performances\/b-b-before-birth-1\/\" target=\"_blank\">B-B<\/a><\/span><\/em> <em><span style=\"color: #333333;\"><a style=\"color: #333333;\" href=\"http:\/\/www.cepsound.com\/art\/performances\/b-b-before-birth-1\/\" target=\"_blank\">Before<\/a><\/span><\/em><em><span style=\"color: #333333;\"><a style=\"color: #333333;\" href=\"http:\/\/www.cepsound.com\/art\/performances\/b-b-before-birth-1\/\" target=\"_blank\"> Birth <\/a><\/span>et <span style=\"color: #333333;\"><a style=\"color: #333333;\" href=\"http:\/\/www.cepsound.com\/art\/performances\/b-b-before-birth-2\/\" target=\"_blank\">B-B Before Birth#2<\/a><\/span>,<\/em> <span style=\"color: #333333;\"><a style=\"color: #333333;\" href=\"http:\/\/www.cepsound.com\/art\/performances\/nature-morte-esperance\/\" target=\"_blank\"><em>Nature Morte \u2013 ESPERANCE<\/em><\/a><em>, <\/em><\/span><span style=\"color: #333333;\"><a style=\"color: #333333;\" href=\"http:\/\/www.cepsound.com\/art\/performances\/qui-est-la\/\" target=\"_blank\"><em>QUI EST LA ?<\/em><\/a><\/span> avec Caterina Perazzi ou\u00a0<em><span style=\"color: #333333;\"><a style=\"color: #333333;\" href=\"http:\/\/www.cepsound.com\/art\/performances\/genese-de-lapocalypse\/\">Gen\u00e8se de l&#8217;Apocalypse<\/a><\/span><\/em> avec Franck Laroze), en <span style=\"text-decoration: underline;\"><strong>live<\/strong><\/span> (avec le violoniste\u00a0S\u00e9bastien Maillet) ou encore dans des<strong> <span style=\"text-decoration: underline;\">publications<\/span><\/strong> (le r\u00eave \u00e9veill\u00e9\u00a0 <em><span style=\"color: #333333;\"><a style=\"color: #333333;\" href=\"http:\/\/www.cepsound.com\/art\/editions\/macroscope01\/\">Une \u00e9toile est n\u00e9e<\/a><\/span><\/em> int\u00e9grant la technique de musique binaurale ou l&#8217;e-book <span style=\"color: #333333;\"><a style=\"color: #333333;\" href=\"http:\/\/www.cepsound.com\/art\/editions\/coeur-negre\/\"><em>C\u0153ur N\u00e8gre<\/em><\/a><\/span> aux \u00c9ditions<em> E-Fractions<\/em>).<\/span><\/p>\n<p style=\"text-align: justify;\"><span style=\"color: #808080;\">Parall\u00e8lement, Charles-Eric P\u00e9ard a \u00e9galement cr\u00e9\u00e9 la signature<\/span> <a href=\"http:\/\/www.cepsound.com\/design\/musiques-a-limage\/\"><span style=\"color: #9e7119;\"><span style=\"color: #000000;\">cepSound<\/span> | design |<\/span><\/a> <span style=\"color: #808080;\">d\u00e9di\u00e9e \u00e0 l&#8217;univers de la communication et de la musique \u00e0 l&#8217;image.<\/span><\/p>\n","protected":false},"excerpt":{"rendered":"<p>t\u00e9l\u00e9charger au format Pdf Charles-Eric P\u00e9ard, cr\u00e9ateur de cepSound, est compositeur et performeur sonore. En 1999, il r\u00e9dige un m\u00e9moire intitul\u00e9 &#8220;Les effets du sonore&#8230;<\/p>\n","protected":false},"author":1,"featured_media":0,"parent":0,"menu_order":0,"comment_status":"closed","ping_status":"closed","template":"","meta":[],"yoast_head":"<!-- This site is optimized with the Yoast SEO plugin v19.13 - https:\/\/yoast.com\/wordpress\/plugins\/seo\/ -->\n<title>biographie de Charles-Eric P\u00e9ard \/ cepSound<\/title>\n<meta name=\"description\" content=\"Charles-Eric P\u00e9ard, cr\u00e9ateur de cepSound, est compositeur et performeur sonore. En 1999, il r\u00e9dige un m\u00e9moire intitul\u00e9 &quot;Les effets du sonore sur la perception du visuel\" \/>\n<meta name=\"robots\" content=\"index, follow, max-snippet:-1, max-image-preview:large, max-video-preview:-1\" \/>\n<link rel=\"canonical\" href=\"https:\/\/www.cepsound.com\/art\/bio\/\" \/>\n<meta property=\"og:locale\" content=\"fr_FR\" \/>\n<meta property=\"og:type\" content=\"article\" \/>\n<meta property=\"og:title\" content=\"biographie de Charles-Eric P\u00e9ard \/ cepSound\" \/>\n<meta property=\"og:description\" content=\"Charles-Eric P\u00e9ard, cr\u00e9ateur de cepSound, est compositeur et performeur sonore. En 1999, il r\u00e9dige un m\u00e9moire intitul\u00e9 &quot;Les effets du sonore sur la perception du visuel\" \/>\n<meta property=\"og:url\" content=\"https:\/\/www.cepsound.com\/art\/bio\/\" \/>\n<meta property=\"article:publisher\" content=\"https:\/\/www.facebook.com\/Cepsound-l-Charles-Eric-PEARD-169837659739132\/\" \/>\n<meta property=\"article:modified_time\" content=\"2016-12-14T16:09:57+00:00\" \/>\n<meta name=\"twitter:card\" content=\"summary_large_image\" \/>\n<meta name=\"twitter:label1\" content=\"Dur\u00e9e de lecture estim\u00e9e\" \/>\n\t<meta name=\"twitter:data1\" content=\"2 minutes\" \/>\n<script type=\"application\/ld+json\" class=\"yoast-schema-graph\">{\"@context\":\"https:\/\/schema.org\",\"@graph\":[{\"@type\":\"WebPage\",\"@id\":\"https:\/\/www.cepsound.com\/art\/bio\/\",\"url\":\"https:\/\/www.cepsound.com\/art\/bio\/\",\"name\":\"biographie de Charles-Eric P\u00e9ard \/ cepSound\",\"isPartOf\":{\"@id\":\"http:\/\/www.cepsound.com\/art\/#website\"},\"datePublished\":\"2016-09-07T15:38:08+00:00\",\"dateModified\":\"2016-12-14T16:09:57+00:00\",\"description\":\"Charles-Eric P\u00e9ard, cr\u00e9ateur de cepSound, est compositeur et performeur sonore. En 1999, il r\u00e9dige un m\u00e9moire intitul\u00e9 \\\"Les effets du sonore sur la perception du visuel\",\"breadcrumb\":{\"@id\":\"https:\/\/www.cepsound.com\/art\/bio\/#breadcrumb\"},\"inLanguage\":\"fr-FR\",\"potentialAction\":[{\"@type\":\"ReadAction\",\"target\":[\"https:\/\/www.cepsound.com\/art\/bio\/\"]}]},{\"@type\":\"BreadcrumbList\",\"@id\":\"https:\/\/www.cepsound.com\/art\/bio\/#breadcrumb\",\"itemListElement\":[{\"@type\":\"ListItem\",\"position\":1,\"name\":\"Accueil\",\"item\":\"http:\/\/www.cepsound.com\/art\/\"},{\"@type\":\"ListItem\",\"position\":2,\"name\":\"biographie\"}]},{\"@type\":\"WebSite\",\"@id\":\"http:\/\/www.cepsound.com\/art\/#website\",\"url\":\"http:\/\/www.cepsound.com\/art\/\",\"name\":\"\",\"description\":\"plasticien sonore | sound performer\",\"potentialAction\":[{\"@type\":\"SearchAction\",\"target\":{\"@type\":\"EntryPoint\",\"urlTemplate\":\"http:\/\/www.cepsound.com\/art\/?s={search_term_string}\"},\"query-input\":\"required name=search_term_string\"}],\"inLanguage\":\"fr-FR\"}]}<\/script>\n<!-- \/ Yoast SEO plugin. -->","yoast_head_json":{"title":"biographie de Charles-Eric P\u00e9ard \/ cepSound","description":"Charles-Eric P\u00e9ard, cr\u00e9ateur de cepSound, est compositeur et performeur sonore. En 1999, il r\u00e9dige un m\u00e9moire intitul\u00e9 \"Les effets du sonore sur la perception du visuel","robots":{"index":"index","follow":"follow","max-snippet":"max-snippet:-1","max-image-preview":"max-image-preview:large","max-video-preview":"max-video-preview:-1"},"canonical":"https:\/\/www.cepsound.com\/art\/bio\/","og_locale":"fr_FR","og_type":"article","og_title":"biographie de Charles-Eric P\u00e9ard \/ cepSound","og_description":"Charles-Eric P\u00e9ard, cr\u00e9ateur de cepSound, est compositeur et performeur sonore. En 1999, il r\u00e9dige un m\u00e9moire intitul\u00e9 \"Les effets du sonore sur la perception du visuel","og_url":"https:\/\/www.cepsound.com\/art\/bio\/","article_publisher":"https:\/\/www.facebook.com\/Cepsound-l-Charles-Eric-PEARD-169837659739132\/","article_modified_time":"2016-12-14T16:09:57+00:00","twitter_card":"summary_large_image","twitter_misc":{"Dur\u00e9e de lecture estim\u00e9e":"2 minutes"},"schema":{"@context":"https:\/\/schema.org","@graph":[{"@type":"WebPage","@id":"https:\/\/www.cepsound.com\/art\/bio\/","url":"https:\/\/www.cepsound.com\/art\/bio\/","name":"biographie de Charles-Eric P\u00e9ard \/ cepSound","isPartOf":{"@id":"http:\/\/www.cepsound.com\/art\/#website"},"datePublished":"2016-09-07T15:38:08+00:00","dateModified":"2016-12-14T16:09:57+00:00","description":"Charles-Eric P\u00e9ard, cr\u00e9ateur de cepSound, est compositeur et performeur sonore. En 1999, il r\u00e9dige un m\u00e9moire intitul\u00e9 \"Les effets du sonore sur la perception du visuel","breadcrumb":{"@id":"https:\/\/www.cepsound.com\/art\/bio\/#breadcrumb"},"inLanguage":"fr-FR","potentialAction":[{"@type":"ReadAction","target":["https:\/\/www.cepsound.com\/art\/bio\/"]}]},{"@type":"BreadcrumbList","@id":"https:\/\/www.cepsound.com\/art\/bio\/#breadcrumb","itemListElement":[{"@type":"ListItem","position":1,"name":"Accueil","item":"http:\/\/www.cepsound.com\/art\/"},{"@type":"ListItem","position":2,"name":"biographie"}]},{"@type":"WebSite","@id":"http:\/\/www.cepsound.com\/art\/#website","url":"http:\/\/www.cepsound.com\/art\/","name":"","description":"plasticien sonore | sound performer","potentialAction":[{"@type":"SearchAction","target":{"@type":"EntryPoint","urlTemplate":"http:\/\/www.cepsound.com\/art\/?s={search_term_string}"},"query-input":"required name=search_term_string"}],"inLanguage":"fr-FR"}]}},"_links":{"self":[{"href":"http:\/\/www.cepsound.com\/art\/wp-json\/wp\/v2\/pages\/89"}],"collection":[{"href":"http:\/\/www.cepsound.com\/art\/wp-json\/wp\/v2\/pages"}],"about":[{"href":"http:\/\/www.cepsound.com\/art\/wp-json\/wp\/v2\/types\/page"}],"author":[{"embeddable":true,"href":"http:\/\/www.cepsound.com\/art\/wp-json\/wp\/v2\/users\/1"}],"replies":[{"embeddable":true,"href":"http:\/\/www.cepsound.com\/art\/wp-json\/wp\/v2\/comments?post=89"}],"version-history":[{"count":96,"href":"http:\/\/www.cepsound.com\/art\/wp-json\/wp\/v2\/pages\/89\/revisions"}],"predecessor-version":[{"id":1852,"href":"http:\/\/www.cepsound.com\/art\/wp-json\/wp\/v2\/pages\/89\/revisions\/1852"}],"wp:attachment":[{"href":"http:\/\/www.cepsound.com\/art\/wp-json\/wp\/v2\/media?parent=89"}],"curies":[{"name":"wp","href":"https:\/\/api.w.org\/{rel}","templated":true}]}}