{"id":950,"date":"2016-10-06T14:31:02","date_gmt":"2016-10-06T13:31:02","guid":{"rendered":"http:\/\/www.cepsound.com\/www-2\/?page_id=950"},"modified":"2016-11-19T16:13:57","modified_gmt":"2016-11-19T15:13:57","slug":"ex-croissance","status":"publish","type":"page","link":"http:\/\/www.cepsound.com\/art\/installations-video\/ex-croissance\/","title":{"rendered":"Ex.croissance"},"content":{"rendered":"<h6 style=\"text-align: right;\"><span style=\"color: #333333;\"><a style=\"color: #333333;\" href=\"http:\/\/www.cepsound.com\/art\/installations-video\/b-b-before-birth-3\/\">&lt; PREVIOUS<\/a> | <a style=\"color: #333333;\" href=\"http:\/\/www.cepsound.com\/art\/installations-video\/\">RETOUR <\/a>| <a style=\"color: #333333;\" href=\"http:\/\/www.cepsound.com\/art\/installations-video\/diorama\">NEXT &gt;<\/a><\/span><\/h6>\n<h6><span style=\"color: #333333;\">installation vid\u00e9o<span class=\"style7 style7\"><br \/>\n<\/span><\/span><\/h6>\n<h6><span style=\"color: #333333;\"><div class=\"flexslider ewic-slider-lite is_on_\" id=\"ewic-con-96169e07a44b635a\"><style>#ewic-con-96169e07a44b635a .flex-direction-nav .flex-next, #ewic-con-96169e07a44b635a .flex-direction-nav .flex-prev {opacity: 1;} #ewic-con-96169e07a44b635a .flex-direction-nav .flex-next {right: 10px !important; text-align: right !important;} #ewic-con-96169e07a44b635a .flex-direction-nav .flex-prev {left: 10px !important;}<\/style><div id=\"preloader-96169e07a44b635a\" class=\"sliderpreloader\"><\/div><ul style=\"display:none;\" class=\"slides flexslider-96169e07a44b635a\"><li class=\"ewic-slider\"><a href=\"http:\/\/www.cepsound.com\/art\/wp-content\/uploads\/sites\/3\/2016\/10\/so-natural_00.jpg\"  rel=\"ewicprettyPhoto[96169e07a44b635a]\"><img  class=\"ewic-wid-imgs\" src=\"http:\/\/www.cepsound.com\/art\/wp-content\/uploads\/sites\/3\/2016\/10\/so-natural_00.jpg\" \/><p class=\"flex-caption\"><\/p><\/a><\/li><li class=\"ewic-slider\"><a href=\"http:\/\/www.cepsound.com\/art\/wp-content\/uploads\/sites\/3\/2016\/10\/so-natural_01.jpg\"  rel=\"ewicprettyPhoto[96169e07a44b635a]\"><img  class=\"ewic-wid-imgs\" src=\"http:\/\/www.cepsound.com\/art\/wp-content\/uploads\/sites\/3\/2016\/10\/so-natural_01.jpg\" \/><p class=\"flex-caption\"><\/p><\/a><\/li><li class=\"ewic-slider\"><a href=\"http:\/\/www.cepsound.com\/art\/wp-content\/uploads\/sites\/3\/2016\/10\/so-natural_02.jpg\"  rel=\"ewicprettyPhoto[96169e07a44b635a]\"><img  class=\"ewic-wid-imgs\" src=\"http:\/\/www.cepsound.com\/art\/wp-content\/uploads\/sites\/3\/2016\/10\/so-natural_02.jpg\" \/><p class=\"flex-caption\"><\/p><\/a><\/li><li class=\"ewic-slider\"><a href=\"http:\/\/www.cepsound.com\/art\/wp-content\/uploads\/sites\/3\/2016\/10\/so-natural_03.jpg\"  rel=\"ewicprettyPhoto[96169e07a44b635a]\"><img  class=\"ewic-wid-imgs\" src=\"http:\/\/www.cepsound.com\/art\/wp-content\/uploads\/sites\/3\/2016\/10\/so-natural_03.jpg\" \/><p class=\"flex-caption\"><\/p><\/a><\/li><li class=\"ewic-slider\"><a href=\"http:\/\/www.cepsound.com\/art\/wp-content\/uploads\/sites\/3\/2016\/10\/so-natural_04.jpg\"  rel=\"ewicprettyPhoto[96169e07a44b635a]\"><img  class=\"ewic-wid-imgs\" src=\"http:\/\/www.cepsound.com\/art\/wp-content\/uploads\/sites\/3\/2016\/10\/so-natural_04.jpg\" \/><p class=\"flex-caption\"><\/p><\/a><\/li><li class=\"ewic-slider\"><a href=\"http:\/\/www.cepsound.com\/art\/wp-content\/uploads\/sites\/3\/2016\/10\/so-natural_05.jpg\"  rel=\"ewicprettyPhoto[96169e07a44b635a]\"><img  class=\"ewic-wid-imgs\" src=\"http:\/\/www.cepsound.com\/art\/wp-content\/uploads\/sites\/3\/2016\/10\/so-natural_05.jpg\" \/><p class=\"flex-caption\"><\/p><\/a><\/li><\/ul><script type=\"text\/javascript\">\r\n\tjQuery(document).ready(function($) {\r\n\t\t\r\n\t\t$(\"#preloader-96169e07a44b635a\").fadeOut(500, function () {\r\n\t\t\t\r\n\t\t\t$(\"#ewic-con-96169e07a44b635a\").addClass(\"ready_to_show\");\r\n\t\t\t\r\n\t\t\t$(\"a[rel^='ewicprettyPhoto[96169e07a44b635a]']\").ewcPhoto({\r\n\t\t\t\ttheme: \"ewc_default\",\r\n\t\t\t\tallow_expand: false,\r\n\t\t\t\tdeeplinking: false,\r\n\t\t\t\tslideshow:12000,\r\n\t\t\t\tautoplay_slideshow:false,\r\n\t\t\t\tsocial_tools:false\r\n\t\t\t});\r\n\t\t\t\r\n\t\t\t$(\".flexslider-96169e07a44b635a\").fadeIn(300);\r\n\t\t\t\r\n\t\t\t$(\"#ewic-con-96169e07a44b635a\").flexslider({\r\n\t\t\t\tanimation: \"slide\",\r\n\t\t\t\tanimationSpeed: 0,\r\n\t\t\t\tuseCSS: false,\r\n\t\t\t\teasing: \"easeInOutCubic\",\r\n\t\t\t\tdirection: \"horizontal\",\r\n\t\t\t\tslideshow: true,\r\n\t\t\t\tsmoothHeight: true,\r\n\t\t\t\tpauseOnHover: true, \r\n\t\t\t\tcontrolNav: false,\r\n\t\t\t\tprevText: \"\",\r\n\t\t\t\tnextText: \"\",\r\n\t\t\t\trtl: false,\r\n\t\t\t\tslideshowSpeed: 12000,\r\n\t\t\t\tstart: function(slider){\r\n\t\t\t\t\t$(\"#ewic-con-96169e07a44b635a\").find(\".flex-caption\").hide();\r\n\t\t\t\t\tvar curSlide = slider.find(\"li.flex-active-slide\");\r\n\t\t\t\t\t$(curSlide).find(\".flex-caption\").slideDown();\r\n\t\t\t\t},\r\n\t\t\t\tbefore: function(slider) {\r\n\t\t\t\t\t$(\"#ewic-con-96169e07a44b635a\").find(\".flex-caption\").slideUp();\r\n\t\t\t\t},\r\n\t\t\t\tafter: function(slider) {\r\n\t\t\t\t\tvar curSlide = slider.find(\"li.flex-active-slide\");\r\n\t\t\t\t\t$(curSlide).find(\".flex-caption\").slideDown();\r\n\t\t\t\t}\r\n\t\t\t\t\r\n\t\t\t});\r\n\t\t\t\r\n\t\t});\r\n\t\t\t\r\n\t});\r\n<\/script><\/div>\r\n<\/span><\/h6>\n<blockquote><p><span style=\"color: #808080;\"><em>Ex.croissance ou l\u2019id\u00e9e de l\u2019expression de la Nature \u00e0 travers chacun de ses \u00e9l\u00e9ments. Comme un souffle jamais repris, la terre offre ses espoirs les plus audacieux, et pr\u00f4ne un univers enchant\u00e9. Telle une promesse ultime, les v\u00e9g\u00e9taux s\u2019approprient l\u2019espace, les mati\u00e8res, les surfaces et inventent un paysage fantasmagorique qui s\u2019abandonne \u00e0 M\u00e8re Nature. Embarquer dans ce voyage initiatique, envahir nos imaginaires et donner \u00e0 r\u00eaver comme une qu\u00eate ultime. <\/em><span class=\"style7 style7\">\u00bb<\/span><em><br \/>\n<\/em><\/span><\/p>\n<p><span style=\"color: #808080;\"><strong>Lotie<\/strong><\/span><\/p><\/blockquote>\n<hr \/>\n\n<h6 style=\"text-align: left; padding-left: 30px;\"><span style=\"color: #808080;\"><br \/>\n<em>At the very end, a Jellyfish&#8230;<\/em> (2&#8217;55)<\/span><\/h6>\n<p class=\"style7\" style=\"padding-left: 30px;\"><span style=\"color: #808080;\"><strong>d.a. &amp; dessins :<\/strong> <span style=\"color: #333333;\"><a style=\"color: #333333;\" href=\"http:\/\/www.lotie.com\" target=\"_blank\">Lotie<\/a><\/span><\/span><br \/>\n<span style=\"color: #808080;\"><strong> animation vid\u00e9o :<\/strong> <span style=\"color: #333333;\"><a style=\"color: #333333;\" href=\"http:\/\/www.romain-desanti.com\" target=\"_blank\">Romain de Santi<\/a><\/span><\/span><br \/>\n<span style=\"color: #808080;\"><strong> musique :<\/strong> Charles-Eric P\u00e9ard<\/span><\/p>\n<hr style=\"padding-left: 30px;\" \/>\n\n<h6 style=\"text-align: left; padding-left: 30px;\"><span style=\"color: #808080;\"><br \/>\n<em>Bring me to Life<\/em> (3&#8217;37)<\/span><\/h6>\n<p class=\"style7\" style=\"padding-left: 30px;\"><span style=\"color: #808080;\"><strong>d.a. &amp; dessins :<\/strong> <span style=\"color: #333333;\"><a style=\"color: #333333;\" href=\"http:\/\/www.lotie.com\" target=\"_blank\">Lotie<\/a><\/span><\/span><br \/>\n<span style=\"color: #808080;\"><strong> animation vid\u00e9o :<\/strong> <span style=\"color: #333333;\"><a style=\"color: #333333;\" href=\"http:\/\/www.romain-desanti.com\" target=\"_blank\">Romain de Santi<\/a><\/span><\/span><br \/>\n<span style=\"color: #808080;\"><strong> musique :<\/strong> Charles-Eric P\u00e9ard<\/span><\/p>\n<hr \/>\n<p class=\"style7\"><span style=\"color: #808080;\"><strong>exposition :<\/strong> <em>So Natural &#8211; Lotie &amp; Quayola<\/em><\/span><br \/>\n<span style=\"color: #808080;\"><strong> lieu :<\/strong> <span style=\"color: #333333;\"><a style=\"color: #333333;\" href=\"http:\/\/www.lesiteducube.com\" target=\"_blank\">Le Cube<\/a><\/span> (Issy-les-Moulineaux)<\/span><br \/>\n<span style=\"color: #808080;\"><strong> dates :<\/strong> 29 janvier \/ 25 juillet 2009<\/span><\/p>\n","protected":false},"excerpt":{"rendered":"<p>&lt; PREVIOUS | RETOUR | NEXT &gt; installation vid\u00e9o Ex.croissance ou l\u2019id\u00e9e de l\u2019expression de la Nature \u00e0 travers chacun de ses \u00e9l\u00e9ments. Comme un&#8230;<\/p>\n","protected":false},"author":1,"featured_media":0,"parent":572,"menu_order":0,"comment_status":"closed","ping_status":"closed","template":"","meta":[],"yoast_head":"<!-- This site is optimized with the Yoast SEO plugin v19.13 - https:\/\/yoast.com\/wordpress\/plugins\/seo\/ -->\n<title>Ex.croissance &ndash;<\/title>\n<meta name=\"robots\" content=\"index, follow, max-snippet:-1, max-image-preview:large, max-video-preview:-1\" \/>\n<link rel=\"canonical\" href=\"http:\/\/www.cepsound.com\/art\/installations-video\/ex-croissance\/\" \/>\n<meta property=\"og:locale\" content=\"fr_FR\" \/>\n<meta property=\"og:type\" content=\"article\" \/>\n<meta property=\"og:title\" content=\"Ex.croissance &ndash;\" \/>\n<meta property=\"og:description\" content=\"&lt; PREVIOUS | RETOUR | NEXT &gt; installation vid\u00e9o Ex.croissance ou l\u2019id\u00e9e de l\u2019expression de la Nature \u00e0 travers chacun de ses \u00e9l\u00e9ments. Comme un...\" \/>\n<meta property=\"og:url\" content=\"http:\/\/www.cepsound.com\/art\/installations-video\/ex-croissance\/\" \/>\n<meta property=\"article:publisher\" content=\"https:\/\/www.facebook.com\/Cepsound-l-Charles-Eric-PEARD-169837659739132\/\" \/>\n<meta property=\"article:modified_time\" content=\"2016-11-19T15:13:57+00:00\" \/>\n<meta name=\"twitter:card\" content=\"summary_large_image\" \/>\n<meta name=\"twitter:label1\" content=\"Dur\u00e9e de lecture estim\u00e9e\" \/>\n\t<meta name=\"twitter:data1\" content=\"1 minute\" \/>\n<script type=\"application\/ld+json\" class=\"yoast-schema-graph\">{\"@context\":\"https:\/\/schema.org\",\"@graph\":[{\"@type\":\"WebPage\",\"@id\":\"http:\/\/www.cepsound.com\/art\/installations-video\/ex-croissance\/\",\"url\":\"http:\/\/www.cepsound.com\/art\/installations-video\/ex-croissance\/\",\"name\":\"Ex.croissance &ndash;\",\"isPartOf\":{\"@id\":\"http:\/\/www.cepsound.com\/art\/#website\"},\"datePublished\":\"2016-10-06T13:31:02+00:00\",\"dateModified\":\"2016-11-19T15:13:57+00:00\",\"breadcrumb\":{\"@id\":\"http:\/\/www.cepsound.com\/art\/installations-video\/ex-croissance\/#breadcrumb\"},\"inLanguage\":\"fr-FR\",\"potentialAction\":[{\"@type\":\"ReadAction\",\"target\":[\"http:\/\/www.cepsound.com\/art\/installations-video\/ex-croissance\/\"]}]},{\"@type\":\"BreadcrumbList\",\"@id\":\"http:\/\/www.cepsound.com\/art\/installations-video\/ex-croissance\/#breadcrumb\",\"itemListElement\":[{\"@type\":\"ListItem\",\"position\":1,\"name\":\"Accueil\",\"item\":\"http:\/\/www.cepsound.com\/art\/\"},{\"@type\":\"ListItem\",\"position\":2,\"name\":\"installations vid\u00e9o\",\"item\":\"https:\/\/www.cepsound.com\/art\/installations-video\/\"},{\"@type\":\"ListItem\",\"position\":3,\"name\":\"Ex.croissance\"}]},{\"@type\":\"WebSite\",\"@id\":\"http:\/\/www.cepsound.com\/art\/#website\",\"url\":\"http:\/\/www.cepsound.com\/art\/\",\"name\":\"\",\"description\":\"plasticien sonore | sound performer\",\"potentialAction\":[{\"@type\":\"SearchAction\",\"target\":{\"@type\":\"EntryPoint\",\"urlTemplate\":\"http:\/\/www.cepsound.com\/art\/?s={search_term_string}\"},\"query-input\":\"required name=search_term_string\"}],\"inLanguage\":\"fr-FR\"}]}<\/script>\n<!-- \/ Yoast SEO plugin. -->","yoast_head_json":{"title":"Ex.croissance &ndash;","robots":{"index":"index","follow":"follow","max-snippet":"max-snippet:-1","max-image-preview":"max-image-preview:large","max-video-preview":"max-video-preview:-1"},"canonical":"http:\/\/www.cepsound.com\/art\/installations-video\/ex-croissance\/","og_locale":"fr_FR","og_type":"article","og_title":"Ex.croissance &ndash;","og_description":"&lt; PREVIOUS | RETOUR | NEXT &gt; installation vid\u00e9o Ex.croissance ou l\u2019id\u00e9e de l\u2019expression de la Nature \u00e0 travers chacun de ses \u00e9l\u00e9ments. Comme un...","og_url":"http:\/\/www.cepsound.com\/art\/installations-video\/ex-croissance\/","article_publisher":"https:\/\/www.facebook.com\/Cepsound-l-Charles-Eric-PEARD-169837659739132\/","article_modified_time":"2016-11-19T15:13:57+00:00","twitter_card":"summary_large_image","twitter_misc":{"Dur\u00e9e de lecture estim\u00e9e":"1 minute"},"schema":{"@context":"https:\/\/schema.org","@graph":[{"@type":"WebPage","@id":"http:\/\/www.cepsound.com\/art\/installations-video\/ex-croissance\/","url":"http:\/\/www.cepsound.com\/art\/installations-video\/ex-croissance\/","name":"Ex.croissance &ndash;","isPartOf":{"@id":"http:\/\/www.cepsound.com\/art\/#website"},"datePublished":"2016-10-06T13:31:02+00:00","dateModified":"2016-11-19T15:13:57+00:00","breadcrumb":{"@id":"http:\/\/www.cepsound.com\/art\/installations-video\/ex-croissance\/#breadcrumb"},"inLanguage":"fr-FR","potentialAction":[{"@type":"ReadAction","target":["http:\/\/www.cepsound.com\/art\/installations-video\/ex-croissance\/"]}]},{"@type":"BreadcrumbList","@id":"http:\/\/www.cepsound.com\/art\/installations-video\/ex-croissance\/#breadcrumb","itemListElement":[{"@type":"ListItem","position":1,"name":"Accueil","item":"http:\/\/www.cepsound.com\/art\/"},{"@type":"ListItem","position":2,"name":"installations vid\u00e9o","item":"https:\/\/www.cepsound.com\/art\/installations-video\/"},{"@type":"ListItem","position":3,"name":"Ex.croissance"}]},{"@type":"WebSite","@id":"http:\/\/www.cepsound.com\/art\/#website","url":"http:\/\/www.cepsound.com\/art\/","name":"","description":"plasticien sonore | sound performer","potentialAction":[{"@type":"SearchAction","target":{"@type":"EntryPoint","urlTemplate":"http:\/\/www.cepsound.com\/art\/?s={search_term_string}"},"query-input":"required name=search_term_string"}],"inLanguage":"fr-FR"}]}},"_links":{"self":[{"href":"http:\/\/www.cepsound.com\/art\/wp-json\/wp\/v2\/pages\/950"}],"collection":[{"href":"http:\/\/www.cepsound.com\/art\/wp-json\/wp\/v2\/pages"}],"about":[{"href":"http:\/\/www.cepsound.com\/art\/wp-json\/wp\/v2\/types\/page"}],"author":[{"embeddable":true,"href":"http:\/\/www.cepsound.com\/art\/wp-json\/wp\/v2\/users\/1"}],"replies":[{"embeddable":true,"href":"http:\/\/www.cepsound.com\/art\/wp-json\/wp\/v2\/comments?post=950"}],"version-history":[{"count":36,"href":"http:\/\/www.cepsound.com\/art\/wp-json\/wp\/v2\/pages\/950\/revisions"}],"predecessor-version":[{"id":1720,"href":"http:\/\/www.cepsound.com\/art\/wp-json\/wp\/v2\/pages\/950\/revisions\/1720"}],"up":[{"embeddable":true,"href":"http:\/\/www.cepsound.com\/art\/wp-json\/wp\/v2\/pages\/572"}],"wp:attachment":[{"href":"http:\/\/www.cepsound.com\/art\/wp-json\/wp\/v2\/media?parent=950"}],"curies":[{"name":"wp","href":"https:\/\/api.w.org\/{rel}","templated":true}]}}