{"id":952,"date":"2016-10-06T14:32:10","date_gmt":"2016-10-06T13:32:10","guid":{"rendered":"http:\/\/www.cepsound.com\/www-2\/?page_id=952"},"modified":"2016-11-19T16:14:14","modified_gmt":"2016-11-19T15:14:14","slug":"icon-tada","status":"publish","type":"page","link":"http:\/\/www.cepsound.com\/art\/installations-video\/icon-tada\/","title":{"rendered":"Icon Tada"},"content":{"rendered":"<h6 style=\"text-align: right;\"><span style=\"color: #333333;\"><a style=\"color: #333333;\" href=\"http:\/\/www.cepsound.com\/art\/installations-video\/diorama\">&lt; PREVIOUS<\/a> | <a style=\"color: #333333;\" href=\"http:\/\/www.cepsound.com\/art\/installations-video\/\">RETOUR <\/a>| <span style=\"color: #999999;\">NEXT &gt;<\/span><\/span><\/h6>\n<h6><span style=\"color: #999999;\"><span style=\"color: #808080;\">installation vid\u00e9o<\/span><span class=\"style7 style7\"><br \/>\n<\/span><\/span><\/h6>\n<div style=\"width: 640px;\" class=\"wp-video\"><!--[if lt IE 9]><script>document.createElement('video');<\/script><![endif]-->\n<video class=\"wp-video-shortcode\" id=\"video-952-1\" width=\"640\" height=\"480\" preload=\"auto\" controls=\"controls\"><source type=\"video\/mp4\" src=\"http:\/\/www.cepsound.com\/wp-content\/uploads\/sites\/3\/2016\/10\/icontada_videopainting.mp4?_=1\" \/><a href=\"http:\/\/www.cepsound.com\/wp-content\/uploads\/sites\/3\/2016\/10\/icontada_videopainting.mp4\">http:\/\/www.cepsound.com\/wp-content\/uploads\/sites\/3\/2016\/10\/icontada_videopainting.mp4<\/a><\/video><\/div>\n<h6 style=\"text-align: left; padding-left: 30px;\"><span style=\"color: #808080;\"><br \/>\nLOW RESOLUTION DEMO<em> Videopaintings <\/em> (5&#8217;02)<\/span><\/h6>\n<hr \/>\n<blockquote><p><span style=\"color: #808080;\"><em>Icon Tada dessine et peint, sans jamais encore avoir effleur\u00e9 le moindre pinceau ou tube d\u2019acrylique, par le seul biais de l\u2019ordinateur et du dessin vectoriel. Techniquement issues de pures op\u00e9rations math\u00e9matiques g\u00e9n\u00e9r\u00e9es par les logiciels utilis\u00e9s (tels Adobe Illustrator ou, plus souvent, Macromedia FreeHand), les caract\u00e9ristiques des images d\u2019Icon Tada \u2014 immat\u00e9rielles, l\u00e9g\u00e8res et faciles \u00e0 transmettre par les moyens \u00e9lectroniques en n\u2019importe quel point du monde, imm\u00e9diatement reproductibles \u00e0 l\u2019identique, \u00e0 l\u2019infini et dans n\u2019importe quelle taille, toujours susceptibles de modifications diverses et ouvertes au travail collectif, etc. \u2014 se retrouvent souvent \u00e0 l\u2019oppos\u00e9 de celles qu\u2019on attribue \u00e0 la peinture\u2026 <\/em>\u00bb<em><br \/>\n<\/em><\/span><\/p>\n<hr \/>\n<\/blockquote>\n<p class=\"style7\"><span style=\"color: #808080;\"><strong>titres :<\/strong> <em>Videopaintings#3<\/em> et <em>Videopaintings#4<\/em><br \/>\n<strong>logiciels artistiques<\/strong> dont les sons et les images \u00e9voluent de mani\u00e8re al\u00e9atoire<\/span><br \/>\n<span style=\"color: #808080;\"><strong> dur\u00e9e :<\/strong> infinie<\/span><br \/>\n<span style=\"color: #808080;\"><strong> diffusion :<\/strong> <a style=\"color: #808080;\" href=\"http:\/\/www.magda-gallery.com\/\" target=\"_blank\"><span style=\"color: #333333;\">gallerie Magda Danysz<\/span> <\/a> (Paris)<\/span><\/p>\n<p class=\"style7\"><span style=\"color: #808080;\"><strong>videopaintings :<\/strong> <span style=\"color: #333333;\"><a style=\"color: #333333;\" href=\"http:\/\/www.worlds-of-ultralab.org\/icontada\/index2.html\" target=\"_blank\">Icon Tada<\/a><\/span> \/ <span style=\"color: #333333;\"><a style=\"color: #333333;\" href=\"http:\/\/www.worlds-of-ultralab.org\/\" target=\"_blank\">Ultralab\u2122<br \/>\n<\/a><\/span><strong>ambiances sonores :<\/strong> Charles-Eric P\u00e9ard<\/span><\/p>\n","protected":false},"excerpt":{"rendered":"<p>&lt; PREVIOUS | RETOUR | NEXT &gt; installation vid\u00e9o LOW RESOLUTION DEMO Videopaintings (5&#8217;02) Icon Tada dessine et peint, sans jamais encore avoir effleur\u00e9 le&#8230;<\/p>\n","protected":false},"author":1,"featured_media":0,"parent":572,"menu_order":0,"comment_status":"closed","ping_status":"closed","template":"","meta":[],"yoast_head":"<!-- This site is optimized with the Yoast SEO plugin v19.13 - https:\/\/yoast.com\/wordpress\/plugins\/seo\/ -->\n<title>Icon Tada &ndash;<\/title>\n<meta name=\"robots\" content=\"index, follow, max-snippet:-1, max-image-preview:large, max-video-preview:-1\" \/>\n<link rel=\"canonical\" href=\"http:\/\/www.cepsound.com\/art\/installations-video\/icon-tada\/\" \/>\n<meta property=\"og:locale\" content=\"fr_FR\" \/>\n<meta property=\"og:type\" content=\"article\" \/>\n<meta property=\"og:title\" content=\"Icon Tada &ndash;\" \/>\n<meta property=\"og:description\" content=\"&lt; PREVIOUS | RETOUR | NEXT &gt; installation vid\u00e9o LOW RESOLUTION DEMO Videopaintings (5&#8217;02) Icon Tada dessine et peint, sans jamais encore avoir effleur\u00e9 le...\" \/>\n<meta property=\"og:url\" content=\"http:\/\/www.cepsound.com\/art\/installations-video\/icon-tada\/\" \/>\n<meta property=\"article:publisher\" content=\"https:\/\/www.facebook.com\/Cepsound-l-Charles-Eric-PEARD-169837659739132\/\" \/>\n<meta property=\"article:modified_time\" content=\"2016-11-19T15:14:14+00:00\" \/>\n<meta name=\"twitter:card\" content=\"summary_large_image\" \/>\n<meta name=\"twitter:label1\" content=\"Dur\u00e9e de lecture estim\u00e9e\" \/>\n\t<meta name=\"twitter:data1\" content=\"1 minute\" \/>\n<script type=\"application\/ld+json\" class=\"yoast-schema-graph\">{\"@context\":\"https:\/\/schema.org\",\"@graph\":[{\"@type\":\"WebPage\",\"@id\":\"http:\/\/www.cepsound.com\/art\/installations-video\/icon-tada\/\",\"url\":\"http:\/\/www.cepsound.com\/art\/installations-video\/icon-tada\/\",\"name\":\"Icon Tada &ndash;\",\"isPartOf\":{\"@id\":\"http:\/\/www.cepsound.com\/art\/#website\"},\"datePublished\":\"2016-10-06T13:32:10+00:00\",\"dateModified\":\"2016-11-19T15:14:14+00:00\",\"breadcrumb\":{\"@id\":\"http:\/\/www.cepsound.com\/art\/installations-video\/icon-tada\/#breadcrumb\"},\"inLanguage\":\"fr-FR\",\"potentialAction\":[{\"@type\":\"ReadAction\",\"target\":[\"http:\/\/www.cepsound.com\/art\/installations-video\/icon-tada\/\"]}]},{\"@type\":\"BreadcrumbList\",\"@id\":\"http:\/\/www.cepsound.com\/art\/installations-video\/icon-tada\/#breadcrumb\",\"itemListElement\":[{\"@type\":\"ListItem\",\"position\":1,\"name\":\"Accueil\",\"item\":\"http:\/\/www.cepsound.com\/art\/\"},{\"@type\":\"ListItem\",\"position\":2,\"name\":\"installations vid\u00e9o\",\"item\":\"https:\/\/www.cepsound.com\/art\/installations-video\/\"},{\"@type\":\"ListItem\",\"position\":3,\"name\":\"Icon Tada\"}]},{\"@type\":\"WebSite\",\"@id\":\"http:\/\/www.cepsound.com\/art\/#website\",\"url\":\"http:\/\/www.cepsound.com\/art\/\",\"name\":\"\",\"description\":\"plasticien sonore | sound performer\",\"potentialAction\":[{\"@type\":\"SearchAction\",\"target\":{\"@type\":\"EntryPoint\",\"urlTemplate\":\"http:\/\/www.cepsound.com\/art\/?s={search_term_string}\"},\"query-input\":\"required name=search_term_string\"}],\"inLanguage\":\"fr-FR\"}]}<\/script>\n<!-- \/ Yoast SEO plugin. -->","yoast_head_json":{"title":"Icon Tada &ndash;","robots":{"index":"index","follow":"follow","max-snippet":"max-snippet:-1","max-image-preview":"max-image-preview:large","max-video-preview":"max-video-preview:-1"},"canonical":"http:\/\/www.cepsound.com\/art\/installations-video\/icon-tada\/","og_locale":"fr_FR","og_type":"article","og_title":"Icon Tada &ndash;","og_description":"&lt; PREVIOUS | RETOUR | NEXT &gt; installation vid\u00e9o LOW RESOLUTION DEMO Videopaintings (5&#8217;02) Icon Tada dessine et peint, sans jamais encore avoir effleur\u00e9 le...","og_url":"http:\/\/www.cepsound.com\/art\/installations-video\/icon-tada\/","article_publisher":"https:\/\/www.facebook.com\/Cepsound-l-Charles-Eric-PEARD-169837659739132\/","article_modified_time":"2016-11-19T15:14:14+00:00","twitter_card":"summary_large_image","twitter_misc":{"Dur\u00e9e de lecture estim\u00e9e":"1 minute"},"schema":{"@context":"https:\/\/schema.org","@graph":[{"@type":"WebPage","@id":"http:\/\/www.cepsound.com\/art\/installations-video\/icon-tada\/","url":"http:\/\/www.cepsound.com\/art\/installations-video\/icon-tada\/","name":"Icon Tada &ndash;","isPartOf":{"@id":"http:\/\/www.cepsound.com\/art\/#website"},"datePublished":"2016-10-06T13:32:10+00:00","dateModified":"2016-11-19T15:14:14+00:00","breadcrumb":{"@id":"http:\/\/www.cepsound.com\/art\/installations-video\/icon-tada\/#breadcrumb"},"inLanguage":"fr-FR","potentialAction":[{"@type":"ReadAction","target":["http:\/\/www.cepsound.com\/art\/installations-video\/icon-tada\/"]}]},{"@type":"BreadcrumbList","@id":"http:\/\/www.cepsound.com\/art\/installations-video\/icon-tada\/#breadcrumb","itemListElement":[{"@type":"ListItem","position":1,"name":"Accueil","item":"http:\/\/www.cepsound.com\/art\/"},{"@type":"ListItem","position":2,"name":"installations vid\u00e9o","item":"https:\/\/www.cepsound.com\/art\/installations-video\/"},{"@type":"ListItem","position":3,"name":"Icon Tada"}]},{"@type":"WebSite","@id":"http:\/\/www.cepsound.com\/art\/#website","url":"http:\/\/www.cepsound.com\/art\/","name":"","description":"plasticien sonore | sound performer","potentialAction":[{"@type":"SearchAction","target":{"@type":"EntryPoint","urlTemplate":"http:\/\/www.cepsound.com\/art\/?s={search_term_string}"},"query-input":"required name=search_term_string"}],"inLanguage":"fr-FR"}]}},"_links":{"self":[{"href":"http:\/\/www.cepsound.com\/art\/wp-json\/wp\/v2\/pages\/952"}],"collection":[{"href":"http:\/\/www.cepsound.com\/art\/wp-json\/wp\/v2\/pages"}],"about":[{"href":"http:\/\/www.cepsound.com\/art\/wp-json\/wp\/v2\/types\/page"}],"author":[{"embeddable":true,"href":"http:\/\/www.cepsound.com\/art\/wp-json\/wp\/v2\/users\/1"}],"replies":[{"embeddable":true,"href":"http:\/\/www.cepsound.com\/art\/wp-json\/wp\/v2\/comments?post=952"}],"version-history":[{"count":21,"href":"http:\/\/www.cepsound.com\/art\/wp-json\/wp\/v2\/pages\/952\/revisions"}],"predecessor-version":[{"id":1722,"href":"http:\/\/www.cepsound.com\/art\/wp-json\/wp\/v2\/pages\/952\/revisions\/1722"}],"up":[{"embeddable":true,"href":"http:\/\/www.cepsound.com\/art\/wp-json\/wp\/v2\/pages\/572"}],"wp:attachment":[{"href":"http:\/\/www.cepsound.com\/art\/wp-json\/wp\/v2\/media?parent=952"}],"curies":[{"name":"wp","href":"https:\/\/api.w.org\/{rel}","templated":true}]}}