{"id":114,"date":"2016-10-21T18:17:12","date_gmt":"2016-10-21T16:17:12","guid":{"rendered":"http:\/\/www.cepsound.com\/design\/?page_id=114"},"modified":"2021-08-16T18:20:51","modified_gmt":"2021-08-16T16:20:51","slug":"prix-cube-1ere-edition","status":"publish","type":"page","link":"http:\/\/www.cepsound.com\/illustration\/musique-a-limage\/prix-cube-1ere-edition\/","title":{"rendered":"Prix Cube &#8211; 1\u00e8re \u00e9dition"},"content":{"rendered":"<h6 style=\"text-align: right;\"><span style=\"color: #808080;\"><a href=\"http:\/\/www.cepsound.com\/illustration\/musiques-a-limage\/universite-nice-sophia-antipolis\/\">&lt; PREVIOUS<\/a> | <a href=\"http:\/\/www.cepsound.com\/illustration\/musique-a-limage\/\">RETOUR <\/a>| <a href=\"http:\/\/www.cepsound.com\/illustration\/musiques-a-limage\/dickson\/\">NEXT &gt;<\/a><\/span><\/h6>\n<h6><span style=\"color: #999999;\"><span style=\"color: #808080;\">films promotionnels<br \/>\n<\/span><\/span><\/h6>\n<div style=\"width: 640px;\" class=\"wp-video\"><!--[if lt IE 9]><script>document.createElement('video');<\/script><![endif]-->\n<video class=\"wp-video-shortcode\" id=\"video-114-1\" width=\"640\" height=\"360\" poster=\"http:\/\/www.cepsound.com\/design\/wp-content\/uploads\/sites\/2\/2016\/10\/prix-Cube2013_trailer_vignette-video.jpg\" preload=\"auto\" controls=\"controls\"><source type=\"video\/mp4\" src=\"http:\/\/www.cepsound.com\/wp-content\/uploads\/sites\/2\/2016\/10\/PrixCube2013-trailer.mp4?_=1\" \/><a href=\"http:\/\/www.cepsound.com\/wp-content\/uploads\/sites\/2\/2016\/10\/PrixCube2013-trailer.mp4\">http:\/\/www.cepsound.com\/wp-content\/uploads\/sites\/2\/2016\/10\/PrixCube2013-trailer.mp4<\/a><\/video><\/div>\n<h6 style=\"padding-left: 30px;\"><span style=\"color: #808080;\"><br \/>\ntrailer (1&rsquo;09)<\/span><\/h6>\n<p><span class=\"style7 style7 style10\" style=\"color: #808080;\"><strong>vid\u00e9o :<\/strong> Marc Ribaudo (Pixaway Production)<\/span><br \/>\n<span class=\"style7 style7 style10\" style=\"color: #808080;\"> <strong> habillage sonore :<\/strong> <span class=\"style7 Style12\">Charles-Eric P\u00e9ard<\/span><\/span><\/p>\n<hr \/>\n<div style=\"width: 640px;\" class=\"wp-video\"><video class=\"wp-video-shortcode\" id=\"video-114-2\" width=\"640\" height=\"360\" poster=\"http:\/\/www.cepsound.com\/design\/wp-content\/uploads\/sites\/2\/2016\/10\/prix-Cube2013_tout-en-image_vignette-video.jpg\" preload=\"auto\" controls=\"controls\"><source type=\"video\/mp4\" src=\"http:\/\/www.cepsound.com\/wp-content\/uploads\/sites\/2\/2016\/10\/PrixCube2013.mp4?_=2\" \/><a href=\"http:\/\/www.cepsound.com\/wp-content\/uploads\/sites\/2\/2016\/10\/PrixCube2013.mp4\">http:\/\/www.cepsound.com\/wp-content\/uploads\/sites\/2\/2016\/10\/PrixCube2013.mp4<\/a><\/video><\/div>\n<h6 style=\"padding-left: 30px;\"><span style=\"color: #808080;\"><br \/>\ntout-en-image (1&rsquo;05)<\/span><\/h6>\n<p><span class=\"style7 style7 style10\" style=\"color: #808080;\"><strong>vid\u00e9o :<\/strong> Marc Ribaudo (Pixaway Production)<\/span><br \/>\n<span class=\"style7 style7 style10\" style=\"color: #808080;\"> <strong> habillage sonore :<\/strong> <span class=\"style7 Style12\">Charles-Eric P\u00e9ard<\/span><\/span><\/p>\n<hr \/>\n<p><span style=\"color: #808080;\"><strong>client :<\/strong> <a href=\"http:\/\/lecube.com\/\" target=\"_blank\" rel=\"noopener\">Le Cube<\/a><\/span><br \/>\n<span style=\"color: #808080;\"> <strong>description :<\/strong> films promotionnels<br \/>\n<strong>\u00e9v\u00e9nement :<\/strong> <a href=\"http:\/\/prixcube.com\/\" target=\"_blank\" rel=\"noopener\">Prix Cube 2013<\/a><\/span><br \/>\n<span class=\"style7 style7 style10\" style=\"color: #808080;\"> <strong>diffusion :<\/strong> Internet<br \/>\n<\/span><\/p>\n","protected":false},"excerpt":{"rendered":"<p>&lt; PREVIOUS | RETOUR | NEXT &gt; films promotionnels trailer (1&rsquo;09) vid\u00e9o : Marc Ribaudo (Pixaway Production) habillage sonore : Charles-Eric P\u00e9ard tout-en-image (1&rsquo;05) vid\u00e9o&#8230;<\/p>\n","protected":false},"author":1,"featured_media":0,"parent":25,"menu_order":0,"comment_status":"closed","ping_status":"closed","template":"","meta":[],"_links":{"self":[{"href":"http:\/\/www.cepsound.com\/illustration\/wp-json\/wp\/v2\/pages\/114"}],"collection":[{"href":"http:\/\/www.cepsound.com\/illustration\/wp-json\/wp\/v2\/pages"}],"about":[{"href":"http:\/\/www.cepsound.com\/illustration\/wp-json\/wp\/v2\/types\/page"}],"author":[{"embeddable":true,"href":"http:\/\/www.cepsound.com\/illustration\/wp-json\/wp\/v2\/users\/1"}],"replies":[{"embeddable":true,"href":"http:\/\/www.cepsound.com\/illustration\/wp-json\/wp\/v2\/comments?post=114"}],"version-history":[{"count":20,"href":"http:\/\/www.cepsound.com\/illustration\/wp-json\/wp\/v2\/pages\/114\/revisions"}],"predecessor-version":[{"id":807,"href":"http:\/\/www.cepsound.com\/illustration\/wp-json\/wp\/v2\/pages\/114\/revisions\/807"}],"up":[{"embeddable":true,"href":"http:\/\/www.cepsound.com\/illustration\/wp-json\/wp\/v2\/pages\/25"}],"wp:attachment":[{"href":"http:\/\/www.cepsound.com\/illustration\/wp-json\/wp\/v2\/media?parent=114"}],"curies":[{"name":"wp","href":"https:\/\/api.w.org\/{rel}","templated":true}]}}