{"id":132,"date":"2016-10-22T16:46:02","date_gmt":"2016-10-22T14:46:02","guid":{"rendered":"http:\/\/www.cepsound.com\/design\/?page_id=132"},"modified":"2021-08-16T18:23:08","modified_gmt":"2021-08-16T16:23:08","slug":"babygum","status":"publish","type":"page","link":"http:\/\/www.cepsound.com\/illustration\/musique-a-limage\/babygum\/","title":{"rendered":"BaByGuM"},"content":{"rendered":"<h6 style=\"text-align: right;\"><span style=\"color: #808080;\"><a href=\"http:\/\/www.cepsound.com\/illustration\/musiques-a-limage\/le-cube-film-institutionnel-2009\/\">&lt; PREVIOUS<\/a> | <a href=\"http:\/\/www.cepsound.com\/illustration\/musique-a-limage\/\">RETOUR <\/a>| <a href=\"http:\/\/www.cepsound.com\/illustration\/musiques-a-limage\/le-cube-vert\/\">NEXT &gt;<\/a><\/span><\/h6>\n<h6><span style=\"color: #999999;\"><span style=\"color: #808080;\">vid\u00e9o promotionnelle <\/span><\/span><\/h6>\n<div style=\"width: 640px;\" class=\"wp-video\"><!--[if lt IE 9]><script>document.createElement('video');<\/script><![endif]-->\n<video class=\"wp-video-shortcode\" id=\"video-132-1\" width=\"640\" height=\"480\" poster=\"http:\/\/www.cepsound.com\/design\/wp-content\/uploads\/sites\/2\/2016\/10\/babygum_vignette-video.jpg\" preload=\"auto\" controls=\"controls\"><source type=\"video\/mp4\" src=\"http:\/\/www.cepsound.com\/wp-content\/uploads\/sites\/2\/2016\/10\/BaByGuM.mp4?_=1\" \/><a href=\"http:\/\/www.cepsound.com\/wp-content\/uploads\/sites\/2\/2016\/10\/BaByGuM.mp4\">http:\/\/www.cepsound.com\/wp-content\/uploads\/sites\/2\/2016\/10\/BaByGuM.mp4<\/a><\/video><\/div>\n<div id=\"apDiv2\" class=\"style5\">\n<p class=\"style7\"><span style=\"color: #808080;\"><span class=\"style7 style7\"><span class=\"style7 style7 style10\"><strong>client :<\/strong> BaByGum<br \/>\n<strong>description :<\/strong> vid\u00e9o promotionnelle<br \/>\n<strong>dur\u00e9e :<\/strong> 1,56 min.<br \/>\n<strong>diffusion :<\/strong> Internet<\/span><\/span><\/span><\/p>\n<p><span style=\"color: #808080;\"><strong>images :<\/strong> BaByGum<span class=\"style7 style7\"><span class=\"style7 style7 style10\"><br \/>\n<strong>musique :<\/strong> <span class=\"style7 Style12\">Charles-Eric P\u00e9ard<\/span><\/span><\/span><\/span><\/p>\n<\/div>\n","protected":false},"excerpt":{"rendered":"<p>&lt; PREVIOUS | RETOUR | NEXT &gt; vid\u00e9o promotionnelle client : BaByGum description : vid\u00e9o promotionnelle dur\u00e9e : 1,56 min. diffusion : Internet images :&#8230;<\/p>\n","protected":false},"author":1,"featured_media":0,"parent":25,"menu_order":0,"comment_status":"closed","ping_status":"closed","template":"","meta":[],"_links":{"self":[{"href":"http:\/\/www.cepsound.com\/illustration\/wp-json\/wp\/v2\/pages\/132"}],"collection":[{"href":"http:\/\/www.cepsound.com\/illustration\/wp-json\/wp\/v2\/pages"}],"about":[{"href":"http:\/\/www.cepsound.com\/illustration\/wp-json\/wp\/v2\/types\/page"}],"author":[{"embeddable":true,"href":"http:\/\/www.cepsound.com\/illustration\/wp-json\/wp\/v2\/users\/1"}],"replies":[{"embeddable":true,"href":"http:\/\/www.cepsound.com\/illustration\/wp-json\/wp\/v2\/comments?post=132"}],"version-history":[{"count":14,"href":"http:\/\/www.cepsound.com\/illustration\/wp-json\/wp\/v2\/pages\/132\/revisions"}],"predecessor-version":[{"id":812,"href":"http:\/\/www.cepsound.com\/illustration\/wp-json\/wp\/v2\/pages\/132\/revisions\/812"}],"up":[{"embeddable":true,"href":"http:\/\/www.cepsound.com\/illustration\/wp-json\/wp\/v2\/pages\/25"}],"wp:attachment":[{"href":"http:\/\/www.cepsound.com\/illustration\/wp-json\/wp\/v2\/media?parent=132"}],"curies":[{"name":"wp","href":"https:\/\/api.w.org\/{rel}","templated":true}]}}