{"id":177,"date":"2016-10-23T18:33:25","date_gmt":"2016-10-23T16:33:25","guid":{"rendered":"http:\/\/www.cepsound.com\/design\/?page_id=177"},"modified":"2021-08-16T18:22:04","modified_gmt":"2021-08-16T16:22:04","slug":"le-cube-film-institutionnel-2011","status":"publish","type":"page","link":"http:\/\/www.cepsound.com\/illustration\/musique-a-limage\/le-cube-film-institutionnel-2011\/","title":{"rendered":"Le Cube &#8211; film institutionnel 2011"},"content":{"rendered":"<h6 style=\"text-align: right;\"><span style=\"color: #808080;\"><a href=\"http:\/\/www.cepsound.com\/illustration\/musiques-a-limage\/dickson\/\">&lt; PREVIOUS<\/a> | <a href=\"http:\/\/www.cepsound.com\/illustration\/musique-a-limage\/\">RETOUR <\/a>| <a href=\"http:\/\/www.cepsound.com\/illustration\/musiques-a-limage\/eura-technologies\/\">NEXT &gt;<\/a><\/span><\/h6>\n<h6><span style=\"color: #999999;\"><span style=\"color: #808080;\">film institutionnel<br \/>\n<\/span><\/span><\/h6>\n<div style=\"width: 640px;\" class=\"wp-video\"><!--[if lt IE 9]><script>document.createElement('video');<\/script><![endif]-->\n<video class=\"wp-video-shortcode\" id=\"video-177-1\" width=\"640\" height=\"360\" poster=\"http:\/\/www.cepsound.com\/design\/wp-content\/uploads\/sites\/2\/2016\/10\/le-cube-film-institutionnel-2011_vignette-video2.jpg\" preload=\"auto\" controls=\"controls\"><source type=\"video\/mp4\" src=\"http:\/\/www.cepsound.com\/wp-content\/uploads\/sites\/2\/2016\/10\/le-cube-film-institutionnel-2011.mp4?_=1\" \/><a href=\"http:\/\/www.cepsound.com\/wp-content\/uploads\/sites\/2\/2016\/10\/le-cube-film-institutionnel-2011.mp4\">http:\/\/www.cepsound.com\/wp-content\/uploads\/sites\/2\/2016\/10\/le-cube-film-institutionnel-2011.mp4<\/a><\/video><\/div>\n<div id=\"apDiv2\" class=\"style5\">\n<p class=\"style7 style7\"><span class=\"style7 style7 style10\"><strong><span style=\"color: #808080;\">client :<\/span><\/strong> <a href=\"http:\/\/www.lesiteducube.com\" target=\"_blank\" rel=\"noopener\">Le Cube<\/a><br \/>\n<span style=\"color: #808080;\"><strong>description :<\/strong> vid\u00e9o promotionnelle<\/span><br \/>\n<span style=\"color: #808080;\"><strong> dur\u00e9e :<\/strong> 2&rsquo;02<\/span><br \/>\n<span style=\"color: #808080;\"><strong> diffusion :<\/strong> presse, partenaires<\/span><\/span><\/p>\n<p><span style=\"color: #808080;\"><strong> vid\u00e9o :<\/strong> Marc Ribaudo (Pixaway Production)<\/span><br \/>\n<span class=\"style7 style7 style10\" style=\"color: #808080;\"><strong> habillage sonore :<\/strong> <span class=\"style7 Style12\">Charles-Eric P\u00e9ard<\/span><\/span><\/p>\n<\/div>\n","protected":false},"excerpt":{"rendered":"<p>&lt; PREVIOUS | RETOUR | NEXT &gt; film institutionnel client : Le Cube description : vid\u00e9o promotionnelle dur\u00e9e : 2&rsquo;02 diffusion : presse, partenaires vid\u00e9o&#8230;<\/p>\n","protected":false},"author":1,"featured_media":0,"parent":25,"menu_order":0,"comment_status":"closed","ping_status":"closed","template":"","meta":[],"_links":{"self":[{"href":"http:\/\/www.cepsound.com\/illustration\/wp-json\/wp\/v2\/pages\/177"}],"collection":[{"href":"http:\/\/www.cepsound.com\/illustration\/wp-json\/wp\/v2\/pages"}],"about":[{"href":"http:\/\/www.cepsound.com\/illustration\/wp-json\/wp\/v2\/types\/page"}],"author":[{"embeddable":true,"href":"http:\/\/www.cepsound.com\/illustration\/wp-json\/wp\/v2\/users\/1"}],"replies":[{"embeddable":true,"href":"http:\/\/www.cepsound.com\/illustration\/wp-json\/wp\/v2\/comments?post=177"}],"version-history":[{"count":11,"href":"http:\/\/www.cepsound.com\/illustration\/wp-json\/wp\/v2\/pages\/177\/revisions"}],"predecessor-version":[{"id":809,"href":"http:\/\/www.cepsound.com\/illustration\/wp-json\/wp\/v2\/pages\/177\/revisions\/809"}],"up":[{"embeddable":true,"href":"http:\/\/www.cepsound.com\/illustration\/wp-json\/wp\/v2\/pages\/25"}],"wp:attachment":[{"href":"http:\/\/www.cepsound.com\/illustration\/wp-json\/wp\/v2\/media?parent=177"}],"curies":[{"name":"wp","href":"https:\/\/api.w.org\/{rel}","templated":true}]}}