{"id":185,"date":"2016-10-23T18:56:57","date_gmt":"2016-10-23T16:56:57","guid":{"rendered":"http:\/\/www.cepsound.com\/design\/?page_id=185"},"modified":"2021-08-16T18:19:58","modified_gmt":"2021-08-16T16:19:58","slug":"universite-nice-sophia-antipolis","status":"publish","type":"page","link":"http:\/\/www.cepsound.com\/illustration\/musique-a-limage\/universite-nice-sophia-antipolis\/","title":{"rendered":"Universit\u00e9 Nice Sophia Antipolis"},"content":{"rendered":"<h6 style=\"text-align: right;\"><span style=\"color: #808080;\"><a href=\"http:\/\/www.cepsound.com\/illustration\/musiques-a-limage\/le-cube-festival-4eme-edition\/\">&lt; PREVIOUS<\/a> | <a href=\"http:\/\/www.cepsound.com\/illustration\/musique-a-limage\/\">RETOUR <\/a>| <a href=\"http:\/\/www.cepsound.com\/illustration\/musiques-a-limage\/prix-cube-1ere-edition\/\">NEXT &gt;<\/a><\/span><\/h6>\n<h6><span style=\"color: #999999;\"><span style=\"color: #808080;\">carte de v\u0153ux num\u00e9rique<br \/>\n<\/span><\/span><\/h6>\n<div style=\"width: 640px;\" class=\"wp-video\"><!--[if lt IE 9]><script>document.createElement('video');<\/script><![endif]-->\n<video class=\"wp-video-shortcode\" id=\"video-185-1\" width=\"640\" height=\"480\" poster=\"http:\/\/www.cepsound.com\/design\/wp-content\/uploads\/sites\/2\/2016\/10\/universite-nice-sophia-antipolis_vignette-video.jpg\" preload=\"auto\" controls=\"controls\"><source type=\"video\/mp4\" src=\"http:\/\/www.cepsound.com\/wp-content\/uploads\/sites\/2\/2016\/10\/universite-nice-sophia-antipolis.mp4?_=1\" \/><a href=\"http:\/\/www.cepsound.com\/wp-content\/uploads\/sites\/2\/2016\/10\/universite-nice-sophia-antipolis.mp4\">http:\/\/www.cepsound.com\/wp-content\/uploads\/sites\/2\/2016\/10\/universite-nice-sophia-antipolis.mp4<\/a><\/video><\/div>\n<div id=\"apDiv2\" class=\"style5\">\n<p class=\"style7 style7\"><span style=\"color: #808080;\"><strong>client :<\/strong> <a href=\"http:\/\/unice.fr\/\" target=\"_blank\" rel=\"noopener\"><span class=\"style7\">Universit\u00e9 Nice Sophia Antipolis<\/span><\/a><\/span><br \/>\n<span class=\"style7\" style=\"color: #808080;\"><strong> description :<\/strong> carte de v\u0153ux num\u00e9rique<\/span><br \/>\n<span style=\"color: #808080;\"><strong> dur\u00e9e :<\/strong> 0&rsquo;33<\/span><br \/>\n<span style=\"color: #808080;\"><strong> diffusion :<\/strong> Internet<\/span><\/p>\n<p class=\"style7 style7\"><span style=\"color: #808080;\"><strong>illustrations :<\/strong> <a href=\"http:\/\/www.lotie.com\" target=\"_blank\" rel=\"noopener\">Lotie<\/a><\/span><br \/>\n<span style=\"color: #808080;\"><strong> <span class=\"style7\">animation vid\u00e9o<\/span> :<\/strong> <a href=\"http:\/\/www.romain-desanti.com\" target=\"_blank\" rel=\"noopener\">Romain de Santi<\/a><br \/>\n<strong>habillage sonore :<\/strong> <span class=\"style7 Style12\">Charles-Eric P\u00e9ard<\/span><\/span><\/p>\n<\/div>\n","protected":false},"excerpt":{"rendered":"<p>&lt; PREVIOUS | RETOUR | NEXT &gt; carte de v\u0153ux num\u00e9rique client : Universit\u00e9 Nice Sophia Antipolis description : carte de v\u0153ux num\u00e9rique dur\u00e9e :&#8230;<\/p>\n","protected":false},"author":1,"featured_media":0,"parent":25,"menu_order":0,"comment_status":"closed","ping_status":"closed","template":"","meta":[],"_links":{"self":[{"href":"http:\/\/www.cepsound.com\/illustration\/wp-json\/wp\/v2\/pages\/185"}],"collection":[{"href":"http:\/\/www.cepsound.com\/illustration\/wp-json\/wp\/v2\/pages"}],"about":[{"href":"http:\/\/www.cepsound.com\/illustration\/wp-json\/wp\/v2\/types\/page"}],"author":[{"embeddable":true,"href":"http:\/\/www.cepsound.com\/illustration\/wp-json\/wp\/v2\/users\/1"}],"replies":[{"embeddable":true,"href":"http:\/\/www.cepsound.com\/illustration\/wp-json\/wp\/v2\/comments?post=185"}],"version-history":[{"count":9,"href":"http:\/\/www.cepsound.com\/illustration\/wp-json\/wp\/v2\/pages\/185\/revisions"}],"predecessor-version":[{"id":806,"href":"http:\/\/www.cepsound.com\/illustration\/wp-json\/wp\/v2\/pages\/185\/revisions\/806"}],"up":[{"embeddable":true,"href":"http:\/\/www.cepsound.com\/illustration\/wp-json\/wp\/v2\/pages\/25"}],"wp:attachment":[{"href":"http:\/\/www.cepsound.com\/illustration\/wp-json\/wp\/v2\/media?parent=185"}],"curies":[{"name":"wp","href":"https:\/\/api.w.org\/{rel}","templated":true}]}}