{"id":27,"date":"2016-10-17T16:46:15","date_gmt":"2016-10-17T14:46:15","guid":{"rendered":"http:\/\/www.cepsound.com\/design\/?page_id=27"},"modified":"2021-08-16T18:04:28","modified_gmt":"2021-08-16T16:04:28","slug":"prix-cube-2eme-edition","status":"publish","type":"page","link":"http:\/\/www.cepsound.com\/illustration\/musique-a-limage\/prix-cube-2eme-edition\/","title":{"rendered":"Prix Cube &#8211; 2\u00e8me \u00e9dition"},"content":{"rendered":"<h6 style=\"text-align: right;\"><span style=\"color: #808080;\">&lt; PREVIOUS | <a href=\"http:\/\/www.cepsound.com\/illustration\/musique-a-limage\/\">RETOUR <\/a>| <a href=\"http:\/\/www.cepsound.com\/illustration\/musiques-a-limage\/a-lingerie-fairy-tale\">NEXT &gt;<\/a><\/span><\/h6>\n<h6><span style=\"color: #999999;\"><span style=\"color: #808080;\">film teaser <\/span><\/span><\/h6>\n<div class=\"flexslider ewic-slider-lite is_on_\" id=\"ewic-con-32969e0755df1883\"><style>#ewic-con-32969e0755df1883 .flex-direction-nav .flex-next, #ewic-con-32969e0755df1883 .flex-direction-nav .flex-prev {opacity: 1;} #ewic-con-32969e0755df1883 .flex-direction-nav .flex-next {right: 10px !important; text-align: right !important;} #ewic-con-32969e0755df1883 .flex-direction-nav .flex-prev {left: 10px !important;}<\/style><div id=\"preloader-32969e0755df1883\" class=\"sliderpreloader\"><\/div><ul style=\"display:none;\" class=\"slides flexslider-32969e0755df1883\"><li class=\"ewic-slider\"><a href=\"http:\/\/www.cepsound.com\/illustration\/wp-content\/uploads\/sites\/2\/2016\/10\/Prix-Cube-2014.jpg\"  rel=\"ewicprettyPhoto[32969e0755df1883]\"><img  class=\"ewic-wid-imgs\" src=\"http:\/\/www.cepsound.com\/illustration\/wp-content\/uploads\/sites\/2\/2016\/10\/Prix-Cube-2014.jpg\" \/><p class=\"flex-caption\"><\/p><\/a><\/li><\/ul><script type=\"text\/javascript\">\r\n\tjQuery(document).ready(function($) {\r\n\t\t\r\n\t\t$(\"#preloader-32969e0755df1883\").fadeOut(500, function () {\r\n\t\t\t\r\n\t\t\t$(\"#ewic-con-32969e0755df1883\").addClass(\"ready_to_show\");\r\n\t\t\t\r\n\t\t\t$(\"a[rel^='ewicprettyPhoto[32969e0755df1883]']\").ewcPhoto({\r\n\t\t\t\ttheme: \"ewc_default\",\r\n\t\t\t\tallow_expand: false,\r\n\t\t\t\tdeeplinking: false,\r\n\t\t\t\tslideshow:12000,\r\n\t\t\t\tautoplay_slideshow:false,\r\n\t\t\t\tsocial_tools:false\r\n\t\t\t});\r\n\t\t\t\r\n\t\t\t$(\".flexslider-32969e0755df1883\").fadeIn(300);\r\n\t\t\t\r\n\t\t\t$(\"#ewic-con-32969e0755df1883\").flexslider({\r\n\t\t\t\tanimation: \"slide\",\r\n\t\t\t\tanimationSpeed: 0,\r\n\t\t\t\tuseCSS: false,\r\n\t\t\t\teasing: \"easeInOutCubic\",\r\n\t\t\t\tdirection: \"horizontal\",\r\n\t\t\t\tslideshow: false,\r\n\t\t\t\tsmoothHeight: true,\r\n\t\t\t\tpauseOnHover: true, \r\n\t\t\t\tcontrolNav: false,\r\n\t\t\t\tprevText: \"\",\r\n\t\t\t\tnextText: \"\",\r\n\t\t\t\trtl: false,\r\n\t\t\t\tslideshowSpeed: 12000,\r\n\t\t\t\tstart: function(slider){\r\n\t\t\t\t\t$(\"#ewic-con-32969e0755df1883\").find(\".flex-caption\").hide();\r\n\t\t\t\t\tvar curSlide = slider.find(\"li.flex-active-slide\");\r\n\t\t\t\t\t$(curSlide).find(\".flex-caption\").slideDown();\r\n\t\t\t\t},\r\n\t\t\t\tbefore: function(slider) {\r\n\t\t\t\t\t$(\"#ewic-con-32969e0755df1883\").find(\".flex-caption\").slideUp();\r\n\t\t\t\t},\r\n\t\t\t\tafter: function(slider) {\r\n\t\t\t\t\tvar curSlide = slider.find(\"li.flex-active-slide\");\r\n\t\t\t\t\t$(curSlide).find(\".flex-caption\").slideDown();\r\n\t\t\t\t}\r\n\t\t\t\t\r\n\t\t\t});\r\n\t\t\t\r\n\t\t});\r\n\t\t\t\r\n\t});\r\n<\/script><\/div>\r\n\n<div style=\"width: 640px;\" class=\"wp-video\"><!--[if lt IE 9]><script>document.createElement('video');<\/script><![endif]-->\n<video class=\"wp-video-shortcode\" id=\"video-329-1\" width=\"640\" height=\"360\" poster=\"http:\/\/www.cepsound.com\/design\/wp-content\/uploads\/sites\/2\/2016\/10\/Prix-Cube-2014_vignette-video.jpg\" preload=\"auto\" controls=\"controls\"><source type=\"video\/mp4\" src=\"http:\/\/www.cepsound.com\/wp-content\/uploads\/sites\/2\/2016\/10\/PrixCube2014.mp4?_=1\" \/><a href=\"http:\/\/www.cepsound.com\/wp-content\/uploads\/sites\/2\/2016\/10\/PrixCube2014.mp4\">http:\/\/www.cepsound.com\/wp-content\/uploads\/sites\/2\/2016\/10\/PrixCube2014.mp4<\/a><\/video><\/div>\n<p><span style=\"color: #808080;\"><strong>client :<\/strong> <a href=\"http:\/\/lecube.com\/\" target=\"_blank\" rel=\"noopener\">Le Cube<\/a><\/span><br \/>\n<span style=\"color: #808080;\"> <strong>description :<\/strong> film teaser<br \/>\n<strong>dur\u00e9e :<\/strong> 0&rsquo;51<br \/>\n<\/span><\/p>\n<p><span style=\"color: #808080;\"><strong>\u00e9v\u00e9nement :<\/strong> Prix Cube &#8211; 2\u00e8me \u00e9dition<\/span><br \/>\n<span style=\"color: #808080;\"> <strong>diffusion :<\/strong> Internet<br \/>\n<strong>vid\u00e9o :<\/strong> <a href=\"http:\/\/kenjy-bourgeois.com\/\" target=\"_blank\" rel=\"noopener\">Kenjy Bourgeois<\/a><\/span><br \/>\n<span style=\"color: #808080;\"> <strong>habillage sonore :<\/strong> Charles-Eric P\u00e9ard<\/span><\/p>\n","protected":false},"excerpt":{"rendered":"<p>&lt; PREVIOUS | RETOUR | NEXT &gt; film teaser client : Le Cube description : film teaser dur\u00e9e : 0&rsquo;51 \u00e9v\u00e9nement : Prix Cube &#8211;&#8230;<\/p>\n","protected":false},"author":1,"featured_media":0,"parent":25,"menu_order":0,"comment_status":"closed","ping_status":"closed","template":"","meta":[],"_links":{"self":[{"href":"http:\/\/www.cepsound.com\/illustration\/wp-json\/wp\/v2\/pages\/27"}],"collection":[{"href":"http:\/\/www.cepsound.com\/illustration\/wp-json\/wp\/v2\/pages"}],"about":[{"href":"http:\/\/www.cepsound.com\/illustration\/wp-json\/wp\/v2\/types\/page"}],"author":[{"embeddable":true,"href":"http:\/\/www.cepsound.com\/illustration\/wp-json\/wp\/v2\/users\/1"}],"replies":[{"embeddable":true,"href":"http:\/\/www.cepsound.com\/illustration\/wp-json\/wp\/v2\/comments?post=27"}],"version-history":[{"count":27,"href":"http:\/\/www.cepsound.com\/illustration\/wp-json\/wp\/v2\/pages\/27\/revisions"}],"predecessor-version":[{"id":843,"href":"http:\/\/www.cepsound.com\/illustration\/wp-json\/wp\/v2\/pages\/27\/revisions\/843"}],"up":[{"embeddable":true,"href":"http:\/\/www.cepsound.com\/illustration\/wp-json\/wp\/v2\/pages\/25"}],"wp:attachment":[{"href":"http:\/\/www.cepsound.com\/illustration\/wp-json\/wp\/v2\/media?parent=27"}],"curies":[{"name":"wp","href":"https:\/\/api.w.org\/{rel}","templated":true}]}}