{"id":336,"date":"2016-10-31T22:05:43","date_gmt":"2016-10-31T21:05:43","guid":{"rendered":"http:\/\/www.cepsound.com\/design\/?page_id=336"},"modified":"2021-08-16T18:19:22","modified_gmt":"2021-08-16T16:19:22","slug":"le-cube-festival-4eme-edition","status":"publish","type":"page","link":"http:\/\/www.cepsound.com\/illustration\/musique-a-limage\/le-cube-festival-4eme-edition\/","title":{"rendered":"Le Cube Festival &#8211; 4\u00e8me \u00e9dition"},"content":{"rendered":"<h6 style=\"text-align: right;\"><span style=\"color: #808080;\"><a href=\"http:\/\/www.cepsound.com\/illustration\/musiques-a-limage\/a-lingerie-fairy-tale\/\">&lt; PREVIOUS<\/a> | <a href=\"http:\/\/www.cepsound.com\/illustration\/musique-a-limage\/\">RETOUR <\/a>| <a href=\"http:\/\/www.cepsound.com\/illustration\/musiques-a-limage\/universite-nice-sophia-antipolis\/\">NEXT &gt;<\/a><\/span><\/h6>\n<h6><span style=\"color: #999999;\"><span style=\"color: #808080;\">film teaser <\/span><\/span><\/h6>\n<div class=\"flexslider ewic-slider-lite is_on_\" id=\"ewic-con-34469e0924f8b721\"><style>#ewic-con-34469e0924f8b721 .flex-direction-nav .flex-next, #ewic-con-34469e0924f8b721 .flex-direction-nav .flex-prev {opacity: 1;} #ewic-con-34469e0924f8b721 .flex-direction-nav .flex-next {right: 10px !important; text-align: right !important;} #ewic-con-34469e0924f8b721 .flex-direction-nav .flex-prev {left: 10px !important;}<\/style><div id=\"preloader-34469e0924f8b721\" class=\"sliderpreloader\"><\/div><ul style=\"display:none;\" class=\"slides flexslider-34469e0924f8b721\"><li class=\"ewic-slider\"><a href=\"http:\/\/www.cepsound.com\/illustration\/wp-content\/uploads\/sites\/2\/2016\/10\/cube-festival-2010.jpg\"  rel=\"ewicprettyPhoto[34469e0924f8b721]\"><img  class=\"ewic-wid-imgs\" src=\"http:\/\/www.cepsound.com\/illustration\/wp-content\/uploads\/sites\/2\/2016\/10\/cube-festival-2010.jpg\" \/><p class=\"flex-caption\"><\/p><\/a><\/li><\/ul><script type=\"text\/javascript\">\r\n\tjQuery(document).ready(function($) {\r\n\t\t\r\n\t\t$(\"#preloader-34469e0924f8b721\").fadeOut(500, function () {\r\n\t\t\t\r\n\t\t\t$(\"#ewic-con-34469e0924f8b721\").addClass(\"ready_to_show\");\r\n\t\t\t\r\n\t\t\t$(\"a[rel^='ewicprettyPhoto[34469e0924f8b721]']\").ewcPhoto({\r\n\t\t\t\ttheme: \"ewc_default\",\r\n\t\t\t\tallow_expand: false,\r\n\t\t\t\tdeeplinking: false,\r\n\t\t\t\tslideshow:12000,\r\n\t\t\t\tautoplay_slideshow:false,\r\n\t\t\t\tsocial_tools:false\r\n\t\t\t});\r\n\t\t\t\r\n\t\t\t$(\".flexslider-34469e0924f8b721\").fadeIn(300);\r\n\t\t\t\r\n\t\t\t$(\"#ewic-con-34469e0924f8b721\").flexslider({\r\n\t\t\t\tanimation: \"slide\",\r\n\t\t\t\tanimationSpeed: 0,\r\n\t\t\t\tuseCSS: false,\r\n\t\t\t\teasing: \"easeInOutCubic\",\r\n\t\t\t\tdirection: \"horizontal\",\r\n\t\t\t\tslideshow: false,\r\n\t\t\t\tsmoothHeight: true,\r\n\t\t\t\tpauseOnHover: true, \r\n\t\t\t\tcontrolNav: false,\r\n\t\t\t\tprevText: \"\",\r\n\t\t\t\tnextText: \"\",\r\n\t\t\t\trtl: false,\r\n\t\t\t\tslideshowSpeed: 12000,\r\n\t\t\t\tstart: function(slider){\r\n\t\t\t\t\t$(\"#ewic-con-34469e0924f8b721\").find(\".flex-caption\").hide();\r\n\t\t\t\t\tvar curSlide = slider.find(\"li.flex-active-slide\");\r\n\t\t\t\t\t$(curSlide).find(\".flex-caption\").slideDown();\r\n\t\t\t\t},\r\n\t\t\t\tbefore: function(slider) {\r\n\t\t\t\t\t$(\"#ewic-con-34469e0924f8b721\").find(\".flex-caption\").slideUp();\r\n\t\t\t\t},\r\n\t\t\t\tafter: function(slider) {\r\n\t\t\t\t\tvar curSlide = slider.find(\"li.flex-active-slide\");\r\n\t\t\t\t\t$(curSlide).find(\".flex-caption\").slideDown();\r\n\t\t\t\t}\r\n\t\t\t\t\r\n\t\t\t});\r\n\t\t\t\r\n\t\t});\r\n\t\t\t\r\n\t});\r\n<\/script><\/div>\r\n\n<div style=\"width: 640px;\" class=\"wp-video\"><!--[if lt IE 9]><script>document.createElement('video');<\/script><![endif]-->\n<video class=\"wp-video-shortcode\" id=\"video-344-1\" width=\"640\" height=\"360\" poster=\"http:\/\/www.cepsound.com\/design\/wp-content\/uploads\/sites\/2\/2016\/10\/cube-festival-2010_vignette-video.jpg\" preload=\"auto\" controls=\"controls\"><source type=\"video\/mp4\" src=\"http:\/\/www.cepsound.com\/wp-content\/uploads\/sites\/2\/2016\/10\/le-cube-festival.mp4?_=1\" \/><a href=\"http:\/\/www.cepsound.com\/wp-content\/uploads\/sites\/2\/2016\/10\/le-cube-festival.mp4\">http:\/\/www.cepsound.com\/wp-content\/uploads\/sites\/2\/2016\/10\/le-cube-festival.mp4<\/a><\/video><\/div>\n<p><span style=\"color: #808080;\"><strong>client :<\/strong> <a href=\"http:\/\/lecube.com\/\" target=\"_blank\" rel=\"noopener\">Le Cube<\/a><\/span><br \/>\n<span style=\"color: #808080;\"> <strong>description :<\/strong> film teaser<br \/>\n<strong>dur\u00e9e :<\/strong> 1&rsquo;03<br \/>\n<\/span><\/p>\n<p><span style=\"color: #808080;\"><strong>\u00e9v\u00e9nement :<\/strong> Le Cube Festival &#8211; 4\u00e8me \u00e9dition : <em>L&rsquo;art num\u00e9rique aujourd&rsquo;hui<\/em><\/span><br \/>\n<span style=\"color: #808080;\"> <strong>diffusion :<\/strong> Internet<br \/>\n<strong>vid\u00e9o :<\/strong> <span class=\"style7 style7 style10\">Marc Ribaudo (Pixaway Production)<\/span><\/span><br \/>\n<span style=\"color: #808080;\"> <strong>habillage sonore :<\/strong> Charles-Eric P\u00e9ard<\/span><\/p>\n","protected":false},"excerpt":{"rendered":"<p>&lt; PREVIOUS | RETOUR | NEXT &gt; film teaser client : Le Cube description : film teaser dur\u00e9e : 1&rsquo;03 \u00e9v\u00e9nement : Le Cube Festival&#8230;<\/p>\n","protected":false},"author":1,"featured_media":0,"parent":25,"menu_order":0,"comment_status":"closed","ping_status":"closed","template":"","meta":[],"_links":{"self":[{"href":"http:\/\/www.cepsound.com\/illustration\/wp-json\/wp\/v2\/pages\/336"}],"collection":[{"href":"http:\/\/www.cepsound.com\/illustration\/wp-json\/wp\/v2\/pages"}],"about":[{"href":"http:\/\/www.cepsound.com\/illustration\/wp-json\/wp\/v2\/types\/page"}],"author":[{"embeddable":true,"href":"http:\/\/www.cepsound.com\/illustration\/wp-json\/wp\/v2\/users\/1"}],"replies":[{"embeddable":true,"href":"http:\/\/www.cepsound.com\/illustration\/wp-json\/wp\/v2\/comments?post=336"}],"version-history":[{"count":9,"href":"http:\/\/www.cepsound.com\/illustration\/wp-json\/wp\/v2\/pages\/336\/revisions"}],"predecessor-version":[{"id":805,"href":"http:\/\/www.cepsound.com\/illustration\/wp-json\/wp\/v2\/pages\/336\/revisions\/805"}],"up":[{"embeddable":true,"href":"http:\/\/www.cepsound.com\/illustration\/wp-json\/wp\/v2\/pages\/25"}],"wp:attachment":[{"href":"http:\/\/www.cepsound.com\/illustration\/wp-json\/wp\/v2\/media?parent=336"}],"curies":[{"name":"wp","href":"https:\/\/api.w.org\/{rel}","templated":true}]}}