{"id":387,"date":"2016-10-31T23:19:54","date_gmt":"2016-10-31T22:19:54","guid":{"rendered":"http:\/\/www.cepsound.com\/design\/?page_id=387"},"modified":"2021-08-16T18:23:51","modified_gmt":"2021-08-16T16:23:51","slug":"armani-demo","status":"publish","type":"page","link":"http:\/\/www.cepsound.com\/illustration\/musique-a-limage\/armani-demo\/","title":{"rendered":"Armani (d\u00e9mo)"},"content":{"rendered":"<h6 style=\"text-align: right;\"><span style=\"color: #808080;\"><a href=\"http:\/\/www.cepsound.com\/illustration\/musiques-a-limage\/le-cube-vert\/\">&lt; PREVIOUS<\/a> | <a href=\"http:\/\/www.cepsound.com\/illustration\/musique-a-limage\/\">RETOUR <\/a>| NEXT &gt;<\/span><\/h6>\n<h6><span style=\"color: #999999;\"><span style=\"color: #808080;\">film promotionnel (d\u00e9mo)<\/span><\/span><\/h6>\n<div style=\"width: 640px;\" class=\"wp-video\"><!--[if lt IE 9]><script>document.createElement('video');<\/script><![endif]-->\n<video class=\"wp-video-shortcode\" id=\"video-387-1\" width=\"640\" height=\"480\" poster=\"http:\/\/www.cepsound.com\/design\/wp-content\/uploads\/sites\/2\/2016\/10\/armani.jpg\" preload=\"auto\" controls=\"controls\"><source type=\"video\/mp4\" src=\"http:\/\/www.cepsound.com\/wp-content\/uploads\/sites\/2\/2016\/10\/armani-demo.mp4?_=1\" \/><a href=\"http:\/\/www.cepsound.com\/wp-content\/uploads\/sites\/2\/2016\/10\/armani-demo.mp4\">http:\/\/www.cepsound.com\/wp-content\/uploads\/sites\/2\/2016\/10\/armani-demo.mp4<\/a><\/video><\/div>\n<p><span class=\"style7 style7\"><span class=\"style7 style7 style10\"><span style=\"color: #808080;\"><strong>description :<\/strong> film d\u00e9mo<\/span><br \/>\n<span style=\"color: #808080;\"><strong> dur\u00e9e :<\/strong> 0&rsquo;24<\/span><\/span><\/span><\/p>\n<p><strong><span style=\"color: #808080;\">vid\u00e9o :<\/span> <\/strong><a href=\"http:\/\/ak0.free.fr\/site_Arthur_Lecaron\/arthur_index.html\" target=\"_blank\" rel=\"noopener\">Arthur Lecaron<\/a><span class=\"style7 style7\"><span class=\"style7 style7 style10\"><br \/>\n<span style=\"color: #808080;\"><strong>habillage sonore :<\/strong> <span class=\"style7 Style12\">Charles-Eric P\u00e9ard<\/span><\/span><\/span><\/span><\/p>\n","protected":false},"excerpt":{"rendered":"<p>&lt; PREVIOUS | RETOUR | NEXT &gt; film promotionnel (d\u00e9mo) description : film d\u00e9mo dur\u00e9e : 0&rsquo;24 vid\u00e9o : Arthur Lecaron habillage sonore : Charles-Eric&#8230;<\/p>\n","protected":false},"author":1,"featured_media":0,"parent":25,"menu_order":0,"comment_status":"closed","ping_status":"closed","template":"","meta":[],"_links":{"self":[{"href":"http:\/\/www.cepsound.com\/illustration\/wp-json\/wp\/v2\/pages\/387"}],"collection":[{"href":"http:\/\/www.cepsound.com\/illustration\/wp-json\/wp\/v2\/pages"}],"about":[{"href":"http:\/\/www.cepsound.com\/illustration\/wp-json\/wp\/v2\/types\/page"}],"author":[{"embeddable":true,"href":"http:\/\/www.cepsound.com\/illustration\/wp-json\/wp\/v2\/users\/1"}],"replies":[{"embeddable":true,"href":"http:\/\/www.cepsound.com\/illustration\/wp-json\/wp\/v2\/comments?post=387"}],"version-history":[{"count":7,"href":"http:\/\/www.cepsound.com\/illustration\/wp-json\/wp\/v2\/pages\/387\/revisions"}],"predecessor-version":[{"id":814,"href":"http:\/\/www.cepsound.com\/illustration\/wp-json\/wp\/v2\/pages\/387\/revisions\/814"}],"up":[{"embeddable":true,"href":"http:\/\/www.cepsound.com\/illustration\/wp-json\/wp\/v2\/pages\/25"}],"wp:attachment":[{"href":"http:\/\/www.cepsound.com\/illustration\/wp-json\/wp\/v2\/media?parent=387"}],"curies":[{"name":"wp","href":"https:\/\/api.w.org\/{rel}","templated":true}]}}