{"id":537,"date":"2016-12-02T22:41:22","date_gmt":"2016-12-02T21:41:22","guid":{"rendered":"http:\/\/www.cepsound.com\/design\/?page_id=537"},"modified":"2022-09-15T16:55:18","modified_gmt":"2022-09-15T14:55:18","slug":"references","status":"publish","type":"page","link":"http:\/\/www.cepsound.com\/illustration\/references\/","title":{"rendered":"r\u00e9f\u00e9rences"},"content":{"rendered":"<p style=\"text-align: center;\"><img decoding=\"async\" loading=\"lazy\" class=\"size-full wp-image-603 aligncenter\" src=\"http:\/\/www.cepsound.com\/design\/wp-content\/uploads\/sites\/2\/2016\/12\/publicis.jpg\" alt=\"publicis\" width=\"97\" height=\"122\" \/><span style=\"color: #808080;\">Epure Design \/ Groupe Publicis (pour <a href=\"http:\/\/www.cepsound.com\/illustration\/musique-a-limage\/eura-technologies\/\">Eura Technologies<\/a> et <a href=\"http:\/\/www.cepsound.com\/illustration\/musique-a-limage\/dickson\/\">Dickson<\/a>)<\/span><\/p>\n<hr \/>\n<p style=\"text-align: center;\"><span style=\"color: #808080;\"><img decoding=\"async\" loading=\"lazy\" class=\" wp-image-551 aligncenter\" src=\"http:\/\/www.cepsound.com\/design\/wp-content\/uploads\/sites\/2\/2016\/12\/Societe-Generale-logo.jpg\" alt=\"societe-generale-logo\" width=\"77\" height=\"78\" \/><a href=\"http:\/\/www.cepsound.com\/illustration\/design-sonore\/societe-generale\/\">Soci\u00e9t\u00e9 G\u00e9n\u00e9rale<\/a><\/span><\/p>\n<hr \/>\n<p style=\"text-align: center;\"><span style=\"color: #808080;\"><img decoding=\"async\" loading=\"lazy\" class=\"size-full wp-image-599 aligncenter\" src=\"http:\/\/www.cepsound.com\/design\/wp-content\/uploads\/sites\/2\/2016\/12\/intermarch\u00e9-logo.jpg\" alt=\"intermarche-logo\" width=\"105\" height=\"75\" \/><a href=\"http:\/\/www.cepsound.com\/illustration\/illustration-sonore\/intermarche-kinect\/\">Intermarch\u00e9<\/a><\/span><\/p>\n<hr \/>\n<p style=\"text-align: center;\"><a href=\"http:\/\/www.cepsound.com\/illustration\/musique-a-limage\/universite-nice-sophia-antipolis\/\"><img decoding=\"async\" loading=\"lazy\" class=\" wp-image-552 aligncenter\" src=\"http:\/\/www.cepsound.com\/design\/wp-content\/uploads\/sites\/2\/2016\/12\/universite-nice-sophia-antipolis-logo.jpg\" alt=\"universite-nice-sophia-antipolis-logo\" width=\"111\" height=\"72\" srcset=\"http:\/\/www.cepsound.com\/illustration\/wp-content\/uploads\/sites\/2\/2016\/12\/universite-nice-sophia-antipolis-logo.jpg 132w, http:\/\/www.cepsound.com\/illustration\/wp-content\/uploads\/sites\/2\/2016\/12\/universite-nice-sophia-antipolis-logo-110x70.jpg 110w\" sizes=\"(max-width: 111px) 100vw, 111px\" \/>Universit\u00e9 de Nice Sophia Antipolis<\/a><\/p>\n<hr \/>\n<p style=\"text-align: center;\"><span class=\"style7 style7\"><span class=\"style7 style7 style10\"><span style=\"color: #808080;\"><img decoding=\"async\" loading=\"lazy\" class=\"wp-image-590 aligncenter\" src=\"http:\/\/www.cepsound.com\/design\/wp-content\/uploads\/sites\/2\/2016\/12\/lecube-logo.jpg\" alt=\"lecube-logo\" width=\"123\" height=\"90\" \/>Le Cube, Issy-les-Moulineaux<br \/>\n(pour <a href=\"http:\/\/www.cepsound.com\/illustration\/musique-a-limage\/prix-cube-1ere-edition\/\"><em>Prix Cube 1\u00e8re \u00e9dition<\/em><\/a>, <a href=\"http:\/\/www.cepsound.com\/illustration\/musique-a-limage\/prix-cube-2eme-edition\/\"><em>Prix Cube 2\u00e8me \u00e9dition<\/em><\/a>, <a href=\"http:\/\/www.cepsound.com\/illustration\/musique-a-limage\/le-cube-festival-4eme-edition\/\"><em>Le Cube Festival 4\u00e8me \u00e9dition<\/em><\/a>, <a href=\"http:\/\/www.cepsound.com\/illustration\/musique-a-limage\/le-cube-vert\/\"><em>Le Cube Vert<\/em><\/a>, film institutionnel <a href=\"http:\/\/www.cepsound.com\/illustration\/musique-a-limage\/le-cube-film-institutionnel-2009\/\">2009 <\/a>et film institutionnel <a href=\"http:\/\/www.cepsound.com\/illustration\/musique-a-limage\/le-cube-film-institutionnel-2011\/\">2011<\/a>)<\/span><\/span><\/span><\/p>\n<hr \/>\n<p style=\"text-align: center;\"><img decoding=\"async\" loading=\"lazy\" class=\"size-full wp-image-581 aligncenter\" src=\"http:\/\/www.cepsound.com\/design\/wp-content\/uploads\/sites\/2\/2016\/12\/Les-Films-Tambour-de-Soie-logo.jpg\" alt=\"les-films-tambour-de-soie-logo\" width=\"86\" height=\"105\" \/><\/p>\n<p style=\"text-align: center;\"><span class=\"style7 style7\"><span class=\"style7 style7 style10\"><span style=\"color: #808080;\"><img decoding=\"async\" loading=\"lazy\" class=\"size-full wp-image-545 aligncenter\" src=\"http:\/\/www.cepsound.com\/design\/wp-content\/uploads\/sites\/2\/2016\/12\/enfin-bref-logo.jpg\" alt=\"enfin-bref-logo\" width=\"86\" height=\"86\" \/>Les Films du Tambour de Soie \/ Enfin Bref Production (pour <a href=\"http:\/\/www.cepsound.com\/illustration\/illustration-sonore\/la-toute-primaire-fois\/\"><em>La toute primaire fois<\/em><\/a>)<br \/>\n<\/span><\/span><\/span><\/p>\n<hr \/>\n<p style=\"text-align: center;\"><span class=\"style7 style7\"><span class=\"style7 style7 style10\"><span style=\"color: #808080;\"><img decoding=\"async\" loading=\"lazy\" class=\"size-full wp-image-547 aligncenter\" src=\"http:\/\/www.cepsound.com\/design\/wp-content\/uploads\/sites\/2\/2016\/12\/Futur-en-Seine-logo.jpg\" alt=\"futur-en-seine-logo\" width=\"86\" height=\"86\" \/><a href=\"http:\/\/www.cepsound.com\/illustration\/illustration-sonore\/futur-en-seine-kinect-trickster\/\">Futur en Seine<\/a><\/span><\/span><\/span><\/p>\n<hr \/>\n<p style=\"text-align: center;\"><span class=\"style7 style7\"><span class=\"style7 style7 style10\"><span style=\"color: #808080;\"><img decoding=\"async\" loading=\"lazy\" class=\"wp-image-544 aligncenter\" src=\"http:\/\/www.cepsound.com\/design\/wp-content\/uploads\/sites\/2\/2016\/12\/Britta-Uschkamp-logo.jpg\" alt=\"britta-uschkamp-logo\" width=\"169\" height=\"53\" \/><a href=\"http:\/\/www.cepsound.com\/illustration\/musique-a-limage\/a-lingerie-fairy-tale\/\">Britta Uschkamp<\/a><\/span><\/span><\/span><\/p>\n<hr \/>\n<p style=\"text-align: center;\"><span class=\"style7 style7\"><span class=\"style7 style7 style10\"><span style=\"color: #808080;\"><img decoding=\"async\" loading=\"lazy\" class=\"size-full wp-image-543 aligncenter\" src=\"http:\/\/www.cepsound.com\/design\/wp-content\/uploads\/sites\/2\/2016\/12\/babygum-logo.jpg\" alt=\"babygum-logo\" width=\"86\" height=\"86\" \/><a href=\"http:\/\/www.cepsound.com\/illustration\/musique-a-limage\/babygum\/\">BaByGum<\/a><\/span><\/span><\/span><\/p>\n<hr \/>\n","protected":false},"excerpt":{"rendered":"<p>Epure Design \/ Groupe Publicis (pour Eura Technologies et Dickson) Soci\u00e9t\u00e9 G\u00e9n\u00e9rale Intermarch\u00e9 Universit\u00e9 de Nice Sophia Antipolis Le Cube, Issy-les-Moulineaux (pour Prix Cube 1\u00e8re&#8230;<\/p>\n","protected":false},"author":1,"featured_media":0,"parent":0,"menu_order":0,"comment_status":"closed","ping_status":"closed","template":"","meta":[],"_links":{"self":[{"href":"http:\/\/www.cepsound.com\/illustration\/wp-json\/wp\/v2\/pages\/537"}],"collection":[{"href":"http:\/\/www.cepsound.com\/illustration\/wp-json\/wp\/v2\/pages"}],"about":[{"href":"http:\/\/www.cepsound.com\/illustration\/wp-json\/wp\/v2\/types\/page"}],"author":[{"embeddable":true,"href":"http:\/\/www.cepsound.com\/illustration\/wp-json\/wp\/v2\/users\/1"}],"replies":[{"embeddable":true,"href":"http:\/\/www.cepsound.com\/illustration\/wp-json\/wp\/v2\/comments?post=537"}],"version-history":[{"count":46,"href":"http:\/\/www.cepsound.com\/illustration\/wp-json\/wp\/v2\/pages\/537\/revisions"}],"predecessor-version":[{"id":836,"href":"http:\/\/www.cepsound.com\/illustration\/wp-json\/wp\/v2\/pages\/537\/revisions\/836"}],"wp:attachment":[{"href":"http:\/\/www.cepsound.com\/illustration\/wp-json\/wp\/v2\/media?parent=537"}],"curies":[{"name":"wp","href":"https:\/\/api.w.org\/{rel}","templated":true}]}}