{"id":772,"date":"2021-08-17T17:21:39","date_gmt":"2021-08-17T15:21:39","guid":{"rendered":"http:\/\/www.cepsound.com\/illustration\/?page_id=772"},"modified":"2021-08-17T17:44:39","modified_gmt":"2021-08-17T15:44:39","slug":"gravity-vol-1","status":"publish","type":"page","link":"http:\/\/www.cepsound.com\/illustration\/musique-libre-de-droits\/gravity-vol-1\/","title":{"rendered":"Gravity Vol.1"},"content":{"rendered":"<div class=\"flexslider ewic-slider-lite is_on_\" id=\"ewic-con-81569f566ef85e2f\"><style>#ewic-con-81569f566ef85e2f .flex-direction-nav .flex-next, #ewic-con-81569f566ef85e2f .flex-direction-nav .flex-prev {opacity: 1;} #ewic-con-81569f566ef85e2f .flex-direction-nav .flex-next {right: 10px !important; text-align: right !important;} #ewic-con-81569f566ef85e2f .flex-direction-nav .flex-prev {left: 10px !important;}<\/style><div id=\"preloader-81569f566ef85e2f\" class=\"sliderpreloader\"><\/div><ul style=\"display:none;\" class=\"slides flexslider-81569f566ef85e2f\"><li class=\"ewic-slider\"><a href=\"http:\/\/www.cepsound.com\/illustration\/wp-content\/uploads\/sites\/2\/2021\/08\/Gravity-Vol.1.jpg\"  rel=\"ewicprettyPhoto[81569f566ef85e2f]\"><img  class=\"ewic-wid-imgs\" src=\"http:\/\/www.cepsound.com\/illustration\/wp-content\/uploads\/sites\/2\/2021\/08\/Gravity-Vol.1.jpg\" \/><p class=\"flex-caption\"><\/p><\/a><\/li><\/ul><script type=\"text\/javascript\">\r\n\tjQuery(document).ready(function($) {\r\n\t\t\r\n\t\t$(\"#preloader-81569f566ef85e2f\").fadeOut(500, function () {\r\n\t\t\t\r\n\t\t\t$(\"#ewic-con-81569f566ef85e2f\").addClass(\"ready_to_show\");\r\n\t\t\t\r\n\t\t\t$(\"a[rel^='ewicprettyPhoto[81569f566ef85e2f]']\").ewcPhoto({\r\n\t\t\t\ttheme: \"ewc_default\",\r\n\t\t\t\tallow_expand: false,\r\n\t\t\t\tdeeplinking: false,\r\n\t\t\t\tslideshow:12000,\r\n\t\t\t\tautoplay_slideshow:false,\r\n\t\t\t\tsocial_tools:false\r\n\t\t\t});\r\n\t\t\t\r\n\t\t\t$(\".flexslider-81569f566ef85e2f\").fadeIn(300);\r\n\t\t\t\r\n\t\t\t$(\"#ewic-con-81569f566ef85e2f\").flexslider({\r\n\t\t\t\tanimation: \"slide\",\r\n\t\t\t\tanimationSpeed: 0,\r\n\t\t\t\tuseCSS: false,\r\n\t\t\t\teasing: \"easeInOutCubic\",\r\n\t\t\t\tdirection: \"horizontal\",\r\n\t\t\t\tslideshow: false,\r\n\t\t\t\tsmoothHeight: true,\r\n\t\t\t\tpauseOnHover: true, \r\n\t\t\t\tcontrolNav: false,\r\n\t\t\t\tprevText: \"\",\r\n\t\t\t\tnextText: \"\",\r\n\t\t\t\trtl: false,\r\n\t\t\t\tslideshowSpeed: 12000,\r\n\t\t\t\tstart: function(slider){\r\n\t\t\t\t\t$(\"#ewic-con-81569f566ef85e2f\").find(\".flex-caption\").hide();\r\n\t\t\t\t\tvar curSlide = slider.find(\"li.flex-active-slide\");\r\n\t\t\t\t\t$(curSlide).find(\".flex-caption\").slideDown();\r\n\t\t\t\t},\r\n\t\t\t\tbefore: function(slider) {\r\n\t\t\t\t\t$(\"#ewic-con-81569f566ef85e2f\").find(\".flex-caption\").slideUp();\r\n\t\t\t\t},\r\n\t\t\t\tafter: function(slider) {\r\n\t\t\t\t\tvar curSlide = slider.find(\"li.flex-active-slide\");\r\n\t\t\t\t\t$(curSlide).find(\".flex-caption\").slideDown();\r\n\t\t\t\t}\r\n\t\t\t\t\r\n\t\t\t});\r\n\t\t\t\r\n\t\t});\r\n\t\t\t\r\n\t});\r\n<\/script><\/div>\r\n\n\n\n\n<p>Album 10 titres<strong> libres de droits<br>compositeur : <\/strong>cepSound \/ Charles-Eric Peard<strong>\u00e9diteur :<\/strong> <a href=\"https:\/\/library.wecompoze.com\/\" target=\"_blank\" rel=\"noreferrer noopener\">WeCompoze<\/a><br><strong>date de sortie :<\/strong> 2020<\/p>\n\n\n\n<h2>Musiques libres de droits<\/h2>\n\n\n\n<p><strong>\u00c9coute, t\u00e9l\u00e9chargement<\/strong> et <strong>tarifs de synchronisation<\/strong> disponibles sur le site de <strong>WeCompoze<\/strong> : <strong><a href=\"https:\/\/library.wecompoze.com\/album\/gravity-vol1\" target=\"_blank\" rel=\"noreferrer noopener\" aria-label=\" (s\u2019ouvre dans un nouvel onglet)\">https:\/\/library.wecompoze.com\/album\/gravity-vol1<\/a><br><\/strong><\/p>\n\n\n\n<hr class=\"wp-block-separator\"\/>\n\n\n\n<p><strong>D\u00e9tail de l&rsquo;album :<\/strong><\/p>\n\n\n\n<p>1. At The Very End, A Jellyfish (2&rsquo;55)<\/p>\n\n\n\n<p>2. Bring Me To Life (3&rsquo;35)<\/p>\n\n\n\n<p>3. Childhood Memories (4&rsquo;21)<\/p>\n\n\n\n<p>4. Electric Birds (6&rsquo;32)<\/p>\n\n\n\n<p>5. Giants Steps (2&rsquo;22)<\/p>\n\n\n\n<p>6. Hope In Nature (3&rsquo;28)<\/p>\n\n\n\n<p>7. Birds Of Canada (2&rsquo;14)<\/p>\n\n\n\n<p>8. Brakes (6&rsquo;04)<\/p>\n\n\n\n<p>9. Trough The Blue Cave (3&rsquo;03)<\/p>\n\n\n\n<p>10. Moonwalk (2&rsquo;44)<\/p>\n\n\n\n<hr class=\"wp-block-separator\"\/>\n","protected":false},"excerpt":{"rendered":"<p>Album 10 titres libres de droitscompositeur : cepSound \/ Charles-Eric Peard\u00e9diteur : WeCompozedate de sortie : 2020 Musiques libres de droits \u00c9coute, t\u00e9l\u00e9chargement et tarifs&#8230;<\/p>\n","protected":false},"author":1,"featured_media":0,"parent":823,"menu_order":0,"comment_status":"closed","ping_status":"closed","template":"","meta":[],"_links":{"self":[{"href":"http:\/\/www.cepsound.com\/illustration\/wp-json\/wp\/v2\/pages\/772"}],"collection":[{"href":"http:\/\/www.cepsound.com\/illustration\/wp-json\/wp\/v2\/pages"}],"about":[{"href":"http:\/\/www.cepsound.com\/illustration\/wp-json\/wp\/v2\/types\/page"}],"author":[{"embeddable":true,"href":"http:\/\/www.cepsound.com\/illustration\/wp-json\/wp\/v2\/users\/1"}],"replies":[{"embeddable":true,"href":"http:\/\/www.cepsound.com\/illustration\/wp-json\/wp\/v2\/comments?post=772"}],"version-history":[{"count":5,"href":"http:\/\/www.cepsound.com\/illustration\/wp-json\/wp\/v2\/pages\/772\/revisions"}],"predecessor-version":[{"id":829,"href":"http:\/\/www.cepsound.com\/illustration\/wp-json\/wp\/v2\/pages\/772\/revisions\/829"}],"up":[{"embeddable":true,"href":"http:\/\/www.cepsound.com\/illustration\/wp-json\/wp\/v2\/pages\/823"}],"wp:attachment":[{"href":"http:\/\/www.cepsound.com\/illustration\/wp-json\/wp\/v2\/media?parent=772"}],"curies":[{"name":"wp","href":"https:\/\/api.w.org\/{rel}","templated":true}]}}