{"id":540,"date":"2016-09-19T17:52:08","date_gmt":"2016-09-19T16:52:08","guid":{"rendered":"http:\/\/www.cepsound.com\/www-2\/?page_id=540"},"modified":"2016-12-14T18:20:11","modified_gmt":"2016-12-14T17:20:11","slug":"genese-de-lapocalypse","status":"publish","type":"page","link":"http:\/\/www.cepsound.com\/playlist\/performances\/genese-de-lapocalypse\/","title":{"rendered":"Gen\u00e8se de l&#8217;Apocalypse"},"content":{"rendered":"<h6 style=\"text-align: right;\"><span style=\"color: #333333;\"><a style=\"color: #333333;\" href=\"http:\/\/www.cepsound.com\/playlist\/performances\/b-b-before-birth-2\/\">&lt; PREVIOUS<\/a> | <a style=\"color: #333333;\" href=\"http:\/\/www.cepsound.com\/playlist\/performances\/\">RETOUR <\/a>|<a style=\"color: #333333;\" href=\"http:\/\/www.cepsound.com\/playlist\/performances\/b-b-before-birth-1\/\"> NEXT &gt;<\/a><\/span><\/h6>\n<h6 style=\"text-align: left;\"><span style=\"color: #808080;\">lecture\/performance<\/span><\/h6>\n<div class=\"n2-code\">\n<div class=\"flexslider ewic-slider-lite is_on_\" id=\"ewic-con-72269ecfb2ddc94f\"><style>#ewic-con-72269ecfb2ddc94f .flex-direction-nav .flex-next, #ewic-con-72269ecfb2ddc94f .flex-direction-nav .flex-prev {opacity: 1;} #ewic-con-72269ecfb2ddc94f .flex-direction-nav .flex-next {right: 10px !important; text-align: right !important;} #ewic-con-72269ecfb2ddc94f .flex-direction-nav .flex-prev {left: 10px !important;}<\/style><div id=\"preloader-72269ecfb2ddc94f\" class=\"sliderpreloader\"><\/div><ul style=\"display:none;\" class=\"slides flexslider-72269ecfb2ddc94f\"><li class=\"ewic-slider\"><a href=\"http:\/\/www.cepsound.com\/playlist\/wp-content\/uploads\/sites\/5\/2016\/10\/Genese-Apocalypse_01.jpg\" title=\"copyright : Christophe Jobard\" rel=\"ewicprettyPhoto[72269ecfb2ddc94f]\"><img title=\"copyright : Christophe Jobard\" class=\"ewic-wid-imgs\" src=\"http:\/\/www.cepsound.com\/playlist\/wp-content\/uploads\/sites\/5\/2016\/10\/Genese-Apocalypse_01.jpg\" \/><p class=\"flex-caption\">copyright : Christophe Jobard<\/p><\/a><\/li><li class=\"ewic-slider\"><a href=\"http:\/\/www.cepsound.com\/playlist\/wp-content\/uploads\/sites\/5\/2016\/10\/Genese-Apocalypse_02.jpg\"  rel=\"ewicprettyPhoto[72269ecfb2ddc94f]\"><img  class=\"ewic-wid-imgs\" src=\"http:\/\/www.cepsound.com\/playlist\/wp-content\/uploads\/sites\/5\/2016\/10\/Genese-Apocalypse_02.jpg\" \/><p class=\"flex-caption\"><\/p><\/a><\/li><li class=\"ewic-slider\"><a href=\"http:\/\/www.cepsound.com\/playlist\/wp-content\/uploads\/sites\/5\/2016\/10\/Genese-Apocalypse_03.jpg\"  rel=\"ewicprettyPhoto[72269ecfb2ddc94f]\"><img  class=\"ewic-wid-imgs\" src=\"http:\/\/www.cepsound.com\/playlist\/wp-content\/uploads\/sites\/5\/2016\/10\/Genese-Apocalypse_03.jpg\" \/><p class=\"flex-caption\"><\/p><\/a><\/li><li class=\"ewic-slider\"><a href=\"http:\/\/www.cepsound.com\/playlist\/wp-content\/uploads\/sites\/5\/2016\/10\/Genese-Apocalypse_04.jpg\"  rel=\"ewicprettyPhoto[72269ecfb2ddc94f]\"><img  class=\"ewic-wid-imgs\" src=\"http:\/\/www.cepsound.com\/playlist\/wp-content\/uploads\/sites\/5\/2016\/10\/Genese-Apocalypse_04.jpg\" \/><p class=\"flex-caption\"><\/p><\/a><\/li><\/ul><script type=\"text\/javascript\">\r\n\tjQuery(document).ready(function($) {\r\n\t\t\r\n\t\t$(\"#preloader-72269ecfb2ddc94f\").fadeOut(500, function () {\r\n\t\t\t\r\n\t\t\t$(\"#ewic-con-72269ecfb2ddc94f\").addClass(\"ready_to_show\");\r\n\t\t\t\r\n\t\t\t$(\"a[rel^='ewicprettyPhoto[72269ecfb2ddc94f]']\").ewcPhoto({\r\n\t\t\t\ttheme: \"ewc_default\",\r\n\t\t\t\tallow_expand: false,\r\n\t\t\t\tdeeplinking: false,\r\n\t\t\t\tslideshow:12000,\r\n\t\t\t\tautoplay_slideshow:false,\r\n\t\t\t\tsocial_tools:false\r\n\t\t\t});\r\n\t\t\t\r\n\t\t\t$(\".flexslider-72269ecfb2ddc94f\").fadeIn(300);\r\n\t\t\t\r\n\t\t\t$(\"#ewic-con-72269ecfb2ddc94f\").flexslider({\r\n\t\t\t\tanimation: \"slide\",\r\n\t\t\t\tanimationSpeed: 0,\r\n\t\t\t\tuseCSS: false,\r\n\t\t\t\teasing: \"easeInOutCubic\",\r\n\t\t\t\tdirection: \"horizontal\",\r\n\t\t\t\tslideshow: true,\r\n\t\t\t\tsmoothHeight: true,\r\n\t\t\t\tpauseOnHover: true, \r\n\t\t\t\tcontrolNav: false,\r\n\t\t\t\tprevText: \"\",\r\n\t\t\t\tnextText: \"\",\r\n\t\t\t\trtl: false,\r\n\t\t\t\tslideshowSpeed: 12000,\r\n\t\t\t\tstart: function(slider){\r\n\t\t\t\t\t$(\"#ewic-con-72269ecfb2ddc94f\").find(\".flex-caption\").hide();\r\n\t\t\t\t\tvar curSlide = slider.find(\"li.flex-active-slide\");\r\n\t\t\t\t\t$(curSlide).find(\".flex-caption\").slideDown();\r\n\t\t\t\t},\r\n\t\t\t\tbefore: function(slider) {\r\n\t\t\t\t\t$(\"#ewic-con-72269ecfb2ddc94f\").find(\".flex-caption\").slideUp();\r\n\t\t\t\t},\r\n\t\t\t\tafter: function(slider) {\r\n\t\t\t\t\tvar curSlide = slider.find(\"li.flex-active-slide\");\r\n\t\t\t\t\t$(curSlide).find(\".flex-caption\").slideDown();\r\n\t\t\t\t}\r\n\t\t\t\t\r\n\t\t\t});\r\n\t\t\t\r\n\t\t});\r\n\t\t\t\r\n\t});\r\n<\/script><\/div>\r\n\n<\/div>\n<!--[if lt IE 9]><script>document.createElement('audio');<\/script><![endif]-->\n<audio class=\"wp-audio-shortcode\" id=\"audio-722-1\" preload=\"auto\" style=\"width: 100%;\" controls=\"controls\"><source type=\"audio\/mpeg\" src=\"http:\/\/www.cepsound.com\/wp-content\/uploads\/sites\/5\/2016\/09\/Genese_Apocalypse.mp3?_=1\" \/><a href=\"http:\/\/www.cepsound.com\/wp-content\/uploads\/sites\/5\/2016\/09\/Genese_Apocalypse.mp3\">http:\/\/www.cepsound.com\/wp-content\/uploads\/sites\/5\/2016\/09\/Genese_Apocalypse.mp3<\/a><\/audio>\n<h6 style=\"text-align: left; padding-left: 30px;\"><span style=\"color: #808080;\">PERFORMANCE INT\u00c9GRALE (19&#8217;30)<br \/>\n<\/span><\/h6>\n<hr \/>\n<blockquote>\n<p class=\"style7\" style=\"text-align: left;\"><span style=\"color: #808080;\"><em>Au commencement \u00e9tait l\u2019Argent, et l\u2019Argent \u00e9tait l\u2019Odieux.<\/em> <em>L\u2019Odieux d\u00e9coupa la terre et les cieux, et il nomma ce geste Propri\u00e9t\u00e9. <\/em><em>Et tous virent que cela \u00e9tait injuste et bon. <\/em>\u00bb<\/span><\/p>\n<p class=\"style7\" style=\"text-align: left;\"><span style=\"color: #808080;\">Extrait des <em>Sourates Libertaires <\/em>de <strong>Franck Laroze<\/strong><\/span><\/p>\n<hr \/>\n<\/blockquote>\n<p class=\"style7\" style=\"text-align: justify;\"><span style=\"color: #808080;\"><strong>lecture\/performance<\/strong> autour d&#8217;un extrait du livre <span style=\"color: #333333;\"><a style=\"color: #333333;\" href=\"http:\/\/www.evidenz.fr\/wiki\/tiki-index.php?page=sourates\" target=\"_blank\"><em>Les Sourates Libertaires<\/em><\/a><\/span>, po\u00e8me politique de\u00a0Franck Laroze<br \/>\n<strong>dur\u00e9e :<\/strong> 20 min.<br \/>\n<\/span><br \/>\n<span style=\"color: #808080;\"> <strong>auteur et lecture : <\/strong><span style=\"color: #333333;\"><a style=\"color: #333333;\" href=\"http:\/\/www.evidenz.fr\/wiki\/tiki-index.php?page=cvflaroze\" target=\"_blank\">Franck <span style=\"color: #333333;\">Laroze<\/span><\/a> <\/span><\/span><br \/>\n<span style=\"color: #808080;\"> <strong> composition sonore &amp; live :<\/strong> Charles-Eric P\u00e9ard<\/span><br \/>\n<span style=\"color: #808080;\"> <strong> production :<\/strong> <span style=\"color: #333333;\"><a style=\"color: #333333;\" href=\"http:\/\/www.evidenz.fr\/wiki\/tiki-index.php?page=home-actualite\" target=\"_blank\">EvidenZ<\/a><\/span><\/span><br \/>\n<span style=\"color: #808080;\"> <strong> avec la participation de :<\/strong> Sylvie Cl\u00e9men\u00e7ot<\/span><\/p>\n<p><span class=\"style7 style7\" style=\"color: #808080;\"><strong>manifestation :<\/strong> <span style=\"color: #333333;\"><em><span class=\"style1\"><a style=\"color: #333333;\" href=\"http:\/\/www.laurentine.net\/ici-et-la\/article\/no-more-fukushima-11-03-2013\" target=\"_blank\">Une fen\u00eatre sur Fukushima<\/a><\/span><\/em><\/span><\/span><br \/>\n<span style=\"color: #808080;\"> <strong> lieu :<\/strong> <span style=\"color: #333333;\"><a style=\"color: #333333;\" href=\"http:\/\/www.laurentine.net\/\" target=\"_blank\">La Maison Laurentine<\/a><\/span> &#8211; \u00c9glise Notre Dame de L&#8217;Assomption &#8211; Aubepierre-sur-Aube 52210<\/span><br \/>\n<span style=\"color: #808080;\"> <strong> date :<\/strong> 10 mars 2013 &#8211; 16h30<\/span><strong><span style=\"color: #808080;\"><br \/>\n<\/span><\/strong><\/p>\n","protected":false},"excerpt":{"rendered":"<p>&lt; PREVIOUS | RETOUR | NEXT &gt; lecture\/performance PERFORMANCE INT\u00c9GRALE (19&#8217;30) Au commencement \u00e9tait l\u2019Argent, et l\u2019Argent \u00e9tait l\u2019Odieux. L\u2019Odieux d\u00e9coupa la terre et les&#8230;<\/p>\n","protected":false},"author":1,"featured_media":0,"parent":1189,"menu_order":0,"comment_status":"closed","ping_status":"closed","template":"","meta":[],"yoast_head":"<!-- This site is optimized with the Yoast SEO plugin v19.13 - https:\/\/yoast.com\/wordpress\/plugins\/seo\/ -->\n<title>Gen\u00e8se de l&#039;Apocalypse (performance de Franck Laroze et cepSound)<\/title>\n<meta name=\"description\" content=\"PERFORMANCE INT\u00c9GRALE (19&#039;30), lecture\/performance de Franck Laroze et cepSound, \u00c9glise Notre Dame de L&#039;Assomption (Aubepierre-sur-Aube), 10 mars 2013.\" \/>\n<meta name=\"robots\" content=\"index, follow, max-snippet:-1, max-image-preview:large, max-video-preview:-1\" \/>\n<link rel=\"canonical\" href=\"https:\/\/www.cepsound.com\/playlist\/performances\/genese-de-lapocalypse\/\" \/>\n<meta property=\"og:locale\" content=\"fr_FR\" \/>\n<meta property=\"og:type\" content=\"article\" \/>\n<meta property=\"og:title\" content=\"Gen\u00e8se de l&#039;Apocalypse (performance de Franck Laroze et cepSound)\" \/>\n<meta property=\"og:description\" content=\"PERFORMANCE INT\u00c9GRALE (19&#039;30), lecture\/performance de Franck Laroze et cepSound, \u00c9glise Notre Dame de L&#039;Assomption (Aubepierre-sur-Aube), 10 mars 2013.\" \/>\n<meta property=\"og:url\" content=\"https:\/\/www.cepsound.com\/playlist\/performances\/genese-de-lapocalypse\/\" \/>\n<meta property=\"og:site_name\" content=\"cepsound\/playlist\" \/>\n<meta property=\"article:publisher\" content=\"https:\/\/www.facebook.com\/Cepsound-l-Charles-Eric-PEARD-169837659739132\/\" \/>\n<meta property=\"article:modified_time\" content=\"2016-12-14T17:20:11+00:00\" \/>\n<meta name=\"twitter:card\" content=\"summary_large_image\" \/>\n<meta name=\"twitter:label1\" content=\"Dur\u00e9e de lecture estim\u00e9e\" \/>\n\t<meta name=\"twitter:data1\" content=\"1 minute\" \/>\n<script type=\"application\/ld+json\" class=\"yoast-schema-graph\">{\"@context\":\"https:\/\/schema.org\",\"@graph\":[{\"@type\":\"WebPage\",\"@id\":\"https:\/\/www.cepsound.com\/playlist\/performances\/genese-de-lapocalypse\/\",\"url\":\"https:\/\/www.cepsound.com\/playlist\/performances\/genese-de-lapocalypse\/\",\"name\":\"Gen\u00e8se de l'Apocalypse (performance de Franck Laroze et cepSound)\",\"isPartOf\":{\"@id\":\"http:\/\/www.cepsound.com\/playlist\/#website\"},\"datePublished\":\"2016-09-19T16:52:08+00:00\",\"dateModified\":\"2016-12-14T17:20:11+00:00\",\"description\":\"PERFORMANCE INT\u00c9GRALE (19'30), lecture\/performance de Franck Laroze et cepSound, \u00c9glise Notre Dame de L'Assomption (Aubepierre-sur-Aube), 10 mars 2013.\",\"breadcrumb\":{\"@id\":\"https:\/\/www.cepsound.com\/playlist\/performances\/genese-de-lapocalypse\/#breadcrumb\"},\"inLanguage\":\"fr-FR\",\"potentialAction\":[{\"@type\":\"ReadAction\",\"target\":[\"https:\/\/www.cepsound.com\/playlist\/performances\/genese-de-lapocalypse\/\"]}]},{\"@type\":\"BreadcrumbList\",\"@id\":\"https:\/\/www.cepsound.com\/playlist\/performances\/genese-de-lapocalypse\/#breadcrumb\",\"itemListElement\":[{\"@type\":\"ListItem\",\"position\":1,\"name\":\"Accueil\",\"item\":\"http:\/\/www.cepsound.com\/playlist\/\"},{\"@type\":\"ListItem\",\"position\":2,\"name\":\"Performances\",\"item\":\"http:\/\/www.cepsound.com\/playlist\/performances\/\"},{\"@type\":\"ListItem\",\"position\":3,\"name\":\"Gen\u00e8se de l&#8217;Apocalypse\"}]},{\"@type\":\"WebSite\",\"@id\":\"http:\/\/www.cepsound.com\/playlist\/#website\",\"url\":\"http:\/\/www.cepsound.com\/playlist\/\",\"name\":\"cepsound\/playlist\",\"description\":\"plasticien sonore | sound performer | sound designer\",\"potentialAction\":[{\"@type\":\"SearchAction\",\"target\":{\"@type\":\"EntryPoint\",\"urlTemplate\":\"http:\/\/www.cepsound.com\/playlist\/?s={search_term_string}\"},\"query-input\":\"required name=search_term_string\"}],\"inLanguage\":\"fr-FR\"}]}<\/script>\n<!-- \/ Yoast SEO plugin. -->","yoast_head_json":{"title":"Gen\u00e8se de l'Apocalypse (performance de Franck Laroze et cepSound)","description":"PERFORMANCE INT\u00c9GRALE (19'30), lecture\/performance de Franck Laroze et cepSound, \u00c9glise Notre Dame de L'Assomption (Aubepierre-sur-Aube), 10 mars 2013.","robots":{"index":"index","follow":"follow","max-snippet":"max-snippet:-1","max-image-preview":"max-image-preview:large","max-video-preview":"max-video-preview:-1"},"canonical":"https:\/\/www.cepsound.com\/playlist\/performances\/genese-de-lapocalypse\/","og_locale":"fr_FR","og_type":"article","og_title":"Gen\u00e8se de l'Apocalypse (performance de Franck Laroze et cepSound)","og_description":"PERFORMANCE INT\u00c9GRALE (19'30), lecture\/performance de Franck Laroze et cepSound, \u00c9glise Notre Dame de L'Assomption (Aubepierre-sur-Aube), 10 mars 2013.","og_url":"https:\/\/www.cepsound.com\/playlist\/performances\/genese-de-lapocalypse\/","og_site_name":"cepsound\/playlist","article_publisher":"https:\/\/www.facebook.com\/Cepsound-l-Charles-Eric-PEARD-169837659739132\/","article_modified_time":"2016-12-14T17:20:11+00:00","twitter_card":"summary_large_image","twitter_misc":{"Dur\u00e9e de lecture estim\u00e9e":"1 minute"},"schema":{"@context":"https:\/\/schema.org","@graph":[{"@type":"WebPage","@id":"https:\/\/www.cepsound.com\/playlist\/performances\/genese-de-lapocalypse\/","url":"https:\/\/www.cepsound.com\/playlist\/performances\/genese-de-lapocalypse\/","name":"Gen\u00e8se de l'Apocalypse (performance de Franck Laroze et cepSound)","isPartOf":{"@id":"http:\/\/www.cepsound.com\/playlist\/#website"},"datePublished":"2016-09-19T16:52:08+00:00","dateModified":"2016-12-14T17:20:11+00:00","description":"PERFORMANCE INT\u00c9GRALE (19'30), lecture\/performance de Franck Laroze et cepSound, \u00c9glise Notre Dame de L'Assomption (Aubepierre-sur-Aube), 10 mars 2013.","breadcrumb":{"@id":"https:\/\/www.cepsound.com\/playlist\/performances\/genese-de-lapocalypse\/#breadcrumb"},"inLanguage":"fr-FR","potentialAction":[{"@type":"ReadAction","target":["https:\/\/www.cepsound.com\/playlist\/performances\/genese-de-lapocalypse\/"]}]},{"@type":"BreadcrumbList","@id":"https:\/\/www.cepsound.com\/playlist\/performances\/genese-de-lapocalypse\/#breadcrumb","itemListElement":[{"@type":"ListItem","position":1,"name":"Accueil","item":"http:\/\/www.cepsound.com\/playlist\/"},{"@type":"ListItem","position":2,"name":"Performances","item":"http:\/\/www.cepsound.com\/playlist\/performances\/"},{"@type":"ListItem","position":3,"name":"Gen\u00e8se de l&#8217;Apocalypse"}]},{"@type":"WebSite","@id":"http:\/\/www.cepsound.com\/playlist\/#website","url":"http:\/\/www.cepsound.com\/playlist\/","name":"cepsound\/playlist","description":"plasticien sonore | sound performer | sound designer","potentialAction":[{"@type":"SearchAction","target":{"@type":"EntryPoint","urlTemplate":"http:\/\/www.cepsound.com\/playlist\/?s={search_term_string}"},"query-input":"required name=search_term_string"}],"inLanguage":"fr-FR"}]}},"_links":{"self":[{"href":"http:\/\/www.cepsound.com\/playlist\/wp-json\/wp\/v2\/pages\/540"}],"collection":[{"href":"http:\/\/www.cepsound.com\/playlist\/wp-json\/wp\/v2\/pages"}],"about":[{"href":"http:\/\/www.cepsound.com\/playlist\/wp-json\/wp\/v2\/types\/page"}],"author":[{"embeddable":true,"href":"http:\/\/www.cepsound.com\/playlist\/wp-json\/wp\/v2\/users\/1"}],"replies":[{"embeddable":true,"href":"http:\/\/www.cepsound.com\/playlist\/wp-json\/wp\/v2\/comments?post=540"}],"version-history":[{"count":59,"href":"http:\/\/www.cepsound.com\/playlist\/wp-json\/wp\/v2\/pages\/540\/revisions"}],"predecessor-version":[{"id":700,"href":"http:\/\/www.cepsound.com\/playlist\/wp-json\/wp\/v2\/pages\/540\/revisions\/700"}],"up":[{"embeddable":true,"href":"http:\/\/www.cepsound.com\/playlist\/wp-json\/wp\/v2\/pages\/1189"}],"wp:attachment":[{"href":"http:\/\/www.cepsound.com\/playlist\/wp-json\/wp\/v2\/media?parent=540"}],"curies":[{"name":"wp","href":"https:\/\/api.w.org\/{rel}","templated":true}]}}